{"id":1569,"date":"2025-01-24T11:40:30","date_gmt":"2025-01-24T10:40:30","guid":{"rendered":"https:\/\/techno.mmkt.xyz\/?page_id=1569"},"modified":"2025-02-04T14:01:03","modified_gmt":"2025-02-04T13:01:03","slug":"obtenga-el-precio-del-sistema-insertpool","status":"publish","type":"page","link":"https:\/\/technojetswim.com\/es\/insertpool\/obtenga-el-precio-del-sistema-insertpool\/","title":{"rendered":"Obtenga el precio del Sistema InsertPool"},"content":{"rendered":"<style>.kb-row-layout-id1569_52173a-eb > .kt-row-column-wrap{align-content:start;}:where(.kb-row-layout-id1569_52173a-eb > .kt-row-column-wrap) > .wp-block-kadence-column{justify-content:start;}.kb-row-layout-id1569_52173a-eb > .kt-row-column-wrap{column-gap:var(--global-kb-gap-md, 2rem);row-gap:var(--global-kb-gap-md, 2rem);padding-top:var(--global-kb-spacing-xxl, 5rem);padding-bottom:var(--global-kb-spacing-xxl, 5rem);grid-template-columns:minmax(0, 1fr);}.kb-row-layout-id1569_52173a-eb > .kt-row-layout-overlay{opacity:0.30;}@media all and (max-width: 1024px){.kb-row-layout-id1569_52173a-eb > .kt-row-column-wrap{grid-template-columns:minmax(0, 1fr);}}@media all and (max-width: 767px){.kb-row-layout-id1569_52173a-eb > .kt-row-column-wrap{grid-template-columns:minmax(0, 1fr);}}<\/style><div class=\"kb-row-layout-wrap kb-row-layout-id1569_52173a-eb alignnone wp-block-kadence-rowlayout\"><div class=\"kt-row-column-wrap kt-has-1-columns kt-row-layout-equal kt-tab-layout-inherit kt-mobile-layout-row kt-row-valign-top\">\n<style>.kadence-column1569_a8f5e5-28 > .kt-inside-inner-col,.kadence-column1569_a8f5e5-28 > .kt-inside-inner-col:before{border-top-left-radius:0px;border-top-right-radius:0px;border-bottom-right-radius:0px;border-bottom-left-radius:0px;}.kadence-column1569_a8f5e5-28 > .kt-inside-inner-col{column-gap:var(--global-kb-gap-sm, 1rem);}.kadence-column1569_a8f5e5-28 > .kt-inside-inner-col{flex-direction:column;}.kadence-column1569_a8f5e5-28 > .kt-inside-inner-col > .aligncenter{width:100%;}.kadence-column1569_a8f5e5-28 > .kt-inside-inner-col:before{opacity:0.3;}.kadence-column1569_a8f5e5-28{position:relative;}@media all and (max-width: 1024px){.kadence-column1569_a8f5e5-28 > .kt-inside-inner-col{flex-direction:column;justify-content:center;}}@media all and (max-width: 767px){.kadence-column1569_a8f5e5-28 > .kt-inside-inner-col{flex-direction:column;justify-content:center;}}<\/style>\n<div class=\"wp-block-kadence-column kadence-column1569_a8f5e5-28\"><div class=\"kt-inside-inner-col\"><style>.kb-row-layout-id1569_a3b31c-59 > .kt-row-column-wrap{align-content:start;}:where(.kb-row-layout-id1569_a3b31c-59 > .kt-row-column-wrap) > .wp-block-kadence-column{justify-content:start;}.kb-row-layout-id1569_a3b31c-59 > .kt-row-column-wrap{column-gap:var(--global-kb-gap-lg, 4rem);row-gap:var(--global-kb-gap-md, 2rem);grid-template-columns:repeat(2, minmax(0, 1fr));}.kb-row-layout-id1569_a3b31c-59 > .kt-row-layout-overlay{opacity:0.30;}@media all and (max-width: 1024px){.kb-row-layout-id1569_a3b31c-59 > .kt-row-column-wrap{grid-template-columns:repeat(2, minmax(0, 1fr));}}@media all and (max-width: 767px){.kb-row-layout-id1569_a3b31c-59 > .kt-row-column-wrap{grid-template-columns:minmax(0, 1fr);}}<\/style><div class=\"kb-row-layout-wrap kb-row-layout-id1569_a3b31c-59 alignnone wp-block-kadence-rowlayout\"><div class=\"kt-row-column-wrap kt-has-2-columns kt-row-layout-equal kt-tab-layout-inherit kt-mobile-layout-row kt-row-valign-top kt-inner-column-height-full\">\n<style>.kadence-column1569_282bd2-45 > .kt-inside-inner-col,.kadence-column1569_282bd2-45 > .kt-inside-inner-col:before{border-top-left-radius:0px;border-top-right-radius:0px;border-bottom-right-radius:0px;border-bottom-left-radius:0px;}.kadence-column1569_282bd2-45 > .kt-inside-inner-col{column-gap:var(--global-kb-gap-sm, 1rem);}.kadence-column1569_282bd2-45 > .kt-inside-inner-col{flex-direction:column;}.kadence-column1569_282bd2-45 > .kt-inside-inner-col > .aligncenter{width:100%;}.kadence-column1569_282bd2-45 > .kt-inside-inner-col:before{opacity:0.3;}.kadence-column1569_282bd2-45{position:relative;}@media all and (max-width: 1024px){.kadence-column1569_282bd2-45 > .kt-inside-inner-col{flex-direction:column;justify-content:center;}}@media all and (max-width: 767px){.kadence-column1569_282bd2-45 > .kt-inside-inner-col{flex-direction:column;justify-content:center;}}<\/style>\n<div class=\"wp-block-kadence-column kadence-column1569_282bd2-45\"><div class=\"kt-inside-inner-col\">\n<figure class=\"wp-block-embed is-type-video is-provider-youtube wp-block-embed-youtube wp-embed-aspect-16-9 wp-has-aspect-ratio\"><div class=\"wp-block-embed__wrapper\">\n<iframe loading=\"lazy\" title=\"Sistema nataci\u00f3n Contracorriente InsertPool de Technojetswim (Instalaci\u00f3n)\" width=\"720\" height=\"405\" src=\"https:\/\/www.youtube.com\/embed\/t5ecFLURLtU?feature=oembed\" frameborder=\"0\" allow=\"accelerometer; autoplay; clipboard-write; encrypted-media; gyroscope; picture-in-picture; web-share\" referrerpolicy=\"strict-origin-when-cross-origin\" allowfullscreen><\/iframe>\n<\/div><\/figure>\n\n\n<style>.wp-block-kadence-advancedheading.kt-adv-heading1569_4e72aa-8e, .wp-block-kadence-advancedheading.kt-adv-heading1569_4e72aa-8e[data-kb-block=\"kb-adv-heading1569_4e72aa-8e\"]{margin-top:var(--global-kb-spacing-lg, 3rem);font-style:normal;}.wp-block-kadence-advancedheading.kt-adv-heading1569_4e72aa-8e mark.kt-highlight, .wp-block-kadence-advancedheading.kt-adv-heading1569_4e72aa-8e[data-kb-block=\"kb-adv-heading1569_4e72aa-8e\"] mark.kt-highlight{font-style:normal;color:#f76a0c;-webkit-box-decoration-break:clone;box-decoration-break:clone;padding-top:0px;padding-right:0px;padding-bottom:0px;padding-left:0px;}.wp-block-kadence-advancedheading.kt-adv-heading1569_4e72aa-8e img.kb-inline-image, .wp-block-kadence-advancedheading.kt-adv-heading1569_4e72aa-8e[data-kb-block=\"kb-adv-heading1569_4e72aa-8e\"] img.kb-inline-image{width:150px;vertical-align:baseline;}<\/style>\n<p class=\"kt-adv-heading1569_4e72aa-8e wp-block-kadence-advancedheading\" data-kb-block=\"kb-adv-heading1569_4e72aa-8e\">Construye la Piscina de tus sue\u00f1os y acopla el sistema de nataci\u00f3n contracorriente EndlessPools con los canales de recirculaci\u00f3n laterales para una mayor eficiencia. Nada en tu casa cuando te apetezca.<\/p>\n\n\n\n<p>6 opciones de tama\u00f1os interiores (ancho, largo, profundo \u2013 en metros):<\/p>\n\n\n<style>.wp-block-kadence-iconlist.kt-svg-icon-list-items1569_1716ef-74:not(.this-stops-third-party-issues){margin-top:0px;margin-bottom:0px;}.wp-block-kadence-iconlist.kt-svg-icon-list-items1569_1716ef-74 ul.kt-svg-icon-list:not(.this-prevents-issues):not(.this-stops-third-party-issues):not(.tijsloc){margin-top:0px;margin-right:0px;margin-bottom:var(--global-kb-spacing-sm, 1.5rem);margin-left:0px;}.wp-block-kadence-iconlist.kt-svg-icon-list-items1569_1716ef-74 ul.kt-svg-icon-list{grid-row-gap:5px;}.wp-block-kadence-iconlist.kt-svg-icon-list-items1569_1716ef-74 ul.kt-svg-icon-list .kt-svg-icon-list-item-wrap .kt-svg-icon-list-single{margin-right:10px;}.kt-svg-icon-list-items1569_1716ef-74 ul.kt-svg-icon-list .kt-svg-icon-list-level-0 .kt-svg-icon-list-single svg{font-size:20px;}<\/style>\n<div class=\"wp-block-kadence-iconlist kt-svg-icon-list-items kt-svg-icon-list-items1569_1716ef-74 kt-svg-icon-list-columns-1 alignnone kt-list-icon-aligntop\"><ul class=\"kt-svg-icon-list\"><style>.kt-svg-icon-list-item-1569_7487bc-05 .kt-svg-icon-list-text mark.kt-highlight{background-color:unset;font-style:normal;color:#f76a0c;-webkit-box-decoration-break:clone;box-decoration-break:clone;padding-top:0px;padding-right:0px;padding-bottom:0px;padding-left:0px;}<\/style>\n<li class=\"wp-block-kadence-listitem kt-svg-icon-list-item-wrap kt-svg-icon-list-item-1569_7487bc-05\"><span class=\"kb-svg-icon-wrap kb-svg-icon-fe_checkCircle kt-svg-icon-list-single\"><svg viewBox=\"0 0 24 24\"  fill=\"none\" stroke=\"currentColor\" stroke-width=\"2\" stroke-linecap=\"round\" stroke-linejoin=\"round\" xmlns=\"http:\/\/www.w3.org\/2000\/svg\"  aria-hidden=\"true\"><path d=\"M22 11.08V12a10 10 0 1 1-5.93-9.14\"\/><polyline points=\"22 4 12 14.01 9 11.01\"\/><\/svg><\/span><span class=\"kt-svg-icon-list-text\">2 x 4 x 1,20<\/span><\/li>\n\n\n<style>.kt-svg-icon-list-item-1569_15000c-f1 .kt-svg-icon-list-text mark.kt-highlight{background-color:unset;font-style:normal;color:#f76a0c;-webkit-box-decoration-break:clone;box-decoration-break:clone;padding-top:0px;padding-right:0px;padding-bottom:0px;padding-left:0px;}<\/style>\n<li class=\"wp-block-kadence-listitem kt-svg-icon-list-item-wrap kt-svg-icon-list-item-1569_15000c-f1\"><span class=\"kb-svg-icon-wrap kb-svg-icon-fe_checkCircle kt-svg-icon-list-single\"><svg viewBox=\"0 0 24 24\"  fill=\"none\" stroke=\"currentColor\" stroke-width=\"2\" stroke-linecap=\"round\" stroke-linejoin=\"round\" xmlns=\"http:\/\/www.w3.org\/2000\/svg\"  aria-hidden=\"true\"><path d=\"M22 11.08V12a10 10 0 1 1-5.93-9.14\"\/><polyline points=\"22 4 12 14.01 9 11.01\"\/><\/svg><\/span><span class=\"kt-svg-icon-list-text\">2 x 4 x 1,35<\/span><\/li>\n\n\n<style>.kt-svg-icon-list-item-1569_b775a9-2c .kt-svg-icon-list-text mark.kt-highlight{background-color:unset;font-style:normal;color:#f76a0c;-webkit-box-decoration-break:clone;box-decoration-break:clone;padding-top:0px;padding-right:0px;padding-bottom:0px;padding-left:0px;}<\/style>\n<li class=\"wp-block-kadence-listitem kt-svg-icon-list-item-wrap kt-svg-icon-list-item-1569_b775a9-2c\"><span class=\"kb-svg-icon-wrap kb-svg-icon-fe_checkCircle kt-svg-icon-list-single\"><svg viewBox=\"0 0 24 24\"  fill=\"none\" stroke=\"currentColor\" stroke-width=\"2\" stroke-linecap=\"round\" stroke-linejoin=\"round\" xmlns=\"http:\/\/www.w3.org\/2000\/svg\"  aria-hidden=\"true\"><path d=\"M22 11.08V12a10 10 0 1 1-5.93-9.14\"\/><polyline points=\"22 4 12 14.01 9 11.01\"\/><\/svg><\/span><span class=\"kt-svg-icon-list-text\">2,5 x 4,5 x 1,20<\/span><\/li>\n\n\n<style>.kt-svg-icon-list-item-1569_6b6142-4e .kt-svg-icon-list-text mark.kt-highlight{background-color:unset;font-style:normal;color:#f76a0c;-webkit-box-decoration-break:clone;box-decoration-break:clone;padding-top:0px;padding-right:0px;padding-bottom:0px;padding-left:0px;}<\/style>\n<li class=\"wp-block-kadence-listitem kt-svg-icon-list-item-wrap kt-svg-icon-list-item-1569_6b6142-4e\"><span class=\"kb-svg-icon-wrap kb-svg-icon-fe_checkCircle kt-svg-icon-list-single\"><svg viewBox=\"0 0 24 24\"  fill=\"none\" stroke=\"currentColor\" stroke-width=\"2\" stroke-linecap=\"round\" stroke-linejoin=\"round\" xmlns=\"http:\/\/www.w3.org\/2000\/svg\"  aria-hidden=\"true\"><path d=\"M22 11.08V12a10 10 0 1 1-5.93-9.14\"\/><polyline points=\"22 4 12 14.01 9 11.01\"\/><\/svg><\/span><span class=\"kt-svg-icon-list-text\">2,5 x 4,5 x 1,35<\/span><\/li>\n\n\n<style>.kt-svg-icon-list-item-1569_5d166a-29 .kt-svg-icon-list-text mark.kt-highlight{background-color:unset;font-style:normal;color:#f76a0c;-webkit-box-decoration-break:clone;box-decoration-break:clone;padding-top:0px;padding-right:0px;padding-bottom:0px;padding-left:0px;}<\/style>\n<li class=\"wp-block-kadence-listitem kt-svg-icon-list-item-wrap kt-svg-icon-list-item-1569_5d166a-29\"><span class=\"kb-svg-icon-wrap kb-svg-icon-fe_checkCircle kt-svg-icon-list-single\"><svg viewBox=\"0 0 24 24\"  fill=\"none\" stroke=\"currentColor\" stroke-width=\"2\" stroke-linecap=\"round\" stroke-linejoin=\"round\" xmlns=\"http:\/\/www.w3.org\/2000\/svg\"  aria-hidden=\"true\"><path d=\"M22 11.08V12a10 10 0 1 1-5.93-9.14\"\/><polyline points=\"22 4 12 14.01 9 11.01\"\/><\/svg><\/span><span class=\"kt-svg-icon-list-text\">3 x 5 x 1,20<\/span><\/li>\n\n\n<style>.kt-svg-icon-list-item-1569_f0da2e-83 .kt-svg-icon-list-text mark.kt-highlight{background-color:unset;font-style:normal;color:#f76a0c;-webkit-box-decoration-break:clone;box-decoration-break:clone;padding-top:0px;padding-right:0px;padding-bottom:0px;padding-left:0px;}<\/style>\n<li class=\"wp-block-kadence-listitem kt-svg-icon-list-item-wrap kt-svg-icon-list-item-1569_f0da2e-83\"><span class=\"kb-svg-icon-wrap kb-svg-icon-fe_checkCircle kt-svg-icon-list-single\"><svg viewBox=\"0 0 24 24\"  fill=\"none\" stroke=\"currentColor\" stroke-width=\"2\" stroke-linecap=\"round\" stroke-linejoin=\"round\" xmlns=\"http:\/\/www.w3.org\/2000\/svg\"  aria-hidden=\"true\"><path d=\"M22 11.08V12a10 10 0 1 1-5.93-9.14\"\/><polyline points=\"22 4 12 14.01 9 11.01\"\/><\/svg><\/span><span class=\"kt-svg-icon-list-text\">3 x 5 x 1,35<\/span><\/li>\n<\/ul><\/div>\n<\/div><\/div>\n\n\n<style>.kadence-column1569_181b82-88 > .kt-inside-inner-col{padding-top:var(--global-kb-spacing-md, 2rem);padding-right:var(--global-kb-spacing-md, 2rem);padding-bottom:var(--global-kb-spacing-md, 2rem);padding-left:var(--global-kb-spacing-md, 2rem);}.kadence-column1569_181b82-88 > .kt-inside-inner-col,.kadence-column1569_181b82-88 > .kt-inside-inner-col:before{border-top-left-radius:0px;border-top-right-radius:0px;border-bottom-right-radius:0px;border-bottom-left-radius:0px;}.kadence-column1569_181b82-88 > .kt-inside-inner-col{column-gap:var(--global-kb-gap-sm, 1rem);}.kadence-column1569_181b82-88 > .kt-inside-inner-col{flex-direction:column;}.kadence-column1569_181b82-88 > .kt-inside-inner-col > .aligncenter{width:100%;}.kadence-column1569_181b82-88 > .kt-inside-inner-col{background-color:var(--global-palette8, #F7FAFC);}.kadence-column1569_181b82-88 > .kt-inside-inner-col:before{opacity:0.3;}.kadence-column1569_181b82-88{position:relative;}@media all and (max-width: 1024px){.kadence-column1569_181b82-88 > .kt-inside-inner-col{flex-direction:column;justify-content:center;}}@media all and (max-width: 767px){.kadence-column1569_181b82-88 > .kt-inside-inner-col{flex-direction:column;justify-content:center;}}<\/style>\n<div class=\"wp-block-kadence-column kadence-column1569_181b82-88\"><div class=\"kt-inside-inner-col\"><div class=\"frm_forms  with_frm_style frm_style_technojet\" id=\"frm_form_7_container\" >\n<form enctype=\"multipart\/form-data\" method=\"post\" class=\"frm-show-form  frm_js_validate  frm_ajax_submit  frm_pro_form \" id=\"form_mc8h72\" >\n<div class=\"frm_form_fields \">\n<fieldset>\n<legend class=\"frm_screen_reader\">Formulario presupuesto InsertPool - Mailchim\/Hubspot<\/legend>\r\n\r\n<div class=\"frm_fields_container\">\n<input type=\"hidden\" name=\"frm_action\" value=\"create\" \/>\n<input type=\"hidden\" name=\"form_id\" value=\"7\" \/>\n<input type=\"hidden\" name=\"frm_hide_fields_7\" id=\"frm_hide_fields_7\" value=\"\" \/>\n<input type=\"hidden\" name=\"form_key\" value=\"mc8h72\" \/>\n<input type=\"hidden\" name=\"item_meta[0]\" value=\"\" \/>\n<input type=\"hidden\" id=\"frm_submit_entry_7\" name=\"frm_submit_entry_7\" value=\"31c1ae34f7\" \/><input type=\"hidden\" name=\"_wp_http_referer\" value=\"\/es\/wp-json\/wp\/v2\/pages\/1569\" \/><div id=\"frm_field_63_container\" class=\"frm_form_field form-field  frm_required_field frm_top_container frm6 frm_first\">\r\n    <label for=\"field_w6p3w2\" class=\"frm_primary_label\">Nombre\r\n        <span class=\"frm_required\">*<\/span>\r\n    <\/label>\r\n    <input  type=\"text\" id=\"field_w6p3w2\" name=\"item_meta[63]\" value=\"\"  data-reqmsg=\"Nombre cannot be blank.\" aria-required=\"true\" data-invmsg=\"Texto no es v\u00e1lido\" aria-invalid=\"false\"   \/>\r\n    \r\n    \r\n<\/div>\n<div id=\"frm_field_64_container\" class=\"frm_form_field form-field  frm_required_field frm_top_container frm6\">\r\n    <label for=\"field_d94o\" class=\"frm_primary_label\">Apellidos\r\n        <span class=\"frm_required\">*<\/span>\r\n    <\/label>\r\n    <input  type=\"text\" id=\"field_d94o\" name=\"item_meta[64]\" value=\"\"  data-reqmsg=\"Apellidos cannot be blank.\" aria-required=\"true\" data-invmsg=\"Texto no es v\u00e1lido\" aria-invalid=\"false\"   \/>\r\n    \r\n    \r\n<\/div>\n<div id=\"frm_field_65_container\" class=\"frm_form_field form-field  frm_required_field frm_top_container frm6 frm_first\">\r\n    <label for=\"field_gynw82\" class=\"frm_primary_label\">Localidad\r\n        <span class=\"frm_required\">*<\/span>\r\n    <\/label>\r\n    <input  type=\"text\" id=\"field_gynw82\" name=\"item_meta[65]\" value=\"\"  data-reqmsg=\"Localidad cannot be blank.\" aria-required=\"true\" data-invmsg=\"Texto no es v\u00e1lido\" aria-invalid=\"false\"   \/>\r\n    \r\n    \r\n<\/div>\n<div id=\"frm_field_66_container\" class=\"frm_form_field form-field  frm_required_field frm_top_container frm6\">\r\n    <label for=\"field_cjzsa2\" class=\"frm_primary_label\">Pais\r\n        <span class=\"frm_required\">*<\/span>\r\n    <\/label>\r\n    <input  type=\"text\" id=\"field_cjzsa2\" name=\"item_meta[66]\" value=\"\"  data-reqmsg=\"Pais cannot be blank.\" aria-required=\"true\" data-invmsg=\"Texto no es v\u00e1lido\" aria-invalid=\"false\"   \/>\r\n    \r\n    \r\n<\/div>\n<div id=\"frm_field_67_container\" class=\"frm_form_field form-field  frm_required_field frm_top_container frm6 frm_first\">\r\n    <label for=\"field_s76k12\" class=\"frm_primary_label\">Correo electr\u00f3nico\r\n        <span class=\"frm_required\">*<\/span>\r\n    <\/label>\r\n    <input type=\"email\" id=\"field_s76k12\" name=\"item_meta[67]\" value=\"\"  data-reqmsg=\"Correo electr\u00f3nico cannot be blank.\" aria-required=\"true\" data-invmsg=\"Correo electronico no v\u00e1lido\" aria-invalid=\"false\"  \/>\r\n    \r\n    \r\n<\/div>\n<div id=\"frm_field_68_container\" class=\"frm_form_field form-field  frm_required_field frm_top_container frm6\">\r\n    <label for=\"field_om4y2\" class=\"frm_primary_label\">M\u00f3vil de contacto\r\n        <span class=\"frm_required\">*<\/span>\r\n    <\/label>\r\n    <input type=\"tel\" id=\"field_om4y2\" name=\"item_meta[68]\" value=\"\"  data-reqmsg=\"M\u00f3vil de contacto cannot be blank.\" aria-required=\"true\" data-invmsg=\"Este tel\u00e9fono no es v\u00e1lido\" aria-invalid=\"false\" pattern=\"((\\+\\d{1,3}(-|.| )?\\(?\\d\\)?(-| |.)?\\d{1,5})|(\\(?\\d{2,6}\\)?))(-|.| )?(\\d{3,4})(-|.| )?(\\d{4})(( x| ext)\\d{1,5}){0,1}$\"  \/>\r\n    \r\n    \r\n<\/div>\n<div id=\"frm_field_69_container\" class=\"frm_form_field form-field  frm_required_field frm_top_container vertical_radio\">\r\n    <label for=\"field_i8iv6\" class=\"frm_primary_label\">\u00bfTienes piscina en casa?\r\n        <span class=\"frm_required\">*<\/span>\r\n    <\/label>\r\n    <div class=\"frm_opt_container\">\t\t<div class=\"frm_radio\" id=\"frm_radio_69-1\">\t\t\t<label  for=\"field_i8iv6-1\">\n\t\t\t\t\t<input type=\"radio\" name=\"item_meta[69]\" id=\"field_i8iv6-1\" value=\"S\u00ed\"\n\t\t data-reqmsg=\"\u00bfTienes piscina en casa? cannot be blank.\" data-invmsg=\"\u00bfTienes piscina en casa? no es v\u00e1lido\"   \/> S\u00ed<\/label><\/div>\n\t\t<div class=\"frm_radio\" id=\"frm_radio_69-2\">\t\t\t<label  for=\"field_i8iv6-2\">\n\t\t\t\t\t<input type=\"radio\" name=\"item_meta[69]\" id=\"field_i8iv6-2\" value=\"No\"\n\t\t data-reqmsg=\"\u00bfTienes piscina en casa? cannot be blank.\" data-invmsg=\"\u00bfTienes piscina en casa? no es v\u00e1lido\"   \/> No<\/label><\/div>\n\t\t<div class=\"frm_radio\" id=\"frm_radio_69-3\">\t\t\t<label  for=\"field_i8iv6-3\">\n\t\t\t\t\t<input type=\"radio\" name=\"item_meta[69]\" id=\"field_i8iv6-3\" value=\"Soy una empresa profesional de la piscina\"\n\t\t data-reqmsg=\"\u00bfTienes piscina en casa? cannot be blank.\" data-invmsg=\"\u00bfTienes piscina en casa? no es v\u00e1lido\"   \/> Soy una empresa profesional de la piscina<\/label><\/div>\n<\/div>\r\n    \r\n    \r\n<\/div>\n<div id=\"frm_field_70_container\" class=\"frm_form_field form-field  frm_top_container frm_half\">\r\n    <label for=\"field_13fd72\" class=\"frm_primary_label\">Nombre de la empresa\r\n        <span class=\"frm_required\"><\/span>\r\n    <\/label>\r\n    <input  type=\"text\" id=\"field_13fd72\" name=\"item_meta[70]\" value=\"\"  data-invmsg=\"Texto no es v\u00e1lido\" aria-invalid=\"false\"   \/>\r\n    \r\n    \r\n<\/div>\n<div id=\"frm_field_71_container\" class=\"frm_form_field form-field  frm_top_container frm_half\">\r\n    <label for=\"field_ff7sw2\" class=\"frm_primary_label\">CIF \/ NIF de la empresa\r\n        <span class=\"frm_required\"><\/span>\r\n    <\/label>\r\n    <input  type=\"text\" id=\"field_ff7sw2\" name=\"item_meta[71]\" value=\"\"  data-invmsg=\"Texto no es v\u00e1lido\" aria-invalid=\"false\"   \/>\r\n    \r\n    \r\n<\/div>\n<div id=\"frm_field_72_container\" class=\"frm_form_field form-field  frm_top_container vertical_radio\">\r\n    <label for=\"field_erjsy\" class=\"frm_primary_label\">Servicio Whatsapp: Aclaraci\u00f3n de dudas y env\u00edo de informaci\u00f3n.\r\n        <span class=\"frm_required\"><\/span>\r\n    <\/label>\r\n    <div class=\"frm_opt_container\">\t\t<div class=\"frm_radio\" id=\"frm_radio_72-0\">\t\t\t<label  for=\"field_erjsy-0\">\n\t\t\t\t\t<input type=\"radio\" name=\"item_meta[72]\" id=\"field_erjsy-0\" value=\"S\u00ed, acepto\"\n\t\t data-invmsg=\"Servicio Whatsapp: Aclaraci\u00f3n de dudas y env\u00edo de informaci\u00f3n. no es v\u00e1lido\"   \/> S\u00ed, acepto<\/label><\/div>\n\t\t<div class=\"frm_radio\" id=\"frm_radio_72-1\">\t\t\t<label  for=\"field_erjsy-1\">\n\t\t\t\t\t<input type=\"radio\" name=\"item_meta[72]\" id=\"field_erjsy-1\" value=\"No acepto\"\n\t\t data-invmsg=\"Servicio Whatsapp: Aclaraci\u00f3n de dudas y env\u00edo de informaci\u00f3n. no es v\u00e1lido\"   \/> No acepto<\/label><\/div>\n<\/div>\r\n    <div class=\"frm_description\" id=\"frm_desc_field_erjsy\">S\u00f3lo enviaremos un primer Whatsapp con informaci\u00f3n relevante y posteriormente podremos resolver todas las dudas que tengas.\r\nPodr\u00e1s darte de baja cuando quieras!<\/div>\r\n    \r\n<\/div>\n<div id=\"frm_field_73_container\" class=\"frm_form_field form-field  frm_required_field frm_top_container horizontal_radio\">\r\n    <label for=\"field_ly7hh2\" class=\"frm_primary_label\"> \r\n        <span class=\"frm_required\"><\/span>\r\n    <\/label>\r\n    <div class=\"frm_opt_container\">\t\t<div class=\"frm_checkbox\" id=\"frm_checkbox_73-0\">\t\t\t<label  for=\"field_ly7hh2-0\">\n\t\t\t<input type=\"checkbox\" name=\"item_meta[73][]\" id=\"field_ly7hh2-0\" value=\"He le\u00eddo y acepto la &lt;a href=&quot;https:\/\/technojetswim.com\/garantia-y-privacidad\/&quot;&gt;&lt;span data-css=&quot;tve-u-85a79b698104bf&quot;&gt;pol\u00edtica de privacidad&lt;\/span&gt;.&lt;\/a&gt; *\"  data-reqmsg=\"Debes marcar la casilla de verificaci\u00f3n\" data-invmsg=\"  no es v\u00e1lido\"   aria-required=\"true\"  \/> He le\u00eddo y acepto la <a href=\"https:\/\/technojetswim.com\/garantia-y-privacidad\/\"><span>pol\u00edtica de privacidad<\/span>.<\/a> *<\/label><\/div>\n<\/div>\r\n    \r\n    \r\n<\/div>\n<div id=\"frm_field_107_container\" class=\"frm_form_field form-field \">\r\n\t<div class=\"frm_submit\">\r\n\r\n<button class=\"frm_button_submit frm_final_submit\" type=\"submit\"   formnovalidate=\"formnovalidate\">Solicitar presupuesto<\/button>\r\n\r\n<\/div>\r\n<\/div>\n\t<input type=\"hidden\" name=\"item_key\" value=\"\" \/>\n\t\t\t<div id=\"frm_field_320_container\">\n\t\t\t<label for=\"field_ju22z\" >\n\t\t\t\tSi eres humano, deja este campo en blanco.\t\t\t<\/label>\n\t\t\t<input  id=\"field_ju22z\" type=\"text\" class=\"frm_form_field form-field frm_verify\" name=\"item_meta[320]\" value=\"\"  \/>\n\t\t<\/div>\n\t\t<input name=\"frm_state\" type=\"hidden\" value=\"9QNf9ElZcPSnE\/SNzivm77XA4qJXLtk2OQcGD5Q0DH0FAZ6fZwtm7uwqgjF8rkGn\" \/><\/div>\n<\/fieldset>\n<\/div>\n\n<\/form>\n<\/div>\n\n<\/div><\/div>\n\n<\/div><\/div><\/div><\/div>\n\n<\/div><\/div>","protected":false},"excerpt":{"rendered":"<p>Construye la Piscina de tus sue\u00f1os y acopla el sistema de nataci\u00f3n contracorriente EndlessPools con los canales de recirculaci\u00f3n laterales para una mayor eficiencia. Nada en tu casa cuando te apetezca. 6 opciones de tama\u00f1os interiores (ancho, largo, profundo \u2013 en metros):<\/p>\n","protected":false},"author":1,"featured_media":0,"parent":1475,"menu_order":0,"comment_status":"closed","ping_status":"closed","template":"","meta":{"_acf_changed":false,"_seopress_robots_primary_cat":"","_seopress_titles_title":"Obtenga el precio del Sistema InsertPool - Technojet Swim","_seopress_titles_desc":"Construye la Piscina de tus sue\u00f1os y acopla el sistema de nataci\u00f3n contracorriente EndlessPools. Conttacta con nosotros.","_seopress_robots_index":"","inline_featured_image":false,"_kad_blocks_custom_css":"","_kad_blocks_head_custom_js":"","_kad_blocks_body_custom_js":"","_kad_blocks_footer_custom_js":"","_kad_post_transparent":"","_kad_post_title":"","_kad_post_layout":"","_kad_post_sidebar_id":"","_kad_post_content_style":"","_kad_post_vertical_padding":"","_kad_post_feature":"","_kad_post_feature_position":"","_kad_post_header":false,"_kad_post_footer":false,"_kad_post_classname":"","footnotes":""},"class_list":["post-1569","page","type-page","status-publish","hentry"],"acf":[],"taxonomy_info":[],"featured_image_src_large":false,"author_info":{"display_name":"jordi","author_link":"https:\/\/technojetswim.com\/es\/author\/jordi\/"},"comment_info":"","_links":{"self":[{"href":"https:\/\/technojetswim.com\/es\/wp-json\/wp\/v2\/pages\/1569","targetHints":{"allow":["GET"]}}],"collection":[{"href":"https:\/\/technojetswim.com\/es\/wp-json\/wp\/v2\/pages"}],"about":[{"href":"https:\/\/technojetswim.com\/es\/wp-json\/wp\/v2\/types\/page"}],"author":[{"embeddable":true,"href":"https:\/\/technojetswim.com\/es\/wp-json\/wp\/v2\/users\/1"}],"replies":[{"embeddable":true,"href":"https:\/\/technojetswim.com\/es\/wp-json\/wp\/v2\/comments?post=1569"}],"version-history":[{"count":1,"href":"https:\/\/technojetswim.com\/es\/wp-json\/wp\/v2\/pages\/1569\/revisions"}],"predecessor-version":[{"id":2450,"href":"https:\/\/technojetswim.com\/es\/wp-json\/wp\/v2\/pages\/1569\/revisions\/2450"}],"up":[{"embeddable":true,"href":"https:\/\/technojetswim.com\/es\/wp-json\/wp\/v2\/pages\/1475"}],"wp:attachment":[{"href":"https:\/\/technojetswim.com\/es\/wp-json\/wp\/v2\/media?parent=1569"}],"curies":[{"name":"wp","href":"https:\/\/api.w.org\/{rel}","templated":true}]}}