{"id":1507,"date":"2024-12-04T14:46:55","date_gmt":"2024-12-04T13:46:55","guid":{"rendered":"https:\/\/techno.mmkt.xyz\/?page_id=1507"},"modified":"2025-02-04T12:51:08","modified_gmt":"2025-02-04T11:51:08","slug":"natacion-piscinas","status":"publish","type":"page","link":"https:\/\/technojetswim.com\/es\/usos\/natacion-piscinas\/","title":{"rendered":"Ocio y Relajaci\u00f3n para todos"},"content":{"rendered":"<style>.kb-row-layout-id1507_9e263e-38 > .kt-row-column-wrap{align-content:start;}:where(.kb-row-layout-id1507_9e263e-38 > .kt-row-column-wrap) > .wp-block-kadence-column{justify-content:start;}.kb-row-layout-id1507_9e263e-38 > .kt-row-column-wrap{column-gap:var(--global-kb-gap-md, 2rem);row-gap:var(--global-kb-gap-md, 2rem);padding-top:var(--global-kb-spacing-xxl, 5rem);grid-template-columns:minmax(0, 1fr);}.kb-row-layout-id1507_9e263e-38 > .kt-row-layout-overlay{opacity:0.30;}@media all and (max-width: 1024px){.kb-row-layout-id1507_9e263e-38 > .kt-row-column-wrap{grid-template-columns:minmax(0, 1fr);}}@media all and (max-width: 767px){.kb-row-layout-id1507_9e263e-38 > .kt-row-column-wrap{grid-template-columns:minmax(0, 1fr);}}<\/style><div class=\"kb-row-layout-wrap kb-row-layout-id1507_9e263e-38 alignnone wp-block-kadence-rowlayout\"><div class=\"kt-row-column-wrap kt-has-1-columns kt-row-layout-equal kt-tab-layout-inherit kt-mobile-layout-row kt-row-valign-top\">\n<style>.kadence-column1507_572b60-ca > .kt-inside-inner-col,.kadence-column1507_572b60-ca > .kt-inside-inner-col:before{border-top-left-radius:0px;border-top-right-radius:0px;border-bottom-right-radius:0px;border-bottom-left-radius:0px;}.kadence-column1507_572b60-ca > .kt-inside-inner-col{column-gap:var(--global-kb-gap-sm, 1rem);}.kadence-column1507_572b60-ca > .kt-inside-inner-col{flex-direction:column;}.kadence-column1507_572b60-ca > .kt-inside-inner-col > .aligncenter{width:100%;}.kadence-column1507_572b60-ca > .kt-inside-inner-col:before{opacity:0.3;}.kadence-column1507_572b60-ca{position:relative;}@media all and (max-width: 1024px){.kadence-column1507_572b60-ca > .kt-inside-inner-col{flex-direction:column;justify-content:center;}}@media all and (max-width: 767px){.kadence-column1507_572b60-ca > .kt-inside-inner-col{flex-direction:column;justify-content:center;}}<\/style>\n<div class=\"wp-block-kadence-column kadence-column1507_572b60-ca\"><div class=\"kt-inside-inner-col\"><style>.wp-block-kadence-advancedheading.kt-adv-heading1507_c27cd5-c6, .wp-block-kadence-advancedheading.kt-adv-heading1507_c27cd5-c6[data-kb-block=\"kb-adv-heading1507_c27cd5-c6\"]{margin-top:0px;margin-bottom:var(--global-kb-spacing-xxs, 0.5rem);text-align:center;font-style:normal;}.wp-block-kadence-advancedheading.kt-adv-heading1507_c27cd5-c6 mark.kt-highlight, .wp-block-kadence-advancedheading.kt-adv-heading1507_c27cd5-c6[data-kb-block=\"kb-adv-heading1507_c27cd5-c6\"] mark.kt-highlight{font-style:normal;color:#f76a0c;-webkit-box-decoration-break:clone;box-decoration-break:clone;padding-top:0px;padding-right:0px;padding-bottom:0px;padding-left:0px;}.wp-block-kadence-advancedheading.kt-adv-heading1507_c27cd5-c6 img.kb-inline-image, .wp-block-kadence-advancedheading.kt-adv-heading1507_c27cd5-c6[data-kb-block=\"kb-adv-heading1507_c27cd5-c6\"] img.kb-inline-image{width:150px;vertical-align:baseline;}<\/style>\n<h2 class=\"kt-adv-heading1507_c27cd5-c6 wp-block-kadence-advancedheading\" data-kb-block=\"kb-adv-heading1507_c27cd5-c6\"><strong><strong><strong>Ocio y Relajaci\u00f3n para toda la familia<\/strong><\/strong><\/strong><\/h2>\n\n\n<style>.kb-row-layout-id1507_590c9e-9b > .kt-row-column-wrap{align-content:center;}:where(.kb-row-layout-id1507_590c9e-9b > .kt-row-column-wrap) > .wp-block-kadence-column{justify-content:center;}.kb-row-layout-id1507_590c9e-9b > .kt-row-column-wrap{column-gap:var(--global-kb-gap-md, 2rem);row-gap:var(--global-kb-gap-md, 2rem);max-width:var( --global-content-width, 1400px );padding-left:var(--global-content-edge-padding);padding-right:var(--global-content-edge-padding);padding-top:var(--global-kb-spacing-md, 2rem);padding-bottom:var(--global-kb-spacing-xl, 4rem);grid-template-columns:repeat(2, minmax(0, 1fr));}.kb-row-layout-id1507_590c9e-9b > .kt-row-layout-overlay{opacity:0.30;}@media all and (max-width: 1024px){.kb-row-layout-id1507_590c9e-9b > .kt-row-column-wrap{grid-template-columns:repeat(2, minmax(0, 1fr));}}@media all and (max-width: 767px){.kb-row-layout-id1507_590c9e-9b > .kt-row-column-wrap{grid-template-columns:minmax(0, 1fr);}}<\/style><div class=\"kb-row-layout-wrap kb-row-layout-id1507_590c9e-9b alignnone wp-block-kadence-rowlayout\"><div class=\"kt-row-column-wrap kt-has-2-columns kt-row-layout-equal kt-tab-layout-inherit kt-mobile-layout-row kt-row-valign-middle kb-theme-content-width\">\n<style>.kadence-column1507_45707e-7f > .kt-inside-inner-col,.kadence-column1507_45707e-7f > .kt-inside-inner-col:before{border-top-left-radius:0px;border-top-right-radius:0px;border-bottom-right-radius:0px;border-bottom-left-radius:0px;}.kadence-column1507_45707e-7f > .kt-inside-inner-col{column-gap:var(--global-kb-gap-sm, 1rem);}.kadence-column1507_45707e-7f > .kt-inside-inner-col{flex-direction:column;}.kadence-column1507_45707e-7f > .kt-inside-inner-col > .aligncenter{width:100%;}.kadence-column1507_45707e-7f > .kt-inside-inner-col:before{opacity:0.3;}.kadence-column1507_45707e-7f{position:relative;}@media all and (max-width: 1024px){.kadence-column1507_45707e-7f > .kt-inside-inner-col{flex-direction:column;justify-content:center;}}@media all and (max-width: 767px){.kadence-column1507_45707e-7f > .kt-inside-inner-col{flex-direction:column;justify-content:center;}}<\/style>\n<div class=\"wp-block-kadence-column kadence-column1507_45707e-7f\"><div class=\"kt-inside-inner-col\"><style>.kb-image1507_e46072-ed .kb-image-has-overlay:after{opacity:0.3;}<\/style>\n<figure class=\"wp-block-kadence-image kb-image1507_e46072-ed kb-image-is-ratio-size\"><div class=\"kb-is-ratio-image kb-image-ratio-land43\"><img alt=\"\" loading=\"lazy\" decoding=\"async\" width=\"640\" height=\"427\" src=\"https:\/\/technojetswim.com\/wp-content\/uploads\/2025\/01\/download-5.jpg\" alt=\"\" class=\"kb-img wp-image-989\" srcset=\"https:\/\/technojetswim.com\/wp-content\/uploads\/2025\/01\/download-5.jpg 640w, https:\/\/technojetswim.com\/wp-content\/uploads\/2025\/01\/download-5-300x200.jpg 300w\" sizes=\"auto, (max-width: 640px) 100vw, 640px\" \/><\/div><\/figure>\n<\/div><\/div>\n\n\n<style>.kadence-column1507_77d630-67 > .kt-inside-inner-col,.kadence-column1507_77d630-67 > .kt-inside-inner-col:before{border-top-left-radius:0px;border-top-right-radius:0px;border-bottom-right-radius:0px;border-bottom-left-radius:0px;}.kadence-column1507_77d630-67 > .kt-inside-inner-col{column-gap:var(--global-kb-gap-sm, 1rem);}.kadence-column1507_77d630-67 > .kt-inside-inner-col{flex-direction:column;}.kadence-column1507_77d630-67 > .kt-inside-inner-col > .aligncenter{width:100%;}.kadence-column1507_77d630-67 > .kt-inside-inner-col:before{opacity:0.3;}.kadence-column1507_77d630-67{position:relative;}@media all and (max-width: 1024px){.kadence-column1507_77d630-67 > .kt-inside-inner-col{flex-direction:column;justify-content:center;}}@media all and (max-width: 767px){.kadence-column1507_77d630-67 > .kt-inside-inner-col{flex-direction:column;justify-content:center;}}<\/style>\n<div class=\"wp-block-kadence-column kadence-column1507_77d630-67\"><div class=\"kt-inside-inner-col\"><style>.wp-block-kadence-advancedheading.kt-adv-heading1507_501280-95, .wp-block-kadence-advancedheading.kt-adv-heading1507_501280-95[data-kb-block=\"kb-adv-heading1507_501280-95\"]{font-style:normal;}.wp-block-kadence-advancedheading.kt-adv-heading1507_501280-95 mark.kt-highlight, .wp-block-kadence-advancedheading.kt-adv-heading1507_501280-95[data-kb-block=\"kb-adv-heading1507_501280-95\"] mark.kt-highlight{font-style:normal;color:#f76a0c;-webkit-box-decoration-break:clone;box-decoration-break:clone;padding-top:0px;padding-right:0px;padding-bottom:0px;padding-left:0px;}.wp-block-kadence-advancedheading.kt-adv-heading1507_501280-95 img.kb-inline-image, .wp-block-kadence-advancedheading.kt-adv-heading1507_501280-95[data-kb-block=\"kb-adv-heading1507_501280-95\"] img.kb-inline-image{width:150px;vertical-align:baseline;}<\/style>\n<h3 class=\"kt-adv-heading1507_501280-95 wp-block-kadence-advancedheading\" data-kb-block=\"kb-adv-heading1507_501280-95\">\u00a1Exacto, para toda la familia! Todo el mundo puede disfrutar de los sistemas EndlessPools.<\/h3>\n\n\n\n<p>Abierta las 24 horas del d\u00eda y los siete d\u00edas de la semana, una piscina EndlessPools en tu casa puede ser un lugar en el que toda la familia comparta horas de diversi\u00f3n espont\u00e1nea, celebraci\u00f3n y relajaci\u00f3n.<\/p>\n\n\n\n<p>Disfruta del placer de nadar cualquier d\u00eda del a\u00f1o sin la incomodidad de tener que planificar, reservar o desplazarte a una piscina. Despu\u00e9s del trabajo, a cualquier hora, deje que la corriente de agua se encargue de eliminar el estr\u00e9s. Los propulsores opcionales de hidroterapia te proporcionan un masaje suave y alivian la rigidez y la tensi\u00f3n muscular.<\/p>\n\n\n<style>.wp-block-kadence-advancedbtn.kb-btns1507_f447d4-6e{gap:var(--global-kb-gap-xs, 0.5rem );justify-content:flex-start;align-items:center;}.kt-btns1507_f447d4-6e .kt-button{font-weight:normal;font-style:normal;}.kt-btns1507_f447d4-6e .kt-btn-wrap-0{margin-right:5px;}.wp-block-kadence-advancedbtn.kt-btns1507_f447d4-6e .kt-btn-wrap-0 .kt-button{color:#555555;border-color:#555555;}.wp-block-kadence-advancedbtn.kt-btns1507_f447d4-6e .kt-btn-wrap-0 .kt-button:hover, .wp-block-kadence-advancedbtn.kt-btns1507_f447d4-6e .kt-btn-wrap-0 .kt-button:focus{color:#ffffff;border-color:#444444;}.wp-block-kadence-advancedbtn.kt-btns1507_f447d4-6e .kt-btn-wrap-0 .kt-button::before{display:none;}.wp-block-kadence-advancedbtn.kt-btns1507_f447d4-6e .kt-btn-wrap-0 .kt-button:hover, .wp-block-kadence-advancedbtn.kt-btns1507_f447d4-6e .kt-btn-wrap-0 .kt-button:focus{background:#444444;}<\/style>\n<div class=\"wp-block-kadence-advancedbtn kb-buttons-wrap kb-btns1507_f447d4-6e\"><style>ul.menu .wp-block-kadence-advancedbtn .kb-btn1507_deecc0-9b.kb-button{width:initial;}<\/style><a class=\"kb-button kt-button button kb-btn1507_deecc0-9b kt-btn-size-standard kt-btn-width-type-auto kb-btn-global-inherit  kt-btn-has-text-true kt-btn-has-svg-false  wp-block-button__link wp-block-kadence-singlebtn\" href=\"https:\/\/technojetswim.com\/endlesspools\/\"><span class=\"kt-btn-inner-text\">Descubre los Sistemas de Nataci\u00f3n Contracorriente de EndlessPools<\/span><\/a><\/div>\n<\/div><\/div>\n\n<\/div><\/div><\/div><\/div>\n\n<\/div><\/div>\n\n<style>.kb-row-layout-id1507_3855b4-3c > .kt-row-column-wrap{align-content:start;}:where(.kb-row-layout-id1507_3855b4-3c > .kt-row-column-wrap) > .wp-block-kadence-column{justify-content:start;}.kb-row-layout-id1507_3855b4-3c > .kt-row-column-wrap{column-gap:var(--global-kb-gap-md, 2rem);row-gap:var(--global-kb-gap-md, 2rem);max-width:var( --global-content-width, 1400px );padding-left:var(--global-content-edge-padding);padding-right:var(--global-content-edge-padding);padding-bottom:var(--global-kb-spacing-xxl, 5rem);grid-template-columns:minmax(0, 1fr);}.kb-row-layout-id1507_3855b4-3c > .kt-row-layout-overlay{opacity:0.30;}@media all and (max-width: 1024px){.kb-row-layout-id1507_3855b4-3c > .kt-row-column-wrap{grid-template-columns:minmax(0, 1fr);}}@media all and (max-width: 767px){.kb-row-layout-id1507_3855b4-3c > .kt-row-column-wrap{grid-template-columns:minmax(0, 1fr);}}<\/style><div class=\"kb-row-layout-wrap kb-row-layout-id1507_3855b4-3c alignnone wp-block-kadence-rowlayout\"><div class=\"kt-row-column-wrap kt-has-1-columns kt-row-layout-equal kt-tab-layout-inherit kt-mobile-layout-row kt-row-valign-top kb-theme-content-width\">\n<style>.kadence-column1507_5cd819-22 > .kt-inside-inner-col,.kadence-column1507_5cd819-22 > .kt-inside-inner-col:before{border-top-left-radius:0px;border-top-right-radius:0px;border-bottom-right-radius:0px;border-bottom-left-radius:0px;}.kadence-column1507_5cd819-22 > .kt-inside-inner-col{column-gap:var(--global-kb-gap-sm, 1rem);}.kadence-column1507_5cd819-22 > .kt-inside-inner-col{flex-direction:column;}.kadence-column1507_5cd819-22 > .kt-inside-inner-col > .aligncenter{width:100%;}.kadence-column1507_5cd819-22 > .kt-inside-inner-col:before{opacity:0.3;}.kadence-column1507_5cd819-22{position:relative;}@media all and (max-width: 1024px){.kadence-column1507_5cd819-22 > .kt-inside-inner-col{flex-direction:column;justify-content:center;}}@media all and (max-width: 767px){.kadence-column1507_5cd819-22 > .kt-inside-inner-col{flex-direction:column;justify-content:center;}}<\/style>\n<div class=\"wp-block-kadence-column kadence-column1507_5cd819-22\"><div class=\"kt-inside-inner-col\"><style>.wp-block-kadence-advancedheading.kt-adv-heading1507_a9e102-a5, .wp-block-kadence-advancedheading.kt-adv-heading1507_a9e102-a5[data-kb-block=\"kb-adv-heading1507_a9e102-a5\"]{margin-top:0px;margin-bottom:var(--global-kb-spacing-sm, 1.5rem);text-align:left;font-style:normal;}.wp-block-kadence-advancedheading.kt-adv-heading1507_a9e102-a5 mark.kt-highlight, .wp-block-kadence-advancedheading.kt-adv-heading1507_a9e102-a5[data-kb-block=\"kb-adv-heading1507_a9e102-a5\"] mark.kt-highlight{font-style:normal;color:#f76a0c;-webkit-box-decoration-break:clone;box-decoration-break:clone;padding-top:0px;padding-right:0px;padding-bottom:0px;padding-left:0px;}.wp-block-kadence-advancedheading.kt-adv-heading1507_a9e102-a5 img.kb-inline-image, .wp-block-kadence-advancedheading.kt-adv-heading1507_a9e102-a5[data-kb-block=\"kb-adv-heading1507_a9e102-a5\"] img.kb-inline-image{width:150px;vertical-align:baseline;}<\/style>\n<h2 class=\"kt-adv-heading1507_a9e102-a5 wp-block-kadence-advancedheading\" data-kb-block=\"kb-adv-heading1507_a9e102-a5\"><strong><strong>Jugar y estar juntos, todo comienza aqu\u00ed.<\/strong><\/strong><\/h2>\n\n\n\n<p>Con la adecuada supervisi\u00f3n, <strong>todos pueden disfrutar, desde los m\u00e1s j\u00f3venes hasta los mayores, jugando y relaj\u00e1ndose en la suave corriente de nataci\u00f3n que proporcionan estos sistemas completamente ajustables a cualquier nivel<\/strong>. De hecho, muchos de nuestros clientes comentan que los ni\u00f1os no desean salir de la piscina. A los ni\u00f1os les encanta flotar montados en colchones hinchables o surfear contra la corriente, agarr\u00e1ndose a la barra de la unidad de propulsi\u00f3n.<\/p>\n\n\n\n<p>Muchos de nuestros clientes permiten que los vecinos usen su piscina para hidroterapia y relajaci\u00f3n. Pero date por avisado, quiz\u00e1s no te convenga invitar a los ni\u00f1os de los vecinos, si es que quieres disfrutar con tranquilidad, \u00a1es muy adictiva!<\/p>\n\n\n\n<p>La nataci\u00f3n y el ejercicio acu\u00e1tico es la forma perfecta de mantenerse en forma, <strong>independientemente del nivel de capacidad o circunstancias<\/strong>. Si quieres empezar a beneficiarte de todas las incre\u00edbles ventajas que los ejercicios aer\u00f3bicos acu\u00e1ticos representan per a la teva salut, instal\u00b7la una piscina EndlessPools, <strong>permitir\u00e1 a tu familia disfrutar de un ba\u00f1o placentero en cualquier \u00e9poca del a\u00f1o<\/strong>.<\/p>\n<\/div><\/div>\n\n<\/div><\/div>","protected":false},"excerpt":{"rendered":"<p>Ocio y Relajaci\u00f3n para toda la familia \u00a1Exacto, para toda la familia! Todo el mundo puede disfrutar de los sistemas EndlessPools. Abierta las 24 horas del d\u00eda y los siete d\u00edas de la semana, una piscina EndlessPools en tu casa puede ser un lugar en el que toda la familia comparta horas de diversi\u00f3n espont\u00e1nea,&#8230;<\/p>\n","protected":false},"author":1,"featured_media":0,"parent":1483,"menu_order":0,"comment_status":"closed","ping_status":"closed","template":"","meta":{"_acf_changed":false,"_seopress_robots_primary_cat":"","_seopress_titles_title":"Nataci\u00f3n en piscinas: entrena y disfruta en casa - Technojet Swim","_seopress_titles_desc":"Mejora tu t\u00e9cnica y resistencia con la mejor nataci\u00f3n en piscinas de nado contracorriente. Descubre nuestras soluciones en Technojet Swim.","_seopress_robots_index":"","inline_featured_image":false,"_kad_blocks_custom_css":"","_kad_blocks_head_custom_js":"","_kad_blocks_body_custom_js":"","_kad_blocks_footer_custom_js":"","_kad_post_transparent":"","_kad_post_title":"","_kad_post_layout":"","_kad_post_sidebar_id":"","_kad_post_content_style":"","_kad_post_vertical_padding":"","_kad_post_feature":"","_kad_post_feature_position":"","_kad_post_header":false,"_kad_post_footer":false,"_kad_post_classname":"","footnotes":""},"class_list":["post-1507","page","type-page","status-publish","hentry"],"acf":[],"taxonomy_info":[],"featured_image_src_large":false,"author_info":{"display_name":"jordi","author_link":"https:\/\/technojetswim.com\/es\/author\/jordi\/"},"comment_info":"","_links":{"self":[{"href":"https:\/\/technojetswim.com\/es\/wp-json\/wp\/v2\/pages\/1507","targetHints":{"allow":["GET"]}}],"collection":[{"href":"https:\/\/technojetswim.com\/es\/wp-json\/wp\/v2\/pages"}],"about":[{"href":"https:\/\/technojetswim.com\/es\/wp-json\/wp\/v2\/types\/page"}],"author":[{"embeddable":true,"href":"https:\/\/technojetswim.com\/es\/wp-json\/wp\/v2\/users\/1"}],"replies":[{"embeddable":true,"href":"https:\/\/technojetswim.com\/es\/wp-json\/wp\/v2\/comments?post=1507"}],"version-history":[{"count":1,"href":"https:\/\/technojetswim.com\/es\/wp-json\/wp\/v2\/pages\/1507\/revisions"}],"predecessor-version":[{"id":2403,"href":"https:\/\/technojetswim.com\/es\/wp-json\/wp\/v2\/pages\/1507\/revisions\/2403"}],"up":[{"embeddable":true,"href":"https:\/\/technojetswim.com\/es\/wp-json\/wp\/v2\/pages\/1483"}],"wp:attachment":[{"href":"https:\/\/technojetswim.com\/es\/wp-json\/wp\/v2\/media?parent=1507"}],"curies":[{"name":"wp","href":"https:\/\/api.w.org\/{rel}","templated":true}]}}