{"id":1502,"date":"2024-12-04T14:45:15","date_gmt":"2024-12-04T13:45:15","guid":{"rendered":"https:\/\/techno.mmkt.xyz\/?page_id=1502"},"modified":"2025-02-04T12:48:40","modified_gmt":"2025-02-04T11:48:40","slug":"hidroterapia-piscina","status":"publish","type":"page","link":"https:\/\/technojetswim.com\/es\/usos\/hidroterapia-piscina\/","title":{"rendered":"Mantenimiento y rehabilitaci\u00f3n"},"content":{"rendered":"<style>.kb-row-layout-id1502_f15cc2-37 > .kt-row-column-wrap{align-content:start;}:where(.kb-row-layout-id1502_f15cc2-37 > .kt-row-column-wrap) > .wp-block-kadence-column{justify-content:start;}.kb-row-layout-id1502_f15cc2-37 > .kt-row-column-wrap{column-gap:var(--global-kb-gap-md, 2rem);row-gap:var(--global-kb-gap-md, 2rem);padding-top:var(--global-kb-spacing-xxl, 5rem);grid-template-columns:minmax(0, 1fr);}.kb-row-layout-id1502_f15cc2-37 > .kt-row-layout-overlay{opacity:0.30;}@media all and (max-width: 1024px){.kb-row-layout-id1502_f15cc2-37 > .kt-row-column-wrap{grid-template-columns:minmax(0, 1fr);}}@media all and (max-width: 767px){.kb-row-layout-id1502_f15cc2-37 > .kt-row-column-wrap{grid-template-columns:minmax(0, 1fr);}}<\/style><div class=\"kb-row-layout-wrap kb-row-layout-id1502_f15cc2-37 alignnone wp-block-kadence-rowlayout\"><div class=\"kt-row-column-wrap kt-has-1-columns kt-row-layout-equal kt-tab-layout-inherit kt-mobile-layout-row kt-row-valign-top\">\n<style>.kadence-column1502_a09f82-28 > .kt-inside-inner-col,.kadence-column1502_a09f82-28 > .kt-inside-inner-col:before{border-top-left-radius:0px;border-top-right-radius:0px;border-bottom-right-radius:0px;border-bottom-left-radius:0px;}.kadence-column1502_a09f82-28 > .kt-inside-inner-col{column-gap:var(--global-kb-gap-sm, 1rem);}.kadence-column1502_a09f82-28 > .kt-inside-inner-col{flex-direction:column;}.kadence-column1502_a09f82-28 > .kt-inside-inner-col > .aligncenter{width:100%;}.kadence-column1502_a09f82-28 > .kt-inside-inner-col:before{opacity:0.3;}.kadence-column1502_a09f82-28{position:relative;}@media all and (max-width: 1024px){.kadence-column1502_a09f82-28 > .kt-inside-inner-col{flex-direction:column;justify-content:center;}}@media all and (max-width: 767px){.kadence-column1502_a09f82-28 > .kt-inside-inner-col{flex-direction:column;justify-content:center;}}<\/style>\n<div class=\"wp-block-kadence-column kadence-column1502_a09f82-28\"><div class=\"kt-inside-inner-col\"><style>.wp-block-kadence-advancedheading.kt-adv-heading1502_356745-0a, .wp-block-kadence-advancedheading.kt-adv-heading1502_356745-0a[data-kb-block=\"kb-adv-heading1502_356745-0a\"]{margin-top:0px;margin-bottom:var(--global-kb-spacing-xxs, 0.5rem);text-align:center;font-style:normal;}.wp-block-kadence-advancedheading.kt-adv-heading1502_356745-0a mark.kt-highlight, .wp-block-kadence-advancedheading.kt-adv-heading1502_356745-0a[data-kb-block=\"kb-adv-heading1502_356745-0a\"] mark.kt-highlight{font-style:normal;color:#f76a0c;-webkit-box-decoration-break:clone;box-decoration-break:clone;padding-top:0px;padding-right:0px;padding-bottom:0px;padding-left:0px;}.wp-block-kadence-advancedheading.kt-adv-heading1502_356745-0a img.kb-inline-image, .wp-block-kadence-advancedheading.kt-adv-heading1502_356745-0a[data-kb-block=\"kb-adv-heading1502_356745-0a\"] img.kb-inline-image{width:150px;vertical-align:baseline;}<\/style>\n<h2 class=\"kt-adv-heading1502_356745-0a wp-block-kadence-advancedheading\" data-kb-block=\"kb-adv-heading1502_356745-0a\"><strong><strong><strong>Hidroterapia, recuperaci\u00f3n, rendimiento f\u00edsico\u2026<\/strong><\/strong><\/strong><\/h2>\n\n\n<style>.kb-row-layout-id1502_836f80-e7 > .kt-row-column-wrap{align-content:center;}:where(.kb-row-layout-id1502_836f80-e7 > .kt-row-column-wrap) > .wp-block-kadence-column{justify-content:center;}.kb-row-layout-id1502_836f80-e7 > .kt-row-column-wrap{column-gap:var(--global-kb-gap-md, 2rem);row-gap:var(--global-kb-gap-md, 2rem);max-width:var( --global-content-width, 1400px );padding-left:var(--global-content-edge-padding);padding-right:var(--global-content-edge-padding);padding-top:var(--global-kb-spacing-md, 2rem);padding-bottom:var(--global-kb-spacing-xl, 4rem);grid-template-columns:repeat(2, minmax(0, 1fr));}.kb-row-layout-id1502_836f80-e7 > .kt-row-layout-overlay{opacity:0.30;}@media all and (max-width: 1024px){.kb-row-layout-id1502_836f80-e7 > .kt-row-column-wrap{grid-template-columns:repeat(2, minmax(0, 1fr));}}@media all and (max-width: 767px){.kb-row-layout-id1502_836f80-e7 > .kt-row-column-wrap{grid-template-columns:minmax(0, 1fr);}}<\/style><div class=\"kb-row-layout-wrap kb-row-layout-id1502_836f80-e7 alignnone wp-block-kadence-rowlayout\"><div class=\"kt-row-column-wrap kt-has-2-columns kt-row-layout-equal kt-tab-layout-inherit kt-mobile-layout-row kt-row-valign-middle kb-theme-content-width\">\n<style>.kadence-column1502_7cae68-eb > .kt-inside-inner-col,.kadence-column1502_7cae68-eb > .kt-inside-inner-col:before{border-top-left-radius:0px;border-top-right-radius:0px;border-bottom-right-radius:0px;border-bottom-left-radius:0px;}.kadence-column1502_7cae68-eb > .kt-inside-inner-col{column-gap:var(--global-kb-gap-sm, 1rem);}.kadence-column1502_7cae68-eb > .kt-inside-inner-col{flex-direction:column;}.kadence-column1502_7cae68-eb > .kt-inside-inner-col > .aligncenter{width:100%;}.kadence-column1502_7cae68-eb > .kt-inside-inner-col:before{opacity:0.3;}.kadence-column1502_7cae68-eb{position:relative;}@media all and (max-width: 1024px){.kadence-column1502_7cae68-eb > .kt-inside-inner-col{flex-direction:column;justify-content:center;}}@media all and (max-width: 767px){.kadence-column1502_7cae68-eb > .kt-inside-inner-col{flex-direction:column;justify-content:center;}}<\/style>\n<div class=\"wp-block-kadence-column kadence-column1502_7cae68-eb\"><div class=\"kt-inside-inner-col\"><style>.kb-image1502_9e869c-7a .kb-image-has-overlay:after{opacity:0.3;}<\/style>\n<figure class=\"wp-block-kadence-image kb-image1502_9e869c-7a size-full kb-image-is-ratio-size\"><div class=\"kb-is-ratio-image kb-image-ratio-land43\"><img alt=\"\" loading=\"lazy\" decoding=\"async\" width=\"600\" height=\"339\" src=\"https:\/\/technojetswim.com\/wp-content\/uploads\/2025\/01\/Natacion_en_casa-600x339-1.jpg\" alt=\"\" class=\"kb-img wp-image-999\" srcset=\"https:\/\/technojetswim.com\/wp-content\/uploads\/2025\/01\/Natacion_en_casa-600x339-1.jpg 600w, https:\/\/technojetswim.com\/wp-content\/uploads\/2025\/01\/Natacion_en_casa-600x339-1-300x170.jpg 300w\" sizes=\"auto, (max-width: 600px) 100vw, 600px\" \/><\/div><\/figure>\n<\/div><\/div>\n\n\n<style>.kadence-column1502_a9d735-f1 > .kt-inside-inner-col,.kadence-column1502_a9d735-f1 > .kt-inside-inner-col:before{border-top-left-radius:0px;border-top-right-radius:0px;border-bottom-right-radius:0px;border-bottom-left-radius:0px;}.kadence-column1502_a9d735-f1 > .kt-inside-inner-col{column-gap:var(--global-kb-gap-sm, 1rem);}.kadence-column1502_a9d735-f1 > .kt-inside-inner-col{flex-direction:column;}.kadence-column1502_a9d735-f1 > .kt-inside-inner-col > .aligncenter{width:100%;}.kadence-column1502_a9d735-f1 > .kt-inside-inner-col:before{opacity:0.3;}.kadence-column1502_a9d735-f1{position:relative;}@media all and (max-width: 1024px){.kadence-column1502_a9d735-f1 > .kt-inside-inner-col{flex-direction:column;justify-content:center;}}@media all and (max-width: 767px){.kadence-column1502_a9d735-f1 > .kt-inside-inner-col{flex-direction:column;justify-content:center;}}<\/style>\n<div class=\"wp-block-kadence-column kadence-column1502_a9d735-f1\"><div class=\"kt-inside-inner-col\"><style>.wp-block-kadence-advancedheading.kt-adv-heading1502_313c56-fa, .wp-block-kadence-advancedheading.kt-adv-heading1502_313c56-fa[data-kb-block=\"kb-adv-heading1502_313c56-fa\"]{font-style:normal;}.wp-block-kadence-advancedheading.kt-adv-heading1502_313c56-fa mark.kt-highlight, .wp-block-kadence-advancedheading.kt-adv-heading1502_313c56-fa[data-kb-block=\"kb-adv-heading1502_313c56-fa\"] mark.kt-highlight{font-style:normal;color:#f76a0c;-webkit-box-decoration-break:clone;box-decoration-break:clone;padding-top:0px;padding-right:0px;padding-bottom:0px;padding-left:0px;}.wp-block-kadence-advancedheading.kt-adv-heading1502_313c56-fa img.kb-inline-image, .wp-block-kadence-advancedheading.kt-adv-heading1502_313c56-fa[data-kb-block=\"kb-adv-heading1502_313c56-fa\"] img.kb-inline-image{width:150px;vertical-align:baseline;}<\/style>\n<h3 class=\"kt-adv-heading1502_313c56-fa wp-block-kadence-advancedheading\" data-kb-block=\"kb-adv-heading1502_313c56-fa\">Agua caliente, terapia de bajo impacto para acondicionamiento f\u00edsico y tratamiento de lesiones.<\/h3>\n\n\n\n<p>La hidroterapia es una excelente actividad de bajo impacto para personas de todas las edades y aptitudes f\u00edsicas. <strong>La terapia acu\u00e1tica utiliza las propiedades f\u00edsicas del agua para facilitar el proceso de recuperaci\u00f3n de pacientes y su rendimiento f\u00edsico.<\/strong> Adem\u00e1s, es una excelente herramienta para el tratamiento de una amplia variedad de afecciones m\u00e9dicas.<\/p>\n\n\n\n<p>Experimenta la sensaci\u00f3n de ingravidez y libertad, inmerso en una piscina instalada en tu casa. La reducci\u00f3n de la cantidad de presi\u00f3n que ejerce sobre tus articulaciones, permite ejercitarte con mayor facilidad y menos dolor.<\/p>\n\n\n<style>.wp-block-kadence-advancedbtn.kb-btns1502_74584d-5e{gap:var(--global-kb-gap-xs, 0.5rem );justify-content:flex-start;align-items:center;}.kt-btns1502_74584d-5e .kt-button{font-weight:normal;font-style:normal;}.kt-btns1502_74584d-5e .kt-btn-wrap-0{margin-right:5px;}.wp-block-kadence-advancedbtn.kt-btns1502_74584d-5e .kt-btn-wrap-0 .kt-button{color:#555555;border-color:#555555;}.wp-block-kadence-advancedbtn.kt-btns1502_74584d-5e .kt-btn-wrap-0 .kt-button:hover, .wp-block-kadence-advancedbtn.kt-btns1502_74584d-5e .kt-btn-wrap-0 .kt-button:focus{color:#ffffff;border-color:#444444;}.wp-block-kadence-advancedbtn.kt-btns1502_74584d-5e .kt-btn-wrap-0 .kt-button::before{display:none;}.wp-block-kadence-advancedbtn.kt-btns1502_74584d-5e .kt-btn-wrap-0 .kt-button:hover, .wp-block-kadence-advancedbtn.kt-btns1502_74584d-5e .kt-btn-wrap-0 .kt-button:focus{background:#444444;}<\/style>\n<div class=\"wp-block-kadence-advancedbtn kb-buttons-wrap kb-btns1502_74584d-5e\"><style>ul.menu .wp-block-kadence-advancedbtn .kb-btn1502_1c806e-b1.kb-button{width:initial;}<\/style><a class=\"kb-button kt-button button kb-btn1502_1c806e-b1 kt-btn-size-standard kt-btn-width-type-auto kb-btn-global-inherit  kt-btn-has-text-true kt-btn-has-svg-false  wp-block-button__link wp-block-kadence-singlebtn\" href=\"https:\/\/technojetswim.com\/waterwell\/\"><span class=\"kt-btn-inner-text\">M\u00e1s informaci\u00f3n sobre las piscinas para Hidroterapia<\/span><\/a><\/div>\n<\/div><\/div>\n\n<\/div><\/div><\/div><\/div>\n\n<\/div><\/div>\n\n<style>.kb-row-layout-id1502_43baf7-dd > .kt-row-column-wrap{align-content:start;}:where(.kb-row-layout-id1502_43baf7-dd > .kt-row-column-wrap) > .wp-block-kadence-column{justify-content:start;}.kb-row-layout-id1502_43baf7-dd > .kt-row-column-wrap{column-gap:var(--global-kb-gap-md, 2rem);row-gap:var(--global-kb-gap-md, 2rem);max-width:var( --global-content-width, 1400px );padding-left:var(--global-content-edge-padding);padding-right:var(--global-content-edge-padding);padding-bottom:var(--global-kb-spacing-xxl, 5rem);grid-template-columns:minmax(0, 1fr);}.kb-row-layout-id1502_43baf7-dd > .kt-row-layout-overlay{opacity:0.30;}@media all and (max-width: 1024px){.kb-row-layout-id1502_43baf7-dd > .kt-row-column-wrap{grid-template-columns:minmax(0, 1fr);}}@media all and (max-width: 767px){.kb-row-layout-id1502_43baf7-dd > .kt-row-column-wrap{grid-template-columns:minmax(0, 1fr);}}<\/style><div class=\"kb-row-layout-wrap kb-row-layout-id1502_43baf7-dd alignnone wp-block-kadence-rowlayout\"><div class=\"kt-row-column-wrap kt-has-1-columns kt-row-layout-equal kt-tab-layout-inherit kt-mobile-layout-row kt-row-valign-top kb-theme-content-width\">\n<style>.kadence-column1502_f36948-3b > .kt-inside-inner-col,.kadence-column1502_f36948-3b > .kt-inside-inner-col:before{border-top-left-radius:0px;border-top-right-radius:0px;border-bottom-right-radius:0px;border-bottom-left-radius:0px;}.kadence-column1502_f36948-3b > .kt-inside-inner-col{column-gap:var(--global-kb-gap-sm, 1rem);}.kadence-column1502_f36948-3b > .kt-inside-inner-col{flex-direction:column;}.kadence-column1502_f36948-3b > .kt-inside-inner-col > .aligncenter{width:100%;}.kadence-column1502_f36948-3b > .kt-inside-inner-col:before{opacity:0.3;}.kadence-column1502_f36948-3b{position:relative;}@media all and (max-width: 1024px){.kadence-column1502_f36948-3b > .kt-inside-inner-col{flex-direction:column;justify-content:center;}}@media all and (max-width: 767px){.kadence-column1502_f36948-3b > .kt-inside-inner-col{flex-direction:column;justify-content:center;}}<\/style>\n<div class=\"wp-block-kadence-column kadence-column1502_f36948-3b\"><div class=\"kt-inside-inner-col\"><style>.wp-block-kadence-advancedheading.kt-adv-heading1502_582c88-58, .wp-block-kadence-advancedheading.kt-adv-heading1502_582c88-58[data-kb-block=\"kb-adv-heading1502_582c88-58\"]{margin-top:0px;margin-bottom:var(--global-kb-spacing-sm, 1.5rem);text-align:left;font-style:normal;}.wp-block-kadence-advancedheading.kt-adv-heading1502_582c88-58 mark.kt-highlight, .wp-block-kadence-advancedheading.kt-adv-heading1502_582c88-58[data-kb-block=\"kb-adv-heading1502_582c88-58\"] mark.kt-highlight{font-style:normal;color:#f76a0c;-webkit-box-decoration-break:clone;box-decoration-break:clone;padding-top:0px;padding-right:0px;padding-bottom:0px;padding-left:0px;}.wp-block-kadence-advancedheading.kt-adv-heading1502_582c88-58 img.kb-inline-image, .wp-block-kadence-advancedheading.kt-adv-heading1502_582c88-58[data-kb-block=\"kb-adv-heading1502_582c88-58\"] img.kb-inline-image{width:150px;vertical-align:baseline;}<\/style>\n<h2 class=\"kt-adv-heading1502_582c88-58 wp-block-kadence-advancedheading\" data-kb-block=\"kb-adv-heading1502_582c88-58\"><strong><strong>Disfruta de tu propia piscina, alivia tu dolor mientras mejoras tu equilibrio y agilidad al aumentar la flexibilidad y fortalecer tus m\u00fasculos.<\/strong><\/strong><\/h2>\n\n\n<style>.wp-block-kadence-advancedheading.kt-adv-heading1502_59944c-e7, .wp-block-kadence-advancedheading.kt-adv-heading1502_59944c-e7[data-kb-block=\"kb-adv-heading1502_59944c-e7\"]{font-style:normal;}.wp-block-kadence-advancedheading.kt-adv-heading1502_59944c-e7 mark.kt-highlight, .wp-block-kadence-advancedheading.kt-adv-heading1502_59944c-e7[data-kb-block=\"kb-adv-heading1502_59944c-e7\"] mark.kt-highlight{font-style:normal;color:#f76a0c;-webkit-box-decoration-break:clone;box-decoration-break:clone;padding-top:0px;padding-right:0px;padding-bottom:0px;padding-left:0px;}.wp-block-kadence-advancedheading.kt-adv-heading1502_59944c-e7 img.kb-inline-image, .wp-block-kadence-advancedheading.kt-adv-heading1502_59944c-e7[data-kb-block=\"kb-adv-heading1502_59944c-e7\"] img.kb-inline-image{width:150px;vertical-align:baseline;}<\/style>\n<p class=\"kt-adv-heading1502_59944c-e7 wp-block-kadence-advancedheading\" data-kb-block=\"kb-adv-heading1502_59944c-e7\">La terapia acu\u00e1tica es una t\u00e9cnica de rehabilitaci\u00f3n de \u00e9xito demostrado para muchas enfermedades como dolor de espalda, lesiones de rodilla, articulaciones y lesiones de las extremidades superiores. La hidroterapia tambi\u00e9n puede utilizarse para el tratamiento de afecciones neurol\u00f3gicas como lesiones cerebrales traum\u00e1ticas y derrames cerebrales.<\/p>\n\n\n\n<p>El sistema de propulsi\u00f3n EndlessPools puede utilizarse para aumentar la resistencia, en una amplia gama de ejercicios y aparatos terap\u00e9uticos para piscinas, como churros flotantes, alba\u00f1iles y campanas.<br>Nuestras cintas de correr bajo el agua son ideales para aprender a andar despu\u00e9s de una lesi\u00f3n, as\u00ed como para mejorar el equilibrio y la confianza de personas con problemas de movilidad.<\/p>\n\n\n\n<p><strong>Con los sistemas de nataci\u00f3n contracorriente EndlessPools, podr\u00e1 realizar ejercicios de hidroterapia y de esta manera:<\/strong><\/p>\n\n\n<style>.wp-block-kadence-iconlist.kt-svg-icon-list-items1502_4d56db-bb:not(.this-stops-third-party-issues){margin-top:0px;margin-bottom:0px;}.wp-block-kadence-iconlist.kt-svg-icon-list-items1502_4d56db-bb ul.kt-svg-icon-list:not(.this-prevents-issues):not(.this-stops-third-party-issues):not(.tijsloc){margin-top:0px;margin-right:0px;margin-bottom:var(--global-kb-spacing-sm, 1.5rem);margin-left:0px;}.wp-block-kadence-iconlist.kt-svg-icon-list-items1502_4d56db-bb ul.kt-svg-icon-list{grid-row-gap:5px;}.wp-block-kadence-iconlist.kt-svg-icon-list-items1502_4d56db-bb ul.kt-svg-icon-list .kt-svg-icon-list-item-wrap .kt-svg-icon-list-single{margin-right:10px;}.kt-svg-icon-list-items1502_4d56db-bb ul.kt-svg-icon-list .kt-svg-icon-list-level-0 .kt-svg-icon-list-single svg{font-size:20px;}<\/style>\n<div class=\"wp-block-kadence-iconlist kt-svg-icon-list-items kt-svg-icon-list-items1502_4d56db-bb kt-svg-icon-list-columns-1 alignnone kt-list-icon-aligntop\"><ul class=\"kt-svg-icon-list\"><style>.kt-svg-icon-list-item-1502_24cab4-83 .kt-svg-icon-list-text mark.kt-highlight{background-color:unset;font-style:normal;color:#f76a0c;-webkit-box-decoration-break:clone;box-decoration-break:clone;padding-top:0px;padding-right:0px;padding-bottom:0px;padding-left:0px;}<\/style>\n<li class=\"wp-block-kadence-listitem kt-svg-icon-list-item-wrap kt-svg-icon-list-item-1502_24cab4-83\"><span class=\"kb-svg-icon-wrap kb-svg-icon-fe_checkCircle kt-svg-icon-list-single\"><svg viewBox=\"0 0 24 24\"  fill=\"none\" stroke=\"currentColor\" stroke-width=\"2\" stroke-linecap=\"round\" stroke-linejoin=\"round\" xmlns=\"http:\/\/www.w3.org\/2000\/svg\"  aria-hidden=\"true\"><path d=\"M22 11.08V12a10 10 0 1 1-5.93-9.14\"\/><polyline points=\"22 4 12 14.01 9 11.01\"\/><\/svg><\/span><span class=\"kt-svg-icon-list-text\">Aumentar tu flexibilidad y fortalecer tus m\u00fasculos.<\/span><\/li>\n\n\n<style>.kt-svg-icon-list-item-1502_2c3981-fb .kt-svg-icon-list-text mark.kt-highlight{background-color:unset;font-style:normal;color:#f76a0c;-webkit-box-decoration-break:clone;box-decoration-break:clone;padding-top:0px;padding-right:0px;padding-bottom:0px;padding-left:0px;}<\/style>\n<li class=\"wp-block-kadence-listitem kt-svg-icon-list-item-wrap kt-svg-icon-list-item-1502_2c3981-fb\"><span class=\"kb-svg-icon-wrap kb-svg-icon-fe_checkCircle kt-svg-icon-list-single\"><svg viewBox=\"0 0 24 24\"  fill=\"none\" stroke=\"currentColor\" stroke-width=\"2\" stroke-linecap=\"round\" stroke-linejoin=\"round\" xmlns=\"http:\/\/www.w3.org\/2000\/svg\"  aria-hidden=\"true\"><path d=\"M22 11.08V12a10 10 0 1 1-5.93-9.14\"\/><polyline points=\"22 4 12 14.01 9 11.01\"\/><\/svg><\/span><span class=\"kt-svg-icon-list-text\">Aliviar los s\u00edntomas de muchas enfermedades m\u00e9dicas.<\/span><\/li>\n\n\n<style>.kt-svg-icon-list-item-1502_e63c1d-e2 .kt-svg-icon-list-text mark.kt-highlight{background-color:unset;font-style:normal;color:#f76a0c;-webkit-box-decoration-break:clone;box-decoration-break:clone;padding-top:0px;padding-right:0px;padding-bottom:0px;padding-left:0px;}<\/style>\n<li class=\"wp-block-kadence-listitem kt-svg-icon-list-item-wrap kt-svg-icon-list-item-1502_e63c1d-e2\"><span class=\"kb-svg-icon-wrap kb-svg-icon-fe_checkCircle kt-svg-icon-list-single\"><svg viewBox=\"0 0 24 24\"  fill=\"none\" stroke=\"currentColor\" stroke-width=\"2\" stroke-linecap=\"round\" stroke-linejoin=\"round\" xmlns=\"http:\/\/www.w3.org\/2000\/svg\"  aria-hidden=\"true\"><path d=\"M22 11.08V12a10 10 0 1 1-5.93-9.14\"\/><polyline points=\"22 4 12 14.01 9 11.01\"\/><\/svg><\/span><span class=\"kt-svg-icon-list-text\">Mejorar tu nivel de equilibrio y agilidad.<\/span><\/li>\n\n\n<style>.kt-svg-icon-list-item-1502_3bfe57-3e .kt-svg-icon-list-text mark.kt-highlight{background-color:unset;font-style:normal;color:#f76a0c;-webkit-box-decoration-break:clone;box-decoration-break:clone;padding-top:0px;padding-right:0px;padding-bottom:0px;padding-left:0px;}<\/style>\n<li class=\"wp-block-kadence-listitem kt-svg-icon-list-item-wrap kt-svg-icon-list-item-1502_3bfe57-3e\"><span class=\"kb-svg-icon-wrap kb-svg-icon-fe_checkCircle kt-svg-icon-list-single\"><svg viewBox=\"0 0 24 24\"  fill=\"none\" stroke=\"currentColor\" stroke-width=\"2\" stroke-linecap=\"round\" stroke-linejoin=\"round\" xmlns=\"http:\/\/www.w3.org\/2000\/svg\"  aria-hidden=\"true\"><path d=\"M22 11.08V12a10 10 0 1 1-5.93-9.14\"\/><polyline points=\"22 4 12 14.01 9 11.01\"\/><\/svg><\/span><span class=\"kt-svg-icon-list-text\">Reducir la inflamaci\u00f3n de tus articulaciones y el dolor.<\/span><\/li>\n<\/ul><\/div>\n<\/div><\/div>\n\n<\/div><\/div>","protected":false},"excerpt":{"rendered":"<p>Hidroterapia, recuperaci\u00f3n, rendimiento f\u00edsico\u2026 Agua caliente, terapia de bajo impacto para acondicionamiento f\u00edsico y tratamiento de lesiones. La hidroterapia es una excelente actividad de bajo impacto para personas de todas las edades y aptitudes f\u00edsicas. La terapia acu\u00e1tica utiliza las propiedades f\u00edsicas del agua para facilitar el proceso de recuperaci\u00f3n de pacientes y su rendimiento&#8230;<\/p>\n","protected":false},"author":1,"featured_media":0,"parent":1483,"menu_order":0,"comment_status":"closed","ping_status":"closed","template":"","meta":{"_acf_changed":false,"_seopress_robots_primary_cat":"","_seopress_titles_title":"Hidroterapia en piscina: salud y bienestar - Technojet Swim","_seopress_titles_desc":"Aprovecha los beneficios de la hidroterapia en piscina para mejorar movilidad, recuperaci\u00f3n y bienestar. Descubre m\u00e1s en Technojet Swim.","_seopress_robots_index":"","inline_featured_image":false,"_kad_blocks_custom_css":"","_kad_blocks_head_custom_js":"","_kad_blocks_body_custom_js":"","_kad_blocks_footer_custom_js":"","_kad_post_transparent":"","_kad_post_title":"","_kad_post_layout":"","_kad_post_sidebar_id":"","_kad_post_content_style":"","_kad_post_vertical_padding":"","_kad_post_feature":"","_kad_post_feature_position":"","_kad_post_header":false,"_kad_post_footer":false,"_kad_post_classname":"","footnotes":""},"class_list":["post-1502","page","type-page","status-publish","hentry"],"acf":[],"taxonomy_info":[],"featured_image_src_large":false,"author_info":{"display_name":"jordi","author_link":"https:\/\/technojetswim.com\/es\/author\/jordi\/"},"comment_info":"","_links":{"self":[{"href":"https:\/\/technojetswim.com\/es\/wp-json\/wp\/v2\/pages\/1502","targetHints":{"allow":["GET"]}}],"collection":[{"href":"https:\/\/technojetswim.com\/es\/wp-json\/wp\/v2\/pages"}],"about":[{"href":"https:\/\/technojetswim.com\/es\/wp-json\/wp\/v2\/types\/page"}],"author":[{"embeddable":true,"href":"https:\/\/technojetswim.com\/es\/wp-json\/wp\/v2\/users\/1"}],"replies":[{"embeddable":true,"href":"https:\/\/technojetswim.com\/es\/wp-json\/wp\/v2\/comments?post=1502"}],"version-history":[{"count":1,"href":"https:\/\/technojetswim.com\/es\/wp-json\/wp\/v2\/pages\/1502\/revisions"}],"predecessor-version":[{"id":2400,"href":"https:\/\/technojetswim.com\/es\/wp-json\/wp\/v2\/pages\/1502\/revisions\/2400"}],"up":[{"embeddable":true,"href":"https:\/\/technojetswim.com\/es\/wp-json\/wp\/v2\/pages\/1483"}],"wp:attachment":[{"href":"https:\/\/technojetswim.com\/es\/wp-json\/wp\/v2\/media?parent=1502"}],"curies":[{"name":"wp","href":"https:\/\/api.w.org\/{rel}","templated":true}]}}