{"id":1498,"date":"2024-12-04T14:44:35","date_gmt":"2024-12-04T13:44:35","guid":{"rendered":"https:\/\/techno.mmkt.xyz\/?page_id=1498"},"modified":"2025-02-04T12:45:54","modified_gmt":"2025-02-04T11:45:54","slug":"piscina-para-nadar-en-casa","status":"publish","type":"page","link":"https:\/\/technojetswim.com\/es\/usos\/piscina-para-nadar-en-casa\/","title":{"rendered":"Gana en salud y bienestar"},"content":{"rendered":"<style>.kb-row-layout-id1498_6925de-51 > .kt-row-column-wrap{align-content:start;}:where(.kb-row-layout-id1498_6925de-51 > .kt-row-column-wrap) > .wp-block-kadence-column{justify-content:start;}.kb-row-layout-id1498_6925de-51 > .kt-row-column-wrap{column-gap:var(--global-kb-gap-md, 2rem);row-gap:var(--global-kb-gap-md, 2rem);padding-top:var(--global-kb-spacing-xxl, 5rem);grid-template-columns:minmax(0, 1fr);}.kb-row-layout-id1498_6925de-51 > .kt-row-layout-overlay{opacity:0.30;}@media all and (max-width: 1024px){.kb-row-layout-id1498_6925de-51 > .kt-row-column-wrap{grid-template-columns:minmax(0, 1fr);}}@media all and (max-width: 767px){.kb-row-layout-id1498_6925de-51 > .kt-row-column-wrap{grid-template-columns:minmax(0, 1fr);}}<\/style><div class=\"kb-row-layout-wrap kb-row-layout-id1498_6925de-51 alignnone wp-block-kadence-rowlayout\"><div class=\"kt-row-column-wrap kt-has-1-columns kt-row-layout-equal kt-tab-layout-inherit kt-mobile-layout-row kt-row-valign-top\">\n<style>.kadence-column1498_475fc6-04 > .kt-inside-inner-col,.kadence-column1498_475fc6-04 > .kt-inside-inner-col:before{border-top-left-radius:0px;border-top-right-radius:0px;border-bottom-right-radius:0px;border-bottom-left-radius:0px;}.kadence-column1498_475fc6-04 > .kt-inside-inner-col{column-gap:var(--global-kb-gap-sm, 1rem);}.kadence-column1498_475fc6-04 > .kt-inside-inner-col{flex-direction:column;}.kadence-column1498_475fc6-04 > .kt-inside-inner-col > .aligncenter{width:100%;}.kadence-column1498_475fc6-04 > .kt-inside-inner-col:before{opacity:0.3;}.kadence-column1498_475fc6-04{position:relative;}@media all and (max-width: 1024px){.kadence-column1498_475fc6-04 > .kt-inside-inner-col{flex-direction:column;justify-content:center;}}@media all and (max-width: 767px){.kadence-column1498_475fc6-04 > .kt-inside-inner-col{flex-direction:column;justify-content:center;}}<\/style>\n<div class=\"wp-block-kadence-column kadence-column1498_475fc6-04\"><div class=\"kt-inside-inner-col\"><style>.wp-block-kadence-advancedheading.kt-adv-heading1498_184758-4c, .wp-block-kadence-advancedheading.kt-adv-heading1498_184758-4c[data-kb-block=\"kb-adv-heading1498_184758-4c\"]{margin-top:0px;margin-bottom:var(--global-kb-spacing-xxs, 0.5rem);text-align:center;font-style:normal;}.wp-block-kadence-advancedheading.kt-adv-heading1498_184758-4c mark.kt-highlight, .wp-block-kadence-advancedheading.kt-adv-heading1498_184758-4c[data-kb-block=\"kb-adv-heading1498_184758-4c\"] mark.kt-highlight{font-style:normal;color:#f76a0c;-webkit-box-decoration-break:clone;box-decoration-break:clone;padding-top:0px;padding-right:0px;padding-bottom:0px;padding-left:0px;}.wp-block-kadence-advancedheading.kt-adv-heading1498_184758-4c img.kb-inline-image, .wp-block-kadence-advancedheading.kt-adv-heading1498_184758-4c[data-kb-block=\"kb-adv-heading1498_184758-4c\"] img.kb-inline-image{width:150px;vertical-align:baseline;}<\/style>\n<h2 class=\"kt-adv-heading1498_184758-4c wp-block-kadence-advancedheading\" data-kb-block=\"kb-adv-heading1498_184758-4c\"><strong><strong><strong>Nataci\u00f3n en casa, gana en salud y bienestar<\/strong><\/strong><\/strong><\/h2>\n\n\n<style>.kb-row-layout-id1498_bee93a-61 > .kt-row-column-wrap{align-content:center;}:where(.kb-row-layout-id1498_bee93a-61 > .kt-row-column-wrap) > .wp-block-kadence-column{justify-content:center;}.kb-row-layout-id1498_bee93a-61 > .kt-row-column-wrap{column-gap:var(--global-kb-gap-md, 2rem);row-gap:var(--global-kb-gap-md, 2rem);max-width:var( --global-content-width, 1400px );padding-left:var(--global-content-edge-padding);padding-right:var(--global-content-edge-padding);padding-top:var(--global-kb-spacing-md, 2rem);padding-bottom:var(--global-kb-spacing-xl, 4rem);grid-template-columns:repeat(2, minmax(0, 1fr));}.kb-row-layout-id1498_bee93a-61 > .kt-row-layout-overlay{opacity:0.30;}@media all and (max-width: 1024px){.kb-row-layout-id1498_bee93a-61 > .kt-row-column-wrap{grid-template-columns:repeat(2, minmax(0, 1fr));}}@media all and (max-width: 767px){.kb-row-layout-id1498_bee93a-61 > .kt-row-column-wrap{grid-template-columns:minmax(0, 1fr);}}<\/style><div class=\"kb-row-layout-wrap kb-row-layout-id1498_bee93a-61 alignnone wp-block-kadence-rowlayout\"><div class=\"kt-row-column-wrap kt-has-2-columns kt-row-layout-equal kt-tab-layout-inherit kt-mobile-layout-row kt-row-valign-middle kb-theme-content-width\">\n<style>.kadence-column1498_6f93c6-74 > .kt-inside-inner-col,.kadence-column1498_6f93c6-74 > .kt-inside-inner-col:before{border-top-left-radius:0px;border-top-right-radius:0px;border-bottom-right-radius:0px;border-bottom-left-radius:0px;}.kadence-column1498_6f93c6-74 > .kt-inside-inner-col{column-gap:var(--global-kb-gap-sm, 1rem);}.kadence-column1498_6f93c6-74 > .kt-inside-inner-col{flex-direction:column;}.kadence-column1498_6f93c6-74 > .kt-inside-inner-col > .aligncenter{width:100%;}.kadence-column1498_6f93c6-74 > .kt-inside-inner-col:before{opacity:0.3;}.kadence-column1498_6f93c6-74{position:relative;}@media all and (max-width: 1024px){.kadence-column1498_6f93c6-74 > .kt-inside-inner-col{flex-direction:column;justify-content:center;}}@media all and (max-width: 767px){.kadence-column1498_6f93c6-74 > .kt-inside-inner-col{flex-direction:column;justify-content:center;}}<\/style>\n<div class=\"wp-block-kadence-column kadence-column1498_6f93c6-74\"><div class=\"kt-inside-inner-col\"><style>.kb-image1498_e08d84-39 .kb-image-has-overlay:after{opacity:0.3;}<\/style>\n<figure class=\"wp-block-kadence-image kb-image1498_e08d84-39 size-full kb-image-is-ratio-size\"><div class=\"kb-is-ratio-image kb-image-ratio-land43\"><img alt=\"\" loading=\"lazy\" decoding=\"async\" width=\"600\" height=\"339\" src=\"https:\/\/technojetswim.com\/wp-content\/uploads\/2025\/01\/Natacion_en_casa-600x339-1.jpg\" alt=\"\" class=\"kb-img wp-image-999\" srcset=\"https:\/\/technojetswim.com\/wp-content\/uploads\/2025\/01\/Natacion_en_casa-600x339-1.jpg 600w, https:\/\/technojetswim.com\/wp-content\/uploads\/2025\/01\/Natacion_en_casa-600x339-1-300x170.jpg 300w\" sizes=\"auto, (max-width: 600px) 100vw, 600px\" \/><\/div><\/figure>\n<\/div><\/div>\n\n\n<style>.kadence-column1498_617a67-f7 > .kt-inside-inner-col,.kadence-column1498_617a67-f7 > .kt-inside-inner-col:before{border-top-left-radius:0px;border-top-right-radius:0px;border-bottom-right-radius:0px;border-bottom-left-radius:0px;}.kadence-column1498_617a67-f7 > .kt-inside-inner-col{column-gap:var(--global-kb-gap-sm, 1rem);}.kadence-column1498_617a67-f7 > .kt-inside-inner-col{flex-direction:column;}.kadence-column1498_617a67-f7 > .kt-inside-inner-col > .aligncenter{width:100%;}.kadence-column1498_617a67-f7 > .kt-inside-inner-col:before{opacity:0.3;}.kadence-column1498_617a67-f7{position:relative;}@media all and (max-width: 1024px){.kadence-column1498_617a67-f7 > .kt-inside-inner-col{flex-direction:column;justify-content:center;}}@media all and (max-width: 767px){.kadence-column1498_617a67-f7 > .kt-inside-inner-col{flex-direction:column;justify-content:center;}}<\/style>\n<div class=\"wp-block-kadence-column kadence-column1498_617a67-f7\"><div class=\"kt-inside-inner-col\"><style>.wp-block-kadence-advancedheading.kt-adv-heading1498_2bb90f-ff, .wp-block-kadence-advancedheading.kt-adv-heading1498_2bb90f-ff[data-kb-block=\"kb-adv-heading1498_2bb90f-ff\"]{font-style:normal;}.wp-block-kadence-advancedheading.kt-adv-heading1498_2bb90f-ff mark.kt-highlight, .wp-block-kadence-advancedheading.kt-adv-heading1498_2bb90f-ff[data-kb-block=\"kb-adv-heading1498_2bb90f-ff\"] mark.kt-highlight{font-style:normal;color:#f76a0c;-webkit-box-decoration-break:clone;box-decoration-break:clone;padding-top:0px;padding-right:0px;padding-bottom:0px;padding-left:0px;}.wp-block-kadence-advancedheading.kt-adv-heading1498_2bb90f-ff img.kb-inline-image, .wp-block-kadence-advancedheading.kt-adv-heading1498_2bb90f-ff[data-kb-block=\"kb-adv-heading1498_2bb90f-ff\"] img.kb-inline-image{width:150px;vertical-align:baseline;}<\/style>\n<h3 class=\"kt-adv-heading1498_2bb90f-ff wp-block-kadence-advancedheading\" data-kb-block=\"kb-adv-heading1498_2bb90f-ff\">Todos los beneficios de la nataci\u00f3n en casa, abierta 24 horas al d\u00eda 7 d\u00edas a la semana<\/h3>\n\n\n\n<p>La nataci\u00f3n es uno de los ejercicios m\u00e1s completos. Cuando se practica se utilizan todos los grupos de m\u00fasculos de forma repetitiva, fortaleciendo y creando resistencia sin desgaste articular.<\/p>\n\n\n\n<p><strong>La nataci\u00f3n ejercita el coraz\u00f3n, mejora la circulaci\u00f3n, tonifica los m\u00fasculos y ayuda a perder peso<\/strong>. Alternando ejercicios de caminar, correr y nadar en la piscina EndlessPools, se obtiene una sesi\u00f3n de ejercicio integral que le resultar\u00e1 particularmente refrescante y placentera.<\/p>\n\n\n\n<p><strong>Nadando con los sistemas de nataci\u00f3n de EndlessPools, su nataci\u00f3n ser\u00e1 un 20-30% m\u00e1s eficiente<\/strong>. \u00a1Las ventajas que esto representa para su acondicionamiento f\u00edsico son extraordinarias!<\/p>\n\n\n<style>.wp-block-kadence-advancedbtn.kb-btns1498_b89ffd-92{gap:var(--global-kb-gap-xs, 0.5rem );justify-content:flex-start;align-items:center;}.kt-btns1498_b89ffd-92 .kt-button{font-weight:normal;font-style:normal;}.kt-btns1498_b89ffd-92 .kt-btn-wrap-0{margin-right:5px;}.wp-block-kadence-advancedbtn.kt-btns1498_b89ffd-92 .kt-btn-wrap-0 .kt-button{color:#555555;border-color:#555555;}.wp-block-kadence-advancedbtn.kt-btns1498_b89ffd-92 .kt-btn-wrap-0 .kt-button:hover, .wp-block-kadence-advancedbtn.kt-btns1498_b89ffd-92 .kt-btn-wrap-0 .kt-button:focus{color:#ffffff;border-color:#444444;}.wp-block-kadence-advancedbtn.kt-btns1498_b89ffd-92 .kt-btn-wrap-0 .kt-button::before{display:none;}.wp-block-kadence-advancedbtn.kt-btns1498_b89ffd-92 .kt-btn-wrap-0 .kt-button:hover, .wp-block-kadence-advancedbtn.kt-btns1498_b89ffd-92 .kt-btn-wrap-0 .kt-button:focus{background:#444444;}<\/style>\n<div class=\"wp-block-kadence-advancedbtn kb-buttons-wrap kb-btns1498_b89ffd-92\"><style>ul.menu .wp-block-kadence-advancedbtn .kb-btn1498_b51268-e3.kb-button{width:initial;}<\/style><a class=\"kb-button kt-button button kb-btn1498_b51268-e3 kt-btn-size-standard kt-btn-width-type-auto kb-btn-global-inherit  kt-btn-has-text-true kt-btn-has-svg-false  wp-block-button__link wp-block-kadence-singlebtn\" href=\"https:\/\/technojetswim.com\/fastlane\/\"><span class=\"kt-btn-inner-text\">Pide precio del Sistema Fastlane aqu\u00ed<\/span><\/a><\/div>\n<\/div><\/div>\n\n<\/div><\/div><\/div><\/div>\n\n<\/div><\/div>\n\n<style>.kb-row-layout-id1498_91c295-a7 > .kt-row-column-wrap{align-content:start;}:where(.kb-row-layout-id1498_91c295-a7 > .kt-row-column-wrap) > .wp-block-kadence-column{justify-content:start;}.kb-row-layout-id1498_91c295-a7 > .kt-row-column-wrap{column-gap:var(--global-kb-gap-md, 2rem);row-gap:var(--global-kb-gap-md, 2rem);padding-bottom:var(--global-kb-spacing-xxl, 5rem);grid-template-columns:minmax(0, 1fr);}.kb-row-layout-id1498_91c295-a7 > .kt-row-layout-overlay{opacity:0.30;}@media all and (max-width: 1024px){.kb-row-layout-id1498_91c295-a7 > .kt-row-column-wrap{grid-template-columns:minmax(0, 1fr);}}@media all and (max-width: 767px){.kb-row-layout-id1498_91c295-a7 > .kt-row-column-wrap{grid-template-columns:minmax(0, 1fr);}}<\/style><div class=\"kb-row-layout-wrap kb-row-layout-id1498_91c295-a7 alignnone wp-block-kadence-rowlayout\"><div class=\"kt-row-column-wrap kt-has-1-columns kt-row-layout-equal kt-tab-layout-inherit kt-mobile-layout-row kt-row-valign-top\">\n<style>.kadence-column1498_82e674-f9 > .kt-inside-inner-col,.kadence-column1498_82e674-f9 > .kt-inside-inner-col:before{border-top-left-radius:0px;border-top-right-radius:0px;border-bottom-right-radius:0px;border-bottom-left-radius:0px;}.kadence-column1498_82e674-f9 > .kt-inside-inner-col{column-gap:var(--global-kb-gap-sm, 1rem);}.kadence-column1498_82e674-f9 > .kt-inside-inner-col{flex-direction:column;}.kadence-column1498_82e674-f9 > .kt-inside-inner-col > .aligncenter{width:100%;}.kadence-column1498_82e674-f9 > .kt-inside-inner-col:before{opacity:0.3;}.kadence-column1498_82e674-f9{position:relative;}@media all and (max-width: 1024px){.kadence-column1498_82e674-f9 > .kt-inside-inner-col{flex-direction:column;justify-content:center;}}@media all and (max-width: 767px){.kadence-column1498_82e674-f9 > .kt-inside-inner-col{flex-direction:column;justify-content:center;}}<\/style>\n<div class=\"wp-block-kadence-column kadence-column1498_82e674-f9\"><div class=\"kt-inside-inner-col\"><style>.kb-row-layout-id1498_e8c0ff-7a > .kt-row-column-wrap{align-content:start;}:where(.kb-row-layout-id1498_e8c0ff-7a > .kt-row-column-wrap) > .wp-block-kadence-column{justify-content:start;}.kb-row-layout-id1498_e8c0ff-7a > .kt-row-column-wrap{column-gap:var(--global-kb-gap-md, 2rem);row-gap:var(--global-kb-gap-md, 2rem);max-width:var( --global-content-width, 1400px );padding-left:var(--global-content-edge-padding);padding-right:var(--global-content-edge-padding);padding-top:var(--global-kb-spacing-md, 2rem);padding-bottom:var(--global-kb-spacing-xl, 4rem);grid-template-columns:repeat(2, minmax(0, 1fr));}.kb-row-layout-id1498_e8c0ff-7a > .kt-row-layout-overlay{opacity:0.30;}@media all and (max-width: 1024px){.kb-row-layout-id1498_e8c0ff-7a > .kt-row-column-wrap{grid-template-columns:repeat(2, minmax(0, 1fr));}}@media all and (max-width: 767px){.kb-row-layout-id1498_e8c0ff-7a > .kt-row-column-wrap{grid-template-columns:minmax(0, 1fr);}}<\/style><div class=\"kb-row-layout-wrap kb-row-layout-id1498_e8c0ff-7a alignnone wp-block-kadence-rowlayout\"><div class=\"kt-row-column-wrap kt-has-2-columns kt-row-layout-equal kt-tab-layout-inherit kt-mobile-layout-row kt-row-valign-top kb-theme-content-width\">\n<style>.kadence-column1498_477023-d8 > .kt-inside-inner-col,.kadence-column1498_477023-d8 > .kt-inside-inner-col:before{border-top-left-radius:0px;border-top-right-radius:0px;border-bottom-right-radius:0px;border-bottom-left-radius:0px;}.kadence-column1498_477023-d8 > .kt-inside-inner-col{column-gap:var(--global-kb-gap-sm, 1rem);}.kadence-column1498_477023-d8 > .kt-inside-inner-col{flex-direction:column;}.kadence-column1498_477023-d8 > .kt-inside-inner-col > .aligncenter{width:100%;}.kadence-column1498_477023-d8 > .kt-inside-inner-col:before{opacity:0.3;}.kadence-column1498_477023-d8{position:relative;}@media all and (max-width: 1024px){.kadence-column1498_477023-d8 > .kt-inside-inner-col{flex-direction:column;justify-content:center;}}@media all and (max-width: 767px){.kadence-column1498_477023-d8 > .kt-inside-inner-col{flex-direction:column;justify-content:center;}}<\/style>\n<div class=\"wp-block-kadence-column kadence-column1498_477023-d8\"><div class=\"kt-inside-inner-col\"><style>.wp-block-kadence-advancedheading.kt-adv-heading1498_1e1e9e-7a, .wp-block-kadence-advancedheading.kt-adv-heading1498_1e1e9e-7a[data-kb-block=\"kb-adv-heading1498_1e1e9e-7a\"]{font-style:normal;}.wp-block-kadence-advancedheading.kt-adv-heading1498_1e1e9e-7a mark.kt-highlight, .wp-block-kadence-advancedheading.kt-adv-heading1498_1e1e9e-7a[data-kb-block=\"kb-adv-heading1498_1e1e9e-7a\"] mark.kt-highlight{font-style:normal;color:#f76a0c;-webkit-box-decoration-break:clone;box-decoration-break:clone;padding-top:0px;padding-right:0px;padding-bottom:0px;padding-left:0px;}.wp-block-kadence-advancedheading.kt-adv-heading1498_1e1e9e-7a img.kb-inline-image, .wp-block-kadence-advancedheading.kt-adv-heading1498_1e1e9e-7a[data-kb-block=\"kb-adv-heading1498_1e1e9e-7a\"] img.kb-inline-image{width:150px;vertical-align:baseline;}<\/style>\n<h3 class=\"kt-adv-heading1498_1e1e9e-7a wp-block-kadence-advancedheading\" data-kb-block=\"kb-adv-heading1498_1e1e9e-7a\">\u00bfY qu\u00e9 puedes decir de la comodidad que representa tener una piscina en casa?<\/h3>\n\n\n\n<p>Gana tiempo en la apretada agenda diaria, olv\u00eddate de los atascos del tr\u00e1fico o lo lejos que est\u00e9 la piscina m\u00e1s cercana, que adem\u00e1s tiene el coste mensual de la cuota de socio, y por supuesto tambi\u00e9n te puedes olvidar de nadar en un calle llena de nadadores a distintos ritmos.<\/p>\n\n\n\n<p>Muy simple, si dispone de un sistema de nataci\u00f3n Contracorriente en casa podr\u00e1 <strong>programarse su propio horario<\/strong>.<\/p>\n\n\n\n<p><strong>Imag\u00ednese lo que significar\u00eda para tu salud y bienestar<\/strong>, a\u00f1adir 20 minutos de nataci\u00f3n a su rutina matutina o nadar tranquilamente antes de acostarse. \u00a1Una piscina con los sistemas EndlessPools lo hacen posible!<\/p>\n\n\n\n<p>\u00bf<strong>Y si pensamos en mejorar la t\u00e9cnica<\/strong>? En todos los modelos, viene incorporado un espejo de tierra, que te permitir\u00e1 observar tu t\u00e9cnica para ajustar de inmediato la brazada.<\/p>\n\n\n\n<p><strong>Adem\u00e1s del espejo, tambi\u00e9n incorporamos un reproductor de m\u00fasica SwiMP3, que te permitir\u00e1 escuchar tu m\u00fasica favorita mientras nadas.<\/strong><\/p>\n\n\n\n<p>Te podemos asegurar que los sistemas de nataci\u00f3n contracorriente EndlessPools han ayudado a miles de personas (de todo el mundo) a cambiar sus rutinas, disfrutando de una nueva vida, con un nivel m\u00e1s alto de bienestar y salud, incluyendo la nataci\u00f3n en su rutina diaria.<\/p>\n\n\n\n<p>\u00a1Incluso despu\u00e9s de utilizarlas durante 10 a\u00f1os, el 90% de los propietarios de estos sistemas EndlessPools los siguen utilizando semanalmente!<\/p>\n\n\n<style>.wp-block-kadence-advancedbtn.kb-btns1498_165dcd-25{gap:var(--global-kb-gap-xs, 0.5rem );justify-content:flex-start;align-items:center;}.kt-btns1498_165dcd-25 .kt-button{font-weight:normal;font-style:normal;}.kt-btns1498_165dcd-25 .kt-btn-wrap-0{margin-right:5px;}.wp-block-kadence-advancedbtn.kt-btns1498_165dcd-25 .kt-btn-wrap-0 .kt-button{color:#555555;border-color:#555555;}.wp-block-kadence-advancedbtn.kt-btns1498_165dcd-25 .kt-btn-wrap-0 .kt-button:hover, .wp-block-kadence-advancedbtn.kt-btns1498_165dcd-25 .kt-btn-wrap-0 .kt-button:focus{color:#ffffff;border-color:#444444;}.wp-block-kadence-advancedbtn.kt-btns1498_165dcd-25 .kt-btn-wrap-0 .kt-button::before{display:none;}.wp-block-kadence-advancedbtn.kt-btns1498_165dcd-25 .kt-btn-wrap-0 .kt-button:hover, .wp-block-kadence-advancedbtn.kt-btns1498_165dcd-25 .kt-btn-wrap-0 .kt-button:focus{background:#444444;}<\/style>\n<div class=\"wp-block-kadence-advancedbtn kb-buttons-wrap kb-btns1498_165dcd-25\"><style>ul.menu .wp-block-kadence-advancedbtn .kb-btn1498_873183-37.kb-button{width:initial;}<\/style><a class=\"kb-button kt-button button kb-btn1498_873183-37 kt-btn-size-standard kt-btn-width-type-auto kb-btn-global-inherit  kt-btn-has-text-true kt-btn-has-svg-false  wp-block-button__link wp-block-kadence-singlebtn\" href=\"https:\/\/technojetswim.com\/endlesspools\/\"><span class=\"kt-btn-inner-text\">Pide precio del Sistema Endless Pools aqu\u00ed<\/span><\/a><\/div>\n<\/div><\/div>\n\n\n<style>.kadence-column1498_5f7f6d-ff > .kt-inside-inner-col,.kadence-column1498_5f7f6d-ff > .kt-inside-inner-col:before{border-top-left-radius:0px;border-top-right-radius:0px;border-bottom-right-radius:0px;border-bottom-left-radius:0px;}.kadence-column1498_5f7f6d-ff > .kt-inside-inner-col{column-gap:var(--global-kb-gap-sm, 1rem);}.kadence-column1498_5f7f6d-ff > .kt-inside-inner-col{flex-direction:column;}.kadence-column1498_5f7f6d-ff > .kt-inside-inner-col > .aligncenter{width:100%;}.kadence-column1498_5f7f6d-ff > .kt-inside-inner-col:before{opacity:0.3;}.kadence-column1498_5f7f6d-ff{position:relative;}@media all and (max-width: 1024px){.kadence-column1498_5f7f6d-ff > .kt-inside-inner-col{flex-direction:column;justify-content:center;}}@media all and (max-width: 767px){.kadence-column1498_5f7f6d-ff > .kt-inside-inner-col{flex-direction:column;justify-content:center;}}<\/style>\n<div class=\"wp-block-kadence-column kadence-column1498_5f7f6d-ff\"><div class=\"kt-inside-inner-col\">\n<figure class=\"wp-block-embed is-type-video is-provider-youtube wp-block-embed-youtube wp-embed-aspect-16-9 wp-has-aspect-ratio\"><div class=\"wp-block-embed__wrapper\">\n<iframe loading=\"lazy\" title=\"Mejora tu t\u00e9cnica de Crol\" width=\"720\" height=\"405\" src=\"https:\/\/www.youtube.com\/embed\/RDIwxt3ReRA?feature=oembed\" frameborder=\"0\" allow=\"accelerometer; autoplay; clipboard-write; encrypted-media; gyroscope; picture-in-picture; web-share\" referrerpolicy=\"strict-origin-when-cross-origin\" allowfullscreen><\/iframe>\n<\/div><\/figure>\n<\/div><\/div>\n\n<\/div><\/div><\/div><\/div>\n\n<\/div><\/div>","protected":false},"excerpt":{"rendered":"<p>Nataci\u00f3n en casa, gana en salud y bienestar Todos los beneficios de la nataci\u00f3n en casa, abierta 24 horas al d\u00eda 7 d\u00edas a la semana La nataci\u00f3n es uno de los ejercicios m\u00e1s completos. Cuando se practica se utilizan todos los grupos de m\u00fasculos de forma repetitiva, fortaleciendo y creando resistencia sin desgaste articular&#8230;.<\/p>\n","protected":false},"author":1,"featured_media":0,"parent":1483,"menu_order":0,"comment_status":"closed","ping_status":"closed","template":"","meta":{"_acf_changed":false,"_seopress_robots_primary_cat":"","_seopress_titles_title":"Piscina para nadar en casa: entrena sin l\u00edmites - Technojet Swim","_seopress_titles_desc":"Disfruta de una piscina para nadar en casa y mejora tu t\u00e9cnica, resistencia y bienestar. Descubre las mejores opciones en Technojet Swim.","_seopress_robots_index":"","inline_featured_image":false,"_kad_blocks_custom_css":"","_kad_blocks_head_custom_js":"","_kad_blocks_body_custom_js":"","_kad_blocks_footer_custom_js":"","_kad_post_transparent":"","_kad_post_title":"","_kad_post_layout":"","_kad_post_sidebar_id":"","_kad_post_content_style":"","_kad_post_vertical_padding":"","_kad_post_feature":"","_kad_post_feature_position":"","_kad_post_header":false,"_kad_post_footer":false,"_kad_post_classname":"","footnotes":""},"class_list":["post-1498","page","type-page","status-publish","hentry"],"acf":[],"taxonomy_info":[],"featured_image_src_large":false,"author_info":{"display_name":"jordi","author_link":"https:\/\/technojetswim.com\/es\/author\/jordi\/"},"comment_info":"","_links":{"self":[{"href":"https:\/\/technojetswim.com\/es\/wp-json\/wp\/v2\/pages\/1498","targetHints":{"allow":["GET"]}}],"collection":[{"href":"https:\/\/technojetswim.com\/es\/wp-json\/wp\/v2\/pages"}],"about":[{"href":"https:\/\/technojetswim.com\/es\/wp-json\/wp\/v2\/types\/page"}],"author":[{"embeddable":true,"href":"https:\/\/technojetswim.com\/es\/wp-json\/wp\/v2\/users\/1"}],"replies":[{"embeddable":true,"href":"https:\/\/technojetswim.com\/es\/wp-json\/wp\/v2\/comments?post=1498"}],"version-history":[{"count":1,"href":"https:\/\/technojetswim.com\/es\/wp-json\/wp\/v2\/pages\/1498\/revisions"}],"predecessor-version":[{"id":2397,"href":"https:\/\/technojetswim.com\/es\/wp-json\/wp\/v2\/pages\/1498\/revisions\/2397"}],"up":[{"embeddable":true,"href":"https:\/\/technojetswim.com\/es\/wp-json\/wp\/v2\/pages\/1483"}],"wp:attachment":[{"href":"https:\/\/technojetswim.com\/es\/wp-json\/wp\/v2\/media?parent=1498"}],"curies":[{"name":"wp","href":"https:\/\/api.w.org\/{rel}","templated":true}]}}