{"id":1494,"date":"2024-12-04T14:47:40","date_gmt":"2024-12-04T13:47:40","guid":{"rendered":"https:\/\/techno.mmkt.xyz\/?page_id=1494"},"modified":"2025-02-04T12:58:21","modified_gmt":"2025-02-04T11:58:21","slug":"entrenamiento-de-triatlon","status":"publish","type":"page","link":"https:\/\/technojetswim.com\/es\/usos\/entrenamiento-de-triatlon\/","title":{"rendered":"Entrenamiento de triatl\u00f3n"},"content":{"rendered":"<style>.kb-row-layout-id1494_8b9c1a-b9 > .kt-row-column-wrap{align-content:start;}:where(.kb-row-layout-id1494_8b9c1a-b9 > .kt-row-column-wrap) > .wp-block-kadence-column{justify-content:start;}.kb-row-layout-id1494_8b9c1a-b9 > .kt-row-column-wrap{column-gap:var(--global-kb-gap-md, 2rem);row-gap:var(--global-kb-gap-md, 2rem);padding-top:var(--global-kb-spacing-xxl, 5rem);grid-template-columns:minmax(0, 1fr);}.kb-row-layout-id1494_8b9c1a-b9 > .kt-row-layout-overlay{opacity:0.30;}@media all and (max-width: 1024px){.kb-row-layout-id1494_8b9c1a-b9 > .kt-row-column-wrap{grid-template-columns:minmax(0, 1fr);}}@media all and (max-width: 767px){.kb-row-layout-id1494_8b9c1a-b9 > .kt-row-column-wrap{grid-template-columns:minmax(0, 1fr);}}<\/style><div class=\"kb-row-layout-wrap kb-row-layout-id1494_8b9c1a-b9 alignnone wp-block-kadence-rowlayout\"><div class=\"kt-row-column-wrap kt-has-1-columns kt-row-layout-equal kt-tab-layout-inherit kt-mobile-layout-row kt-row-valign-top\">\n<style>.kadence-column1494_4a3d5a-a8 > .kt-inside-inner-col,.kadence-column1494_4a3d5a-a8 > .kt-inside-inner-col:before{border-top-left-radius:0px;border-top-right-radius:0px;border-bottom-right-radius:0px;border-bottom-left-radius:0px;}.kadence-column1494_4a3d5a-a8 > .kt-inside-inner-col{column-gap:var(--global-kb-gap-sm, 1rem);}.kadence-column1494_4a3d5a-a8 > .kt-inside-inner-col{flex-direction:column;}.kadence-column1494_4a3d5a-a8 > .kt-inside-inner-col > .aligncenter{width:100%;}.kadence-column1494_4a3d5a-a8 > .kt-inside-inner-col:before{opacity:0.3;}.kadence-column1494_4a3d5a-a8{position:relative;}@media all and (max-width: 1024px){.kadence-column1494_4a3d5a-a8 > .kt-inside-inner-col{flex-direction:column;justify-content:center;}}@media all and (max-width: 767px){.kadence-column1494_4a3d5a-a8 > .kt-inside-inner-col{flex-direction:column;justify-content:center;}}<\/style>\n<div class=\"wp-block-kadence-column kadence-column1494_4a3d5a-a8\"><div class=\"kt-inside-inner-col\"><style>.wp-block-kadence-advancedheading.kt-adv-heading1494_cc5a21-8a, .wp-block-kadence-advancedheading.kt-adv-heading1494_cc5a21-8a[data-kb-block=\"kb-adv-heading1494_cc5a21-8a\"]{margin-top:0px;margin-bottom:var(--global-kb-spacing-xxs, 0.5rem);text-align:center;font-style:normal;}.wp-block-kadence-advancedheading.kt-adv-heading1494_cc5a21-8a mark.kt-highlight, .wp-block-kadence-advancedheading.kt-adv-heading1494_cc5a21-8a[data-kb-block=\"kb-adv-heading1494_cc5a21-8a\"] mark.kt-highlight{font-style:normal;color:#f76a0c;-webkit-box-decoration-break:clone;box-decoration-break:clone;padding-top:0px;padding-right:0px;padding-bottom:0px;padding-left:0px;}.wp-block-kadence-advancedheading.kt-adv-heading1494_cc5a21-8a img.kb-inline-image, .wp-block-kadence-advancedheading.kt-adv-heading1494_cc5a21-8a[data-kb-block=\"kb-adv-heading1494_cc5a21-8a\"] img.kb-inline-image{width:150px;vertical-align:baseline;}<\/style>\n<h2 class=\"kt-adv-heading1494_cc5a21-8a wp-block-kadence-advancedheading\" data-kb-block=\"kb-adv-heading1494_cc5a21-8a\"><strong><strong><strong>\u00bfEntrenamiento de triatl\u00f3n en casa? Con EndlessPools es posible<\/strong><\/strong><\/strong><\/h2>\n\n\n<style>.kb-row-layout-id1494_e80d92-87 > .kt-row-column-wrap{align-content:center;}:where(.kb-row-layout-id1494_e80d92-87 > .kt-row-column-wrap) > .wp-block-kadence-column{justify-content:center;}.kb-row-layout-id1494_e80d92-87 > .kt-row-column-wrap{column-gap:var(--global-kb-gap-md, 2rem);row-gap:var(--global-kb-gap-md, 2rem);max-width:var( --global-content-width, 1400px );padding-left:var(--global-content-edge-padding);padding-right:var(--global-content-edge-padding);padding-top:var(--global-kb-spacing-md, 2rem);padding-bottom:var(--global-kb-spacing-xl, 4rem);grid-template-columns:repeat(2, minmax(0, 1fr));}.kb-row-layout-id1494_e80d92-87 > .kt-row-layout-overlay{opacity:0.30;}@media all and (max-width: 1024px){.kb-row-layout-id1494_e80d92-87 > .kt-row-column-wrap{grid-template-columns:repeat(2, minmax(0, 1fr));}}@media all and (max-width: 767px){.kb-row-layout-id1494_e80d92-87 > .kt-row-column-wrap{grid-template-columns:minmax(0, 1fr);}}<\/style><div class=\"kb-row-layout-wrap kb-row-layout-id1494_e80d92-87 alignnone wp-block-kadence-rowlayout\"><div class=\"kt-row-column-wrap kt-has-2-columns kt-row-layout-equal kt-tab-layout-inherit kt-mobile-layout-row kt-row-valign-middle kb-theme-content-width\">\n<style>.kadence-column1494_629e6c-79 > .kt-inside-inner-col,.kadence-column1494_629e6c-79 > .kt-inside-inner-col:before{border-top-left-radius:0px;border-top-right-radius:0px;border-bottom-right-radius:0px;border-bottom-left-radius:0px;}.kadence-column1494_629e6c-79 > .kt-inside-inner-col{column-gap:var(--global-kb-gap-sm, 1rem);}.kadence-column1494_629e6c-79 > .kt-inside-inner-col{flex-direction:column;}.kadence-column1494_629e6c-79 > .kt-inside-inner-col > .aligncenter{width:100%;}.kadence-column1494_629e6c-79 > .kt-inside-inner-col:before{opacity:0.3;}.kadence-column1494_629e6c-79{position:relative;}@media all and (max-width: 1024px){.kadence-column1494_629e6c-79 > .kt-inside-inner-col{flex-direction:column;justify-content:center;}}@media all and (max-width: 767px){.kadence-column1494_629e6c-79 > .kt-inside-inner-col{flex-direction:column;justify-content:center;}}<\/style>\n<div class=\"wp-block-kadence-column kadence-column1494_629e6c-79\"><div class=\"kt-inside-inner-col\">\n<figure class=\"wp-block-embed is-type-video is-provider-youtube wp-block-embed-youtube wp-embed-aspect-16-9 wp-has-aspect-ratio\"><div class=\"wp-block-embed__wrapper\">\n<iframe loading=\"lazy\" title=\"Lionel Sanders mejora la nataci\u00f3n gracias a su EndlessPools\" width=\"720\" height=\"405\" src=\"https:\/\/www.youtube.com\/embed\/WmMqEerAQiY?feature=oembed\" frameborder=\"0\" allow=\"accelerometer; autoplay; clipboard-write; encrypted-media; gyroscope; picture-in-picture; web-share\" referrerpolicy=\"strict-origin-when-cross-origin\" allowfullscreen><\/iframe>\n<\/div><\/figure>\n<\/div><\/div>\n\n\n<style>.kadence-column1494_f323a3-64 > .kt-inside-inner-col,.kadence-column1494_f323a3-64 > .kt-inside-inner-col:before{border-top-left-radius:0px;border-top-right-radius:0px;border-bottom-right-radius:0px;border-bottom-left-radius:0px;}.kadence-column1494_f323a3-64 > .kt-inside-inner-col{column-gap:var(--global-kb-gap-sm, 1rem);}.kadence-column1494_f323a3-64 > .kt-inside-inner-col{flex-direction:column;}.kadence-column1494_f323a3-64 > .kt-inside-inner-col > .aligncenter{width:100%;}.kadence-column1494_f323a3-64 > .kt-inside-inner-col:before{opacity:0.3;}.kadence-column1494_f323a3-64{position:relative;}@media all and (max-width: 1024px){.kadence-column1494_f323a3-64 > .kt-inside-inner-col{flex-direction:column;justify-content:center;}}@media all and (max-width: 767px){.kadence-column1494_f323a3-64 > .kt-inside-inner-col{flex-direction:column;justify-content:center;}}<\/style>\n<div class=\"wp-block-kadence-column kadence-column1494_f323a3-64\"><div class=\"kt-inside-inner-col\"><style>.wp-block-kadence-advancedheading.kt-adv-heading1494_c0bcac-98, .wp-block-kadence-advancedheading.kt-adv-heading1494_c0bcac-98[data-kb-block=\"kb-adv-heading1494_c0bcac-98\"]{font-style:normal;}.wp-block-kadence-advancedheading.kt-adv-heading1494_c0bcac-98 mark.kt-highlight, .wp-block-kadence-advancedheading.kt-adv-heading1494_c0bcac-98[data-kb-block=\"kb-adv-heading1494_c0bcac-98\"] mark.kt-highlight{font-style:normal;color:#f76a0c;-webkit-box-decoration-break:clone;box-decoration-break:clone;padding-top:0px;padding-right:0px;padding-bottom:0px;padding-left:0px;}.wp-block-kadence-advancedheading.kt-adv-heading1494_c0bcac-98 img.kb-inline-image, .wp-block-kadence-advancedheading.kt-adv-heading1494_c0bcac-98[data-kb-block=\"kb-adv-heading1494_c0bcac-98\"] img.kb-inline-image{width:150px;vertical-align:baseline;}<\/style>\n<h3 class=\"kt-adv-heading1494_c0bcac-98 wp-block-kadence-advancedheading\" data-kb-block=\"kb-adv-heading1494_c0bcac-98\">Una corriente de agua suave, similar a la corriente de un r\u00edo y con 52 velocidades ajustables, perfecta para mejorar tu nataci\u00f3n.<\/h3>\n\n\n\n<p>El entrenamiento de nataci\u00f3n, en los Sistemas de Nataci\u00f3n Contracorriente EndlessPools, es como nadar en aguas abiertas, sin necesidad de dar giros, compartir calles y si se debe detener. <strong>Al eliminar los giros podr\u00e1s saber con mayor certeza cu\u00e1l es tu verdadero nivel de resistencia en nadante continuo.<\/strong><\/p>\n\n\n\n<p>El caudal de agua de la unidad de nataci\u00f3n es m\u00e1s ancho que tu cuerpo y m\u00e1s profundo que el brazado, lo que crea una corriente suave y c\u00f3moda, contra la que podr\u00e1s nadar c\u00f3modamente.<\/p>\n\n\n\n<p><strong>Podr\u00e1s entrenarte tanto como quieras<\/strong> <strong>y seguir tu propio horario, gracias a la ventaja de hacerlo en casa.<\/strong><\/p>\n<\/div><\/div>\n\n<\/div><\/div><\/div><\/div>\n\n<\/div><\/div>\n\n<style>.kb-row-layout-id1494_ea94e8-27 > .kt-row-column-wrap{align-content:start;}:where(.kb-row-layout-id1494_ea94e8-27 > .kt-row-column-wrap) > .wp-block-kadence-column{justify-content:start;}.kb-row-layout-id1494_ea94e8-27 > .kt-row-column-wrap{column-gap:var(--global-kb-gap-md, 2rem);row-gap:var(--global-kb-gap-md, 2rem);max-width:var( --global-content-width, 1400px );padding-left:var(--global-content-edge-padding);padding-right:var(--global-content-edge-padding);padding-bottom:var(--global-kb-spacing-xxl, 5rem);grid-template-columns:minmax(0, 1fr);}.kb-row-layout-id1494_ea94e8-27 > .kt-row-layout-overlay{opacity:0.30;}@media all and (max-width: 1024px){.kb-row-layout-id1494_ea94e8-27 > .kt-row-column-wrap{grid-template-columns:minmax(0, 1fr);}}@media all and (max-width: 767px){.kb-row-layout-id1494_ea94e8-27 > .kt-row-column-wrap{grid-template-columns:minmax(0, 1fr);}}<\/style><div class=\"kb-row-layout-wrap kb-row-layout-id1494_ea94e8-27 alignnone wp-block-kadence-rowlayout\"><div class=\"kt-row-column-wrap kt-has-1-columns kt-row-layout-equal kt-tab-layout-inherit kt-mobile-layout-row kt-row-valign-top kb-theme-content-width\">\n<style>.kadence-column1494_ac2946-f8 > .kt-inside-inner-col,.kadence-column1494_ac2946-f8 > .kt-inside-inner-col:before{border-top-left-radius:0px;border-top-right-radius:0px;border-bottom-right-radius:0px;border-bottom-left-radius:0px;}.kadence-column1494_ac2946-f8 > .kt-inside-inner-col{column-gap:var(--global-kb-gap-sm, 1rem);}.kadence-column1494_ac2946-f8 > .kt-inside-inner-col{flex-direction:column;}.kadence-column1494_ac2946-f8 > .kt-inside-inner-col > .aligncenter{width:100%;}.kadence-column1494_ac2946-f8 > .kt-inside-inner-col:before{opacity:0.3;}.kadence-column1494_ac2946-f8{position:relative;}@media all and (max-width: 1024px){.kadence-column1494_ac2946-f8 > .kt-inside-inner-col{flex-direction:column;justify-content:center;}}@media all and (max-width: 767px){.kadence-column1494_ac2946-f8 > .kt-inside-inner-col{flex-direction:column;justify-content:center;}}<\/style>\n<div class=\"wp-block-kadence-column kadence-column1494_ac2946-f8\"><div class=\"kt-inside-inner-col\">\n<p>Durante m\u00e1s de 10 a\u00f1os, triatletas Ironman han puesto a prueba la efectividad de los sistemas de nataci\u00f3n Contracorriente EndlessPools en carreras de todo el mundo, desde Lake Placid a Lake Taupo.<\/p>\n\n\n\n<p>El a\u00f1o pasado, en el campeonato del mundo de Kona, lanzamos nuestro producto m\u00e1s reciente, la piscina Elite de <a href=\"https:\/\/technojetswim.com\/endlesspools\/\" data-type=\"page\" data-id=\"1397\">EndlessPools<\/a> equipada con dos h\u00e9lices impulsadas por un motor de 7,5 hp. M\u00e1s de 1.000 de los mejores triatletas de todo el mundo participaron en la prueba EndlessPools Challenge, donde tuvieron la oportunidad de poner a prueba el tope de gama de Endlesspools, que alcanza una velocidad m\u00e1xima igual a nadar 100 m en menos de 50 segundos!<\/p>\n\n\n\n<p><strong>Lionel Sanders, campe\u00f3n del mundo de Ironman 2017, cuenta con una piscina de nataci\u00f3n contracorriente EndlessPools en una peque\u00f1a habitaci\u00f3n de su casa. Gracias a ello, el triatleta de Windsor ha logrado casi 8\u2032 de mejora en la nataci\u00f3n de un Ironman en dos a\u00f1os. \u201cLa mayor parte de mi nataci\u00f3n ahora la realizo en EndlessPools\u201d, explicaba en una entrevista en Kona en el 2017<\/strong>.<\/p>\n\n\n<style>.wp-block-kadence-advancedheading.kt-adv-heading1494_556569-2b, .wp-block-kadence-advancedheading.kt-adv-heading1494_556569-2b[data-kb-block=\"kb-adv-heading1494_556569-2b\"]{margin-top:0px;margin-bottom:var(--global-kb-spacing-sm, 1.5rem);text-align:left;font-style:normal;}.wp-block-kadence-advancedheading.kt-adv-heading1494_556569-2b mark.kt-highlight, .wp-block-kadence-advancedheading.kt-adv-heading1494_556569-2b[data-kb-block=\"kb-adv-heading1494_556569-2b\"] mark.kt-highlight{font-style:normal;color:#f76a0c;-webkit-box-decoration-break:clone;box-decoration-break:clone;padding-top:0px;padding-right:0px;padding-bottom:0px;padding-left:0px;}.wp-block-kadence-advancedheading.kt-adv-heading1494_556569-2b img.kb-inline-image, .wp-block-kadence-advancedheading.kt-adv-heading1494_556569-2b[data-kb-block=\"kb-adv-heading1494_556569-2b\"] img.kb-inline-image{width:150px;vertical-align:baseline;}<\/style>\n<h2 class=\"kt-adv-heading1494_556569-2b wp-block-kadence-advancedheading\" data-kb-block=\"kb-adv-heading1494_556569-2b\">S\u00e9 el primero en salir del agua.<\/h2>\n\n\n\n<p>Actualmente algunos de los mejores programas y entrenadores de nataci\u00f3n del mundo como David Marsh utilizan nuestra piscina para depurar su t\u00e9cnica de nataci\u00f3n. <strong>No hace falta ser un nadador de nivel ol\u00edmpico para poder beneficiarte de las ventajas que te ofrece poder entrenarte con estos sistemas.<\/strong><\/p>\n\n\n\n<p><strong>En las versiones InsertPool y Piscinas EndlessPools, tienen la opcional a\u00f1adir una cinta de correr acu\u00e1tica, para que se pueda reducir la presi\u00f3n que se ejerce sobre las articulaciones<\/strong>. Una perfecta forma de recuperaci\u00f3n muscular, de recuperaci\u00f3n de lesiones y acondicionamiento f\u00edsico. El entrenamiento peri\u00f3dico en una piscina EndlessPools le ayudar\u00e1 a conseguir una nueva marca personal; \u00a1Te lo garantizamos!<\/p>\n<\/div><\/div>\n\n<\/div><\/div>","protected":false},"excerpt":{"rendered":"<p>\u00bfEntrenamiento de triatl\u00f3n en casa? Con EndlessPools es posible Una corriente de agua suave, similar a la corriente de un r\u00edo y con 52 velocidades ajustables, perfecta para mejorar tu nataci\u00f3n. El entrenamiento de nataci\u00f3n, en los Sistemas de Nataci\u00f3n Contracorriente EndlessPools, es como nadar en aguas abiertas, sin necesidad de dar giros, compartir calles&#8230;<\/p>\n","protected":false},"author":1,"featured_media":0,"parent":1483,"menu_order":0,"comment_status":"closed","ping_status":"closed","template":"","meta":{"_acf_changed":false,"_seopress_robots_primary_cat":"","_seopress_titles_title":"Entrenar triatl\u00f3n en casa con piscina contracorriente - Technojet Swim","_seopress_titles_desc":"Optimiza tu rendimiento al entrenar triatl\u00f3n con una piscina de nado contracorriente. Mejora tu t\u00e9cnica sin salir de casa. Desc\u00fabrelo en Technojet Swim.","_seopress_robots_index":"","inline_featured_image":false,"_kad_blocks_custom_css":"","_kad_blocks_head_custom_js":"","_kad_blocks_body_custom_js":"","_kad_blocks_footer_custom_js":"","_kad_post_transparent":"","_kad_post_title":"","_kad_post_layout":"","_kad_post_sidebar_id":"","_kad_post_content_style":"","_kad_post_vertical_padding":"","_kad_post_feature":"","_kad_post_feature_position":"","_kad_post_header":false,"_kad_post_footer":false,"_kad_post_classname":"","footnotes":""},"class_list":["post-1494","page","type-page","status-publish","hentry"],"acf":[],"taxonomy_info":[],"featured_image_src_large":false,"author_info":{"display_name":"jordi","author_link":"https:\/\/technojetswim.com\/es\/author\/jordi\/"},"comment_info":"","_links":{"self":[{"href":"https:\/\/technojetswim.com\/es\/wp-json\/wp\/v2\/pages\/1494","targetHints":{"allow":["GET"]}}],"collection":[{"href":"https:\/\/technojetswim.com\/es\/wp-json\/wp\/v2\/pages"}],"about":[{"href":"https:\/\/technojetswim.com\/es\/wp-json\/wp\/v2\/types\/page"}],"author":[{"embeddable":true,"href":"https:\/\/technojetswim.com\/es\/wp-json\/wp\/v2\/users\/1"}],"replies":[{"embeddable":true,"href":"https:\/\/technojetswim.com\/es\/wp-json\/wp\/v2\/comments?post=1494"}],"version-history":[{"count":1,"href":"https:\/\/technojetswim.com\/es\/wp-json\/wp\/v2\/pages\/1494\/revisions"}],"predecessor-version":[{"id":2409,"href":"https:\/\/technojetswim.com\/es\/wp-json\/wp\/v2\/pages\/1494\/revisions\/2409"}],"up":[{"embeddable":true,"href":"https:\/\/technojetswim.com\/es\/wp-json\/wp\/v2\/pages\/1483"}],"wp:attachment":[{"href":"https:\/\/technojetswim.com\/es\/wp-json\/wp\/v2\/media?parent=1494"}],"curies":[{"name":"wp","href":"https:\/\/api.w.org\/{rel}","templated":true}]}}