{"id":1487,"date":"2024-12-04T14:47:18","date_gmt":"2024-12-04T13:47:18","guid":{"rendered":"https:\/\/techno.mmkt.xyz\/?page_id=1487"},"modified":"2025-02-04T12:55:00","modified_gmt":"2025-02-04T11:55:00","slug":"entrenamiento-de-natacion","status":"publish","type":"page","link":"https:\/\/technojetswim.com\/es\/usos\/entrenamiento-de-natacion\/","title":{"rendered":"Entrenamiento de nataci\u00f3n"},"content":{"rendered":"<style>.kb-row-layout-id1487_ece1b5-ab > .kt-row-column-wrap{align-content:start;}:where(.kb-row-layout-id1487_ece1b5-ab > .kt-row-column-wrap) > .wp-block-kadence-column{justify-content:start;}.kb-row-layout-id1487_ece1b5-ab > .kt-row-column-wrap{column-gap:var(--global-kb-gap-md, 2rem);row-gap:var(--global-kb-gap-md, 2rem);padding-top:var(--global-kb-spacing-xxl, 5rem);grid-template-columns:minmax(0, 1fr);}.kb-row-layout-id1487_ece1b5-ab > .kt-row-layout-overlay{opacity:0.30;}@media all and (max-width: 1024px){.kb-row-layout-id1487_ece1b5-ab > .kt-row-column-wrap{grid-template-columns:minmax(0, 1fr);}}@media all and (max-width: 767px){.kb-row-layout-id1487_ece1b5-ab > .kt-row-column-wrap{grid-template-columns:minmax(0, 1fr);}}<\/style><div class=\"kb-row-layout-wrap kb-row-layout-id1487_ece1b5-ab alignnone wp-block-kadence-rowlayout\"><div class=\"kt-row-column-wrap kt-has-1-columns kt-row-layout-equal kt-tab-layout-inherit kt-mobile-layout-row kt-row-valign-top\">\n<style>.kadence-column1487_0f793e-10 > .kt-inside-inner-col,.kadence-column1487_0f793e-10 > .kt-inside-inner-col:before{border-top-left-radius:0px;border-top-right-radius:0px;border-bottom-right-radius:0px;border-bottom-left-radius:0px;}.kadence-column1487_0f793e-10 > .kt-inside-inner-col{column-gap:var(--global-kb-gap-sm, 1rem);}.kadence-column1487_0f793e-10 > .kt-inside-inner-col{flex-direction:column;}.kadence-column1487_0f793e-10 > .kt-inside-inner-col > .aligncenter{width:100%;}.kadence-column1487_0f793e-10 > .kt-inside-inner-col:before{opacity:0.3;}.kadence-column1487_0f793e-10{position:relative;}@media all and (max-width: 1024px){.kadence-column1487_0f793e-10 > .kt-inside-inner-col{flex-direction:column;justify-content:center;}}@media all and (max-width: 767px){.kadence-column1487_0f793e-10 > .kt-inside-inner-col{flex-direction:column;justify-content:center;}}<\/style>\n<div class=\"wp-block-kadence-column kadence-column1487_0f793e-10\"><div class=\"kt-inside-inner-col\"><style>.wp-block-kadence-advancedheading.kt-adv-heading1487_90035f-6f, .wp-block-kadence-advancedheading.kt-adv-heading1487_90035f-6f[data-kb-block=\"kb-adv-heading1487_90035f-6f\"]{margin-top:0px;margin-bottom:var(--global-kb-spacing-xxs, 0.5rem);text-align:center;font-style:normal;}.wp-block-kadence-advancedheading.kt-adv-heading1487_90035f-6f mark.kt-highlight, .wp-block-kadence-advancedheading.kt-adv-heading1487_90035f-6f[data-kb-block=\"kb-adv-heading1487_90035f-6f\"] mark.kt-highlight{font-style:normal;color:#f76a0c;-webkit-box-decoration-break:clone;box-decoration-break:clone;padding-top:0px;padding-right:0px;padding-bottom:0px;padding-left:0px;}.wp-block-kadence-advancedheading.kt-adv-heading1487_90035f-6f img.kb-inline-image, .wp-block-kadence-advancedheading.kt-adv-heading1487_90035f-6f[data-kb-block=\"kb-adv-heading1487_90035f-6f\"] img.kb-inline-image{width:150px;vertical-align:baseline;}<\/style>\n<h2 class=\"kt-adv-heading1487_90035f-6f wp-block-kadence-advancedheading\" data-kb-block=\"kb-adv-heading1487_90035f-6f\"><strong><strong><strong>Nataci\u00f3n en aguas abiertas en tu casa gracias a EndlessPools<\/strong><\/strong><\/strong><\/h2>\n\n\n<style>.kb-row-layout-id1487_826a5a-55 > .kt-row-column-wrap{align-content:center;}:where(.kb-row-layout-id1487_826a5a-55 > .kt-row-column-wrap) > .wp-block-kadence-column{justify-content:center;}.kb-row-layout-id1487_826a5a-55 > .kt-row-column-wrap{column-gap:var(--global-kb-gap-md, 2rem);row-gap:var(--global-kb-gap-md, 2rem);max-width:var( --global-content-width, 1400px );padding-left:var(--global-content-edge-padding);padding-right:var(--global-content-edge-padding);padding-top:var(--global-kb-spacing-md, 2rem);padding-bottom:var(--global-kb-spacing-xl, 4rem);grid-template-columns:repeat(2, minmax(0, 1fr));}.kb-row-layout-id1487_826a5a-55 > .kt-row-layout-overlay{opacity:0.30;}@media all and (max-width: 1024px){.kb-row-layout-id1487_826a5a-55 > .kt-row-column-wrap{grid-template-columns:repeat(2, minmax(0, 1fr));}}@media all and (max-width: 767px){.kb-row-layout-id1487_826a5a-55 > .kt-row-column-wrap{grid-template-columns:minmax(0, 1fr);}}<\/style><div class=\"kb-row-layout-wrap kb-row-layout-id1487_826a5a-55 alignnone wp-block-kadence-rowlayout\"><div class=\"kt-row-column-wrap kt-has-2-columns kt-row-layout-equal kt-tab-layout-inherit kt-mobile-layout-row kt-row-valign-middle kb-theme-content-width\">\n<style>.kadence-column1487_3017df-41 > .kt-inside-inner-col,.kadence-column1487_3017df-41 > .kt-inside-inner-col:before{border-top-left-radius:0px;border-top-right-radius:0px;border-bottom-right-radius:0px;border-bottom-left-radius:0px;}.kadence-column1487_3017df-41 > .kt-inside-inner-col{column-gap:var(--global-kb-gap-sm, 1rem);}.kadence-column1487_3017df-41 > .kt-inside-inner-col{flex-direction:column;}.kadence-column1487_3017df-41 > .kt-inside-inner-col > .aligncenter{width:100%;}.kadence-column1487_3017df-41 > .kt-inside-inner-col:before{opacity:0.3;}.kadence-column1487_3017df-41{position:relative;}@media all and (max-width: 1024px){.kadence-column1487_3017df-41 > .kt-inside-inner-col{flex-direction:column;justify-content:center;}}@media all and (max-width: 767px){.kadence-column1487_3017df-41 > .kt-inside-inner-col{flex-direction:column;justify-content:center;}}<\/style>\n<div class=\"wp-block-kadence-column kadence-column1487_3017df-41\"><div class=\"kt-inside-inner-col\">\n<figure class=\"wp-block-embed is-type-video is-provider-youtube wp-block-embed-youtube wp-embed-aspect-16-9 wp-has-aspect-ratio\"><div class=\"wp-block-embed__wrapper\">\n<iframe loading=\"lazy\" title=\"Test 40&#039; en la Endlesspols de Technojetswim con Powerbreather de Ameo\" width=\"720\" height=\"405\" src=\"https:\/\/www.youtube.com\/embed\/fGu1tTG4-aI?feature=oembed\" frameborder=\"0\" allow=\"accelerometer; autoplay; clipboard-write; encrypted-media; gyroscope; picture-in-picture; web-share\" referrerpolicy=\"strict-origin-when-cross-origin\" allowfullscreen><\/iframe>\n<\/div><\/figure>\n<\/div><\/div>\n\n\n<style>.kadence-column1487_fa2f0d-35 > .kt-inside-inner-col,.kadence-column1487_fa2f0d-35 > .kt-inside-inner-col:before{border-top-left-radius:0px;border-top-right-radius:0px;border-bottom-right-radius:0px;border-bottom-left-radius:0px;}.kadence-column1487_fa2f0d-35 > .kt-inside-inner-col{column-gap:var(--global-kb-gap-sm, 1rem);}.kadence-column1487_fa2f0d-35 > .kt-inside-inner-col{flex-direction:column;}.kadence-column1487_fa2f0d-35 > .kt-inside-inner-col > .aligncenter{width:100%;}.kadence-column1487_fa2f0d-35 > .kt-inside-inner-col:before{opacity:0.3;}.kadence-column1487_fa2f0d-35{position:relative;}@media all and (max-width: 1024px){.kadence-column1487_fa2f0d-35 > .kt-inside-inner-col{flex-direction:column;justify-content:center;}}@media all and (max-width: 767px){.kadence-column1487_fa2f0d-35 > .kt-inside-inner-col{flex-direction:column;justify-content:center;}}<\/style>\n<div class=\"wp-block-kadence-column kadence-column1487_fa2f0d-35\"><div class=\"kt-inside-inner-col\"><style>.wp-block-kadence-advancedheading.kt-adv-heading1487_019bd9-91, .wp-block-kadence-advancedheading.kt-adv-heading1487_019bd9-91[data-kb-block=\"kb-adv-heading1487_019bd9-91\"]{font-style:normal;}.wp-block-kadence-advancedheading.kt-adv-heading1487_019bd9-91 mark.kt-highlight, .wp-block-kadence-advancedheading.kt-adv-heading1487_019bd9-91[data-kb-block=\"kb-adv-heading1487_019bd9-91\"] mark.kt-highlight{font-style:normal;color:#f76a0c;-webkit-box-decoration-break:clone;box-decoration-break:clone;padding-top:0px;padding-right:0px;padding-bottom:0px;padding-left:0px;}.wp-block-kadence-advancedheading.kt-adv-heading1487_019bd9-91 img.kb-inline-image, .wp-block-kadence-advancedheading.kt-adv-heading1487_019bd9-91[data-kb-block=\"kb-adv-heading1487_019bd9-91\"] img.kb-inline-image{width:150px;vertical-align:baseline;}<\/style>\n<h3 class=\"kt-adv-heading1487_019bd9-91 wp-block-kadence-advancedheading\" data-kb-block=\"kb-adv-heading1487_019bd9-91\">Una corriente de agua suave, similar a la corriente de un r\u00edo y con 52 velocidades ajustables, perfecta para mejorar tu nataci\u00f3n.<\/h3>\n\n\n\n<p><strong>Entrenarse para recorrer largas distancias, como atravesar el canal de la Mancha, puede ser una experiencia intimidante<\/strong>. Largas horas de entrenamiento, problemas para encontrar piscinas disponibles y calles de nataci\u00f3n llenas de nadadores, agravan a\u00fan m\u00e1s el problema de encontrar la forma para entrenarte para la nataci\u00f3n en aguas abiertas, especialmente si vive en el interior, poder aclimatar te a las bajas temperaturas de muchas traves\u00edas en mar abierto.<\/p>\n<\/div><\/div>\n\n<\/div><\/div><\/div><\/div>\n\n<\/div><\/div>\n\n<style>.kb-row-layout-id1487_d69d2d-9f > .kt-row-column-wrap{align-content:start;}:where(.kb-row-layout-id1487_d69d2d-9f > .kt-row-column-wrap) > .wp-block-kadence-column{justify-content:start;}.kb-row-layout-id1487_d69d2d-9f > .kt-row-column-wrap{column-gap:var(--global-kb-gap-md, 2rem);row-gap:var(--global-kb-gap-md, 2rem);max-width:var( --global-content-width, 1400px );padding-left:var(--global-content-edge-padding);padding-right:var(--global-content-edge-padding);padding-bottom:var(--global-kb-spacing-xxl, 5rem);grid-template-columns:minmax(0, 1fr);}.kb-row-layout-id1487_d69d2d-9f > .kt-row-layout-overlay{opacity:0.30;}@media all and (max-width: 1024px){.kb-row-layout-id1487_d69d2d-9f > .kt-row-column-wrap{grid-template-columns:minmax(0, 1fr);}}@media all and (max-width: 767px){.kb-row-layout-id1487_d69d2d-9f > .kt-row-column-wrap{grid-template-columns:minmax(0, 1fr);}}<\/style><div class=\"kb-row-layout-wrap kb-row-layout-id1487_d69d2d-9f alignnone wp-block-kadence-rowlayout\"><div class=\"kt-row-column-wrap kt-has-1-columns kt-row-layout-equal kt-tab-layout-inherit kt-mobile-layout-row kt-row-valign-top kb-theme-content-width\">\n<style>.kadence-column1487_9f8355-2b > .kt-inside-inner-col,.kadence-column1487_9f8355-2b > .kt-inside-inner-col:before{border-top-left-radius:0px;border-top-right-radius:0px;border-bottom-right-radius:0px;border-bottom-left-radius:0px;}.kadence-column1487_9f8355-2b > .kt-inside-inner-col{column-gap:var(--global-kb-gap-sm, 1rem);}.kadence-column1487_9f8355-2b > .kt-inside-inner-col{flex-direction:column;}.kadence-column1487_9f8355-2b > .kt-inside-inner-col > .aligncenter{width:100%;}.kadence-column1487_9f8355-2b > .kt-inside-inner-col:before{opacity:0.3;}.kadence-column1487_9f8355-2b{position:relative;}@media all and (max-width: 1024px){.kadence-column1487_9f8355-2b > .kt-inside-inner-col{flex-direction:column;justify-content:center;}}@media all and (max-width: 767px){.kadence-column1487_9f8355-2b > .kt-inside-inner-col{flex-direction:column;justify-content:center;}}<\/style>\n<div class=\"wp-block-kadence-column kadence-column1487_9f8355-2b\"><div class=\"kt-inside-inner-col\">\n<p>Gracias a la instalaci\u00f3n de una piscina <strong>EndlessPools<\/strong>, ya sea en tu garaje jard\u00edn\u2026 evitar\u00e1s el problema de tener que desplazarte a kil\u00f3metros de distancia para acceder al mar. Nada cuando lo desees, a la temperatura que quieras. <strong>Durante los meses de invierno puede subir la temperatura del agua y bajarla cuando se aproxime la primavera y el verano (o apagar el calentador) para aclimatarse a la temperatura con la que se encontrar\u00e1 en el pr\u00f3ximo reto .<\/strong><\/p>\n\n\n\n<p>Mientras nada en uno de los sistemas de nataci\u00f3n contracorriente de EndlessPools <strong>podr\u00e1s depurar tu t\u00e9cnica<\/strong>, gracias al espejo de tierra, o la posible instalaci\u00f3n de c\u00e1maras subacu\u00e1ticas. La combinaci\u00f3n de la corriente de agua y el espejo instalado en el fondo de la piscina le permiten saber de forma instant\u00e1nea y con total seguridad el nivel de eficiencia y t\u00e9cnica de su brazada.<\/p>\n\n\n<style>.wp-block-kadence-advancedheading.kt-adv-heading1487_1b5472-52, .wp-block-kadence-advancedheading.kt-adv-heading1487_1b5472-52[data-kb-block=\"kb-adv-heading1487_1b5472-52\"]{margin-top:0px;margin-bottom:var(--global-kb-spacing-sm, 1.5rem);text-align:left;font-style:normal;}.wp-block-kadence-advancedheading.kt-adv-heading1487_1b5472-52 mark.kt-highlight, .wp-block-kadence-advancedheading.kt-adv-heading1487_1b5472-52[data-kb-block=\"kb-adv-heading1487_1b5472-52\"] mark.kt-highlight{font-style:normal;color:#f76a0c;-webkit-box-decoration-break:clone;box-decoration-break:clone;padding-top:0px;padding-right:0px;padding-bottom:0px;padding-left:0px;}.wp-block-kadence-advancedheading.kt-adv-heading1487_1b5472-52 img.kb-inline-image, .wp-block-kadence-advancedheading.kt-adv-heading1487_1b5472-52[data-kb-block=\"kb-adv-heading1487_1b5472-52\"] img.kb-inline-image{width:150px;vertical-align:baseline;}<\/style>\n<h2 class=\"kt-adv-heading1487_1b5472-52 wp-block-kadence-advancedheading\" data-kb-block=\"kb-adv-heading1487_1b5472-52\">La sensaci\u00f3n de las aguas abiertas en tu propio hogar.<\/h2>\n\n\n\n<p><strong>Una peque\u00f1a modificaci\u00f3n de la brazada, te permite reducir la resistencia a la corriente, esto te hace mantener la posici\u00f3n al corriente con un menor esfuerzo y una brazada m\u00e1s lenta, en definitiva ganas eficiencia en la brazada. La ventaja de mejorar la eficiencia es nadar con el menor esfuerzo posible. Durante las quinielas, mejorar tu t\u00e9cnica puede marcar la diferencia entre alcanzar la costa o tener que abandonar.<\/strong><\/p>\n\n\n\n<p>Como no necesitas realizar ni giros ni largos, tu atenci\u00f3n se centrar\u00e1 exclusivamente en la esencia de cada brazada. Esto genera un nivel de concentraci\u00f3n m\u00e1xima, sin distracciones, <strong>lo que puede resultar muy valioso en carreras de larga distancia, ayud\u00e1ndote a mantener la atenci\u00f3n en la ejecuci\u00f3n de cada brazada<\/strong>, da igual que el n\u00famero de brazadas muy grande.<\/p>\n\n\n\n<p>La falta de interrupciones producidas por los giros, as\u00ed como la uniformidad de la velocidad de la corriente, significa que cuando llegues a tu brazada \u00f3ptima, podr\u00e1s seguir convirti\u00e9ndola en memoria muscular, hasta que el ritmo de tu brazada sea perfectamente uniforme<\/p>\n\n\n\n<p><strong>\u00a1Estas son dos ventajas enormes a la hora de nadar durante varias horas!<\/strong><\/p>\n\n\n\n<p>Por \u00faltimo, la piscina ofrece la oportunidad de poder nadar en cualquier momento, sin tener que desplazarte a una piscina local. Puedes nadar durante horas, antes y\/o despu\u00e9s del trabajo. Mientras est\u00e1s nadando, podr\u00e1s utilizar un reproductor MP3 para escuchar m\u00fasica, libros, \u00a1e incluso podcasts sobre t\u00e9cnicas de nataci\u00f3n!<\/p>\n<\/div><\/div>\n\n<\/div><\/div>","protected":false},"excerpt":{"rendered":"<p>Nataci\u00f3n en aguas abiertas en tu casa gracias a EndlessPools Una corriente de agua suave, similar a la corriente de un r\u00edo y con 52 velocidades ajustables, perfecta para mejorar tu nataci\u00f3n. Entrenarse para recorrer largas distancias, como atravesar el canal de la Mancha, puede ser una experiencia intimidante. Largas horas de entrenamiento, problemas para&#8230;<\/p>\n","protected":false},"author":1,"featured_media":0,"parent":1483,"menu_order":0,"comment_status":"closed","ping_status":"closed","template":"","meta":{"_acf_changed":false,"_seopress_robots_primary_cat":"","_seopress_titles_title":"Piscina de nataci\u00f3n para entrenar en casa - Technojet Swim","_seopress_titles_desc":"Mejora tu rendimiento con una piscina de nataci\u00f3n de nado contracorriente. Entrena sin l\u00edmites en casa con Technojet Swim. Desc\u00fabrela aqu\u00ed.","_seopress_robots_index":"","inline_featured_image":false,"_kad_blocks_custom_css":"","_kad_blocks_head_custom_js":"","_kad_blocks_body_custom_js":"","_kad_blocks_footer_custom_js":"","_kad_post_transparent":"","_kad_post_title":"","_kad_post_layout":"","_kad_post_sidebar_id":"","_kad_post_content_style":"","_kad_post_vertical_padding":"","_kad_post_feature":"","_kad_post_feature_position":"","_kad_post_header":false,"_kad_post_footer":false,"_kad_post_classname":"","footnotes":""},"class_list":["post-1487","page","type-page","status-publish","hentry"],"acf":[],"taxonomy_info":[],"featured_image_src_large":false,"author_info":{"display_name":"jordi","author_link":"https:\/\/technojetswim.com\/es\/author\/jordi\/"},"comment_info":"","_links":{"self":[{"href":"https:\/\/technojetswim.com\/es\/wp-json\/wp\/v2\/pages\/1487","targetHints":{"allow":["GET"]}}],"collection":[{"href":"https:\/\/technojetswim.com\/es\/wp-json\/wp\/v2\/pages"}],"about":[{"href":"https:\/\/technojetswim.com\/es\/wp-json\/wp\/v2\/types\/page"}],"author":[{"embeddable":true,"href":"https:\/\/technojetswim.com\/es\/wp-json\/wp\/v2\/users\/1"}],"replies":[{"embeddable":true,"href":"https:\/\/technojetswim.com\/es\/wp-json\/wp\/v2\/comments?post=1487"}],"version-history":[{"count":1,"href":"https:\/\/technojetswim.com\/es\/wp-json\/wp\/v2\/pages\/1487\/revisions"}],"predecessor-version":[{"id":2406,"href":"https:\/\/technojetswim.com\/es\/wp-json\/wp\/v2\/pages\/1487\/revisions\/2406"}],"up":[{"embeddable":true,"href":"https:\/\/technojetswim.com\/es\/wp-json\/wp\/v2\/pages\/1483"}],"wp:attachment":[{"href":"https:\/\/technojetswim.com\/es\/wp-json\/wp\/v2\/media?parent=1487"}],"curies":[{"name":"wp","href":"https:\/\/api.w.org\/{rel}","templated":true}]}}