{"id":1455,"date":"2024-12-04T11:36:35","date_gmt":"2024-12-04T10:36:35","guid":{"rendered":"https:\/\/techno.mmkt.xyz\/?page_id=1455"},"modified":"2026-02-05T17:10:43","modified_gmt":"2026-02-05T16:10:43","slug":"cuanto-consume-el-motor-de-natacion-contracorriente-fastlane","status":"publish","type":"page","link":"https:\/\/technojetswim.com\/es\/fastlane\/cuanto-consume-el-motor-de-natacion-contracorriente-fastlane\/","title":{"rendered":"\u00bfCu\u00e1nto consume el motor de nataci\u00f3n contracorriente FASTLANE\u00ae SWIM?"},"content":{"rendered":"<style>.kb-row-layout-id1455_fb62e8-a4 > .kt-row-column-wrap{align-content:start;}:where(.kb-row-layout-id1455_fb62e8-a4 > .kt-row-column-wrap) > .wp-block-kadence-column{justify-content:start;}.kb-row-layout-id1455_fb62e8-a4 > .kt-row-column-wrap{column-gap:var(--global-kb-gap-md, 2rem);row-gap:var(--global-kb-gap-md, 2rem);max-width:var( --global-content-width, 1400px );padding-left:var(--global-content-edge-padding);padding-right:var(--global-content-edge-padding);padding-top:210px;padding-right:24px;padding-bottom:120px;padding-left:24px;grid-template-columns:repeat(2, minmax(0, 1fr));}.kb-row-layout-id1455_fb62e8-a4{background-image:url('https:\/\/technojetswim.com\/wp-content\/uploads\/2025\/03\/CUANTO_CONSUME_FASTLANE.png');background-size:cover;background-position:61% 48%;background-attachment:scroll;background-repeat:no-repeat;}.kb-row-layout-id1455_fb62e8-a4 > .kt-row-layout-overlay{opacity:0.70;background-color:var(--global-palette7, #EDF2F7);mix-blend-mode:multiply;}.kb-row-layout-id1455_fb62e8-a4 ,.kb-row-layout-id1455_fb62e8-a4 h1,.kb-row-layout-id1455_fb62e8-a4 h2,.kb-row-layout-id1455_fb62e8-a4 h3,.kb-row-layout-id1455_fb62e8-a4 h4,.kb-row-layout-id1455_fb62e8-a4 h5,.kb-row-layout-id1455_fb62e8-a4 h6{color:var(--global-palette9, #ffffff);}.kb-row-layout-id1455_fb62e8-a4 a{color:var(--global-palette9, #ffffff);}.kb-row-layout-id1455_fb62e8-a4 a:hover{color:var(--global-palette9, #ffffff);}@media all and (max-width: 1024px){.kb-row-layout-id1455_fb62e8-a4 > .kt-row-column-wrap{grid-template-columns:repeat(2, minmax(0, 1fr));}}@media all and (max-width: 767px){.kb-row-layout-id1455_fb62e8-a4 > .kt-row-column-wrap{grid-template-columns:minmax(0, 1fr);}}<\/style><div class=\"kb-row-layout-wrap kb-row-layout-id1455_fb62e8-a4 alignfull kt-row-has-bg wp-block-kadence-rowlayout\"><div class=\"kt-row-layout-overlay kt-row-overlay-normal\"><\/div><div class=\"kt-row-column-wrap kt-has-2-columns kt-row-layout-equal kt-tab-layout-inherit kt-mobile-layout-row kt-row-valign-top kb-theme-content-width\">\n<style>.kadence-column1455_e6ef98-34 > .kt-inside-inner-col,.kadence-column1455_e6ef98-34 > .kt-inside-inner-col:before{border-top-left-radius:0px;border-top-right-radius:0px;border-bottom-right-radius:0px;border-bottom-left-radius:0px;}.kadence-column1455_e6ef98-34 > .kt-inside-inner-col{column-gap:var(--global-kb-gap-sm, 1rem);}.kadence-column1455_e6ef98-34 > .kt-inside-inner-col{flex-direction:column;}.kadence-column1455_e6ef98-34 > .kt-inside-inner-col > .aligncenter{width:100%;}.kadence-column1455_e6ef98-34 > .kt-inside-inner-col:before{opacity:0.3;}.kadence-column1455_e6ef98-34{position:relative;}@media all and (max-width: 1024px){.kadence-column1455_e6ef98-34 > .kt-inside-inner-col{flex-direction:column;justify-content:center;}}@media all and (max-width: 767px){.kadence-column1455_e6ef98-34 > .kt-inside-inner-col{flex-direction:column;justify-content:center;}}<\/style>\n<div class=\"wp-block-kadence-column kadence-column1455_e6ef98-34\"><div class=\"kt-inside-inner-col\"><style>.wp-block-kadence-advancedheading.kt-adv-heading1455_1ed7e8-23, .wp-block-kadence-advancedheading.kt-adv-heading1455_1ed7e8-23[data-kb-block=\"kb-adv-heading1455_1ed7e8-23\"]{text-align:left;font-style:normal;}.wp-block-kadence-advancedheading.kt-adv-heading1455_1ed7e8-23 mark.kt-highlight, .wp-block-kadence-advancedheading.kt-adv-heading1455_1ed7e8-23[data-kb-block=\"kb-adv-heading1455_1ed7e8-23\"] mark.kt-highlight{font-style:normal;color:#f76a0c;-webkit-box-decoration-break:clone;box-decoration-break:clone;padding-top:0px;padding-right:0px;padding-bottom:0px;padding-left:0px;}.wp-block-kadence-advancedheading.kt-adv-heading1455_1ed7e8-23 img.kb-inline-image, .wp-block-kadence-advancedheading.kt-adv-heading1455_1ed7e8-23[data-kb-block=\"kb-adv-heading1455_1ed7e8-23\"] img.kb-inline-image{width:150px;vertical-align:baseline;}<\/style>\n<h2 class=\"kt-adv-heading1455_1ed7e8-23 wp-block-kadence-advancedheading\" data-kb-block=\"kb-adv-heading1455_1ed7e8-23\">\u00bfCu\u00e1nto consume el motor de nataci\u00f3n contracorriente FASTLANE\u00ae SWIM?<\/h2>\n<\/div><\/div>\n\n\n<style>.kadence-column1455_17cd23-e7 > .kt-inside-inner-col,.kadence-column1455_17cd23-e7 > .kt-inside-inner-col:before{border-top-left-radius:0px;border-top-right-radius:0px;border-bottom-right-radius:0px;border-bottom-left-radius:0px;}.kadence-column1455_17cd23-e7 > .kt-inside-inner-col{column-gap:var(--global-kb-gap-sm, 1rem);}.kadence-column1455_17cd23-e7 > .kt-inside-inner-col{flex-direction:column;}.kadence-column1455_17cd23-e7 > .kt-inside-inner-col > .aligncenter{width:100%;}.kadence-column1455_17cd23-e7 > .kt-inside-inner-col:before{opacity:0.3;}.kadence-column1455_17cd23-e7{position:relative;}@media all and (max-width: 1024px){.kadence-column1455_17cd23-e7 > .kt-inside-inner-col{flex-direction:column;justify-content:center;}}@media all and (max-width: 767px){.kadence-column1455_17cd23-e7 > .kt-inside-inner-col{flex-direction:column;justify-content:center;}}<\/style>\n<div class=\"wp-block-kadence-column kadence-column1455_17cd23-e7\"><div class=\"kt-inside-inner-col\"><\/div><\/div>\n\n<\/div><\/div>\n\n<style>.kb-row-layout-id1455_d81daa-73 > .kt-row-column-wrap{align-content:start;}:where(.kb-row-layout-id1455_d81daa-73 > .kt-row-column-wrap) > .wp-block-kadence-column{justify-content:start;}.kb-row-layout-id1455_d81daa-73 > .kt-row-column-wrap{column-gap:var(--global-kb-gap-md, 2rem);row-gap:var(--global-kb-gap-md, 2rem);padding-top:var(--global-kb-spacing-lg, 3rem);grid-template-columns:minmax(0, 1fr);}.kb-row-layout-id1455_d81daa-73 > .kt-row-layout-overlay{opacity:0.30;}@media all and (max-width: 1024px){.kb-row-layout-id1455_d81daa-73 > .kt-row-column-wrap{grid-template-columns:minmax(0, 1fr);}}@media all and (max-width: 767px){.kb-row-layout-id1455_d81daa-73 > .kt-row-column-wrap{grid-template-columns:minmax(0, 1fr);}}<\/style><div class=\"kb-row-layout-wrap kb-row-layout-id1455_d81daa-73 alignnone wp-block-kadence-rowlayout\"><div class=\"kt-row-column-wrap kt-has-1-columns kt-row-layout-equal kt-tab-layout-inherit kt-mobile-layout-row kt-row-valign-top\">\n<style>.kadence-column1455_90b51a-42 > .kt-inside-inner-col,.kadence-column1455_90b51a-42 > .kt-inside-inner-col:before{border-top-left-radius:0px;border-top-right-radius:0px;border-bottom-right-radius:0px;border-bottom-left-radius:0px;}.kadence-column1455_90b51a-42 > .kt-inside-inner-col{column-gap:var(--global-kb-gap-sm, 1rem);}.kadence-column1455_90b51a-42 > .kt-inside-inner-col{flex-direction:column;}.kadence-column1455_90b51a-42 > .kt-inside-inner-col > .aligncenter{width:100%;}.kadence-column1455_90b51a-42 > .kt-inside-inner-col:before{opacity:0.3;}.kadence-column1455_90b51a-42{position:relative;}@media all and (max-width: 1024px){.kadence-column1455_90b51a-42 > .kt-inside-inner-col{flex-direction:column;justify-content:center;}}@media all and (max-width: 767px){.kadence-column1455_90b51a-42 > .kt-inside-inner-col{flex-direction:column;justify-content:center;}}<\/style>\n<div class=\"wp-block-kadence-column kadence-column1455_90b51a-42\"><div class=\"kt-inside-inner-col\"><style>.kb-row-layout-id1455_b48bc3-6f > .kt-row-column-wrap{align-content:start;}:where(.kb-row-layout-id1455_b48bc3-6f > .kt-row-column-wrap) > .wp-block-kadence-column{justify-content:start;}.kb-row-layout-id1455_b48bc3-6f > .kt-row-column-wrap{column-gap:var(--global-kb-gap-lg, 4rem);row-gap:var(--global-kb-gap-md, 2rem);padding-bottom:var(--global-kb-spacing-lg, 3rem);grid-template-columns:repeat(2, minmax(0, 1fr));}.kb-row-layout-id1455_b48bc3-6f > .kt-row-layout-overlay{opacity:0.30;}@media all and (max-width: 1024px){.kb-row-layout-id1455_b48bc3-6f > .kt-row-column-wrap{grid-template-columns:repeat(2, minmax(0, 1fr));}}@media all and (max-width: 767px){.kb-row-layout-id1455_b48bc3-6f > .kt-row-column-wrap{grid-template-columns:minmax(0, 1fr);}}<\/style><div class=\"kb-row-layout-wrap kb-row-layout-id1455_b48bc3-6f alignnone wp-block-kadence-rowlayout\"><div class=\"kt-row-column-wrap kt-has-2-columns kt-row-layout-equal kt-tab-layout-inherit kt-mobile-layout-row kt-row-valign-top kt-inner-column-height-full\">\n<style>.kadence-column1455_bc99da-fe > .kt-inside-inner-col,.kadence-column1455_bc99da-fe > .kt-inside-inner-col:before{border-top-left-radius:0px;border-top-right-radius:0px;border-bottom-right-radius:0px;border-bottom-left-radius:0px;}.kadence-column1455_bc99da-fe > .kt-inside-inner-col{column-gap:var(--global-kb-gap-sm, 1rem);}.kadence-column1455_bc99da-fe > .kt-inside-inner-col{flex-direction:column;}.kadence-column1455_bc99da-fe > .kt-inside-inner-col > .aligncenter{width:100%;}.kadence-column1455_bc99da-fe > .kt-inside-inner-col:before{opacity:0.3;}.kadence-column1455_bc99da-fe{position:relative;}@media all and (max-width: 1024px){.kadence-column1455_bc99da-fe > .kt-inside-inner-col{flex-direction:column;justify-content:center;}}@media all and (max-width: 767px){.kadence-column1455_bc99da-fe > .kt-inside-inner-col{flex-direction:column;justify-content:center;}}<\/style>\n<div class=\"wp-block-kadence-column kadence-column1455_bc99da-fe\"><div class=\"kt-inside-inner-col\">\n<p>Otra pregunta t\u00edpica que nos puede surgir: <strong>\u00bfCu\u00e1ndo consume el motor de nataci\u00f3n contracorriente FASTLANE\u00ae SWIM?<\/strong><\/p>\n\n\n\n<p>Una vez sabemos todas las ventajas y caracter\u00edsticas del sistema de nataci\u00f3n contracorriente FASTLANE\u00ae SWIM y las medidas m\u00ednimas que debe hacer la piscina para poder instalarlo no surge la otra pregunta clave; \u00bfCu\u00e1nto consume?<\/p>\n\n\n<style>.wp-block-kadence-advancedbtn.kb-btns1455_205116-99{gap:var(--global-kb-gap-xs, 0.5rem );justify-content:center;align-items:center;}.kt-btns1455_205116-99 .kt-button{font-weight:normal;font-style:normal;}.kt-btns1455_205116-99 .kt-btn-wrap-0{margin-right:5px;}.wp-block-kadence-advancedbtn.kt-btns1455_205116-99 .kt-btn-wrap-0 .kt-button{color:#555555;border-color:#555555;}.wp-block-kadence-advancedbtn.kt-btns1455_205116-99 .kt-btn-wrap-0 .kt-button:hover, .wp-block-kadence-advancedbtn.kt-btns1455_205116-99 .kt-btn-wrap-0 .kt-button:focus{color:#ffffff;border-color:#444444;}.wp-block-kadence-advancedbtn.kt-btns1455_205116-99 .kt-btn-wrap-0 .kt-button::before{display:none;}.wp-block-kadence-advancedbtn.kt-btns1455_205116-99 .kt-btn-wrap-0 .kt-button:hover, .wp-block-kadence-advancedbtn.kt-btns1455_205116-99 .kt-btn-wrap-0 .kt-button:focus{background:#444444;}<\/style>\n<div class=\"wp-block-kadence-advancedbtn kb-buttons-wrap kb-btns1455_205116-99\"><style>ul.menu .wp-block-kadence-advancedbtn .kb-btn1455_80a4ce-18.kb-button{width:initial;}<\/style><a class=\"kb-button kt-button button kb-btn1455_80a4ce-18 kt-btn-size-standard kt-btn-width-type-auto kb-btn-global-inherit  kt-btn-has-text-true kt-btn-has-svg-false  wp-block-button__link wp-block-kadence-singlebtn\" href=\"https:\/\/technojetswim.com\/fastlane\/hacia-un-fastlane-en-mi-piscina-estas-son-las-medidas-minimas-para-poderlo-instalar\/\"><span class=\"kt-btn-inner-text\">Medidas m\u00ednimas que debe hacer la piscina<\/span><\/a><\/div>\n<\/div><\/div>\n\n\n<style>.kadence-column1455_dfdc33-2e > .kt-inside-inner-col,.kadence-column1455_dfdc33-2e > .kt-inside-inner-col:before{border-top-left-radius:0px;border-top-right-radius:0px;border-bottom-right-radius:0px;border-bottom-left-radius:0px;}.kadence-column1455_dfdc33-2e > .kt-inside-inner-col{column-gap:var(--global-kb-gap-sm, 1rem);}.kadence-column1455_dfdc33-2e > .kt-inside-inner-col{flex-direction:column;}.kadence-column1455_dfdc33-2e > .kt-inside-inner-col > .aligncenter{width:100%;}.kadence-column1455_dfdc33-2e > .kt-inside-inner-col:before{opacity:0.3;}.kadence-column1455_dfdc33-2e{position:relative;}@media all and (max-width: 1024px){.kadence-column1455_dfdc33-2e > .kt-inside-inner-col{flex-direction:column;justify-content:center;}}@media all and (max-width: 767px){.kadence-column1455_dfdc33-2e > .kt-inside-inner-col{flex-direction:column;justify-content:center;}}<\/style>\n<div class=\"wp-block-kadence-column kadence-column1455_dfdc33-2e\"><div class=\"kt-inside-inner-col\">\n<figure class=\"wp-block-embed is-type-video is-provider-youtube wp-block-embed-youtube wp-embed-aspect-16-9 wp-has-aspect-ratio\"><div class=\"wp-block-embed__wrapper\">\n<iframe loading=\"lazy\" title=\"Piscina para nadar de 2 x 5 en patio un rehabilitado\" width=\"720\" height=\"405\" src=\"https:\/\/www.youtube.com\/embed\/1HY8B7sIsHc?feature=oembed&#038;enablejsapi=1&#038;origin=https:\/\/technojetswim.com\" frameborder=\"0\" allow=\"accelerometer; autoplay; clipboard-write; encrypted-media; gyroscope; picture-in-picture; web-share\" referrerpolicy=\"strict-origin-when-cross-origin\" allowfullscreen><\/iframe>\n<\/div><\/figure>\n<\/div><\/div>\n\n<\/div><\/div><\/div><\/div>\n\n<\/div><\/div>\n\n<style>.kb-row-layout-id1455_8d80df-d3 > .kt-row-column-wrap{align-content:start;}:where(.kb-row-layout-id1455_8d80df-d3 > .kt-row-column-wrap) > .wp-block-kadence-column{justify-content:start;}.kb-row-layout-id1455_8d80df-d3 > .kt-row-column-wrap{column-gap:var(--global-kb-gap-md, 2rem);row-gap:var(--global-kb-gap-md, 2rem);padding-top:var(--global-kb-spacing-sm, 1.5rem);padding-bottom:var(--global-kb-spacing-sm, 1.5rem);grid-template-columns:minmax(0, 1fr);}.kb-row-layout-id1455_8d80df-d3 > .kt-row-layout-overlay{opacity:0.30;}@media all and (max-width: 1024px){.kb-row-layout-id1455_8d80df-d3 > .kt-row-column-wrap{grid-template-columns:minmax(0, 1fr);}}@media all and (max-width: 767px){.kb-row-layout-id1455_8d80df-d3 > .kt-row-column-wrap{grid-template-columns:minmax(0, 1fr);}}<\/style><div class=\"kb-row-layout-wrap kb-row-layout-id1455_8d80df-d3 alignnone wp-block-kadence-rowlayout\"><div class=\"kt-row-column-wrap kt-has-1-columns kt-row-layout-equal kt-tab-layout-inherit kt-mobile-layout-row kt-row-valign-top\">\n<style>.kadence-column1455_a901d9-c5 > .kt-inside-inner-col,.kadence-column1455_a901d9-c5 > .kt-inside-inner-col:before{border-top-left-radius:0px;border-top-right-radius:0px;border-bottom-right-radius:0px;border-bottom-left-radius:0px;}.kadence-column1455_a901d9-c5 > .kt-inside-inner-col{column-gap:var(--global-kb-gap-sm, 1rem);}.kadence-column1455_a901d9-c5 > .kt-inside-inner-col{flex-direction:column;}.kadence-column1455_a901d9-c5 > .kt-inside-inner-col > .aligncenter{width:100%;}.kadence-column1455_a901d9-c5 > .kt-inside-inner-col:before{opacity:0.3;}.kadence-column1455_a901d9-c5{position:relative;}@media all and (max-width: 1024px){.kadence-column1455_a901d9-c5 > .kt-inside-inner-col{flex-direction:column;justify-content:center;}}@media all and (max-width: 767px){.kadence-column1455_a901d9-c5 > .kt-inside-inner-col{flex-direction:column;justify-content:center;}}<\/style>\n<div class=\"wp-block-kadence-column kadence-column1455_a901d9-c5\"><div class=\"kt-inside-inner-col\"><style>.wp-block-kadence-advancedbtn.kb-btns1455_626e78-13{gap:var(--global-kb-gap-xs, 0.5rem );justify-content:center;align-items:center;}.kt-btns1455_626e78-13 .kt-button{font-weight:normal;font-style:normal;}.kt-btns1455_626e78-13 .kt-btn-wrap-0{margin-right:5px;}.wp-block-kadence-advancedbtn.kt-btns1455_626e78-13 .kt-btn-wrap-0 .kt-button{color:#555555;border-color:#555555;}.wp-block-kadence-advancedbtn.kt-btns1455_626e78-13 .kt-btn-wrap-0 .kt-button:hover, .wp-block-kadence-advancedbtn.kt-btns1455_626e78-13 .kt-btn-wrap-0 .kt-button:focus{color:#ffffff;border-color:#444444;}.wp-block-kadence-advancedbtn.kt-btns1455_626e78-13 .kt-btn-wrap-0 .kt-button::before{display:none;}.wp-block-kadence-advancedbtn.kt-btns1455_626e78-13 .kt-btn-wrap-0 .kt-button:hover, .wp-block-kadence-advancedbtn.kt-btns1455_626e78-13 .kt-btn-wrap-0 .kt-button:focus{background:#444444;}<\/style>\n<div class=\"wp-block-kadence-advancedbtn kb-buttons-wrap kb-btns1455_626e78-13\"><style>ul.menu .wp-block-kadence-advancedbtn .kb-btn1455_402b84-1c.kb-button{width:initial;}<\/style><a class=\"kb-button kt-button button kb-btn1455_402b84-1c kt-btn-size-standard kt-btn-width-type-auto kb-btn-global-inherit  kt-btn-has-text-true kt-btn-has-svg-false  wp-block-button__link wp-block-kadence-singlebtn\" href=\"https:\/\/technojetswim.com\/fastlane\/\"><span class=\"kt-btn-inner-text\">Descubre el sistema FASTLANE\u00ae SWIM<\/span><\/a><\/div>\n<\/div><\/div>\n\n<\/div><\/div>\n\n<style>.wp-block-kadence-advancedheading.kt-adv-heading1455_812256-0f, .wp-block-kadence-advancedheading.kt-adv-heading1455_812256-0f[data-kb-block=\"kb-adv-heading1455_812256-0f\"]{font-style:normal;}.wp-block-kadence-advancedheading.kt-adv-heading1455_812256-0f mark.kt-highlight, .wp-block-kadence-advancedheading.kt-adv-heading1455_812256-0f[data-kb-block=\"kb-adv-heading1455_812256-0f\"] mark.kt-highlight{font-style:normal;color:#f76a0c;-webkit-box-decoration-break:clone;box-decoration-break:clone;padding-top:0px;padding-right:0px;padding-bottom:0px;padding-left:0px;}.wp-block-kadence-advancedheading.kt-adv-heading1455_812256-0f img.kb-inline-image, .wp-block-kadence-advancedheading.kt-adv-heading1455_812256-0f[data-kb-block=\"kb-adv-heading1455_812256-0f\"] img.kb-inline-image{width:150px;vertical-align:baseline;}<\/style>\n<h3 class=\"kt-adv-heading1455_812256-0f wp-block-kadence-advancedheading\" data-kb-block=\"kb-adv-heading1455_812256-0f\"><strong>Consumo del motor contracorriente FASTLANE\u00ae SWIM (versi\u00f3n t\u00e9cnica)<\/strong><br><\/h3>\n\n\n\n<p>Recordamos que este sistema funciona con un <strong>motor de 5 HP monof\u00e1sico (3.800 W.)<\/strong><\/p>\n\n\n\n<p><strong>Su consumo oscila entre 8 y 22 Amperios en funcionamiento<\/strong>, dependiendo de la velocidad a la que se est\u00e9 usando la m\u00e1quina. Este equipo necesita un <strong>pico de arranque de hasta 30 amperios<\/strong>, por lo que <strong>necesita una l\u00ednea con un t\u00e9rmico de 32 Amperios \u2013 Curva C\/D<\/strong><\/p>\n\n\n<style>.wp-block-kadence-advancedheading.kt-adv-heading1455_180a38-22, .wp-block-kadence-advancedheading.kt-adv-heading1455_180a38-22[data-kb-block=\"kb-adv-heading1455_180a38-22\"]{font-style:normal;}.wp-block-kadence-advancedheading.kt-adv-heading1455_180a38-22 mark.kt-highlight, .wp-block-kadence-advancedheading.kt-adv-heading1455_180a38-22[data-kb-block=\"kb-adv-heading1455_180a38-22\"] mark.kt-highlight{font-style:normal;color:#f76a0c;-webkit-box-decoration-break:clone;box-decoration-break:clone;padding-top:0px;padding-right:0px;padding-bottom:0px;padding-left:0px;}.wp-block-kadence-advancedheading.kt-adv-heading1455_180a38-22 img.kb-inline-image, .wp-block-kadence-advancedheading.kt-adv-heading1455_180a38-22[data-kb-block=\"kb-adv-heading1455_180a38-22\"] img.kb-inline-image{width:150px;vertical-align:baseline;}<\/style>\n<h3 class=\"kt-adv-heading1455_180a38-22 wp-block-kadence-advancedheading\" data-kb-block=\"kb-adv-heading1455_180a38-22\">\u00bfQu\u00e9 significa esto?<\/h3>\n\n\n\n<p>Para que lo entendamos todos y nos hagamos una idea, hagamos un s\u00edmil con una acci\u00f3n cotidiana en casa como puede ser calentar una pizza.<\/p>\n\n\n\n<p>Calentar una pizza en el horno te cuesta lo mismo que realizar un entrenamiento de una hora con el sistema FASTLANE\u00ae SWIM.<\/p>\n\n\n\n<p>NOTA: El consumo del motor contracorriente FASTLANE\u00ae SWIM no debe preocuparte, en realidad el sistema de filtraci\u00f3n del agua (con una bomba centr\u00edfuga de 2HP) que puedes tener en tu piscina y que funciona entre 4 y 6 horas al d\u00eda consume 4 veces m\u00e1s que ese sistema.<\/p>\n\n\n<style>.wp-block-kadence-advancedbtn.kb-btns1455_9bda1e-f5{gap:var(--global-kb-gap-xs, 0.5rem );justify-content:center;align-items:center;}.kt-btns1455_9bda1e-f5 .kt-button{font-weight:normal;font-style:normal;}.kt-btns1455_9bda1e-f5 .kt-btn-wrap-0{margin-right:5px;}.wp-block-kadence-advancedbtn.kt-btns1455_9bda1e-f5 .kt-btn-wrap-0 .kt-button{color:#555555;border-color:#555555;}.wp-block-kadence-advancedbtn.kt-btns1455_9bda1e-f5 .kt-btn-wrap-0 .kt-button:hover, .wp-block-kadence-advancedbtn.kt-btns1455_9bda1e-f5 .kt-btn-wrap-0 .kt-button:focus{color:#ffffff;border-color:#444444;}.wp-block-kadence-advancedbtn.kt-btns1455_9bda1e-f5 .kt-btn-wrap-0 .kt-button::before{display:none;}.wp-block-kadence-advancedbtn.kt-btns1455_9bda1e-f5 .kt-btn-wrap-0 .kt-button:hover, .wp-block-kadence-advancedbtn.kt-btns1455_9bda1e-f5 .kt-btn-wrap-0 .kt-button:focus{background:#444444;}<\/style>\n<div class=\"wp-block-kadence-advancedbtn kb-buttons-wrap kb-btns1455_9bda1e-f5\"><style>ul.menu .wp-block-kadence-advancedbtn .kb-btn1455_2b4315-15.kb-button{width:initial;}<\/style><a class=\"kb-button kt-button button kb-btn1455_2b4315-15 kt-btn-size-standard kt-btn-width-type-auto kb-btn-global-inherit  kt-btn-has-text-true kt-btn-has-svg-false  wp-block-button__link wp-block-kadence-singlebtn\" href=\"https:\/\/technojetswim.com\/fastlane\/obtenga-el-precio-del-sistema-fastlane\/\"><span class=\"kt-btn-inner-text\">Obtenga el precio del Sistema FASTLANE\u00ae SWIM<\/span><\/a><\/div>\n","protected":false},"excerpt":{"rendered":"<p>\u00bfCu\u00e1nto consume el motor de nataci\u00f3n contracorriente FASTLANE\u00ae SWIM? Otra pregunta t\u00edpica que nos puede surgir: \u00bfCu\u00e1ndo consume el motor de nataci\u00f3n contracorriente FASTLANE\u00ae SWIM? Una vez sabemos todas las ventajas y caracter\u00edsticas del sistema de nataci\u00f3n contracorriente FASTLANE\u00ae SWIM y las medidas m\u00ednimas que debe hacer la piscina para poder instalarlo no surge la&#8230;<\/p>\n","protected":false},"author":1,"featured_media":0,"parent":1413,"menu_order":0,"comment_status":"closed","ping_status":"closed","template":"","meta":{"_acf_changed":false,"_seopress_robots_primary_cat":"","_seopress_titles_title":"\u00bfCu\u00e1nto consume el motor de nataci\u00f3n contracorriente FASTLANE\u00ae SWIM?","_seopress_titles_desc":"Consulta el consumo del motor de contracorriente FASTLANE\u00ae SWIM (versi\u00f3n t\u00e9cnica) con TechnojetSwim. Vis\u00edtanos.","_seopress_robots_index":"","inline_featured_image":false,"_kad_blocks_custom_css":"","_kad_blocks_head_custom_js":"","_kad_blocks_body_custom_js":"","_kad_blocks_footer_custom_js":"","_kad_post_transparent":"","_kad_post_title":"hide","_kad_post_layout":"","_kad_post_sidebar_id":"","_kad_post_content_style":"","_kad_post_vertical_padding":"","_kad_post_feature":"","_kad_post_feature_position":"","_kad_post_header":false,"_kad_post_footer":false,"_kad_post_classname":"","footnotes":""},"class_list":["post-1455","page","type-page","status-publish","hentry"],"acf":[],"taxonomy_info":[],"featured_image_src_large":false,"author_info":{"display_name":"jordi","author_link":"https:\/\/technojetswim.com\/es\/author\/jordi\/"},"comment_info":"","_links":{"self":[{"href":"https:\/\/technojetswim.com\/es\/wp-json\/wp\/v2\/pages\/1455","targetHints":{"allow":["GET"]}}],"collection":[{"href":"https:\/\/technojetswim.com\/es\/wp-json\/wp\/v2\/pages"}],"about":[{"href":"https:\/\/technojetswim.com\/es\/wp-json\/wp\/v2\/types\/page"}],"author":[{"embeddable":true,"href":"https:\/\/technojetswim.com\/es\/wp-json\/wp\/v2\/users\/1"}],"replies":[{"embeddable":true,"href":"https:\/\/technojetswim.com\/es\/wp-json\/wp\/v2\/comments?post=1455"}],"version-history":[{"count":6,"href":"https:\/\/technojetswim.com\/es\/wp-json\/wp\/v2\/pages\/1455\/revisions"}],"predecessor-version":[{"id":2822,"href":"https:\/\/technojetswim.com\/es\/wp-json\/wp\/v2\/pages\/1455\/revisions\/2822"}],"up":[{"embeddable":true,"href":"https:\/\/technojetswim.com\/es\/wp-json\/wp\/v2\/pages\/1413"}],"wp:attachment":[{"href":"https:\/\/technojetswim.com\/es\/wp-json\/wp\/v2\/media?parent=1455"}],"curies":[{"name":"wp","href":"https:\/\/api.w.org\/{rel}","templated":true}]}}