{"id":1443,"date":"2024-12-04T11:47:54","date_gmt":"2024-12-04T10:47:54","guid":{"rendered":"https:\/\/techno.mmkt.xyz\/?page_id=1443"},"modified":"2026-02-05T17:14:57","modified_gmt":"2026-02-05T16:14:57","slug":"mantenimiento-del-sistema-fastlane-e-insertpool","status":"publish","type":"page","link":"https:\/\/technojetswim.com\/es\/fastlane\/mantenimiento-del-sistema-fastlane-e-insertpool\/","title":{"rendered":"Mantenimiento del Sistema FASTLANE\u00ae SWIM, FASTLANE\u00ae RUN e INSERTPOOL"},"content":{"rendered":"<style>.kb-row-layout-id1443_258d6c-50 > .kt-row-column-wrap{align-content:start;}:where(.kb-row-layout-id1443_258d6c-50 > .kt-row-column-wrap) > .wp-block-kadence-column{justify-content:start;}.kb-row-layout-id1443_258d6c-50 > .kt-row-column-wrap{column-gap:var(--global-kb-gap-md, 2rem);row-gap:var(--global-kb-gap-md, 2rem);padding-top:var(--global-kb-spacing-xxl, 5rem);grid-template-columns:minmax(0, 1fr);}.kb-row-layout-id1443_258d6c-50 > .kt-row-layout-overlay{opacity:0.30;}@media all and (max-width: 1024px){.kb-row-layout-id1443_258d6c-50 > .kt-row-column-wrap{grid-template-columns:minmax(0, 1fr);}}@media all and (max-width: 767px){.kb-row-layout-id1443_258d6c-50 > .kt-row-column-wrap{grid-template-columns:minmax(0, 1fr);}}<\/style><div class=\"kb-row-layout-wrap kb-row-layout-id1443_258d6c-50 alignnone wp-block-kadence-rowlayout\"><div class=\"kt-row-column-wrap kt-has-1-columns kt-row-layout-equal kt-tab-layout-inherit kt-mobile-layout-row kt-row-valign-top\">\n<style>.kadence-column1443_e3718a-2b > .kt-inside-inner-col,.kadence-column1443_e3718a-2b > .kt-inside-inner-col:before{border-top-left-radius:0px;border-top-right-radius:0px;border-bottom-right-radius:0px;border-bottom-left-radius:0px;}.kadence-column1443_e3718a-2b > .kt-inside-inner-col{column-gap:var(--global-kb-gap-sm, 1rem);}.kadence-column1443_e3718a-2b > .kt-inside-inner-col{flex-direction:column;}.kadence-column1443_e3718a-2b > .kt-inside-inner-col > .aligncenter{width:100%;}.kadence-column1443_e3718a-2b > .kt-inside-inner-col:before{opacity:0.3;}.kadence-column1443_e3718a-2b{position:relative;}@media all and (max-width: 1024px){.kadence-column1443_e3718a-2b > .kt-inside-inner-col{flex-direction:column;justify-content:center;}}@media all and (max-width: 767px){.kadence-column1443_e3718a-2b > .kt-inside-inner-col{flex-direction:column;justify-content:center;}}<\/style>\n<div class=\"wp-block-kadence-column kadence-column1443_e3718a-2b\"><div class=\"kt-inside-inner-col\"><style>.kb-row-layout-id1443_d4d574-90 > .kt-row-column-wrap{align-content:start;}:where(.kb-row-layout-id1443_d4d574-90 > .kt-row-column-wrap) > .wp-block-kadence-column{justify-content:start;}.kb-row-layout-id1443_d4d574-90 > .kt-row-column-wrap{column-gap:var(--global-kb-gap-lg, 4rem);row-gap:var(--global-kb-gap-md, 2rem);padding-bottom:var(--global-kb-spacing-lg, 3rem);grid-template-columns:minmax(0, 1fr);}.kb-row-layout-id1443_d4d574-90 > .kt-row-layout-overlay{opacity:0.30;}@media all and (max-width: 1024px){.kb-row-layout-id1443_d4d574-90 > .kt-row-column-wrap{grid-template-columns:minmax(0, 1fr);}}@media all and (max-width: 767px){.kb-row-layout-id1443_d4d574-90 > .kt-row-column-wrap{grid-template-columns:minmax(0, 1fr);}}<\/style><div class=\"kb-row-layout-wrap kb-row-layout-id1443_d4d574-90 alignnone wp-block-kadence-rowlayout\"><div class=\"kt-row-column-wrap kt-has-1-columns kt-row-layout-equal kt-tab-layout-inherit kt-mobile-layout-row kt-row-valign-top kt-inner-column-height-full\">\n<style>.kadence-column1443_b59d87-50 > .kt-inside-inner-col,.kadence-column1443_b59d87-50 > .kt-inside-inner-col:before{border-top-left-radius:0px;border-top-right-radius:0px;border-bottom-right-radius:0px;border-bottom-left-radius:0px;}.kadence-column1443_b59d87-50 > .kt-inside-inner-col{column-gap:var(--global-kb-gap-sm, 1rem);}.kadence-column1443_b59d87-50 > .kt-inside-inner-col{flex-direction:column;}.kadence-column1443_b59d87-50 > .kt-inside-inner-col > .aligncenter{width:100%;}.kadence-column1443_b59d87-50 > .kt-inside-inner-col:before{opacity:0.3;}.kadence-column1443_b59d87-50{position:relative;}@media all and (max-width: 1024px){.kadence-column1443_b59d87-50 > .kt-inside-inner-col{flex-direction:column;justify-content:center;}}@media all and (max-width: 767px){.kadence-column1443_b59d87-50 > .kt-inside-inner-col{flex-direction:column;justify-content:center;}}<\/style>\n<div class=\"wp-block-kadence-column kadence-column1443_b59d87-50\"><div class=\"kt-inside-inner-col\">\n<p>Con un <strong>buen mantenimiento del Sistema FASTLANE\u00ae SWIM,  FASTLANE\u00ae RUN e INSERTPOOL no tendr\u00e1s ning\u00fan problema en nadar en casa durante muchos a\u00f1os<\/strong>. Te lo explicamos a continuaci\u00f3n:<\/p>\n\n\n\n<p>Ante todo <strong>debemos separar<\/strong> las piscinas con sistema de desinfecci\u00f3n con <strong>cloraci\u00f3n convencional<\/strong> de las piscinas con sistema de desinfecci\u00f3n con <strong>cloraci\u00f3n salina<\/strong> (electr\u00f3lisis salina).<\/p>\n\n\n\n<p>El tipo de <strong>mantenimiento es el mismo<\/strong> pero las de piscinas con <strong>cloraci\u00f3n convencional<\/strong> tendr\u00e1n un mantenimiento cada 5-6 a\u00f1os, mientras que las de <strong>cloraci\u00f3n salina<\/strong> tendr\u00e1n un mantenimiento m\u00e1s frecuente cada 2\u20133 a\u00f1os.<\/p>\n\n\n<style>.wp-block-kadence-advancedheading.kt-adv-heading1443_0db95b-bd, .wp-block-kadence-advancedheading.kt-adv-heading1443_0db95b-bd[data-kb-block=\"kb-adv-heading1443_0db95b-bd\"]{text-align:center;font-size:22px;font-style:normal;}.wp-block-kadence-advancedheading.kt-adv-heading1443_0db95b-bd mark.kt-highlight, .wp-block-kadence-advancedheading.kt-adv-heading1443_0db95b-bd[data-kb-block=\"kb-adv-heading1443_0db95b-bd\"] mark.kt-highlight{font-style:normal;color:#f76a0c;-webkit-box-decoration-break:clone;box-decoration-break:clone;padding-top:0px;padding-right:0px;padding-bottom:0px;padding-left:0px;}.wp-block-kadence-advancedheading.kt-adv-heading1443_0db95b-bd img.kb-inline-image, .wp-block-kadence-advancedheading.kt-adv-heading1443_0db95b-bd[data-kb-block=\"kb-adv-heading1443_0db95b-bd\"] img.kb-inline-image{width:150px;vertical-align:baseline;}<\/style>\n<p class=\"kt-adv-heading1443_0db95b-bd wp-block-kadence-advancedheading\" data-kb-block=\"kb-adv-heading1443_0db95b-bd\"><strong>\u00a1Es muy importante tener la toma de tierra bien conectada!<\/strong><\/p>\n\n\n<style>.wp-block-kadence-advancedheading.kt-adv-heading1443_4c8eec-76, .wp-block-kadence-advancedheading.kt-adv-heading1443_4c8eec-76[data-kb-block=\"kb-adv-heading1443_4c8eec-76\"]{font-style:normal;}.wp-block-kadence-advancedheading.kt-adv-heading1443_4c8eec-76 mark.kt-highlight, .wp-block-kadence-advancedheading.kt-adv-heading1443_4c8eec-76[data-kb-block=\"kb-adv-heading1443_4c8eec-76\"] mark.kt-highlight{font-style:normal;color:#f76a0c;-webkit-box-decoration-break:clone;box-decoration-break:clone;padding-top:0px;padding-right:0px;padding-bottom:0px;padding-left:0px;}.wp-block-kadence-advancedheading.kt-adv-heading1443_4c8eec-76 img.kb-inline-image, .wp-block-kadence-advancedheading.kt-adv-heading1443_4c8eec-76[data-kb-block=\"kb-adv-heading1443_4c8eec-76\"] img.kb-inline-image{width:150px;vertical-align:baseline;}<\/style>\n<h3 class=\"kt-adv-heading1443_4c8eec-76 wp-block-kadence-advancedheading\" data-kb-block=\"kb-adv-heading1443_4c8eec-76\">NOTA IMPORTANTE<\/h3>\n\n\n\n<p>En <strong>piscinas con desinfecci\u00f3n mediante cloraci\u00f3n salina <\/strong>(electr\u00f3lisis salina) <strong>se deber\u00e1 instalar el \u00e1nodo de sacrificio<\/strong> suministrado y verificar la correcta conexi\u00f3n de la toma de tierra.<br><strong>El \u00e1nodo deber\u00e1 sustituirse cuando pierda aproximadamente la mitad de la masa<\/strong> <strong>(m\u00e1s o menos entre 2 y 6 meses<\/strong>, en funci\u00f3n de la concentraci\u00f3n de sal del agua, nivel de PH y alcalinidad de la piscina).<\/p>\n\n\n\n<p class=\"has-text-align-center\"><strong>\u00a1NUNCA DEJAR QUE ESTE \u00c1NODO SE AGOTE POR COMPLETO!<\/strong><\/p>\n\n\n<style>.wp-block-kadence-advancedbtn.kb-btns1443_615e61-b0{gap:var(--global-kb-gap-xs, 0.5rem );justify-content:center;align-items:center;}.kt-btns1443_615e61-b0 .kt-button{font-weight:normal;font-style:normal;}.kt-btns1443_615e61-b0 .kt-btn-wrap-0{margin-right:5px;}.wp-block-kadence-advancedbtn.kt-btns1443_615e61-b0 .kt-btn-wrap-0 .kt-button{color:#555555;border-color:#555555;}.wp-block-kadence-advancedbtn.kt-btns1443_615e61-b0 .kt-btn-wrap-0 .kt-button:hover, .wp-block-kadence-advancedbtn.kt-btns1443_615e61-b0 .kt-btn-wrap-0 .kt-button:focus{color:#ffffff;border-color:#444444;}.wp-block-kadence-advancedbtn.kt-btns1443_615e61-b0 .kt-btn-wrap-0 .kt-button::before{display:none;}.wp-block-kadence-advancedbtn.kt-btns1443_615e61-b0 .kt-btn-wrap-0 .kt-button:hover, .wp-block-kadence-advancedbtn.kt-btns1443_615e61-b0 .kt-btn-wrap-0 .kt-button:focus{background:#444444;}<\/style>\n<div class=\"wp-block-kadence-advancedbtn kb-buttons-wrap kb-btns1443_615e61-b0\"><style>ul.menu .wp-block-kadence-advancedbtn .kb-btn1443_67e772-f0.kb-button{width:initial;}<\/style><a class=\"kb-button kt-button button kb-btn1443_67e772-f0 kt-btn-size-standard kt-btn-width-type-auto kb-btn-global-inherit  kt-btn-has-text-true kt-btn-has-svg-false  wp-block-button__link wp-block-kadence-singlebtn\" href=\"https:\/\/technojetsystems.com\/es\/componentes-y-recambios-endlesspools\/985-recambio-anodo-de-sacrificio-sistemas-endlesspools.html\"><span class=\"kt-btn-inner-text\">Comprar \u00c1nodo de Sacrificio aqu\u00ed<\/span><\/a><\/div>\n\n\n<style>.kb-row-layout-id1443_0626d0-aa > .kt-row-column-wrap{align-content:start;}:where(.kb-row-layout-id1443_0626d0-aa > .kt-row-column-wrap) > .wp-block-kadence-column{justify-content:start;}.kb-row-layout-id1443_0626d0-aa > .kt-row-column-wrap{column-gap:var(--global-kb-gap-md, 2rem);row-gap:var(--global-kb-gap-md, 2rem);padding-top:var(--global-kb-spacing-sm, 1.5rem);padding-bottom:var(--global-kb-spacing-sm, 1.5rem);grid-template-columns:minmax(0, 1fr);}.kb-row-layout-id1443_0626d0-aa > .kt-row-layout-overlay{opacity:0.30;}@media all and (max-width: 1024px){.kb-row-layout-id1443_0626d0-aa > .kt-row-column-wrap{grid-template-columns:minmax(0, 1fr);}}@media all and (max-width: 767px){.kb-row-layout-id1443_0626d0-aa > .kt-row-column-wrap{grid-template-columns:minmax(0, 1fr);}}<\/style><div class=\"kb-row-layout-wrap kb-row-layout-id1443_0626d0-aa aligncenter wp-block-kadence-rowlayout\"><div class=\"kt-row-column-wrap kt-has-1-columns kt-row-layout-equal kt-tab-layout-inherit kt-mobile-layout-row kt-row-valign-top\">\n<style>.kadence-column1443_f36c16-aa > .kt-inside-inner-col,.kadence-column1443_f36c16-aa > .kt-inside-inner-col:before{border-top-left-radius:0px;border-top-right-radius:0px;border-bottom-right-radius:0px;border-bottom-left-radius:0px;}.kadence-column1443_f36c16-aa > .kt-inside-inner-col{column-gap:var(--global-kb-gap-sm, 1rem);}.kadence-column1443_f36c16-aa > .kt-inside-inner-col{flex-direction:column;}.kadence-column1443_f36c16-aa > .kt-inside-inner-col > .aligncenter{width:100%;}.kadence-column1443_f36c16-aa > .kt-inside-inner-col:before{opacity:0.3;}.kadence-column1443_f36c16-aa{position:relative;}@media all and (max-width: 1024px){.kadence-column1443_f36c16-aa > .kt-inside-inner-col{flex-direction:column;justify-content:center;}}@media all and (max-width: 767px){.kadence-column1443_f36c16-aa > .kt-inside-inner-col{flex-direction:column;justify-content:center;}}<\/style>\n<div class=\"wp-block-kadence-column kadence-column1443_f36c16-aa\"><div class=\"kt-inside-inner-col\">\n<iframe loading=\"lazy\" width=\"560\" height=\"315\" src=\"https:\/\/www.youtube.com\/embed\/35o-SOAesyg?si=Dn4w1goYuZEVP44u\" title=\"YouTube video player\" frameborder=\"0\" allow=\"accelerometer; autoplay; clipboard-write; encrypted-media; gyroscope; picture-in-picture; web-share\" referrerpolicy=\"strict-origin-when-cross-origin\" allowfullscreen><\/iframe>\n<\/div><\/div>\n\n<\/div><\/div>\n\n\n<p>Es muy importante mantener los par\u00e1metros qu\u00edmicos del agua en los niveles correctos:<\/p>\n\n\n<style>.wp-block-kadence-iconlist.kt-svg-icon-list-items1443_40b3ba-11:not(.this-stops-third-party-issues){margin-top:0px;margin-bottom:0px;}.wp-block-kadence-iconlist.kt-svg-icon-list-items1443_40b3ba-11 ul.kt-svg-icon-list:not(.this-prevents-issues):not(.this-stops-third-party-issues):not(.tijsloc){margin-top:0px;margin-right:0px;margin-bottom:var(--global-kb-spacing-sm, 1.5rem);margin-left:0px;}.wp-block-kadence-iconlist.kt-svg-icon-list-items1443_40b3ba-11 ul.kt-svg-icon-list{grid-row-gap:5px;}.wp-block-kadence-iconlist.kt-svg-icon-list-items1443_40b3ba-11 ul.kt-svg-icon-list .kt-svg-icon-list-item-wrap .kt-svg-icon-list-single{margin-right:10px;}.kt-svg-icon-list-items1443_40b3ba-11 ul.kt-svg-icon-list .kt-svg-icon-list-level-0 .kt-svg-icon-list-single svg{font-size:20px;}<\/style>\n<div class=\"wp-block-kadence-iconlist kt-svg-icon-list-items kt-svg-icon-list-items1443_40b3ba-11 kt-svg-icon-list-columns-1 alignnone\"><ul class=\"kt-svg-icon-list\"><style>.kt-svg-icon-list-item-1443_bd969c-eb .kt-svg-icon-list-text mark.kt-highlight{background-color:unset;font-style:normal;color:#f76a0c;-webkit-box-decoration-break:clone;box-decoration-break:clone;padding-top:0px;padding-right:0px;padding-bottom:0px;padding-left:0px;}<\/style>\n<li class=\"wp-block-kadence-listitem kt-svg-icon-list-item-wrap kt-svg-icon-list-item-1443_bd969c-eb\"><span class=\"kb-svg-icon-wrap kb-svg-icon-fe_checkCircle kt-svg-icon-list-single\"><svg viewBox=\"0 0 24 24\"  fill=\"none\" stroke=\"currentColor\" stroke-width=\"2\" stroke-linecap=\"round\" stroke-linejoin=\"round\" xmlns=\"http:\/\/www.w3.org\/2000\/svg\"  aria-hidden=\"true\"><path d=\"M22 11.08V12a10 10 0 1 1-5.93-9.14\"\/><polyline points=\"22 4 12 14.01 9 11.01\"\/><\/svg><\/span><span class=\"kt-svg-icon-list-text\"><strong>Valores PH entre 7,4 \u2013 7,8<\/strong><\/span><\/li>\n\n\n<style>.kt-svg-icon-list-item-1443_e9c9d3-d6 .kt-svg-icon-list-text mark.kt-highlight{background-color:unset;font-style:normal;color:#f76a0c;-webkit-box-decoration-break:clone;box-decoration-break:clone;padding-top:0px;padding-right:0px;padding-bottom:0px;padding-left:0px;}<\/style>\n<li class=\"wp-block-kadence-listitem kt-svg-icon-list-item-wrap kt-svg-icon-list-item-1443_e9c9d3-d6\"><span class=\"kb-svg-icon-wrap kb-svg-icon-fe_checkCircle kt-svg-icon-list-single\"><svg viewBox=\"0 0 24 24\"  fill=\"none\" stroke=\"currentColor\" stroke-width=\"2\" stroke-linecap=\"round\" stroke-linejoin=\"round\" xmlns=\"http:\/\/www.w3.org\/2000\/svg\"  aria-hidden=\"true\"><path d=\"M22 11.08V12a10 10 0 1 1-5.93-9.14\"\/><polyline points=\"22 4 12 14.01 9 11.01\"\/><\/svg><\/span><span class=\"kt-svg-icon-list-text\"><strong>Cloro residual libre: &lt;1,3 mg\/l<\/strong><\/span><\/li>\n\n\n<style>.kt-svg-icon-list-item-1443_90e21b-02 .kt-svg-icon-list-text mark.kt-highlight{background-color:unset;font-style:normal;color:#f76a0c;-webkit-box-decoration-break:clone;box-decoration-break:clone;padding-top:0px;padding-right:0px;padding-bottom:0px;padding-left:0px;}<\/style>\n<li class=\"wp-block-kadence-listitem kt-svg-icon-list-item-wrap kt-svg-icon-list-item-1443_90e21b-02\"><span class=\"kb-svg-icon-wrap kb-svg-icon-fe_checkCircle kt-svg-icon-list-single\"><svg viewBox=\"0 0 24 24\"  fill=\"none\" stroke=\"currentColor\" stroke-width=\"2\" stroke-linecap=\"round\" stroke-linejoin=\"round\" xmlns=\"http:\/\/www.w3.org\/2000\/svg\"  aria-hidden=\"true\"><path d=\"M22 11.08V12a10 10 0 1 1-5.93-9.14\"\/><polyline points=\"22 4 12 14.01 9 11.01\"\/><\/svg><\/span><span class=\"kt-svg-icon-list-text\"><strong>Alcalinidad <\/strong>total entre <strong>80-120 ppm<\/strong>.<\/span><\/li>\n\n\n<style>.kt-svg-icon-list-item-1443_d4e68d-40 .kt-svg-icon-list-text mark.kt-highlight{background-color:unset;font-style:normal;color:#f76a0c;-webkit-box-decoration-break:clone;box-decoration-break:clone;padding-top:0px;padding-right:0px;padding-bottom:0px;padding-left:0px;}<\/style>\n<li class=\"wp-block-kadence-listitem kt-svg-icon-list-item-wrap kt-svg-icon-list-item-1443_d4e68d-40\"><span class=\"kb-svg-icon-wrap kb-svg-icon-fe_checkCircle kt-svg-icon-list-single\"><svg viewBox=\"0 0 24 24\"  fill=\"none\" stroke=\"currentColor\" stroke-width=\"2\" stroke-linecap=\"round\" stroke-linejoin=\"round\" xmlns=\"http:\/\/www.w3.org\/2000\/svg\"  aria-hidden=\"true\"><path d=\"M22 11.08V12a10 10 0 1 1-5.93-9.14\"\/><polyline points=\"22 4 12 14.01 9 11.01\"\/><\/svg><\/span><span class=\"kt-svg-icon-list-text\">La <strong>cantidad de sal<\/strong> ser\u00e1 <strong>inferior a 4.000 ppm<\/strong> y el <strong>total de s\u00f3lidos disueltos (TSD)<\/strong> no ser\u00e1 superior <strong>a 7000 ppm<\/strong>.<\/span><\/li>\n\n\n<style>.kt-svg-icon-list-item-1443_40ed52-90 .kt-svg-icon-list-text mark.kt-highlight{background-color:unset;font-style:normal;color:#f76a0c;-webkit-box-decoration-break:clone;box-decoration-break:clone;padding-top:0px;padding-right:0px;padding-bottom:0px;padding-left:0px;}<\/style>\n<li class=\"wp-block-kadence-listitem kt-svg-icon-list-item-wrap kt-svg-icon-list-item-1443_40ed52-90\"><span class=\"kb-svg-icon-wrap kb-svg-icon-fe_checkCircle kt-svg-icon-list-single\"><svg viewBox=\"0 0 24 24\"  fill=\"none\" stroke=\"currentColor\" stroke-width=\"2\" stroke-linecap=\"round\" stroke-linejoin=\"round\" xmlns=\"http:\/\/www.w3.org\/2000\/svg\"  aria-hidden=\"true\"><path d=\"M22 11.08V12a10 10 0 1 1-5.93-9.14\"\/><polyline points=\"22 4 12 14.01 9 11.01\"\/><\/svg><\/span><span class=\"kt-svg-icon-list-text\"><strong>Revise peri\u00f3dicamente el \u00e1nodo de sacrificio<\/strong>, ya que tiene un mayor desgaste en piscinas con cloraci\u00f3n salina.<\/span><\/li>\n<\/ul><\/div>\n\n\n<style>.wp-block-kadence-advancedheading.kt-adv-heading1443_295549-f3, .wp-block-kadence-advancedheading.kt-adv-heading1443_295549-f3[data-kb-block=\"kb-adv-heading1443_295549-f3\"]{font-style:normal;}.wp-block-kadence-advancedheading.kt-adv-heading1443_295549-f3 mark.kt-highlight, .wp-block-kadence-advancedheading.kt-adv-heading1443_295549-f3[data-kb-block=\"kb-adv-heading1443_295549-f3\"] mark.kt-highlight{font-style:normal;color:#f76a0c;-webkit-box-decoration-break:clone;box-decoration-break:clone;padding-top:0px;padding-right:0px;padding-bottom:0px;padding-left:0px;}.wp-block-kadence-advancedheading.kt-adv-heading1443_295549-f3 img.kb-inline-image, .wp-block-kadence-advancedheading.kt-adv-heading1443_295549-f3[data-kb-block=\"kb-adv-heading1443_295549-f3\"] img.kb-inline-image{width:150px;vertical-align:baseline;}<\/style>\n<h3 class=\"kt-adv-heading1443_295549-f3 wp-block-kadence-advancedheading\" data-kb-block=\"kb-adv-heading1443_295549-f3\">Mantenimiento preventivo del Sistema FASTLANE\u00ae SWIM, FASTLANE\u00ae RUN e INSERTPOOL<\/h3>\n\n\n<style>.wp-block-kadence-iconlist.kt-svg-icon-list-items1443_31029d-f3:not(.this-stops-third-party-issues){margin-top:0px;margin-bottom:0px;}.wp-block-kadence-iconlist.kt-svg-icon-list-items1443_31029d-f3 ul.kt-svg-icon-list:not(.this-prevents-issues):not(.this-stops-third-party-issues):not(.tijsloc){margin-top:0px;margin-right:0px;margin-bottom:var(--global-kb-spacing-sm, 1.5rem);margin-left:0px;}.wp-block-kadence-iconlist.kt-svg-icon-list-items1443_31029d-f3 ul.kt-svg-icon-list{grid-row-gap:5px;}.wp-block-kadence-iconlist.kt-svg-icon-list-items1443_31029d-f3 ul.kt-svg-icon-list .kt-svg-icon-list-item-wrap .kt-svg-icon-list-single{margin-right:10px;}.kt-svg-icon-list-items1443_31029d-f3 ul.kt-svg-icon-list .kt-svg-icon-list-level-0 .kt-svg-icon-list-single svg{font-size:20px;}<\/style>\n<div class=\"wp-block-kadence-iconlist kt-svg-icon-list-items kt-svg-icon-list-items1443_31029d-f3 kt-svg-icon-list-columns-1 alignnone\"><ul class=\"kt-svg-icon-list\"><style>.kt-svg-icon-list-item-1443_70e3b7-85 .kt-svg-icon-list-text mark.kt-highlight{background-color:unset;font-style:normal;color:#f76a0c;-webkit-box-decoration-break:clone;box-decoration-break:clone;padding-top:0px;padding-right:0px;padding-bottom:0px;padding-left:0px;}<\/style>\n<li class=\"wp-block-kadence-listitem kt-svg-icon-list-item-wrap kt-svg-icon-list-item-1443_70e3b7-85\"><span class=\"kb-svg-icon-wrap kb-svg-icon-fe_checkCircle kt-svg-icon-list-single\"><svg viewBox=\"0 0 24 24\"  fill=\"none\" stroke=\"currentColor\" stroke-width=\"2\" stroke-linecap=\"round\" stroke-linejoin=\"round\" xmlns=\"http:\/\/www.w3.org\/2000\/svg\"  aria-hidden=\"true\"><path d=\"M22 11.08V12a10 10 0 1 1-5.93-9.14\"\/><polyline points=\"22 4 12 14.01 9 11.01\"\/><\/svg><\/span><span class=\"kt-svg-icon-list-text\">Sustituci\u00f3n tuber\u00edas hidr\u00e1ulicas.<\/span><\/li>\n\n\n<style>.kt-svg-icon-list-item-1443_f33eac-65 .kt-svg-icon-list-text mark.kt-highlight{background-color:unset;font-style:normal;color:#f76a0c;-webkit-box-decoration-break:clone;box-decoration-break:clone;padding-top:0px;padding-right:0px;padding-bottom:0px;padding-left:0px;}<\/style>\n<li class=\"wp-block-kadence-listitem kt-svg-icon-list-item-wrap kt-svg-icon-list-item-1443_f33eac-65\"><span class=\"kb-svg-icon-wrap kb-svg-icon-fe_checkCircle kt-svg-icon-list-single\"><svg viewBox=\"0 0 24 24\"  fill=\"none\" stroke=\"currentColor\" stroke-width=\"2\" stroke-linecap=\"round\" stroke-linejoin=\"round\" xmlns=\"http:\/\/www.w3.org\/2000\/svg\"  aria-hidden=\"true\"><path d=\"M22 11.08V12a10 10 0 1 1-5.93-9.14\"\/><polyline points=\"22 4 12 14.01 9 11.01\"\/><\/svg><\/span><span class=\"kt-svg-icon-list-text\">Sustituci\u00f3n de un componente interno del motor.<\/span><\/li>\n\n\n<style>.kt-svg-icon-list-item-1443_e549a8-38 .kt-svg-icon-list-text mark.kt-highlight{background-color:unset;font-style:normal;color:#f76a0c;-webkit-box-decoration-break:clone;box-decoration-break:clone;padding-top:0px;padding-right:0px;padding-bottom:0px;padding-left:0px;}<\/style>\n<li class=\"wp-block-kadence-listitem kt-svg-icon-list-item-wrap kt-svg-icon-list-item-1443_e549a8-38\"><span class=\"kb-svg-icon-wrap kb-svg-icon-fe_checkCircle kt-svg-icon-list-single\"><svg viewBox=\"0 0 24 24\"  fill=\"none\" stroke=\"currentColor\" stroke-width=\"2\" stroke-linecap=\"round\" stroke-linejoin=\"round\" xmlns=\"http:\/\/www.w3.org\/2000\/svg\"  aria-hidden=\"true\"><path d=\"M22 11.08V12a10 10 0 1 1-5.93-9.14\"\/><polyline points=\"22 4 12 14.01 9 11.01\"\/><\/svg><\/span><span class=\"kt-svg-icon-list-text\">Cambio de aceite<\/span><\/li>\n<\/ul><\/div>\n\n\n\n<p>La tuber\u00eda y el componente tienen un coste aproximado de 1.400\u20ac (IVA no incluido)-<\/p>\n\n\n\n<p>E<strong>n caso de instalarse el sistema en una piscina con sistema de desinfecci\u00f3n con cloraci\u00f3n convencional, el mantenimiento preventivo deber\u00e1 realizarse cada 5-6 a\u00f1os.<\/strong><\/p>\n\n\n\n<p>En caso de ser una <strong>piscina con desinfecci\u00f3n mediante cloraci\u00f3n salina (electr\u00f3lisis salina), este mantenimiento preventivo deber\u00e1 realizarse cada 2-3 a\u00f1os<\/strong>.<\/p>\n\n\n\n<p>Recomendamos <strong>cambiar el aceite <\/strong>vegetal biodegradable no alimenticio y el <strong>filtro de la unidad <\/strong>de energ\u00eda cada 5 a\u00f1os o <strong>despu\u00e9s de 500 horas de uso.<\/strong><\/p>\n<\/div><\/div>\n\n<\/div><\/div><\/div><\/div>\n\n<\/div><\/div>","protected":false},"excerpt":{"rendered":"<p>Con un buen mantenimiento del Sistema FASTLANE\u00ae SWIM, FASTLANE\u00ae RUN e INSERTPOOL no tendr\u00e1s ning\u00fan problema en nadar en casa durante muchos a\u00f1os. Te lo explicamos a continuaci\u00f3n: Ante todo debemos separar las piscinas con sistema de desinfecci\u00f3n con cloraci\u00f3n convencional de las piscinas con sistema de desinfecci\u00f3n con cloraci\u00f3n salina (electr\u00f3lisis salina). El tipo&#8230;<\/p>\n","protected":false},"author":1,"featured_media":0,"parent":1413,"menu_order":0,"comment_status":"closed","ping_status":"closed","template":"","meta":{"_acf_changed":false,"_seopress_robots_primary_cat":"","_seopress_titles_title":"Mantenimiento del Sistema FASTLANE\u00ae SWIM e InsertPool","_seopress_titles_desc":"Con un buen mantenimiento del Sistema FASTLANE\u00ae SWIM o InsertPool no tendr\u00e1s ning\u00fan problema en nadar en casa durante muchos a\u00f1os. Descubre m\u00e1s.","_seopress_robots_index":"","inline_featured_image":false,"_kad_blocks_custom_css":"","_kad_blocks_head_custom_js":"","_kad_blocks_body_custom_js":"","_kad_blocks_footer_custom_js":"","_kad_post_transparent":"","_kad_post_title":"","_kad_post_layout":"","_kad_post_sidebar_id":"","_kad_post_content_style":"","_kad_post_vertical_padding":"","_kad_post_feature":"","_kad_post_feature_position":"","_kad_post_header":false,"_kad_post_footer":false,"_kad_post_classname":"","footnotes":""},"class_list":["post-1443","page","type-page","status-publish","hentry"],"acf":[],"taxonomy_info":[],"featured_image_src_large":false,"author_info":{"display_name":"jordi","author_link":"https:\/\/technojetswim.com\/es\/author\/jordi\/"},"comment_info":"","_links":{"self":[{"href":"https:\/\/technojetswim.com\/es\/wp-json\/wp\/v2\/pages\/1443","targetHints":{"allow":["GET"]}}],"collection":[{"href":"https:\/\/technojetswim.com\/es\/wp-json\/wp\/v2\/pages"}],"about":[{"href":"https:\/\/technojetswim.com\/es\/wp-json\/wp\/v2\/types\/page"}],"author":[{"embeddable":true,"href":"https:\/\/technojetswim.com\/es\/wp-json\/wp\/v2\/users\/1"}],"replies":[{"embeddable":true,"href":"https:\/\/technojetswim.com\/es\/wp-json\/wp\/v2\/comments?post=1443"}],"version-history":[{"count":8,"href":"https:\/\/technojetswim.com\/es\/wp-json\/wp\/v2\/pages\/1443\/revisions"}],"predecessor-version":[{"id":2825,"href":"https:\/\/technojetswim.com\/es\/wp-json\/wp\/v2\/pages\/1443\/revisions\/2825"}],"up":[{"embeddable":true,"href":"https:\/\/technojetswim.com\/es\/wp-json\/wp\/v2\/pages\/1413"}],"wp:attachment":[{"href":"https:\/\/technojetswim.com\/es\/wp-json\/wp\/v2\/media?parent=1443"}],"curies":[{"name":"wp","href":"https:\/\/api.w.org\/{rel}","templated":true}]}}