{"id":1439,"date":"2024-12-03T18:52:30","date_gmt":"2024-12-03T17:52:30","guid":{"rendered":"https:\/\/techno.mmkt.xyz\/?page_id=1439"},"modified":"2025-02-05T12:29:07","modified_gmt":"2025-02-05T11:29:07","slug":"instala-el-fastlane-en-tu-piscina-en-un-solo-dia","status":"publish","type":"page","link":"https:\/\/technojetswim.com\/es\/fastlane\/instala-el-fastlane-en-tu-piscina-en-un-solo-dia\/","title":{"rendered":"Instala el Fastlane en tu piscina en un solo d\u00eda"},"content":{"rendered":"<style>.kb-row-layout-id1439_34b2e9-6b > .kt-row-column-wrap{align-content:start;}:where(.kb-row-layout-id1439_34b2e9-6b > .kt-row-column-wrap) > .wp-block-kadence-column{justify-content:start;}.kb-row-layout-id1439_34b2e9-6b > .kt-row-column-wrap{column-gap:var(--global-kb-gap-md, 2rem);row-gap:var(--global-kb-gap-md, 2rem);padding-top:var(--global-kb-spacing-xxl, 5rem);padding-bottom:var(--global-kb-spacing-xxl, 5rem);grid-template-columns:minmax(0, 1fr);}.kb-row-layout-id1439_34b2e9-6b > .kt-row-layout-overlay{opacity:0.30;}@media all and (max-width: 1024px){.kb-row-layout-id1439_34b2e9-6b > .kt-row-column-wrap{grid-template-columns:minmax(0, 1fr);}}@media all and (max-width: 767px){.kb-row-layout-id1439_34b2e9-6b > .kt-row-column-wrap{grid-template-columns:minmax(0, 1fr);}}<\/style><div class=\"kb-row-layout-wrap kb-row-layout-id1439_34b2e9-6b alignnone wp-block-kadence-rowlayout\"><div class=\"kt-row-column-wrap kt-has-1-columns kt-row-layout-equal kt-tab-layout-inherit kt-mobile-layout-row kt-row-valign-top\">\n<style>.kadence-column1439_e20dca-f6 > .kt-inside-inner-col,.kadence-column1439_e20dca-f6 > .kt-inside-inner-col:before{border-top-left-radius:0px;border-top-right-radius:0px;border-bottom-right-radius:0px;border-bottom-left-radius:0px;}.kadence-column1439_e20dca-f6 > .kt-inside-inner-col{column-gap:var(--global-kb-gap-sm, 1rem);}.kadence-column1439_e20dca-f6 > .kt-inside-inner-col{flex-direction:column;}.kadence-column1439_e20dca-f6 > .kt-inside-inner-col > .aligncenter{width:100%;}.kadence-column1439_e20dca-f6 > .kt-inside-inner-col:before{opacity:0.3;}.kadence-column1439_e20dca-f6{position:relative;}@media all and (max-width: 1024px){.kadence-column1439_e20dca-f6 > .kt-inside-inner-col{flex-direction:column;justify-content:center;}}@media all and (max-width: 767px){.kadence-column1439_e20dca-f6 > .kt-inside-inner-col{flex-direction:column;justify-content:center;}}<\/style>\n<div class=\"wp-block-kadence-column kadence-column1439_e20dca-f6\"><div class=\"kt-inside-inner-col\"><style>.kb-row-layout-id1439_ec427c-10 > .kt-row-column-wrap{align-content:start;}:where(.kb-row-layout-id1439_ec427c-10 > .kt-row-column-wrap) > .wp-block-kadence-column{justify-content:start;}.kb-row-layout-id1439_ec427c-10 > .kt-row-column-wrap{column-gap:var(--global-kb-gap-lg, 4rem);row-gap:var(--global-kb-gap-md, 2rem);grid-template-columns:repeat(2, minmax(0, 1fr));}.kb-row-layout-id1439_ec427c-10 > .kt-row-layout-overlay{opacity:0.30;}@media all and (max-width: 1024px){.kb-row-layout-id1439_ec427c-10 > .kt-row-column-wrap{grid-template-columns:repeat(2, minmax(0, 1fr));}}@media all and (max-width: 767px){.kb-row-layout-id1439_ec427c-10 > .kt-row-column-wrap{grid-template-columns:minmax(0, 1fr);}}<\/style><div class=\"kb-row-layout-wrap kb-row-layout-id1439_ec427c-10 alignnone wp-block-kadence-rowlayout\"><div class=\"kt-row-column-wrap kt-has-2-columns kt-row-layout-equal kt-tab-layout-inherit kt-mobile-layout-row kt-row-valign-top kt-inner-column-height-full\">\n<style>.kadence-column1439_502a9a-92 > .kt-inside-inner-col,.kadence-column1439_502a9a-92 > .kt-inside-inner-col:before{border-top-left-radius:0px;border-top-right-radius:0px;border-bottom-right-radius:0px;border-bottom-left-radius:0px;}.kadence-column1439_502a9a-92 > .kt-inside-inner-col{column-gap:var(--global-kb-gap-sm, 1rem);}.kadence-column1439_502a9a-92 > .kt-inside-inner-col{flex-direction:column;}.kadence-column1439_502a9a-92 > .kt-inside-inner-col > .aligncenter{width:100%;}.kadence-column1439_502a9a-92 > .kt-inside-inner-col:before{opacity:0.3;}.kadence-column1439_502a9a-92{position:relative;}@media all and (max-width: 1024px){.kadence-column1439_502a9a-92 > .kt-inside-inner-col{flex-direction:column;justify-content:center;}}@media all and (max-width: 767px){.kadence-column1439_502a9a-92 > .kt-inside-inner-col{flex-direction:column;justify-content:center;}}<\/style>\n<div class=\"wp-block-kadence-column kadence-column1439_502a9a-92\"><div class=\"kt-inside-inner-col\">\n<figure class=\"wp-block-embed is-type-video is-provider-youtube wp-block-embed-youtube wp-embed-aspect-16-9 wp-has-aspect-ratio\"><div class=\"wp-block-embed__wrapper\">\n<iframe loading=\"lazy\" title=\"Instalaci\u00f3n equipo nataci\u00f3n Fastlane en Piscina Existente - TechnojetSwim\" width=\"720\" height=\"405\" src=\"https:\/\/www.youtube.com\/embed\/4eEcVo2cbsk?feature=oembed\" frameborder=\"0\" allow=\"accelerometer; autoplay; clipboard-write; encrypted-media; gyroscope; picture-in-picture; web-share\" referrerpolicy=\"strict-origin-when-cross-origin\" allowfullscreen><\/iframe>\n<\/div><\/figure>\n<\/div><\/div>\n\n\n<style>.kadence-column1439_bcc821-0e > .kt-inside-inner-col,.kadence-column1439_bcc821-0e > .kt-inside-inner-col:before{border-top-left-radius:0px;border-top-right-radius:0px;border-bottom-right-radius:0px;border-bottom-left-radius:0px;}.kadence-column1439_bcc821-0e > .kt-inside-inner-col{column-gap:var(--global-kb-gap-sm, 1rem);}.kadence-column1439_bcc821-0e > .kt-inside-inner-col{flex-direction:column;}.kadence-column1439_bcc821-0e > .kt-inside-inner-col > .aligncenter{width:100%;}.kadence-column1439_bcc821-0e > .kt-inside-inner-col:before{opacity:0.3;}.kadence-column1439_bcc821-0e{position:relative;}@media all and (max-width: 1024px){.kadence-column1439_bcc821-0e > .kt-inside-inner-col{flex-direction:column;justify-content:center;}}@media all and (max-width: 767px){.kadence-column1439_bcc821-0e > .kt-inside-inner-col{flex-direction:column;justify-content:center;}}<\/style>\n<div class=\"wp-block-kadence-column kadence-column1439_bcc821-0e\"><div class=\"kt-inside-inner-col\">\n<p>Ya conoce todas las ventajas del Sistema de nataci\u00f3n contracorriente Fastlane y que <strong>se puede instalar en cualquier piscina de nueva construcci\u00f3n o ya existente.<\/strong><\/p>\n\n\n\n<p>Una de las <strong>ventajas de este sistema es su f\u00e1cil instalaci\u00f3n<\/strong>, sobre todo en piscinas ya existentes, ya que <strong>en un solo d\u00eda puedes tenerlo instalado en tu piscina<\/strong> y disfrutarlo cuando quieras.<\/p>\n\n\n\n<p><strong>S\u00f3lo necesitas un requisito para su instalaci\u00f3n:<\/strong><\/p>\n\n\n\n<p><strong>Tu piscina deber\u00e1 tener unas medidas m\u00ednimas interiores de 2 metros de ancho x 4,5 metros de largo x 0,89 metros de profundidad.<\/strong><\/p>\n\n\n\n<p>Queremos ense\u00f1arte un v\u00eddeo donde se pueden observar los <strong>pasos que se siguen para la instalaci\u00f3n de nuestro sistema Fastlane en piscinas existentes<\/strong>, \u00a1ya ver\u00e1s lo <strong>r\u00e1pido y sencillo<\/strong> que es!<\/p>\n\n\n\n<p><strong>NOTA<\/strong>:&nbsp;Os recordamos que en&nbsp;TechnojetSwim disponemos de una red de instaladoras profesionales del mundo de la piscina en toda Espa\u00f1a y Portugal, podemos indicarte el instalador m\u00e1s cerca de tu casa y que te haga un presupuesto sobre el montaje&nbsp;de este sistema de nataci\u00f3n contracorriente.<\/p>\n\n\n<style>.wp-block-kadence-advancedbtn.kb-btns1439_41d0d7-d4{gap:var(--global-kb-gap-xs, 0.5rem );justify-content:flex-start;align-items:center;}.kt-btns1439_41d0d7-d4 .kt-button{font-weight:normal;font-style:normal;}.kt-btns1439_41d0d7-d4 .kt-btn-wrap-0{margin-right:5px;}.wp-block-kadence-advancedbtn.kt-btns1439_41d0d7-d4 .kt-btn-wrap-0 .kt-button{color:#555555;border-color:#555555;}.wp-block-kadence-advancedbtn.kt-btns1439_41d0d7-d4 .kt-btn-wrap-0 .kt-button:hover, .wp-block-kadence-advancedbtn.kt-btns1439_41d0d7-d4 .kt-btn-wrap-0 .kt-button:focus{color:#ffffff;border-color:#444444;}.wp-block-kadence-advancedbtn.kt-btns1439_41d0d7-d4 .kt-btn-wrap-0 .kt-button::before{display:none;}.wp-block-kadence-advancedbtn.kt-btns1439_41d0d7-d4 .kt-btn-wrap-0 .kt-button:hover, .wp-block-kadence-advancedbtn.kt-btns1439_41d0d7-d4 .kt-btn-wrap-0 .kt-button:focus{background:#444444;}<\/style>\n<div class=\"wp-block-kadence-advancedbtn kb-buttons-wrap kb-btns1439_41d0d7-d4\"><style>ul.menu .wp-block-kadence-advancedbtn .kb-btn1439_8b6b08-95.kb-button{width:initial;}<\/style><a class=\"kb-button kt-button button kb-btn1439_8b6b08-95 kt-btn-size-standard kt-btn-width-type-auto kb-btn-global-inherit  kt-btn-has-text-true kt-btn-has-svg-false  wp-block-button__link wp-block-kadence-singlebtn\" href=\"https:\/\/technojetswim.com\/fastlane\/\"><span class=\"kt-btn-inner-text\">Descubre el sistema Fastlane<\/span><\/a><\/div>\n<\/div><\/div>\n\n<\/div><\/div><\/div><\/div>\n\n<\/div><\/div>","protected":false},"excerpt":{"rendered":"<p>Ya conoce todas las ventajas del Sistema de nataci\u00f3n contracorriente Fastlane y que se puede instalar en cualquier piscina de nueva construcci\u00f3n o ya existente. Una de las ventajas de este sistema es su f\u00e1cil instalaci\u00f3n, sobre todo en piscinas ya existentes, ya que en un solo d\u00eda puedes tenerlo instalado en tu piscina y&#8230;<\/p>\n","protected":false},"author":1,"featured_media":0,"parent":1413,"menu_order":0,"comment_status":"closed","ping_status":"closed","template":"","meta":{"_acf_changed":false,"_seopress_robots_primary_cat":"","_seopress_titles_title":"Instala el Fastlane en tu piscina en un solo d\u00eda","_seopress_titles_desc":"Ya conoce todas las ventajas del Sistema de nataci\u00f3n contracorriente Fastlane y que se puede instalar en cualquier piscina de nueva construcci\u00f3n o ya existente. Contacta.","_seopress_robots_index":"","inline_featured_image":false,"_kad_blocks_custom_css":"","_kad_blocks_head_custom_js":"","_kad_blocks_body_custom_js":"","_kad_blocks_footer_custom_js":"","_kad_post_transparent":"","_kad_post_title":"","_kad_post_layout":"","_kad_post_sidebar_id":"","_kad_post_content_style":"","_kad_post_vertical_padding":"","_kad_post_feature":"","_kad_post_feature_position":"","_kad_post_header":false,"_kad_post_footer":false,"_kad_post_classname":"","footnotes":""},"class_list":["post-1439","page","type-page","status-publish","hentry"],"acf":[],"taxonomy_info":[],"featured_image_src_large":false,"author_info":{"display_name":"jordi","author_link":"https:\/\/technojetswim.com\/es\/author\/jordi\/"},"comment_info":"","_links":{"self":[{"href":"https:\/\/technojetswim.com\/es\/wp-json\/wp\/v2\/pages\/1439","targetHints":{"allow":["GET"]}}],"collection":[{"href":"https:\/\/technojetswim.com\/es\/wp-json\/wp\/v2\/pages"}],"about":[{"href":"https:\/\/technojetswim.com\/es\/wp-json\/wp\/v2\/types\/page"}],"author":[{"embeddable":true,"href":"https:\/\/technojetswim.com\/es\/wp-json\/wp\/v2\/users\/1"}],"replies":[{"embeddable":true,"href":"https:\/\/technojetswim.com\/es\/wp-json\/wp\/v2\/comments?post=1439"}],"version-history":[{"count":1,"href":"https:\/\/technojetswim.com\/es\/wp-json\/wp\/v2\/pages\/1439\/revisions"}],"predecessor-version":[{"id":2469,"href":"https:\/\/technojetswim.com\/es\/wp-json\/wp\/v2\/pages\/1439\/revisions\/2469"}],"up":[{"embeddable":true,"href":"https:\/\/technojetswim.com\/es\/wp-json\/wp\/v2\/pages\/1413"}],"wp:attachment":[{"href":"https:\/\/technojetswim.com\/es\/wp-json\/wp\/v2\/media?parent=1439"}],"curies":[{"name":"wp","href":"https:\/\/api.w.org\/{rel}","templated":true}]}}