{"id":1431,"date":"2024-12-03T18:32:09","date_gmt":"2024-12-03T17:32:09","guid":{"rendered":"https:\/\/techno.mmkt.xyz\/?page_id=1431"},"modified":"2026-02-05T16:39:51","modified_gmt":"2026-02-05T15:39:51","slug":"hacia-un-fastlane-en-mi-piscina-estas-son-las-medidas-minimas-para-poderlo-instalar","status":"publish","type":"page","link":"https:\/\/technojetswim.com\/es\/fastlane\/hacia-un-fastlane-en-mi-piscina-estas-son-las-medidas-minimas-para-poderlo-instalar\/","title":{"rendered":"\u00bfCabe FASTLANE\u00ae SWIM en mi piscina? \u00c9stas son las medidas m\u00ednimas para poderlo instalar"},"content":{"rendered":"<style>.kb-row-layout-id1431_ae8279-7a > .kt-row-column-wrap{align-content:start;}:where(.kb-row-layout-id1431_ae8279-7a > .kt-row-column-wrap) > .wp-block-kadence-column{justify-content:start;}.kb-row-layout-id1431_ae8279-7a > .kt-row-column-wrap{column-gap:var(--global-kb-gap-md, 2rem);row-gap:var(--global-kb-gap-md, 2rem);padding-top:var(--global-kb-spacing-xxl, 5rem);padding-bottom:var(--global-kb-spacing-xxl, 5rem);grid-template-columns:minmax(0, 1fr);}.kb-row-layout-id1431_ae8279-7a > .kt-row-layout-overlay{opacity:0.30;}@media all and (max-width: 1024px){.kb-row-layout-id1431_ae8279-7a > .kt-row-column-wrap{grid-template-columns:minmax(0, 1fr);}}@media all and (max-width: 767px){.kb-row-layout-id1431_ae8279-7a > .kt-row-column-wrap{grid-template-columns:minmax(0, 1fr);}}<\/style><div class=\"kb-row-layout-wrap kb-row-layout-id1431_ae8279-7a alignnone wp-block-kadence-rowlayout\"><div class=\"kt-row-column-wrap kt-has-1-columns kt-row-layout-equal kt-tab-layout-inherit kt-mobile-layout-row kt-row-valign-top\">\n<style>.kadence-column1431_02cc92-33 > .kt-inside-inner-col,.kadence-column1431_02cc92-33 > .kt-inside-inner-col:before{border-top-left-radius:0px;border-top-right-radius:0px;border-bottom-right-radius:0px;border-bottom-left-radius:0px;}.kadence-column1431_02cc92-33 > .kt-inside-inner-col{column-gap:var(--global-kb-gap-sm, 1rem);}.kadence-column1431_02cc92-33 > .kt-inside-inner-col{flex-direction:column;}.kadence-column1431_02cc92-33 > .kt-inside-inner-col > .aligncenter{width:100%;}.kadence-column1431_02cc92-33 > .kt-inside-inner-col:before{opacity:0.3;}.kadence-column1431_02cc92-33{position:relative;}@media all and (max-width: 1024px){.kadence-column1431_02cc92-33 > .kt-inside-inner-col{flex-direction:column;justify-content:center;}}@media all and (max-width: 767px){.kadence-column1431_02cc92-33 > .kt-inside-inner-col{flex-direction:column;justify-content:center;}}<\/style>\n<div class=\"wp-block-kadence-column kadence-column1431_02cc92-33\"><div class=\"kt-inside-inner-col\">\n<h3 class=\"wp-block-heading\"><strong>Es la primera duda que le surge a una persona cuando ve nuestro motor contracorriente, por supuesto hay unas medidas m\u00ednimas, te las mostramos en la siguiente imagen:<\/strong><\/h3>\n\n\n\n<figure class=\"wp-block-image size-full\"><img alt=\"\" loading=\"lazy\" decoding=\"async\" width=\"930\" height=\"401\" src=\"https:\/\/technojetswim.com\/wp-content\/uploads\/2024\/12\/medidas_minimas.png\" alt=\"\" class=\"wp-image-640\" title=\"medidas_minimas\" srcset=\"https:\/\/technojetswim.com\/wp-content\/uploads\/2024\/12\/medidas_minimas.png 930w, https:\/\/technojetswim.com\/wp-content\/uploads\/2024\/12\/medidas_minimas-300x129.png 300w, https:\/\/technojetswim.com\/wp-content\/uploads\/2024\/12\/medidas_minimas-768x331.png 768w\" sizes=\"auto, (max-width: 930px) 100vw, 930px\" \/><\/figure>\n\n\n\n<p>L\u00f3gicamente el <strong>motor ocupar\u00e1 f\u00edsicamente unas medidas determinadas<\/strong>, pero adem\u00e1s para que el Fastlane tenga un <strong>rendimiento \u00f3ptimo deberemos dejar un espacio a cada lado.<\/strong><\/p>\n\n\n\n<figure class=\"wp-block-image aligncenter size-full\"><img alt=\"\" loading=\"lazy\" decoding=\"async\" width=\"930\" height=\"401\" src=\"https:\/\/technojetswim.com\/wp-content\/uploads\/2024\/12\/Fastlane.jpg\" alt=\"\" class=\"wp-image-641\" srcset=\"https:\/\/technojetswim.com\/wp-content\/uploads\/2024\/12\/Fastlane.jpg 930w, https:\/\/technojetswim.com\/wp-content\/uploads\/2024\/12\/Fastlane-300x129.jpg 300w, https:\/\/technojetswim.com\/wp-content\/uploads\/2024\/12\/Fastlane-768x331.jpg 768w\" sizes=\"auto, (max-width: 930px) 100vw, 930px\" \/><\/figure>\n\n\n\n<p>La recomendaci\u00f3n es que este espacio sea superior a los 61 cm por cada lado, esto querr\u00e1 decir que la anchura m\u00ednima que deber\u00eda tener la piscina para poder instalar el Fastlane es de 196 cm. Por lo que siempre pedimos que la piscina tenga una piscina anchura de al menos 2 metros.<\/p>\n\n\n<style>.wp-block-kadence-advancedheading.kt-adv-heading1431_a5d33c-43, .wp-block-kadence-advancedheading.kt-adv-heading1431_a5d33c-43[data-kb-block=\"kb-adv-heading1431_a5d33c-43\"]{font-style:normal;}.wp-block-kadence-advancedheading.kt-adv-heading1431_a5d33c-43 mark.kt-highlight, .wp-block-kadence-advancedheading.kt-adv-heading1431_a5d33c-43[data-kb-block=\"kb-adv-heading1431_a5d33c-43\"] mark.kt-highlight{font-style:normal;color:#f76a0c;-webkit-box-decoration-break:clone;box-decoration-break:clone;padding-top:0px;padding-right:0px;padding-bottom:0px;padding-left:0px;}.wp-block-kadence-advancedheading.kt-adv-heading1431_a5d33c-43 img.kb-inline-image, .wp-block-kadence-advancedheading.kt-adv-heading1431_a5d33c-43[data-kb-block=\"kb-adv-heading1431_a5d33c-43\"] img.kb-inline-image{width:150px;vertical-align:baseline;}<\/style>\n<h3 class=\"kt-adv-heading1431_a5d33c-43 wp-block-kadence-advancedheading\" data-kb-block=\"kb-adv-heading1431_a5d33c-43\">\u00bfY cu\u00e1l deber\u00eda ser el largo m\u00ednimo?<\/h3>\n\n\n\n<p>Esto ya depende de la altura de cada persona, el Fastlane mide casi 55 cm. de fondo, si esto les sumas la altura del nadador, el brazo extendido y una distancia de al menos 15 cm. delante y detr\u00e1s obtendr\u00e1s f\u00e1cilmente lo largo que necesitas para nadar en tu propia piscina.<\/p>\n\n\n\n<p><strong>Nosotros recomendamos que la piscina tenga un tama\u00f1o m\u00ednimo de 4,5 metros de largo<\/strong>, esto permitir\u00e1 a cualquier persona nadar sin ning\u00fan problema.<\/p>\n\n\n\n<p><strong>\u00a1S\u00f3lo nos queda la profundidad! 89 cm es la altura m\u00ednima de profundidad de agua<\/strong>&nbsp;para poder garantizar que el Fastlane funciones sin ning\u00fan problema.<\/p>\n\n\n<style>.wp-block-kadence-advancedheading.kt-adv-heading1431_c22224-63, .wp-block-kadence-advancedheading.kt-adv-heading1431_c22224-63[data-kb-block=\"kb-adv-heading1431_c22224-63\"]{font-style:normal;}.wp-block-kadence-advancedheading.kt-adv-heading1431_c22224-63 mark.kt-highlight, .wp-block-kadence-advancedheading.kt-adv-heading1431_c22224-63[data-kb-block=\"kb-adv-heading1431_c22224-63\"] mark.kt-highlight{font-style:normal;color:#f76a0c;-webkit-box-decoration-break:clone;box-decoration-break:clone;padding-top:0px;padding-right:0px;padding-bottom:0px;padding-left:0px;}.wp-block-kadence-advancedheading.kt-adv-heading1431_c22224-63 img.kb-inline-image, .wp-block-kadence-advancedheading.kt-adv-heading1431_c22224-63[data-kb-block=\"kb-adv-heading1431_c22224-63\"] img.kb-inline-image{width:150px;vertical-align:baseline;}<\/style>\n<h3 class=\"kt-adv-heading1431_c22224-63 wp-block-kadence-advancedheading\" data-kb-block=\"kb-adv-heading1431_c22224-63\">Resumiendo\u2026 los tama\u00f1os m\u00ednimos para poder instalar un Fastlane en tu piscina son:<\/h3>\n\n\n<style>.wp-block-kadence-advancedheading.kt-adv-heading1431_15c3e7-90, .wp-block-kadence-advancedheading.kt-adv-heading1431_15c3e7-90[data-kb-block=\"kb-adv-heading1431_15c3e7-90\"]{font-style:normal;}.wp-block-kadence-advancedheading.kt-adv-heading1431_15c3e7-90 mark.kt-highlight, .wp-block-kadence-advancedheading.kt-adv-heading1431_15c3e7-90[data-kb-block=\"kb-adv-heading1431_15c3e7-90\"] mark.kt-highlight{font-style:normal;color:#f76a0c;-webkit-box-decoration-break:clone;box-decoration-break:clone;padding-top:0px;padding-right:0px;padding-bottom:0px;padding-left:0px;}.wp-block-kadence-advancedheading.kt-adv-heading1431_15c3e7-90 img.kb-inline-image, .wp-block-kadence-advancedheading.kt-adv-heading1431_15c3e7-90[data-kb-block=\"kb-adv-heading1431_15c3e7-90\"] img.kb-inline-image{width:150px;vertical-align:baseline;}<\/style>\n<h3 class=\"kt-adv-heading1431_15c3e7-90 wp-block-kadence-advancedheading\" data-kb-block=\"kb-adv-heading1431_15c3e7-90\">2 metros de ancho x 4,5 metros de largo x 0,89 metros de profundidad<\/h3>\n\n\n\n<p><\/p>\n\n\n<style>.wp-block-kadence-advancedbtn.kb-btns1431_d232db-4f{gap:var(--global-kb-gap-xs, 0.5rem );justify-content:flex-start;align-items:center;}.kt-btns1431_d232db-4f .kt-button{font-weight:normal;font-style:normal;}.kt-btns1431_d232db-4f .kt-btn-wrap-0{margin-right:5px;}.wp-block-kadence-advancedbtn.kt-btns1431_d232db-4f .kt-btn-wrap-0 .kt-button{color:#555555;border-color:#555555;}.wp-block-kadence-advancedbtn.kt-btns1431_d232db-4f .kt-btn-wrap-0 .kt-button:hover, .wp-block-kadence-advancedbtn.kt-btns1431_d232db-4f .kt-btn-wrap-0 .kt-button:focus{color:#ffffff;border-color:#444444;}.wp-block-kadence-advancedbtn.kt-btns1431_d232db-4f .kt-btn-wrap-0 .kt-button::before{display:none;}.wp-block-kadence-advancedbtn.kt-btns1431_d232db-4f .kt-btn-wrap-0 .kt-button:hover, .wp-block-kadence-advancedbtn.kt-btns1431_d232db-4f .kt-btn-wrap-0 .kt-button:focus{background:#444444;}<\/style>\n<div class=\"wp-block-kadence-advancedbtn kb-buttons-wrap kb-btns1431_d232db-4f\"><style>ul.menu .wp-block-kadence-advancedbtn .kb-btn1431_63f1d2-f6.kb-button{width:initial;}<\/style><a class=\"kb-button kt-button button kb-btn1431_63f1d2-f6 kt-btn-size-standard kt-btn-width-type-auto kb-btn-global-inherit  kt-btn-has-text-true kt-btn-has-svg-false  wp-block-button__link wp-block-kadence-singlebtn\" href=\"https:\/\/technojetswim.com\/fastlane\/\"><span class=\"kt-btn-inner-text\">Descubre el sistema FASTLANE\u00ae SWIM<\/span><\/a>\n\n<style>ul.menu .wp-block-kadence-advancedbtn .kb-btn1431_1ffc3a-5a.kb-button{width:initial;}<\/style><a class=\"kb-button kt-button button kb-btn1431_1ffc3a-5a kt-btn-size-standard kt-btn-width-type-auto kb-btn-global-inherit  kt-btn-has-text-true kt-btn-has-svg-false  wp-block-button__link wp-block-kadence-singlebtn\" href=\"https:\/\/technojetswim.com\/fastlane\/obtenga-el-precio-del-sistema-fastlane\/\"><span class=\"kt-btn-inner-text\">Pide precio del Sistema FASTLANE\u00ae SWIM aqu\u00ed<\/span><\/a><\/div>\n<\/div><\/div>\n\n<\/div><\/div>","protected":false},"excerpt":{"rendered":"<p>Es la primera duda que le surge a una persona cuando ve nuestro motor contracorriente, por supuesto hay unas medidas m\u00ednimas, te las mostramos en la siguiente imagen: L\u00f3gicamente el motor ocupar\u00e1 f\u00edsicamente unas medidas determinadas, pero adem\u00e1s para que el Fastlane tenga un rendimiento \u00f3ptimo deberemos dejar un espacio a cada lado. La recomendaci\u00f3n&#8230;<\/p>\n","protected":false},"author":1,"featured_media":0,"parent":1413,"menu_order":0,"comment_status":"closed","ping_status":"closed","template":"","meta":{"_acf_changed":false,"_seopress_robots_primary_cat":"","_seopress_titles_title":"\u00bfCabe FASTLANE\u00ae SWIM en mi piscina?","_seopress_titles_desc":"Consulte las medidas m\u00ednimas para instalarlo con Technojet Swim. Vis\u00edtanos.","_seopress_robots_index":"","inline_featured_image":false,"_kad_blocks_custom_css":"","_kad_blocks_head_custom_js":"","_kad_blocks_body_custom_js":"","_kad_blocks_footer_custom_js":"","_kad_post_transparent":"","_kad_post_title":"","_kad_post_layout":"","_kad_post_sidebar_id":"","_kad_post_content_style":"","_kad_post_vertical_padding":"","_kad_post_feature":"","_kad_post_feature_position":"","_kad_post_header":false,"_kad_post_footer":false,"_kad_post_classname":"","footnotes":""},"class_list":["post-1431","page","type-page","status-publish","hentry"],"acf":[],"taxonomy_info":[],"featured_image_src_large":false,"author_info":{"display_name":"jordi","author_link":"https:\/\/technojetswim.com\/es\/author\/jordi\/"},"comment_info":"","_links":{"self":[{"href":"https:\/\/technojetswim.com\/es\/wp-json\/wp\/v2\/pages\/1431","targetHints":{"allow":["GET"]}}],"collection":[{"href":"https:\/\/technojetswim.com\/es\/wp-json\/wp\/v2\/pages"}],"about":[{"href":"https:\/\/technojetswim.com\/es\/wp-json\/wp\/v2\/types\/page"}],"author":[{"embeddable":true,"href":"https:\/\/technojetswim.com\/es\/wp-json\/wp\/v2\/users\/1"}],"replies":[{"embeddable":true,"href":"https:\/\/technojetswim.com\/es\/wp-json\/wp\/v2\/comments?post=1431"}],"version-history":[{"count":3,"href":"https:\/\/technojetswim.com\/es\/wp-json\/wp\/v2\/pages\/1431\/revisions"}],"predecessor-version":[{"id":2805,"href":"https:\/\/technojetswim.com\/es\/wp-json\/wp\/v2\/pages\/1431\/revisions\/2805"}],"up":[{"embeddable":true,"href":"https:\/\/technojetswim.com\/es\/wp-json\/wp\/v2\/pages\/1413"}],"wp:attachment":[{"href":"https:\/\/technojetswim.com\/es\/wp-json\/wp\/v2\/media?parent=1431"}],"curies":[{"name":"wp","href":"https:\/\/api.w.org\/{rel}","templated":true}]}}