{"id":1405,"date":"2024-12-04T12:18:10","date_gmt":"2024-12-04T11:18:10","guid":{"rendered":"https:\/\/techno.mmkt.xyz\/?page_id=1405"},"modified":"2025-02-04T13:11:09","modified_gmt":"2025-02-04T12:11:09","slug":"cuanto-pesa-una-piscina-de-natacion-contracorriente-endlesspools","status":"publish","type":"page","link":"https:\/\/technojetswim.com\/es\/endlesspools\/cuanto-pesa-una-piscina-de-natacion-contracorriente-endlesspools\/","title":{"rendered":"\u00bfCu\u00e1nto pesa una piscina de nataci\u00f3n contracorriente EndlessPools?"},"content":{"rendered":"<style>.kb-row-layout-id1405_993ec7-56 > .kt-row-column-wrap{align-content:start;}:where(.kb-row-layout-id1405_993ec7-56 > .kt-row-column-wrap) > .wp-block-kadence-column{justify-content:start;}.kb-row-layout-id1405_993ec7-56 > .kt-row-column-wrap{column-gap:var(--global-kb-gap-md, 2rem);row-gap:var(--global-kb-gap-md, 2rem);padding-top:var(--global-kb-spacing-xxl, 5rem);padding-bottom:var(--global-kb-spacing-xxl, 5rem);grid-template-columns:minmax(0, 1fr);}.kb-row-layout-id1405_993ec7-56 > .kt-row-layout-overlay{opacity:0.30;}@media all and (max-width: 1024px){.kb-row-layout-id1405_993ec7-56 > .kt-row-column-wrap{grid-template-columns:minmax(0, 1fr);}}@media all and (max-width: 767px){.kb-row-layout-id1405_993ec7-56 > .kt-row-column-wrap{grid-template-columns:minmax(0, 1fr);}}<\/style><div class=\"kb-row-layout-wrap kb-row-layout-id1405_993ec7-56 alignnone wp-block-kadence-rowlayout\"><div class=\"kt-row-column-wrap kt-has-1-columns kt-row-layout-equal kt-tab-layout-inherit kt-mobile-layout-row kt-row-valign-top\">\n<style>.kadence-column1405_decd6c-5b > .kt-inside-inner-col,.kadence-column1405_decd6c-5b > .kt-inside-inner-col:before{border-top-left-radius:0px;border-top-right-radius:0px;border-bottom-right-radius:0px;border-bottom-left-radius:0px;}.kadence-column1405_decd6c-5b > .kt-inside-inner-col{column-gap:var(--global-kb-gap-sm, 1rem);}.kadence-column1405_decd6c-5b > .kt-inside-inner-col{flex-direction:column;}.kadence-column1405_decd6c-5b > .kt-inside-inner-col > .aligncenter{width:100%;}.kadence-column1405_decd6c-5b > .kt-inside-inner-col:before{opacity:0.3;}.kadence-column1405_decd6c-5b{position:relative;}@media all and (max-width: 1024px){.kadence-column1405_decd6c-5b > .kt-inside-inner-col{flex-direction:column;justify-content:center;}}@media all and (max-width: 767px){.kadence-column1405_decd6c-5b > .kt-inside-inner-col{flex-direction:column;justify-content:center;}}<\/style>\n<div class=\"wp-block-kadence-column kadence-column1405_decd6c-5b\"><div class=\"kt-inside-inner-col\"><style>.kb-row-layout-id1405_a373c9-fc > .kt-row-column-wrap{align-content:start;}:where(.kb-row-layout-id1405_a373c9-fc > .kt-row-column-wrap) > .wp-block-kadence-column{justify-content:start;}.kb-row-layout-id1405_a373c9-fc > .kt-row-column-wrap{column-gap:var(--global-kb-gap-lg, 4rem);row-gap:var(--global-kb-gap-md, 2rem);grid-template-columns:repeat(2, minmax(0, 1fr));}.kb-row-layout-id1405_a373c9-fc > .kt-row-layout-overlay{opacity:0.30;}@media all and (max-width: 1024px){.kb-row-layout-id1405_a373c9-fc > .kt-row-column-wrap{grid-template-columns:repeat(2, minmax(0, 1fr));}}@media all and (max-width: 767px){.kb-row-layout-id1405_a373c9-fc > .kt-row-column-wrap{grid-template-columns:minmax(0, 1fr);}}<\/style><div class=\"kb-row-layout-wrap kb-row-layout-id1405_a373c9-fc alignnone wp-block-kadence-rowlayout\"><div class=\"kt-row-column-wrap kt-has-2-columns kt-row-layout-equal kt-tab-layout-inherit kt-mobile-layout-row kt-row-valign-top kt-inner-column-height-full\">\n<style>.kadence-column1405_1309c0-e0 > .kt-inside-inner-col,.kadence-column1405_1309c0-e0 > .kt-inside-inner-col:before{border-top-left-radius:0px;border-top-right-radius:0px;border-bottom-right-radius:0px;border-bottom-left-radius:0px;}.kadence-column1405_1309c0-e0 > .kt-inside-inner-col{column-gap:var(--global-kb-gap-sm, 1rem);}.kadence-column1405_1309c0-e0 > .kt-inside-inner-col{flex-direction:column;}.kadence-column1405_1309c0-e0 > .kt-inside-inner-col > .aligncenter{width:100%;}.kadence-column1405_1309c0-e0 > .kt-inside-inner-col{background-image:url('https:\/\/technojetswim.com\/wp-content\/uploads\/2024\/11\/Fastlane_piscina_existente_Calonge_3.jpg');background-size:cover;background-position:62% 48%;background-attachment:scroll;background-repeat:no-repeat;}.kadence-column1405_1309c0-e0 > .kt-inside-inner-col:before{opacity:0.3;}.kadence-column1405_1309c0-e0{position:relative;}@media all and (max-width: 1024px){.kadence-column1405_1309c0-e0 > .kt-inside-inner-col{flex-direction:column;justify-content:center;}}@media all and (max-width: 767px){.kadence-column1405_1309c0-e0 > .kt-inside-inner-col{flex-direction:column;justify-content:center;}}<\/style>\n<div class=\"wp-block-kadence-column kadence-column1405_1309c0-e0\"><div class=\"kt-inside-inner-col\"><\/div><\/div>\n\n\n<style>.kadence-column1405_5e08ea-b9 > .kt-inside-inner-col,.kadence-column1405_5e08ea-b9 > .kt-inside-inner-col:before{border-top-left-radius:0px;border-top-right-radius:0px;border-bottom-right-radius:0px;border-bottom-left-radius:0px;}.kadence-column1405_5e08ea-b9 > .kt-inside-inner-col{column-gap:var(--global-kb-gap-sm, 1rem);}.kadence-column1405_5e08ea-b9 > .kt-inside-inner-col{flex-direction:column;}.kadence-column1405_5e08ea-b9 > .kt-inside-inner-col > .aligncenter{width:100%;}.kadence-column1405_5e08ea-b9 > .kt-inside-inner-col:before{opacity:0.3;}.kadence-column1405_5e08ea-b9{position:relative;}@media all and (max-width: 1024px){.kadence-column1405_5e08ea-b9 > .kt-inside-inner-col{flex-direction:column;justify-content:center;}}@media all and (max-width: 767px){.kadence-column1405_5e08ea-b9 > .kt-inside-inner-col{flex-direction:column;justify-content:center;}}<\/style>\n<div class=\"wp-block-kadence-column kadence-column1405_5e08ea-b9\"><div class=\"kt-inside-inner-col\"><style>.wp-block-kadence-advancedheading.kt-adv-heading1405_f08ed6-e1, .wp-block-kadence-advancedheading.kt-adv-heading1405_f08ed6-e1[data-kb-block=\"kb-adv-heading1405_f08ed6-e1\"]{font-style:normal;}.wp-block-kadence-advancedheading.kt-adv-heading1405_f08ed6-e1 mark.kt-highlight, .wp-block-kadence-advancedheading.kt-adv-heading1405_f08ed6-e1[data-kb-block=\"kb-adv-heading1405_f08ed6-e1\"] mark.kt-highlight{font-style:normal;color:#f76a0c;-webkit-box-decoration-break:clone;box-decoration-break:clone;padding-top:0px;padding-right:0px;padding-bottom:0px;padding-left:0px;}.wp-block-kadence-advancedheading.kt-adv-heading1405_f08ed6-e1 img.kb-inline-image, .wp-block-kadence-advancedheading.kt-adv-heading1405_f08ed6-e1[data-kb-block=\"kb-adv-heading1405_f08ed6-e1\"] img.kb-inline-image{width:150px;vertical-align:baseline;}<\/style>\n<h3 class=\"kt-adv-heading1405_f08ed6-e1 wp-block-kadence-advancedheading\" data-kb-block=\"kb-adv-heading1405_f08ed6-e1\">\u00bfCu\u00e1nto pesa una piscina de nataci\u00f3n contracorriente EndlessPools? \u00bfMi terraza puede soportar el peso?<\/h3>\n\n\n\n<p>\u00c9stas y alguna otra, son las t\u00edpicas preguntas m\u00e1s comunes para la gente que quiere instalar una piscina en una terraza o en alguna planta superior de la casa.<\/p>\n\n\n\n<p>Muchas personas muestran inter\u00e9s por instalar una piscina de nataci\u00f3n contracorriente EndlessPools, por qu\u00e9 muchos tienen un rinc\u00f3n con suficiente espacio para ella.<\/p>\n\n\n<style>.wp-block-kadence-advancedbtn.kb-btns1405_2681d9-b9{gap:var(--global-kb-gap-xs, 0.5rem );justify-content:center;align-items:center;}.kt-btns1405_2681d9-b9 .kt-button{font-weight:normal;font-style:normal;}.kt-btns1405_2681d9-b9 .kt-btn-wrap-0{margin-right:5px;}.wp-block-kadence-advancedbtn.kt-btns1405_2681d9-b9 .kt-btn-wrap-0 .kt-button{color:#555555;border-color:#555555;}.wp-block-kadence-advancedbtn.kt-btns1405_2681d9-b9 .kt-btn-wrap-0 .kt-button:hover, .wp-block-kadence-advancedbtn.kt-btns1405_2681d9-b9 .kt-btn-wrap-0 .kt-button:focus{color:#ffffff;border-color:#444444;}.wp-block-kadence-advancedbtn.kt-btns1405_2681d9-b9 .kt-btn-wrap-0 .kt-button::before{display:none;}.wp-block-kadence-advancedbtn.kt-btns1405_2681d9-b9 .kt-btn-wrap-0 .kt-button:hover, .wp-block-kadence-advancedbtn.kt-btns1405_2681d9-b9 .kt-btn-wrap-0 .kt-button:focus{background:#444444;}<\/style>\n<div class=\"wp-block-kadence-advancedbtn kb-buttons-wrap kb-btns1405_2681d9-b9\"><style>ul.menu .wp-block-kadence-advancedbtn .kb-btn1405_3a208c-01.kb-button{width:initial;}<\/style><a class=\"kb-button kt-button button kb-btn1405_3a208c-01 kt-btn-size-standard kt-btn-width-type-auto kb-btn-global-inherit  kt-btn-has-text-true kt-btn-has-svg-false  wp-block-button__link wp-block-kadence-singlebtn\" href=\"https:\/\/technojetswim.com\/endlesspools\/una-piscina-contracorriente-endlesspools-hacia-cualquier-rincon\/\"><span class=\"kt-btn-inner-text\">Lee este art\u00edculo para m\u00e1s info<\/span><\/a><\/div>\n\n\n\n<p>La verdad, es que la gran mayor\u00eda piensan instalarla en una terraza, un \u00e1tico, un primer piso\u2026 y ah\u00ed surge la duda. \u00bfEste rinc\u00f3n soportar\u00eda el peso de una piscina EndlessPools?<\/p>\n\n\n<style>.wp-block-kadence-advancedheading.kt-adv-heading1405_2e3d11-43, .wp-block-kadence-advancedheading.kt-adv-heading1405_2e3d11-43[data-kb-block=\"kb-adv-heading1405_2e3d11-43\"]{font-size:22px;font-style:normal;}.wp-block-kadence-advancedheading.kt-adv-heading1405_2e3d11-43 mark.kt-highlight, .wp-block-kadence-advancedheading.kt-adv-heading1405_2e3d11-43[data-kb-block=\"kb-adv-heading1405_2e3d11-43\"] mark.kt-highlight{font-style:normal;color:#f76a0c;-webkit-box-decoration-break:clone;box-decoration-break:clone;padding-top:0px;padding-right:0px;padding-bottom:0px;padding-left:0px;}.wp-block-kadence-advancedheading.kt-adv-heading1405_2e3d11-43 img.kb-inline-image, .wp-block-kadence-advancedheading.kt-adv-heading1405_2e3d11-43[data-kb-block=\"kb-adv-heading1405_2e3d11-43\"] img.kb-inline-image{width:150px;vertical-align:baseline;}<\/style>\n<p class=\"kt-adv-heading1405_2e3d11-43 wp-block-kadence-advancedheading\" data-kb-block=\"kb-adv-heading1405_2e3d11-43\"><strong>\u00a1Muy importante! El Kilo por metro cuadrado<\/strong><\/p>\n\n\n\n<p>Para saber si puedes instalar la piscina de nataci\u00f3n contracorriente EndlessPools antes debes saber cu\u00e1ntos kilos por metro cuadrado aguanta la superficie donde la quieres instalar.<\/p>\n\n\n<style>.wp-block-kadence-advancedheading.kt-adv-heading1405_ffd3d3-11, .wp-block-kadence-advancedheading.kt-adv-heading1405_ffd3d3-11[data-kb-block=\"kb-adv-heading1405_ffd3d3-11\"]{font-size:22px;font-style:normal;}.wp-block-kadence-advancedheading.kt-adv-heading1405_ffd3d3-11 mark.kt-highlight, .wp-block-kadence-advancedheading.kt-adv-heading1405_ffd3d3-11[data-kb-block=\"kb-adv-heading1405_ffd3d3-11\"] mark.kt-highlight{font-style:normal;color:#f76a0c;-webkit-box-decoration-break:clone;box-decoration-break:clone;padding-top:0px;padding-right:0px;padding-bottom:0px;padding-left:0px;}.wp-block-kadence-advancedheading.kt-adv-heading1405_ffd3d3-11 img.kb-inline-image, .wp-block-kadence-advancedheading.kt-adv-heading1405_ffd3d3-11[data-kb-block=\"kb-adv-heading1405_ffd3d3-11\"] img.kb-inline-image{width:150px;vertical-align:baseline;}<\/style>\n<p class=\"kt-adv-heading1405_ffd3d3-11 wp-block-kadence-advancedheading\" data-kb-block=\"kb-adv-heading1405_ffd3d3-11\"><strong>Calculamos el Kilo por metro cuadrado de una Piscina EndlessPools<\/strong><\/p>\n\n\n\n<p>El tama\u00f1o medio interior de una Piscina EndlessPools son de 4,26m. x 2,13 m. x 1,22m., esto significa que tiene una capacidad de 9,8 m3 de agua, que traducido en kilos son unos 9.800 kilos de agua. Aqu\u00ed es necesario sumar los 2.000 kilos de peso de los paneles de acero modulares de la piscina y maquinaria.<\/p>\n\n\n\n<p>Por tanto, el peso total de la piscina EndlessPools completa ser\u00e1 de aproximadamente 13.000 kilos repartidos entre 11,4 metros cuadrados de superficie total.<\/p>\n\n\n\n<p><strong>Y aqu\u00ed tenemos el dato: Una piscina de nataci\u00f3n contracorriente representa un peso de 1,20 toneladas por metro cuadrado.<\/strong><\/p>\n\n\n\n<p>\u00a1Si la superficie donde quieres instalarla soporta m\u00e1s de 1,20 toneladas por metro cuadrado tu proyecto se puede convertir en realidad!<\/p>\n<\/div><\/div>\n\n<\/div><\/div><\/div><\/div>\n\n<\/div><\/div>","protected":false},"excerpt":{"rendered":"<p>\u00bfCu\u00e1nto pesa una piscina de nataci\u00f3n contracorriente EndlessPools? \u00bfMi terraza puede soportar el peso? \u00c9stas y alguna otra, son las t\u00edpicas preguntas m\u00e1s comunes para la gente que quiere instalar una piscina en una terraza o en alguna planta superior de la casa. Muchas personas muestran inter\u00e9s por instalar una piscina de nataci\u00f3n contracorriente EndlessPools,&#8230;<\/p>\n","protected":false},"author":1,"featured_media":0,"parent":1397,"menu_order":0,"comment_status":"closed","ping_status":"closed","template":"","meta":{"_acf_changed":false,"_seopress_robots_primary_cat":"","_seopress_titles_title":"\u00bfCu\u00e1nto pesa una piscina de nataci\u00f3n contracorriente EndlessPools?","_seopress_titles_desc":"Descubre cuanto pesa una piscina de nataci\u00f3n contracorriente EndlessPools con Technojet Swim. V\u00edsitanos.","_seopress_robots_index":"","inline_featured_image":false,"_kad_blocks_custom_css":"","_kad_blocks_head_custom_js":"","_kad_blocks_body_custom_js":"","_kad_blocks_footer_custom_js":"","_kad_post_transparent":"","_kad_post_title":"","_kad_post_layout":"","_kad_post_sidebar_id":"","_kad_post_content_style":"","_kad_post_vertical_padding":"","_kad_post_feature":"","_kad_post_feature_position":"","_kad_post_header":false,"_kad_post_footer":false,"_kad_post_classname":"","footnotes":""},"class_list":["post-1405","page","type-page","status-publish","hentry"],"acf":[],"taxonomy_info":[],"featured_image_src_large":false,"author_info":{"display_name":"jordi","author_link":"https:\/\/technojetswim.com\/es\/author\/jordi\/"},"comment_info":"","_links":{"self":[{"href":"https:\/\/technojetswim.com\/es\/wp-json\/wp\/v2\/pages\/1405","targetHints":{"allow":["GET"]}}],"collection":[{"href":"https:\/\/technojetswim.com\/es\/wp-json\/wp\/v2\/pages"}],"about":[{"href":"https:\/\/technojetswim.com\/es\/wp-json\/wp\/v2\/types\/page"}],"author":[{"embeddable":true,"href":"https:\/\/technojetswim.com\/es\/wp-json\/wp\/v2\/users\/1"}],"replies":[{"embeddable":true,"href":"https:\/\/technojetswim.com\/es\/wp-json\/wp\/v2\/comments?post=1405"}],"version-history":[{"count":3,"href":"https:\/\/technojetswim.com\/es\/wp-json\/wp\/v2\/pages\/1405\/revisions"}],"predecessor-version":[{"id":2424,"href":"https:\/\/technojetswim.com\/es\/wp-json\/wp\/v2\/pages\/1405\/revisions\/2424"}],"up":[{"embeddable":true,"href":"https:\/\/technojetswim.com\/es\/wp-json\/wp\/v2\/pages\/1397"}],"wp:attachment":[{"href":"https:\/\/technojetswim.com\/es\/wp-json\/wp\/v2\/media?parent=1405"}],"curies":[{"name":"wp","href":"https:\/\/api.w.org\/{rel}","templated":true}]}}