{"id":1349,"date":"2024-11-18T15:32:25","date_gmt":"2024-11-18T14:32:25","guid":{"rendered":"https:\/\/techno.mmkt.xyz\/mapa-web\/"},"modified":"2025-01-31T13:00:03","modified_gmt":"2025-01-31T12:00:03","slug":"mapa-web","status":"publish","type":"page","link":"https:\/\/technojetswim.com\/es\/mapa-web\/","title":{"rendered":"Mapa Web"},"content":{"rendered":"<style>.kb-row-layout-id95_35528f-a8 > .kt-row-column-wrap{align-content:start;}:where(.kb-row-layout-id95_35528f-a8 > .kt-row-column-wrap) > .wp-block-kadence-column{justify-content:start;}.kb-row-layout-id95_35528f-a8 > .kt-row-column-wrap{column-gap:var(--global-kb-gap-md, 2rem);row-gap:var(--global-kb-gap-md, 2rem);padding-top:var(--global-kb-spacing-xl, 4rem);padding-bottom:var(--global-kb-spacing-xl, 4rem);grid-template-columns:minmax(0, 1fr);}.kb-row-layout-id95_35528f-a8 > .kt-row-layout-overlay{opacity:0.30;}@media all and (max-width: 1024px){.kb-row-layout-id95_35528f-a8 > .kt-row-column-wrap{grid-template-columns:minmax(0, 1fr);}}@media all and (max-width: 767px){.kb-row-layout-id95_35528f-a8 > .kt-row-column-wrap{grid-template-columns:minmax(0, 1fr);}}<\/style><div class=\"kb-row-layout-wrap kb-row-layout-id95_35528f-a8 alignnone wp-block-kadence-rowlayout\"><div class=\"kt-row-column-wrap kt-has-1-columns kt-row-layout-equal kt-tab-layout-inherit kt-mobile-layout-row kt-row-valign-top\">\n<style>.kadence-column95_ee3d27-aa > .kt-inside-inner-col,.kadence-column95_ee3d27-aa > .kt-inside-inner-col:before{border-top-left-radius:0px;border-top-right-radius:0px;border-bottom-right-radius:0px;border-bottom-left-radius:0px;}.kadence-column95_ee3d27-aa > .kt-inside-inner-col{column-gap:var(--global-kb-gap-sm, 1rem);}.kadence-column95_ee3d27-aa > .kt-inside-inner-col{flex-direction:column;}.kadence-column95_ee3d27-aa > .kt-inside-inner-col > .aligncenter{width:100%;}.kadence-column95_ee3d27-aa > .kt-inside-inner-col:before{opacity:0.3;}.kadence-column95_ee3d27-aa{position:relative;}@media all and (max-width: 1024px){.kadence-column95_ee3d27-aa > .kt-inside-inner-col{flex-direction:column;justify-content:center;}}@media all and (max-width: 767px){.kadence-column95_ee3d27-aa > .kt-inside-inner-col{flex-direction:column;justify-content:center;}}<\/style>\n<div class=\"wp-block-kadence-column kadence-column95_ee3d27-aa\"><div class=\"kt-inside-inner-col\">\n<div class=\"wrap-html-sitemap sp-html-sitemap\"><div class=\"sp-wrap-cpt\"><h2 class=\"sp-cpt-name\">P\u00e1ginas<\/h2><ul class=\"sp-list-posts sp-cpt-hierarchical\"><li class=\"page_item page-item-2626\"><a href=\"https:\/\/technojetswim.com\/es\/que-sistema-contracorriente-debo-escoger\/\">\u00bfQu\u00e9 Sistema EndlessPools debo escoger?<\/a><\/li><li class=\"page_item page-item-2548\"><a href=\"https:\/\/technojetswim.com\/es\/equipamiento-acuatico-complementario\/\">Equipamiento acu\u00e1tico complementario<\/a><\/li><li class=\"page_item page-item-1374\"><a href=\"https:\/\/technojetswim.com\/es\/porque_elp\/\">\u00bfPor qu\u00e9 EndlessPools?<\/a><\/li><li class=\"page_item page-item-1361\"><a href=\"https:\/\/technojetswim.com\/es\/tecnologia_hydrodrive\/\">Tecnolog\u00eda Hydrodrive\u2122<\/a><\/li><li class=\"page_item page-item-1467\"><a href=\"https:\/\/technojetswim.com\/es\/fitness-station\/\">Fitness Station<\/a><\/li><li class=\"page_item page-item-1344\"><a href=\"https:\/\/technojetswim.com\/es\/contacto\/\">Contacto<\/a><\/li><li class=\"page_item page-item-1367\"><a href=\"https:\/\/technojetswim.com\/es\/diseno-de-piscinas\/\">Inspiraci\u00f3n<\/a><\/li><li class=\"page_item page-item-1511\"><a href=\"https:\/\/technojetswim.com\/es\/waterwell\/\">PLUNGE Pools<\/a><\/li><li class=\"page_item page-item-1475\"><a href=\"https:\/\/technojetswim.com\/es\/insertpool\/\">Sistema INSERT POOL<\/a><ul class='children'><li class=\"page_item page-item-1569\"><a href=\"https:\/\/technojetswim.com\/es\/insertpool\/obtenga-el-precio-del-sistema-insertpool\/\">Obtenga el precio del Sistema InsertPool<\/a><\/li><\/ul><\/li><li class=\"page_item page-item-1471\"><a href=\"https:\/\/technojetswim.com\/es\/hydrostride\/\">FASTLANE\u00ae RUN<\/a><\/li><li class=\"page_item page-item-1397\"><a href=\"https:\/\/technojetswim.com\/es\/endlesspools\/\">Piscinas EndlessPools<\/a><ul class='children'><li class=\"page_item page-item-1409\"><a href=\"https:\/\/technojetswim.com\/es\/endlesspools\/una-piscina-contracorriente-endlesspools-hacia-cualquier-rincon\/\">Una piscina contracorriente EndlessPools hacia cualquier rinc\u00f3n<\/a><\/li><li class=\"page_item page-item-1405\"><a href=\"https:\/\/technojetswim.com\/es\/endlesspools\/cuanto-pesa-una-piscina-de-natacion-contracorriente-endlesspools\/\">\u00bfCu\u00e1nto pesa una piscina de nataci\u00f3n contracorriente EndlessPools?<\/a><\/li><li class=\"page_item page-item-1401\"><a href=\"https:\/\/technojetswim.com\/es\/endlesspools\/obtiene-el-precio-de-las-piscinas-de-natacion-contracorriente-endlesspools\/\">Obtiene el precio de las Piscinas de nataci\u00f3n contracorriente EndlessPools<\/a><\/li><\/ul><\/li><li class=\"page_item page-item-1413\"><a href=\"https:\/\/technojetswim.com\/es\/fastlane\/\">Sistema FASTLANE\u00ae SWIM<\/a><ul class='children'><li class=\"page_item page-item-1443\"><a href=\"https:\/\/technojetswim.com\/es\/fastlane\/mantenimiento-del-sistema-fastlane-e-insertpool\/\">Mantenimiento del Sistema FASTLANE\u00ae SWIM, FASTLANE\u00ae RUN e INSERTPOOL<\/a><\/li><li class=\"page_item page-item-1455\"><a href=\"https:\/\/technojetswim.com\/es\/fastlane\/cuanto-consume-el-motor-de-natacion-contracorriente-fastlane\/\">\u00bfCu\u00e1nto consume el motor de nataci\u00f3n contracorriente FASTLANE\u00ae SWIM?<\/a><\/li><li class=\"page_item page-item-1420\"><a href=\"https:\/\/technojetswim.com\/es\/fastlane\/anade-el-mejor-sistema-de-natacion-contracorriente-a-tu-piscina-ya-existente\/\">A\u00f1ade el mejor sistema de nataci\u00f3n contracorriente a tu piscina ya existente<\/a><\/li><li class=\"page_item page-item-1463\"><a href=\"https:\/\/technojetswim.com\/es\/fastlane\/sistema-fastlane-totalmente-integrado-en-piscina-de-obra\/\">Sistema FASTLANE\u00ae SWIM totalmente integrado en Piscina de obra<\/a><\/li><li class=\"page_item page-item-1439\"><a href=\"https:\/\/technojetswim.com\/es\/fastlane\/instala-el-fastlane-en-tu-piscina-en-un-solo-dia\/\">Instala el Fastlane en tu piscina en un solo d\u00eda<\/a><\/li><li class=\"page_item page-item-1459\"><a href=\"https:\/\/technojetswim.com\/es\/fastlane\/que-debes-tener-en-cuenta-para-la-instalacion-del-equipo-de-natacion-contracorriente-fastlane-en-tu-piscina\/\">\u00bfQu\u00e9 debes tener en cuenta para la instalaci\u00f3n del Equipo de Nataci\u00f3n Contracorriente FASTLANE\u00ae SWIM en tu piscina?<\/a><\/li><li class=\"page_item page-item-1431\"><a href=\"https:\/\/technojetswim.com\/es\/fastlane\/hacia-un-fastlane-en-mi-piscina-estas-son-las-medidas-minimas-para-poderlo-instalar\/\">\u00bfCabe FASTLANE\u00ae SWIM en mi piscina? \u00c9stas son las medidas m\u00ednimas para poderlo instalar<\/a><\/li><li class=\"page_item page-item-1447\"><a href=\"https:\/\/technojetswim.com\/es\/fastlane\/mejora-tu-rendimiento-con-nuestra-nueva-app-fithome\/\">Mejora tu rendimiento con nuestra nueva app Fit@Home<\/a><\/li><li class=\"page_item page-item-1451\"><a href=\"https:\/\/technojetswim.com\/es\/fastlane\/obtenga-el-precio-del-sistema-fastlane\/\">Obtenga el precio del Sistema FASTLANE\u00ae SWIM<\/a><\/li><li class=\"page_item page-item-1424\"><a href=\"https:\/\/technojetswim.com\/es\/fastlane\/4-claves-para-escoger-un-buen-sistema-de-natacion-contracorriente\/\">4 claves para escoger un buen Sistema de Nataci\u00f3n Contracorriente<\/a><\/li><\/ul><\/li><li class=\"page_item page-item-1384\"><a href=\"https:\/\/technojetswim.com\/es\/\">Inicio<\/a><\/li><li class=\"page_item page-item-1494\"><a href=\"https:\/\/technojetswim.com\/es\/usos\/entrenamiento-de-triatlon\/\">Entrenamiento de triatl\u00f3n<\/a><\/li><li class=\"page_item page-item-1487\"><a href=\"https:\/\/technojetswim.com\/es\/usos\/entrenamiento-de-natacion\/\">Entrenamiento de nataci\u00f3n<\/a><\/li><li class=\"page_item page-item-1507\"><a href=\"https:\/\/technojetswim.com\/es\/usos\/natacion-piscinas\/\">Ocio y Relajaci\u00f3n para todos<\/a><\/li><li class=\"page_item page-item-1502\"><a href=\"https:\/\/technojetswim.com\/es\/usos\/hidroterapia-piscina\/\">Mantenimiento y rehabilitaci\u00f3n<\/a><\/li><li class=\"page_item page-item-1498\"><a href=\"https:\/\/technojetswim.com\/es\/usos\/piscina-para-nadar-en-casa\/\">Gana en salud y bienestar<\/a><\/li><\/ul><\/div><\/div>\n<\/div><\/div>\n\n<\/div><\/div>","protected":false},"excerpt":{"rendered":"","protected":false},"author":1,"featured_media":0,"parent":0,"menu_order":0,"comment_status":"closed","ping_status":"closed","template":"","meta":{"_acf_changed":false,"_seopress_robots_primary_cat":"","_seopress_titles_title":"Mapa Web","_seopress_titles_desc":"","_seopress_robots_index":"yes","inline_featured_image":false,"_kad_blocks_custom_css":"","_kad_blocks_head_custom_js":"","_kad_blocks_body_custom_js":"","_kad_blocks_footer_custom_js":"","_kad_post_transparent":"","_kad_post_title":"show","_kad_post_layout":"","_kad_post_sidebar_id":"","_kad_post_content_style":"","_kad_post_vertical_padding":"","_kad_post_feature":"","_kad_post_feature_position":"","_kad_post_header":false,"_kad_post_footer":false,"_kad_post_classname":"","footnotes":""},"class_list":["post-1349","page","type-page","status-publish","hentry"],"acf":[],"taxonomy_info":[],"featured_image_src_large":false,"author_info":{"display_name":"jordi","author_link":"https:\/\/technojetswim.com\/es\/author\/jordi\/"},"comment_info":"","_links":{"self":[{"href":"https:\/\/technojetswim.com\/es\/wp-json\/wp\/v2\/pages\/1349","targetHints":{"allow":["GET"]}}],"collection":[{"href":"https:\/\/technojetswim.com\/es\/wp-json\/wp\/v2\/pages"}],"about":[{"href":"https:\/\/technojetswim.com\/es\/wp-json\/wp\/v2\/types\/page"}],"author":[{"embeddable":true,"href":"https:\/\/technojetswim.com\/es\/wp-json\/wp\/v2\/users\/1"}],"replies":[{"embeddable":true,"href":"https:\/\/technojetswim.com\/es\/wp-json\/wp\/v2\/comments?post=1349"}],"version-history":[{"count":1,"href":"https:\/\/technojetswim.com\/es\/wp-json\/wp\/v2\/pages\/1349\/revisions"}],"predecessor-version":[{"id":2307,"href":"https:\/\/technojetswim.com\/es\/wp-json\/wp\/v2\/pages\/1349\/revisions\/2307"}],"wp:attachment":[{"href":"https:\/\/technojetswim.com\/es\/wp-json\/wp\/v2\/media?parent=1349"}],"curies":[{"name":"wp","href":"https:\/\/api.w.org\/{rel}","templated":true}]}}