{"id":1704,"date":"2024-12-04T12:18:10","date_gmt":"2024-12-04T11:18:10","guid":{"rendered":"https:\/\/techno.mmkt.xyz\/?page_id=1704"},"modified":"2025-02-04T13:12:54","modified_gmt":"2025-02-04T12:12:54","slug":"how-much-does-an-endlesspools-counter-current-swimming-pool-weigh","status":"publish","type":"page","link":"https:\/\/technojetswim.com\/en\/endlesspools\/how-much-does-an-endlesspools-counter-current-swimming-pool-weigh\/","title":{"rendered":"How much does an EndlessPools counter-current swimming pool weigh?"},"content":{"rendered":"<style>.kb-row-layout-id1704_222e2d-97 > .kt-row-column-wrap{align-content:start;}:where(.kb-row-layout-id1704_222e2d-97 > .kt-row-column-wrap) > .wp-block-kadence-column{justify-content:start;}.kb-row-layout-id1704_222e2d-97 > .kt-row-column-wrap{column-gap:var(--global-kb-gap-md, 2rem);row-gap:var(--global-kb-gap-md, 2rem);padding-top:var(--global-kb-spacing-xxl, 5rem);padding-bottom:var(--global-kb-spacing-xxl, 5rem);grid-template-columns:minmax(0, 1fr);}.kb-row-layout-id1704_222e2d-97 > .kt-row-layout-overlay{opacity:0.30;}@media all and (max-width: 1024px){.kb-row-layout-id1704_222e2d-97 > .kt-row-column-wrap{grid-template-columns:minmax(0, 1fr);}}@media all and (max-width: 767px){.kb-row-layout-id1704_222e2d-97 > .kt-row-column-wrap{grid-template-columns:minmax(0, 1fr);}}<\/style><div class=\"kb-row-layout-wrap kb-row-layout-id1704_222e2d-97 alignnone wp-block-kadence-rowlayout\"><div class=\"kt-row-column-wrap kt-has-1-columns kt-row-layout-equal kt-tab-layout-inherit kt-mobile-layout-row kt-row-valign-top\">\n<style>.kadence-column1704_14a971-04 > .kt-inside-inner-col,.kadence-column1704_14a971-04 > .kt-inside-inner-col:before{border-top-left-radius:0px;border-top-right-radius:0px;border-bottom-right-radius:0px;border-bottom-left-radius:0px;}.kadence-column1704_14a971-04 > .kt-inside-inner-col{column-gap:var(--global-kb-gap-sm, 1rem);}.kadence-column1704_14a971-04 > .kt-inside-inner-col{flex-direction:column;}.kadence-column1704_14a971-04 > .kt-inside-inner-col > .aligncenter{width:100%;}.kadence-column1704_14a971-04 > .kt-inside-inner-col:before{opacity:0.3;}.kadence-column1704_14a971-04{position:relative;}@media all and (max-width: 1024px){.kadence-column1704_14a971-04 > .kt-inside-inner-col{flex-direction:column;justify-content:center;}}@media all and (max-width: 767px){.kadence-column1704_14a971-04 > .kt-inside-inner-col{flex-direction:column;justify-content:center;}}<\/style>\n<div class=\"wp-block-kadence-column kadence-column1704_14a971-04\"><div class=\"kt-inside-inner-col\"><style>.kb-row-layout-id1704_6c9b48-a9 > .kt-row-column-wrap{align-content:start;}:where(.kb-row-layout-id1704_6c9b48-a9 > .kt-row-column-wrap) > .wp-block-kadence-column{justify-content:start;}.kb-row-layout-id1704_6c9b48-a9 > .kt-row-column-wrap{column-gap:var(--global-kb-gap-lg, 4rem);row-gap:var(--global-kb-gap-md, 2rem);grid-template-columns:repeat(2, minmax(0, 1fr));}.kb-row-layout-id1704_6c9b48-a9 > .kt-row-layout-overlay{opacity:0.30;}@media all and (max-width: 1024px){.kb-row-layout-id1704_6c9b48-a9 > .kt-row-column-wrap{grid-template-columns:repeat(2, minmax(0, 1fr));}}@media all and (max-width: 767px){.kb-row-layout-id1704_6c9b48-a9 > .kt-row-column-wrap{grid-template-columns:minmax(0, 1fr);}}<\/style><div class=\"kb-row-layout-wrap kb-row-layout-id1704_6c9b48-a9 alignnone wp-block-kadence-rowlayout\"><div class=\"kt-row-column-wrap kt-has-2-columns kt-row-layout-equal kt-tab-layout-inherit kt-mobile-layout-row kt-row-valign-top kt-inner-column-height-full\">\n<style>.kadence-column1704_ac28e8-ac > .kt-inside-inner-col,.kadence-column1704_ac28e8-ac > .kt-inside-inner-col:before{border-top-left-radius:0px;border-top-right-radius:0px;border-bottom-right-radius:0px;border-bottom-left-radius:0px;}.kadence-column1704_ac28e8-ac > .kt-inside-inner-col{column-gap:var(--global-kb-gap-sm, 1rem);}.kadence-column1704_ac28e8-ac > .kt-inside-inner-col{flex-direction:column;}.kadence-column1704_ac28e8-ac > .kt-inside-inner-col > .aligncenter{width:100%;}.kadence-column1704_ac28e8-ac > .kt-inside-inner-col{background-image:url('https:\/\/technojetswim.com\/wp-content\/uploads\/2024\/11\/Fastlane_piscina_existente_Calonge_3.jpg');background-size:cover;background-position:62% 48%;background-attachment:scroll;background-repeat:no-repeat;}.kadence-column1704_ac28e8-ac > .kt-inside-inner-col:before{opacity:0.3;}.kadence-column1704_ac28e8-ac{position:relative;}@media all and (max-width: 1024px){.kadence-column1704_ac28e8-ac > .kt-inside-inner-col{flex-direction:column;justify-content:center;}}@media all and (max-width: 767px){.kadence-column1704_ac28e8-ac > .kt-inside-inner-col{flex-direction:column;justify-content:center;}}<\/style>\n<div class=\"wp-block-kadence-column kadence-column1704_ac28e8-ac\"><div class=\"kt-inside-inner-col\"><\/div><\/div>\n\n\n<style>.kadence-column1704_ef259b-98 > .kt-inside-inner-col,.kadence-column1704_ef259b-98 > .kt-inside-inner-col:before{border-top-left-radius:0px;border-top-right-radius:0px;border-bottom-right-radius:0px;border-bottom-left-radius:0px;}.kadence-column1704_ef259b-98 > .kt-inside-inner-col{column-gap:var(--global-kb-gap-sm, 1rem);}.kadence-column1704_ef259b-98 > .kt-inside-inner-col{flex-direction:column;}.kadence-column1704_ef259b-98 > .kt-inside-inner-col > .aligncenter{width:100%;}.kadence-column1704_ef259b-98 > .kt-inside-inner-col:before{opacity:0.3;}.kadence-column1704_ef259b-98{position:relative;}@media all and (max-width: 1024px){.kadence-column1704_ef259b-98 > .kt-inside-inner-col{flex-direction:column;justify-content:center;}}@media all and (max-width: 767px){.kadence-column1704_ef259b-98 > .kt-inside-inner-col{flex-direction:column;justify-content:center;}}<\/style>\n<div class=\"wp-block-kadence-column kadence-column1704_ef259b-98\"><div class=\"kt-inside-inner-col\"><style>.wp-block-kadence-advancedheading.kt-adv-heading1704_845cb7-b0, .wp-block-kadence-advancedheading.kt-adv-heading1704_845cb7-b0[data-kb-block=\"kb-adv-heading1704_845cb7-b0\"]{font-style:normal;}.wp-block-kadence-advancedheading.kt-adv-heading1704_845cb7-b0 mark.kt-highlight, .wp-block-kadence-advancedheading.kt-adv-heading1704_845cb7-b0[data-kb-block=\"kb-adv-heading1704_845cb7-b0\"] mark.kt-highlight{font-style:normal;color:#f76a0c;-webkit-box-decoration-break:clone;box-decoration-break:clone;padding-top:0px;padding-right:0px;padding-bottom:0px;padding-left:0px;}.wp-block-kadence-advancedheading.kt-adv-heading1704_845cb7-b0 img.kb-inline-image, .wp-block-kadence-advancedheading.kt-adv-heading1704_845cb7-b0[data-kb-block=\"kb-adv-heading1704_845cb7-b0\"] img.kb-inline-image{width:150px;vertical-align:baseline;}<\/style>\n<h3 class=\"kt-adv-heading1704_845cb7-b0 wp-block-kadence-advancedheading\" data-kb-block=\"kb-adv-heading1704_845cb7-b0\">How much does an EndlessPools counter-current swimming pool weigh? Can my terrace support the weight?<\/h3>\n\n\n\n<p>Aquestes i alguna altra, s\u00f3n les t\u00edpiques preguntes m\u00e9s comunes per a la gent que vol instal\u00b7lar una piscina a una terrassa oa alguna planta superior de la casa.<\/p>\n\n\n\n<p>Many people are interested in installing an EndlessPools counter-current swimming pool, as many have a corner with enough space for it.<\/p>\n\n\n<style>.wp-block-kadence-advancedbtn.kb-btns1704_1c087f-17{gap:var(--global-kb-gap-xs, 0.5rem );justify-content:center;align-items:center;}.kt-btns1704_1c087f-17 .kt-button{font-weight:normal;font-style:normal;}.kt-btns1704_1c087f-17 .kt-btn-wrap-0{margin-right:5px;}.wp-block-kadence-advancedbtn.kt-btns1704_1c087f-17 .kt-btn-wrap-0 .kt-button{color:#555555;border-color:#555555;}.wp-block-kadence-advancedbtn.kt-btns1704_1c087f-17 .kt-btn-wrap-0 .kt-button:hover, .wp-block-kadence-advancedbtn.kt-btns1704_1c087f-17 .kt-btn-wrap-0 .kt-button:focus{color:#ffffff;border-color:#444444;}.wp-block-kadence-advancedbtn.kt-btns1704_1c087f-17 .kt-btn-wrap-0 .kt-button::before{display:none;}.wp-block-kadence-advancedbtn.kt-btns1704_1c087f-17 .kt-btn-wrap-0 .kt-button:hover, .wp-block-kadence-advancedbtn.kt-btns1704_1c087f-17 .kt-btn-wrap-0 .kt-button:focus{background:#444444;}<\/style>\n<div class=\"wp-block-kadence-advancedbtn kb-buttons-wrap kb-btns1704_1c087f-17\"><style>ul.menu .wp-block-kadence-advancedbtn .kb-btn1704_883a10-a4.kb-button{width:initial;}<\/style><a class=\"kb-button kt-button button kb-btn1704_883a10-a4 kt-btn-size-standard kt-btn-width-type-auto kb-btn-global-inherit  kt-btn-has-text-true kt-btn-has-svg-false  wp-block-button__link wp-block-kadence-singlebtn\" href=\"https:\/\/technojetswim.com\/en\/endlesspools\/an-endlesspools-counter-current-pool-for-any-corner\/\"><span class=\"kt-btn-inner-text\">Read this article for more info.<\/span><\/a><\/div>\n\n\n\n<p>The truth is that the vast majority plan to install it on a terrace, an attic, a first floor\u2026 and this is where the doubt arises. Would this corner support the weight of an EndlessPools pool?<\/p>\n\n\n<style>.wp-block-kadence-advancedheading.kt-adv-heading1704_623280-28, .wp-block-kadence-advancedheading.kt-adv-heading1704_623280-28[data-kb-block=\"kb-adv-heading1704_623280-28\"]{font-size:22px;font-style:normal;}.wp-block-kadence-advancedheading.kt-adv-heading1704_623280-28 mark.kt-highlight, .wp-block-kadence-advancedheading.kt-adv-heading1704_623280-28[data-kb-block=\"kb-adv-heading1704_623280-28\"] mark.kt-highlight{font-style:normal;color:#f76a0c;-webkit-box-decoration-break:clone;box-decoration-break:clone;padding-top:0px;padding-right:0px;padding-bottom:0px;padding-left:0px;}.wp-block-kadence-advancedheading.kt-adv-heading1704_623280-28 img.kb-inline-image, .wp-block-kadence-advancedheading.kt-adv-heading1704_623280-28[data-kb-block=\"kb-adv-heading1704_623280-28\"] img.kb-inline-image{width:150px;vertical-align:baseline;}<\/style>\n<p class=\"kt-adv-heading1704_623280-28 wp-block-kadence-advancedheading\" data-kb-block=\"kb-adv-heading1704_623280-28\"><strong>Very important! The Kilo per square meter<\/strong><\/p>\n\n\n\n<p>To know if you can install the EndlessPools counter-current swimming pool, you must first know how many kilos per square meter the surface where you want to install it can withstand.<\/p>\n\n\n<style>.wp-block-kadence-advancedheading.kt-adv-heading1704_f72c9b-de, .wp-block-kadence-advancedheading.kt-adv-heading1704_f72c9b-de[data-kb-block=\"kb-adv-heading1704_f72c9b-de\"]{font-size:22px;font-style:normal;}.wp-block-kadence-advancedheading.kt-adv-heading1704_f72c9b-de mark.kt-highlight, .wp-block-kadence-advancedheading.kt-adv-heading1704_f72c9b-de[data-kb-block=\"kb-adv-heading1704_f72c9b-de\"] mark.kt-highlight{font-style:normal;color:#f76a0c;-webkit-box-decoration-break:clone;box-decoration-break:clone;padding-top:0px;padding-right:0px;padding-bottom:0px;padding-left:0px;}.wp-block-kadence-advancedheading.kt-adv-heading1704_f72c9b-de img.kb-inline-image, .wp-block-kadence-advancedheading.kt-adv-heading1704_f72c9b-de[data-kb-block=\"kb-adv-heading1704_f72c9b-de\"] img.kb-inline-image{width:150px;vertical-align:baseline;}<\/style>\n<p class=\"kt-adv-heading1704_f72c9b-de wp-block-kadence-advancedheading\" data-kb-block=\"kb-adv-heading1704_f72c9b-de\"><strong>We calculate the Kilo per square meter of an EndlessPools Pool<\/strong><\/p>\n\n\n\n<p>The average interior size of an EndlessPools Pool is 4.26m. x 2.13m. x 1.22m., which means that it has a capacity of 9.8 m3 of water, which translated into kilos is about 9,800 kilos of water. Here we must add the 2,000 kilos of weight of the modular steel panels of the pool and machinery.<\/p>\n\n\n\n<p>Therefore, the total weight of the complete EndlessPools pool will be approximately 13,000 kilos distributed between 11.4 square meters of total surface area.<\/p>\n\n\n\n<p><strong>And here we have the data: A counter-current swimming pool represents a weight of 1.20 tons per square meter.<\/strong><\/p>\n\n\n\n<p>If the surface where you want to install it supports more than 1.20 tons per square meter, your project can become a reality!<\/p>\n<\/div><\/div>\n\n<\/div><\/div><\/div><\/div>\n\n<\/div><\/div>","protected":false},"excerpt":{"rendered":"<p>How much does an EndlessPools counter-current swimming pool weigh? Can my terrace support the weight? Aquestes i alguna altra, s\u00f3n les t\u00edpiques preguntes m\u00e9s comunes per a la gent que vol instal\u00b7lar una piscina a una terrassa oa alguna planta superior de la casa. Many people are interested in installing an EndlessPools counter-current swimming pool,&#8230;<\/p>\n","protected":false},"author":1,"featured_media":0,"parent":1682,"menu_order":0,"comment_status":"closed","ping_status":"closed","template":"","meta":{"_acf_changed":false,"_seopress_robots_primary_cat":"","_seopress_titles_title":"How much does an EndlessPools counter-current swimming pool weigh?","_seopress_titles_desc":"Discover how much a counter-current Endless Pools swimming pool weighs with Technojet Swim. Visit us.","_seopress_robots_index":"","inline_featured_image":false,"_kad_blocks_custom_css":"","_kad_blocks_head_custom_js":"","_kad_blocks_body_custom_js":"","_kad_blocks_footer_custom_js":"","_kad_post_transparent":"","_kad_post_title":"","_kad_post_layout":"","_kad_post_sidebar_id":"","_kad_post_content_style":"","_kad_post_vertical_padding":"","_kad_post_feature":"","_kad_post_feature_position":"","_kad_post_header":false,"_kad_post_footer":false,"_kad_post_classname":"","footnotes":""},"class_list":["post-1704","page","type-page","status-publish","hentry"],"acf":[],"taxonomy_info":[],"featured_image_src_large":false,"author_info":{"display_name":"jordi","author_link":"https:\/\/technojetswim.com\/en\/author\/jordi\/"},"comment_info":"","_links":{"self":[{"href":"https:\/\/technojetswim.com\/en\/wp-json\/wp\/v2\/pages\/1704","targetHints":{"allow":["GET"]}}],"collection":[{"href":"https:\/\/technojetswim.com\/en\/wp-json\/wp\/v2\/pages"}],"about":[{"href":"https:\/\/technojetswim.com\/en\/wp-json\/wp\/v2\/types\/page"}],"author":[{"embeddable":true,"href":"https:\/\/technojetswim.com\/en\/wp-json\/wp\/v2\/users\/1"}],"replies":[{"embeddable":true,"href":"https:\/\/technojetswim.com\/en\/wp-json\/wp\/v2\/comments?post=1704"}],"version-history":[{"count":1,"href":"https:\/\/technojetswim.com\/en\/wp-json\/wp\/v2\/pages\/1704\/revisions"}],"predecessor-version":[{"id":2426,"href":"https:\/\/technojetswim.com\/en\/wp-json\/wp\/v2\/pages\/1704\/revisions\/2426"}],"up":[{"embeddable":true,"href":"https:\/\/technojetswim.com\/en\/wp-json\/wp\/v2\/pages\/1682"}],"wp:attachment":[{"href":"https:\/\/technojetswim.com\/en\/wp-json\/wp\/v2\/media?parent=1704"}],"curies":[{"name":"wp","href":"https:\/\/api.w.org\/{rel}","templated":true}]}}