{"id":91,"date":"2024-11-18T15:31:37","date_gmt":"2024-11-18T14:31:37","guid":{"rendered":"https:\/\/techno.mmkt.xyz\/?page_id=91"},"modified":"2025-01-31T12:54:56","modified_gmt":"2025-01-31T11:54:56","slug":"accessibilitat","status":"publish","type":"page","link":"https:\/\/technojetswim.com\/ca\/accessibilitat\/","title":{"rendered":"Accessibilitat"},"content":{"rendered":"<style>.kb-row-layout-id91_4745dc-6a > .kt-row-column-wrap{align-content:start;}:where(.kb-row-layout-id91_4745dc-6a > .kt-row-column-wrap) > .wp-block-kadence-column{justify-content:start;}.kb-row-layout-id91_4745dc-6a > .kt-row-column-wrap{column-gap:var(--global-kb-gap-md, 2rem);row-gap:var(--global-kb-gap-md, 2rem);padding-top:var(--global-kb-spacing-xl, 4rem);padding-bottom:var(--global-kb-spacing-xl, 4rem);grid-template-columns:minmax(0, 1fr);}.kb-row-layout-id91_4745dc-6a > .kt-row-layout-overlay{opacity:0.30;}@media all and (max-width: 1024px){.kb-row-layout-id91_4745dc-6a > .kt-row-column-wrap{grid-template-columns:minmax(0, 1fr);}}@media all and (max-width: 767px){.kb-row-layout-id91_4745dc-6a > .kt-row-column-wrap{grid-template-columns:minmax(0, 1fr);}}<\/style><div class=\"kb-row-layout-wrap kb-row-layout-id91_4745dc-6a alignnone wp-block-kadence-rowlayout\"><div class=\"kt-row-column-wrap kt-has-1-columns kt-row-layout-equal kt-tab-layout-inherit kt-mobile-layout-row kt-row-valign-top\">\n<style>.kadence-column91_0fda92-a1 > .kt-inside-inner-col,.kadence-column91_0fda92-a1 > .kt-inside-inner-col:before{border-top-left-radius:0px;border-top-right-radius:0px;border-bottom-right-radius:0px;border-bottom-left-radius:0px;}.kadence-column91_0fda92-a1 > .kt-inside-inner-col{column-gap:var(--global-kb-gap-sm, 1rem);}.kadence-column91_0fda92-a1 > .kt-inside-inner-col{flex-direction:column;}.kadence-column91_0fda92-a1 > .kt-inside-inner-col > .aligncenter{width:100%;}.kadence-column91_0fda92-a1 > .kt-inside-inner-col:before{opacity:0.3;}.kadence-column91_0fda92-a1{position:relative;}@media all and (max-width: 1024px){.kadence-column91_0fda92-a1 > .kt-inside-inner-col{flex-direction:column;justify-content:center;}}@media all and (max-width: 767px){.kadence-column91_0fda92-a1 > .kt-inside-inner-col{flex-direction:column;justify-content:center;}}<\/style>\n<div class=\"wp-block-kadence-column kadence-column91_0fda92-a1\"><div class=\"kt-inside-inner-col\">\n<p>La declaraci\u00f3 d\u2019accessibilitat \u00e9s l\u2019apartat d\u2019un lloc web on s\u2019indica el nivell d\u2019accessibilitat i la informaci\u00f3 addicional.<br>Aquesta declaraci\u00f3 d\u2019accessibilitat s\u2019aplica al lloc web https:\/\/gemmacentredeterapies.com:<\/p>\n\n\n\n<h2 class=\"wp-block-heading\">Situaci\u00f3 de compliment<\/h2>\n\n\n\n<p>Aquest lloc web \u00e9s parcialment conforme amb el&nbsp;<a href=\"https:\/\/www.boe.es\/diario_boe\/txt.php?id=BOE-A-2018-12699\" target=\"_blank\" rel=\"noreferrer noopener\">RD 1112\/2018<\/a>&nbsp;degut a les excepcions ia la manca de conformitat dels aspectes que s\u2019indiquen al seg\u00fcent punt.<\/p>\n\n\n\n<h2 class=\"wp-block-heading\">Contingut no accessible<\/h2>\n\n\n\n<p>El contingut que es recull a continuaci\u00f3 no \u00e9s accessible pel seg\u00fcent:<\/p>\n\n\n\n<h3 class=\"wp-block-heading\">Manca de conformitat amb el RD 1112\/2018<\/h3>\n\n\n\n<p>Podrien existir errors de codi puntuals dedici\u00f3 en alguna p\u00e0gina web. [4.1.1 Processament]<\/p>\n\n\n\n<h3 class=\"wp-block-heading\">C\u00e0rrega desproporcionada<\/h3>\n\n\n\n<p>No aplica.<\/p>\n\n\n\n<h3 class=\"wp-block-heading\">El contingut no entra dins de l\u2019\u00e0mbit de la legislaci\u00f3 aplicable<\/h3>\n\n\n\n<p>No aplica.<\/p>\n\n\n\n<h2 class=\"wp-block-heading\">Preparaci\u00f3 per a la seg\u00fcent declaraci\u00f3 d\u2019accessibilitat<\/h2>\n\n\n\n<p>Aquesta declaraci\u00f3 va ser preparada el 28 de juny de 2021.<\/p>\n\n\n\n<p>El m\u00e8tode emprat per preparar la declaraci\u00f3 ha estat una autoavaluaci\u00f3 duta a terme pel mateix organisme.<\/p>\n\n\n\n<p>Observacions i dades de contacte<\/p>\n\n\n\n<p>Podeu realitzar comunicacions sobre requisits d\u2019accessibilitat (article 10.2.a del RD 1112\/2018) com ara:<\/p>\n\n\n\n<ul class=\"wp-block-list\">\n<li>Informar sobre qualsevol possible incompliment per part d\u2019aquest lloc web<\/li>\n\n\n\n<li>Transmetre altres dificultats d\u2019acc\u00e9s al contingut<\/li>\n\n\n\n<li>Formular qualsevol altra consulta o suggeriment de millora relativa a l\u2019accessibilitat del lloc web a trav\u00e9s del\u00a0<a href=\"mailto: centret.s@hotmail.com\">formulari de contacte<\/a>\u00a0d\u2019aquest lloc web.<\/li>\n<\/ul>\n\n\n\n<p>Podeu presentar:<\/p>\n\n\n\n<ul class=\"wp-block-list\">\n<li>Queixa relativa al compliment dels requisits del RD 1112\/2018 o<\/li>\n\n\n\n<li>Sol\u00b7licitud d\u2019informaci\u00f3 accessible relativa a:\n<ul class=\"wp-block-list\">\n<li>Continguts que estan exclosos de l\u00e0mbit daplicaci\u00f3 del RD 1112\/2018 segons el que estableix larticle 3, apartat 4<\/li>\n\n\n\n<li>Continguts que estan exempts del compliment dels requisits d\u2019accessibilitat per imposar una c\u00e0rrega desproporcionada<\/li>\n<\/ul>\n<\/li>\n<\/ul>\n\n\n\n<p>A la Sol\u00b7licitud d\u2019informaci\u00f3 accessible, cal concretar, amb tota claredat, els fets, les raons i la petici\u00f3 que permetin constatar que es tracta d\u2019una sol\u00b7licitud raonable i leg\u00edtima.<\/p>\n\n\n\n<h2 class=\"wp-block-heading\">Contingut opcional<\/h2>\n\n\n\n<p>Aquest portal est\u00e0 dissenyat per poder canviar la mida del text i el color, aix\u00ed com el fons de la p\u00e0gina mitjan\u00e7ant les opcions de configuraci\u00f3 est\u00e0ndard dels navegadors.<\/p>\n\n\n\n<p>Si voleu canviar la mida de lletra del text als principals navegadors gr\u00e0fics utilitzeu els men\u00fas seg\u00fcents:<\/p>\n\n\n\n<ul class=\"wp-block-list\">\n<li>Internet Explorer, Mozilla i Firefox: Veure > Mida del text<\/li>\n\n\n\n<li>Opera: Veure > Zoom<\/li>\n\n\n\n<li>Safari: Veure > Fer el text m\u00e9s gran<\/li>\n\n\n\n<li>Chrome: Controla la p\u00e0gina actual > Mida del text<\/li>\n\n\n\n<li>Per modificar la mida de tot a la p\u00e0gina:\n<ul class=\"wp-block-list\">\n<li>Ctrl + + para augmentar-ho<\/li>\n\n\n\n<li>Ctrl + \u2013 para disminuir-ho<\/li>\n\n\n\n<li>Ctrl + 0 restaura la mida original del text<\/li>\n\n\n\n<li>Si el que voleu \u00e9s anul\u00b7lar el full d\u2019estils o modificar el color del text, podeu consultar la p\u00e0gina\u00a0How to Change Text Size o Colors de la WAI, que es pot llegir tradu\u00eft a l\u2019espanyol a Com canviar la mida del text o colors?<\/li>\n<\/ul>\n<\/li>\n<\/ul>\n<\/div><\/div>\n\n<\/div><\/div>","protected":false},"excerpt":{"rendered":"<p>La declaraci\u00f3 d\u2019accessibilitat \u00e9s l\u2019apartat d\u2019un lloc web on s\u2019indica el nivell d\u2019accessibilitat i la informaci\u00f3 addicional.Aquesta declaraci\u00f3 d\u2019accessibilitat s\u2019aplica al lloc web https:\/\/gemmacentredeterapies.com: Situaci\u00f3 de compliment Aquest lloc web \u00e9s parcialment conforme amb el&nbsp;RD 1112\/2018&nbsp;degut a les excepcions ia la manca de conformitat dels aspectes que s\u2019indiquen al seg\u00fcent punt. Contingut no accessible El&#8230;<\/p>\n","protected":false},"author":1,"featured_media":0,"parent":0,"menu_order":0,"comment_status":"closed","ping_status":"closed","template":"","meta":{"_acf_changed":false,"_seopress_robots_primary_cat":"","_seopress_titles_title":"Accessibilitat","_seopress_titles_desc":"","_seopress_robots_index":"yes","inline_featured_image":false,"_kad_blocks_custom_css":"","_kad_blocks_head_custom_js":"","_kad_blocks_body_custom_js":"","_kad_blocks_footer_custom_js":"","_kad_post_transparent":"","_kad_post_title":"","_kad_post_layout":"","_kad_post_sidebar_id":"","_kad_post_content_style":"","_kad_post_vertical_padding":"","_kad_post_feature":"","_kad_post_feature_position":"","_kad_post_header":false,"_kad_post_footer":false,"_kad_post_classname":"","footnotes":""},"class_list":["post-91","page","type-page","status-publish","hentry"],"acf":[],"taxonomy_info":[],"featured_image_src_large":false,"author_info":{"display_name":"jordi","author_link":"https:\/\/technojetswim.com\/ca\/author\/jordi\/"},"comment_info":"","_links":{"self":[{"href":"https:\/\/technojetswim.com\/ca\/wp-json\/wp\/v2\/pages\/91","targetHints":{"allow":["GET"]}}],"collection":[{"href":"https:\/\/technojetswim.com\/ca\/wp-json\/wp\/v2\/pages"}],"about":[{"href":"https:\/\/technojetswim.com\/ca\/wp-json\/wp\/v2\/types\/page"}],"author":[{"embeddable":true,"href":"https:\/\/technojetswim.com\/ca\/wp-json\/wp\/v2\/users\/1"}],"replies":[{"embeddable":true,"href":"https:\/\/technojetswim.com\/ca\/wp-json\/wp\/v2\/comments?post=91"}],"version-history":[{"count":1,"href":"https:\/\/technojetswim.com\/ca\/wp-json\/wp\/v2\/pages\/91\/revisions"}],"predecessor-version":[{"id":2301,"href":"https:\/\/technojetswim.com\/ca\/wp-json\/wp\/v2\/pages\/91\/revisions\/2301"}],"wp:attachment":[{"href":"https:\/\/technojetswim.com\/ca\/wp-json\/wp\/v2\/media?parent=91"}],"curies":[{"name":"wp","href":"https:\/\/api.w.org\/{rel}","templated":true}]}}