{"id":792,"date":"2024-12-04T14:47:40","date_gmt":"2024-12-04T13:47:40","guid":{"rendered":"https:\/\/techno.mmkt.xyz\/?page_id=792"},"modified":"2025-02-04T12:59:04","modified_gmt":"2025-02-04T11:59:04","slug":"entrenament-de-triatlo","status":"publish","type":"page","link":"https:\/\/technojetswim.com\/ca\/usos\/entrenament-de-triatlo\/","title":{"rendered":"Entrenament de triatl\u00f3"},"content":{"rendered":"<style>.kb-row-layout-id792_aecac0-ad > .kt-row-column-wrap{align-content:start;}:where(.kb-row-layout-id792_aecac0-ad > .kt-row-column-wrap) > .wp-block-kadence-column{justify-content:start;}.kb-row-layout-id792_aecac0-ad > .kt-row-column-wrap{column-gap:var(--global-kb-gap-md, 2rem);row-gap:var(--global-kb-gap-md, 2rem);padding-top:var(--global-kb-spacing-xxl, 5rem);grid-template-columns:minmax(0, 1fr);}.kb-row-layout-id792_aecac0-ad > .kt-row-layout-overlay{opacity:0.30;}@media all and (max-width: 1024px){.kb-row-layout-id792_aecac0-ad > .kt-row-column-wrap{grid-template-columns:minmax(0, 1fr);}}@media all and (max-width: 767px){.kb-row-layout-id792_aecac0-ad > .kt-row-column-wrap{grid-template-columns:minmax(0, 1fr);}}<\/style><div class=\"kb-row-layout-wrap kb-row-layout-id792_aecac0-ad alignnone wp-block-kadence-rowlayout\"><div class=\"kt-row-column-wrap kt-has-1-columns kt-row-layout-equal kt-tab-layout-inherit kt-mobile-layout-row kt-row-valign-top\">\n<style>.kadence-column792_0a91ca-73 > .kt-inside-inner-col,.kadence-column792_0a91ca-73 > .kt-inside-inner-col:before{border-top-left-radius:0px;border-top-right-radius:0px;border-bottom-right-radius:0px;border-bottom-left-radius:0px;}.kadence-column792_0a91ca-73 > .kt-inside-inner-col{column-gap:var(--global-kb-gap-sm, 1rem);}.kadence-column792_0a91ca-73 > .kt-inside-inner-col{flex-direction:column;}.kadence-column792_0a91ca-73 > .kt-inside-inner-col > .aligncenter{width:100%;}.kadence-column792_0a91ca-73 > .kt-inside-inner-col:before{opacity:0.3;}.kadence-column792_0a91ca-73{position:relative;}@media all and (max-width: 1024px){.kadence-column792_0a91ca-73 > .kt-inside-inner-col{flex-direction:column;justify-content:center;}}@media all and (max-width: 767px){.kadence-column792_0a91ca-73 > .kt-inside-inner-col{flex-direction:column;justify-content:center;}}<\/style>\n<div class=\"wp-block-kadence-column kadence-column792_0a91ca-73\"><div class=\"kt-inside-inner-col\"><style>.wp-block-kadence-advancedheading.kt-adv-heading792_74b9b1-26, .wp-block-kadence-advancedheading.kt-adv-heading792_74b9b1-26[data-kb-block=\"kb-adv-heading792_74b9b1-26\"]{margin-top:0px;margin-bottom:var(--global-kb-spacing-xxs, 0.5rem);text-align:center;font-style:normal;}.wp-block-kadence-advancedheading.kt-adv-heading792_74b9b1-26 mark.kt-highlight, .wp-block-kadence-advancedheading.kt-adv-heading792_74b9b1-26[data-kb-block=\"kb-adv-heading792_74b9b1-26\"] mark.kt-highlight{font-style:normal;color:#f76a0c;-webkit-box-decoration-break:clone;box-decoration-break:clone;padding-top:0px;padding-right:0px;padding-bottom:0px;padding-left:0px;}.wp-block-kadence-advancedheading.kt-adv-heading792_74b9b1-26 img.kb-inline-image, .wp-block-kadence-advancedheading.kt-adv-heading792_74b9b1-26[data-kb-block=\"kb-adv-heading792_74b9b1-26\"] img.kb-inline-image{width:150px;vertical-align:baseline;}<\/style>\n<h2 class=\"kt-adv-heading792_74b9b1-26 wp-block-kadence-advancedheading\" data-kb-block=\"kb-adv-heading792_74b9b1-26\"><strong><strong><strong>Entrenament de triatl\u00f3 a casa? Amb EndlessPools \u00e9s possible<\/strong><\/strong><\/strong><\/h2>\n\n\n<style>.kb-row-layout-id792_149045-c7 > .kt-row-column-wrap{align-content:center;}:where(.kb-row-layout-id792_149045-c7 > .kt-row-column-wrap) > .wp-block-kadence-column{justify-content:center;}.kb-row-layout-id792_149045-c7 > .kt-row-column-wrap{column-gap:var(--global-kb-gap-md, 2rem);row-gap:var(--global-kb-gap-md, 2rem);max-width:var( --global-content-width, 1400px );padding-left:var(--global-content-edge-padding);padding-right:var(--global-content-edge-padding);padding-top:var(--global-kb-spacing-md, 2rem);padding-bottom:var(--global-kb-spacing-xl, 4rem);grid-template-columns:repeat(2, minmax(0, 1fr));}.kb-row-layout-id792_149045-c7 > .kt-row-layout-overlay{opacity:0.30;}@media all and (max-width: 1024px){.kb-row-layout-id792_149045-c7 > .kt-row-column-wrap{grid-template-columns:repeat(2, minmax(0, 1fr));}}@media all and (max-width: 767px){.kb-row-layout-id792_149045-c7 > .kt-row-column-wrap{grid-template-columns:minmax(0, 1fr);}}<\/style><div class=\"kb-row-layout-wrap kb-row-layout-id792_149045-c7 alignnone wp-block-kadence-rowlayout\"><div class=\"kt-row-column-wrap kt-has-2-columns kt-row-layout-equal kt-tab-layout-inherit kt-mobile-layout-row kt-row-valign-middle kb-theme-content-width\">\n<style>.kadence-column792_284539-62 > .kt-inside-inner-col,.kadence-column792_284539-62 > .kt-inside-inner-col:before{border-top-left-radius:0px;border-top-right-radius:0px;border-bottom-right-radius:0px;border-bottom-left-radius:0px;}.kadence-column792_284539-62 > .kt-inside-inner-col{column-gap:var(--global-kb-gap-sm, 1rem);}.kadence-column792_284539-62 > .kt-inside-inner-col{flex-direction:column;}.kadence-column792_284539-62 > .kt-inside-inner-col > .aligncenter{width:100%;}.kadence-column792_284539-62 > .kt-inside-inner-col:before{opacity:0.3;}.kadence-column792_284539-62{position:relative;}@media all and (max-width: 1024px){.kadence-column792_284539-62 > .kt-inside-inner-col{flex-direction:column;justify-content:center;}}@media all and (max-width: 767px){.kadence-column792_284539-62 > .kt-inside-inner-col{flex-direction:column;justify-content:center;}}<\/style>\n<div class=\"wp-block-kadence-column kadence-column792_284539-62\"><div class=\"kt-inside-inner-col\">\n<figure class=\"wp-block-embed is-type-video is-provider-youtube wp-block-embed-youtube wp-embed-aspect-16-9 wp-has-aspect-ratio\"><div class=\"wp-block-embed__wrapper\">\n<iframe loading=\"lazy\" title=\"Lionel Sanders mejora la nataci\u00f3n gracias a su EndlessPools\" width=\"720\" height=\"405\" src=\"https:\/\/www.youtube.com\/embed\/WmMqEerAQiY?feature=oembed\" frameborder=\"0\" allow=\"accelerometer; autoplay; clipboard-write; encrypted-media; gyroscope; picture-in-picture; web-share\" referrerpolicy=\"strict-origin-when-cross-origin\" allowfullscreen><\/iframe>\n<\/div><\/figure>\n<\/div><\/div>\n\n\n<style>.kadence-column792_44a048-6b > .kt-inside-inner-col,.kadence-column792_44a048-6b > .kt-inside-inner-col:before{border-top-left-radius:0px;border-top-right-radius:0px;border-bottom-right-radius:0px;border-bottom-left-radius:0px;}.kadence-column792_44a048-6b > .kt-inside-inner-col{column-gap:var(--global-kb-gap-sm, 1rem);}.kadence-column792_44a048-6b > .kt-inside-inner-col{flex-direction:column;}.kadence-column792_44a048-6b > .kt-inside-inner-col > .aligncenter{width:100%;}.kadence-column792_44a048-6b > .kt-inside-inner-col:before{opacity:0.3;}.kadence-column792_44a048-6b{position:relative;}@media all and (max-width: 1024px){.kadence-column792_44a048-6b > .kt-inside-inner-col{flex-direction:column;justify-content:center;}}@media all and (max-width: 767px){.kadence-column792_44a048-6b > .kt-inside-inner-col{flex-direction:column;justify-content:center;}}<\/style>\n<div class=\"wp-block-kadence-column kadence-column792_44a048-6b\"><div class=\"kt-inside-inner-col\"><style>.wp-block-kadence-advancedheading.kt-adv-heading792_663ccc-24, .wp-block-kadence-advancedheading.kt-adv-heading792_663ccc-24[data-kb-block=\"kb-adv-heading792_663ccc-24\"]{font-style:normal;}.wp-block-kadence-advancedheading.kt-adv-heading792_663ccc-24 mark.kt-highlight, .wp-block-kadence-advancedheading.kt-adv-heading792_663ccc-24[data-kb-block=\"kb-adv-heading792_663ccc-24\"] mark.kt-highlight{font-style:normal;color:#f76a0c;-webkit-box-decoration-break:clone;box-decoration-break:clone;padding-top:0px;padding-right:0px;padding-bottom:0px;padding-left:0px;}.wp-block-kadence-advancedheading.kt-adv-heading792_663ccc-24 img.kb-inline-image, .wp-block-kadence-advancedheading.kt-adv-heading792_663ccc-24[data-kb-block=\"kb-adv-heading792_663ccc-24\"] img.kb-inline-image{width:150px;vertical-align:baseline;}<\/style>\n<h3 class=\"kt-adv-heading792_663ccc-24 wp-block-kadence-advancedheading\" data-kb-block=\"kb-adv-heading792_663ccc-24\">Un corrent d&#8217;aigua suau, similar al corrent d&#8217;un riu i amb 52 velocitats ajustables, perfecte per millorar la teva nataci\u00f3.<\/h3>\n\n\n\n<p>L&#8217;entrenament de nataci\u00f3, als Sistemes de Nataci\u00f3 Contracorrent EndlessPools, \u00e9s com nedar en aig\u00fces obertes, sense necessitat de fer girs, compartir carrers i si s&#8217;ha d&#8217;aturar. <strong>En eliminar els girs podr\u00e0s saber amb m\u00e9s certesa quin \u00e9s el teu veritable nivell de resist\u00e8ncia en nadant continu<\/strong>.<\/p>\n\n\n\n<p>El cabal d&#8217;aigua de la unitat de nataci\u00f3 \u00e9s m\u00e9s ample que el teu cos i m\u00e9s profund que el bra\u00e7at, la qual cosa crea un corrent suau i c\u00f2mode, contra el qual podr\u00e0s nedar c\u00f2modament.<\/p>\n\n\n\n<p><strong>Podr\u00e0s entrenar-te tant com vulguis i seguir el teu propi horari, gr\u00e0cies a l&#8217;avantatge de fer-ho a casa.<\/strong><\/p>\n<\/div><\/div>\n\n<\/div><\/div><\/div><\/div>\n\n<\/div><\/div>\n\n<style>.kb-row-layout-id792_5e6872-f6 > .kt-row-column-wrap{align-content:start;}:where(.kb-row-layout-id792_5e6872-f6 > .kt-row-column-wrap) > .wp-block-kadence-column{justify-content:start;}.kb-row-layout-id792_5e6872-f6 > .kt-row-column-wrap{column-gap:var(--global-kb-gap-md, 2rem);row-gap:var(--global-kb-gap-md, 2rem);max-width:var( --global-content-width, 1400px );padding-left:var(--global-content-edge-padding);padding-right:var(--global-content-edge-padding);padding-bottom:var(--global-kb-spacing-xxl, 5rem);grid-template-columns:minmax(0, 1fr);}.kb-row-layout-id792_5e6872-f6 > .kt-row-layout-overlay{opacity:0.30;}@media all and (max-width: 1024px){.kb-row-layout-id792_5e6872-f6 > .kt-row-column-wrap{grid-template-columns:minmax(0, 1fr);}}@media all and (max-width: 767px){.kb-row-layout-id792_5e6872-f6 > .kt-row-column-wrap{grid-template-columns:minmax(0, 1fr);}}<\/style><div class=\"kb-row-layout-wrap kb-row-layout-id792_5e6872-f6 alignnone wp-block-kadence-rowlayout\"><div class=\"kt-row-column-wrap kt-has-1-columns kt-row-layout-equal kt-tab-layout-inherit kt-mobile-layout-row kt-row-valign-top kb-theme-content-width\">\n<style>.kadence-column792_bad82b-48 > .kt-inside-inner-col,.kadence-column792_bad82b-48 > .kt-inside-inner-col:before{border-top-left-radius:0px;border-top-right-radius:0px;border-bottom-right-radius:0px;border-bottom-left-radius:0px;}.kadence-column792_bad82b-48 > .kt-inside-inner-col{column-gap:var(--global-kb-gap-sm, 1rem);}.kadence-column792_bad82b-48 > .kt-inside-inner-col{flex-direction:column;}.kadence-column792_bad82b-48 > .kt-inside-inner-col > .aligncenter{width:100%;}.kadence-column792_bad82b-48 > .kt-inside-inner-col:before{opacity:0.3;}.kadence-column792_bad82b-48{position:relative;}@media all and (max-width: 1024px){.kadence-column792_bad82b-48 > .kt-inside-inner-col{flex-direction:column;justify-content:center;}}@media all and (max-width: 767px){.kadence-column792_bad82b-48 > .kt-inside-inner-col{flex-direction:column;justify-content:center;}}<\/style>\n<div class=\"wp-block-kadence-column kadence-column792_bad82b-48\"><div class=\"kt-inside-inner-col\">\n<p>Durant m\u00e9s de 10 anys, triatletes Ironman han posat a prova l&#8217;efectivitat dels sistemes de nataci\u00f3 Contracorrent EndlessPools en carreres de tot el m\u00f3n, des de Lake Placid a Lake Taupo.<\/p>\n\n\n\n<p>L&#8217;any passat, al campionat del m\u00f3n de Kona, vam llan\u00e7ar el nostre producte m\u00e9s recent, la piscina Elite <a href=\"https:\/\/technojetswim.com\/ca\/endlesspools\/\" data-type=\"page\" data-id=\"43\">d&#8217;EndlessPools<\/a> equipada amb dues h\u00e8lixs impulsades per un motor de 7,5 hp. M\u00e9s de 1.000 dels millors triatletes de tot el m\u00f3n van participar a la prova \u00abEndlessPools Challenge\u00bb, on van tenir l&#8217;oportunitat de posar a prova el topall de gamma d&#8217;Endlesspools, que arriba a una velocitat m\u00e0xima igual a nedar 100 m en menys de 50 segons!<\/p>\n\n\n\n<p><strong>Lionel Sanders, campi\u00f3 del m\u00f3n d&#8217;Ironman 2017, compta amb una piscina de nataci\u00f3 contracorrent EndlessPools a una petita habitaci\u00f3 de casa seva. Gr\u00e0cies a aix\u00f2, el triatleta de Windsor ha aconseguit gaireb\u00e9 8\u2032 de millora en la nataci\u00f3 d&#8217;un Ironman en dos anys. \u201cLa major part de la meva nataci\u00f3 ara la realitzo a l&#8217;EndlessPools\u201d, explicava en una entrevista a Kona el 2017.<\/strong><\/p>\n\n\n<style>.wp-block-kadence-advancedheading.kt-adv-heading792_f03ee8-b1, .wp-block-kadence-advancedheading.kt-adv-heading792_f03ee8-b1[data-kb-block=\"kb-adv-heading792_f03ee8-b1\"]{margin-top:0px;margin-bottom:var(--global-kb-spacing-sm, 1.5rem);text-align:left;font-style:normal;}.wp-block-kadence-advancedheading.kt-adv-heading792_f03ee8-b1 mark.kt-highlight, .wp-block-kadence-advancedheading.kt-adv-heading792_f03ee8-b1[data-kb-block=\"kb-adv-heading792_f03ee8-b1\"] mark.kt-highlight{font-style:normal;color:#f76a0c;-webkit-box-decoration-break:clone;box-decoration-break:clone;padding-top:0px;padding-right:0px;padding-bottom:0px;padding-left:0px;}.wp-block-kadence-advancedheading.kt-adv-heading792_f03ee8-b1 img.kb-inline-image, .wp-block-kadence-advancedheading.kt-adv-heading792_f03ee8-b1[data-kb-block=\"kb-adv-heading792_f03ee8-b1\"] img.kb-inline-image{width:150px;vertical-align:baseline;}<\/style>\n<h2 class=\"kt-adv-heading792_f03ee8-b1 wp-block-kadence-advancedheading\" data-kb-block=\"kb-adv-heading792_f03ee8-b1\">Sigues el primer a sortir de l&#8217;aigua.<\/h2>\n\n\n\n<p>Actualment, alguns dels millors programes i entrenadors de nataci\u00f3 del m\u00f3n com David Marsh utilitzen la nostra piscina per depurar la seva t\u00e8cnica de nataci\u00f3. <strong>No cal ser un nedador de nivell ol\u00edmpic per poder beneficiar-te dels avantatges que t&#8217;ofereix poder entrenar-te amb aquests sistemes<\/strong>.<\/p>\n\n\n\n<p><strong>A les versions InsertPool i Piscines EndlessPools, tenen l&#8217;opcional d&#8217;afegir una cinta de c\u00f3rrer aqu\u00e0tica, perqu\u00e8 es pugui reduir la pressi\u00f3 que s&#8217;exerceix sobre les articulacions<\/strong>. Una perfecta manera de recuperaci\u00f3 muscular, de recuperaci\u00f3 de lesions i condicionament f\u00edsic. L&#8217;entrenament peri\u00f2dic en una piscina EndlessPools us ajudar\u00e0 a aconseguir una nova marca personal; T&#8217;ho garantim!<\/p>\n<\/div><\/div>\n\n<\/div><\/div>","protected":false},"excerpt":{"rendered":"<p>Entrenament de triatl\u00f3 a casa? Amb EndlessPools \u00e9s possible Un corrent d&#8217;aigua suau, similar al corrent d&#8217;un riu i amb 52 velocitats ajustables, perfecte per millorar la teva nataci\u00f3. L&#8217;entrenament de nataci\u00f3, als Sistemes de Nataci\u00f3 Contracorrent EndlessPools, \u00e9s com nedar en aig\u00fces obertes, sense necessitat de fer girs, compartir carrers i si s&#8217;ha d&#8217;aturar&#8230;.<\/p>\n","protected":false},"author":1,"featured_media":0,"parent":767,"menu_order":0,"comment_status":"closed","ping_status":"closed","template":"","meta":{"_acf_changed":false,"_seopress_robots_primary_cat":"","_seopress_titles_title":"Entrenar triatl\u00f3 a casa amb piscina de corrent de retorn - Technojet Swim","_seopress_titles_desc":"Optimitza el teu rendiment al entrenar triatl\u00f3 amb una piscina de nataci\u00f3 a contracorrent. Millora la teva t\u00e8cnica sense sortir de casa. Descobreix-ho a Technojet Swim.","_seopress_robots_index":"","inline_featured_image":false,"_kad_blocks_custom_css":"","_kad_blocks_head_custom_js":"","_kad_blocks_body_custom_js":"","_kad_blocks_footer_custom_js":"","_kad_post_transparent":"","_kad_post_title":"","_kad_post_layout":"","_kad_post_sidebar_id":"","_kad_post_content_style":"","_kad_post_vertical_padding":"","_kad_post_feature":"","_kad_post_feature_position":"","_kad_post_header":false,"_kad_post_footer":false,"_kad_post_classname":"","footnotes":""},"class_list":["post-792","page","type-page","status-publish","hentry"],"acf":[],"taxonomy_info":[],"featured_image_src_large":false,"author_info":{"display_name":"jordi","author_link":"https:\/\/technojetswim.com\/ca\/author\/jordi\/"},"comment_info":"","_links":{"self":[{"href":"https:\/\/technojetswim.com\/ca\/wp-json\/wp\/v2\/pages\/792","targetHints":{"allow":["GET"]}}],"collection":[{"href":"https:\/\/technojetswim.com\/ca\/wp-json\/wp\/v2\/pages"}],"about":[{"href":"https:\/\/technojetswim.com\/ca\/wp-json\/wp\/v2\/types\/page"}],"author":[{"embeddable":true,"href":"https:\/\/technojetswim.com\/ca\/wp-json\/wp\/v2\/users\/1"}],"replies":[{"embeddable":true,"href":"https:\/\/technojetswim.com\/ca\/wp-json\/wp\/v2\/comments?post=792"}],"version-history":[{"count":1,"href":"https:\/\/technojetswim.com\/ca\/wp-json\/wp\/v2\/pages\/792\/revisions"}],"predecessor-version":[{"id":2410,"href":"https:\/\/technojetswim.com\/ca\/wp-json\/wp\/v2\/pages\/792\/revisions\/2410"}],"up":[{"embeddable":true,"href":"https:\/\/technojetswim.com\/ca\/wp-json\/wp\/v2\/pages\/767"}],"wp:attachment":[{"href":"https:\/\/technojetswim.com\/ca\/wp-json\/wp\/v2\/media?parent=792"}],"curies":[{"name":"wp","href":"https:\/\/api.w.org\/{rel}","templated":true}]}}