{"id":784,"date":"2024-12-04T14:46:55","date_gmt":"2024-12-04T13:46:55","guid":{"rendered":"https:\/\/techno.mmkt.xyz\/?page_id=784"},"modified":"2025-02-04T12:51:46","modified_gmt":"2025-02-04T11:51:46","slug":"natacio-piscines","status":"publish","type":"page","link":"https:\/\/technojetswim.com\/ca\/usos\/natacio-piscines\/","title":{"rendered":"Oci i Relaxaci\u00f3 per a tots"},"content":{"rendered":"<style>.kb-row-layout-id784_4eda19-52 > .kt-row-column-wrap{align-content:start;}:where(.kb-row-layout-id784_4eda19-52 > .kt-row-column-wrap) > .wp-block-kadence-column{justify-content:start;}.kb-row-layout-id784_4eda19-52 > .kt-row-column-wrap{column-gap:var(--global-kb-gap-md, 2rem);row-gap:var(--global-kb-gap-md, 2rem);padding-top:var(--global-kb-spacing-xxl, 5rem);grid-template-columns:minmax(0, 1fr);}.kb-row-layout-id784_4eda19-52 > .kt-row-layout-overlay{opacity:0.30;}@media all and (max-width: 1024px){.kb-row-layout-id784_4eda19-52 > .kt-row-column-wrap{grid-template-columns:minmax(0, 1fr);}}@media all and (max-width: 767px){.kb-row-layout-id784_4eda19-52 > .kt-row-column-wrap{grid-template-columns:minmax(0, 1fr);}}<\/style><div class=\"kb-row-layout-wrap kb-row-layout-id784_4eda19-52 alignnone wp-block-kadence-rowlayout\"><div class=\"kt-row-column-wrap kt-has-1-columns kt-row-layout-equal kt-tab-layout-inherit kt-mobile-layout-row kt-row-valign-top\">\n<style>.kadence-column784_334f78-1f > .kt-inside-inner-col,.kadence-column784_334f78-1f > .kt-inside-inner-col:before{border-top-left-radius:0px;border-top-right-radius:0px;border-bottom-right-radius:0px;border-bottom-left-radius:0px;}.kadence-column784_334f78-1f > .kt-inside-inner-col{column-gap:var(--global-kb-gap-sm, 1rem);}.kadence-column784_334f78-1f > .kt-inside-inner-col{flex-direction:column;}.kadence-column784_334f78-1f > .kt-inside-inner-col > .aligncenter{width:100%;}.kadence-column784_334f78-1f > .kt-inside-inner-col:before{opacity:0.3;}.kadence-column784_334f78-1f{position:relative;}@media all and (max-width: 1024px){.kadence-column784_334f78-1f > .kt-inside-inner-col{flex-direction:column;justify-content:center;}}@media all and (max-width: 767px){.kadence-column784_334f78-1f > .kt-inside-inner-col{flex-direction:column;justify-content:center;}}<\/style>\n<div class=\"wp-block-kadence-column kadence-column784_334f78-1f\"><div class=\"kt-inside-inner-col\"><style>.wp-block-kadence-advancedheading.kt-adv-heading784_eb5146-05, .wp-block-kadence-advancedheading.kt-adv-heading784_eb5146-05[data-kb-block=\"kb-adv-heading784_eb5146-05\"]{margin-top:0px;margin-bottom:var(--global-kb-spacing-xxs, 0.5rem);text-align:center;font-style:normal;}.wp-block-kadence-advancedheading.kt-adv-heading784_eb5146-05 mark.kt-highlight, .wp-block-kadence-advancedheading.kt-adv-heading784_eb5146-05[data-kb-block=\"kb-adv-heading784_eb5146-05\"] mark.kt-highlight{font-style:normal;color:#f76a0c;-webkit-box-decoration-break:clone;box-decoration-break:clone;padding-top:0px;padding-right:0px;padding-bottom:0px;padding-left:0px;}.wp-block-kadence-advancedheading.kt-adv-heading784_eb5146-05 img.kb-inline-image, .wp-block-kadence-advancedheading.kt-adv-heading784_eb5146-05[data-kb-block=\"kb-adv-heading784_eb5146-05\"] img.kb-inline-image{width:150px;vertical-align:baseline;}<\/style>\n<h2 class=\"kt-adv-heading784_eb5146-05 wp-block-kadence-advancedheading\" data-kb-block=\"kb-adv-heading784_eb5146-05\"><strong><strong><strong>Oci i Relaxaci\u00f3 per a tota la fam\u00edlia<\/strong><\/strong><\/strong><\/h2>\n\n\n<style>.kb-row-layout-id784_4b7493-5b > .kt-row-column-wrap{align-content:center;}:where(.kb-row-layout-id784_4b7493-5b > .kt-row-column-wrap) > .wp-block-kadence-column{justify-content:center;}.kb-row-layout-id784_4b7493-5b > .kt-row-column-wrap{column-gap:var(--global-kb-gap-md, 2rem);row-gap:var(--global-kb-gap-md, 2rem);max-width:var( --global-content-width, 1400px );padding-left:var(--global-content-edge-padding);padding-right:var(--global-content-edge-padding);padding-top:var(--global-kb-spacing-md, 2rem);padding-bottom:var(--global-kb-spacing-xl, 4rem);grid-template-columns:repeat(2, minmax(0, 1fr));}.kb-row-layout-id784_4b7493-5b > .kt-row-layout-overlay{opacity:0.30;}@media all and (max-width: 1024px){.kb-row-layout-id784_4b7493-5b > .kt-row-column-wrap{grid-template-columns:repeat(2, minmax(0, 1fr));}}@media all and (max-width: 767px){.kb-row-layout-id784_4b7493-5b > .kt-row-column-wrap{grid-template-columns:minmax(0, 1fr);}}<\/style><div class=\"kb-row-layout-wrap kb-row-layout-id784_4b7493-5b alignnone wp-block-kadence-rowlayout\"><div class=\"kt-row-column-wrap kt-has-2-columns kt-row-layout-equal kt-tab-layout-inherit kt-mobile-layout-row kt-row-valign-middle kb-theme-content-width\">\n<style>.kadence-column784_213a7d-75 > .kt-inside-inner-col,.kadence-column784_213a7d-75 > .kt-inside-inner-col:before{border-top-left-radius:0px;border-top-right-radius:0px;border-bottom-right-radius:0px;border-bottom-left-radius:0px;}.kadence-column784_213a7d-75 > .kt-inside-inner-col{column-gap:var(--global-kb-gap-sm, 1rem);}.kadence-column784_213a7d-75 > .kt-inside-inner-col{flex-direction:column;}.kadence-column784_213a7d-75 > .kt-inside-inner-col > .aligncenter{width:100%;}.kadence-column784_213a7d-75 > .kt-inside-inner-col:before{opacity:0.3;}.kadence-column784_213a7d-75{position:relative;}@media all and (max-width: 1024px){.kadence-column784_213a7d-75 > .kt-inside-inner-col{flex-direction:column;justify-content:center;}}@media all and (max-width: 767px){.kadence-column784_213a7d-75 > .kt-inside-inner-col{flex-direction:column;justify-content:center;}}<\/style>\n<div class=\"wp-block-kadence-column kadence-column784_213a7d-75\"><div class=\"kt-inside-inner-col\"><style>.kb-image784_64e7a3-cb .kb-image-has-overlay:after{opacity:0.3;}<\/style>\n<figure class=\"wp-block-kadence-image kb-image784_64e7a3-cb kb-image-is-ratio-size\"><div class=\"kb-is-ratio-image kb-image-ratio-land43\"><img alt=\"\" loading=\"lazy\" decoding=\"async\" width=\"640\" height=\"427\" src=\"https:\/\/technojetswim.com\/wp-content\/uploads\/2025\/01\/download-5.jpg\" class=\"kb-img wp-image-989\" srcset=\"https:\/\/technojetswim.com\/wp-content\/uploads\/2025\/01\/download-5.jpg 640w, https:\/\/technojetswim.com\/wp-content\/uploads\/2025\/01\/download-5-300x200.jpg 300w\" sizes=\"auto, (max-width: 640px) 100vw, 640px\" \/><\/div><\/figure>\n<\/div><\/div>\n\n\n<style>.kadence-column784_f4099a-95 > .kt-inside-inner-col,.kadence-column784_f4099a-95 > .kt-inside-inner-col:before{border-top-left-radius:0px;border-top-right-radius:0px;border-bottom-right-radius:0px;border-bottom-left-radius:0px;}.kadence-column784_f4099a-95 > .kt-inside-inner-col{column-gap:var(--global-kb-gap-sm, 1rem);}.kadence-column784_f4099a-95 > .kt-inside-inner-col{flex-direction:column;}.kadence-column784_f4099a-95 > .kt-inside-inner-col > .aligncenter{width:100%;}.kadence-column784_f4099a-95 > .kt-inside-inner-col:before{opacity:0.3;}.kadence-column784_f4099a-95{position:relative;}@media all and (max-width: 1024px){.kadence-column784_f4099a-95 > .kt-inside-inner-col{flex-direction:column;justify-content:center;}}@media all and (max-width: 767px){.kadence-column784_f4099a-95 > .kt-inside-inner-col{flex-direction:column;justify-content:center;}}<\/style>\n<div class=\"wp-block-kadence-column kadence-column784_f4099a-95\"><div class=\"kt-inside-inner-col\"><style>.wp-block-kadence-advancedheading.kt-adv-heading784_215ecc-09, .wp-block-kadence-advancedheading.kt-adv-heading784_215ecc-09[data-kb-block=\"kb-adv-heading784_215ecc-09\"]{font-style:normal;}.wp-block-kadence-advancedheading.kt-adv-heading784_215ecc-09 mark.kt-highlight, .wp-block-kadence-advancedheading.kt-adv-heading784_215ecc-09[data-kb-block=\"kb-adv-heading784_215ecc-09\"] mark.kt-highlight{font-style:normal;color:#f76a0c;-webkit-box-decoration-break:clone;box-decoration-break:clone;padding-top:0px;padding-right:0px;padding-bottom:0px;padding-left:0px;}.wp-block-kadence-advancedheading.kt-adv-heading784_215ecc-09 img.kb-inline-image, .wp-block-kadence-advancedheading.kt-adv-heading784_215ecc-09[data-kb-block=\"kb-adv-heading784_215ecc-09\"] img.kb-inline-image{width:150px;vertical-align:baseline;}<\/style>\n<h3 class=\"kt-adv-heading784_215ecc-09 wp-block-kadence-advancedheading\" data-kb-block=\"kb-adv-heading784_215ecc-09\">Exacte, per a tota la fam\u00edlia! Tothom pot gaudir dels sistemes EndlessPools.<\/h3>\n\n\n\n<p>Oberta les 24 hores del dia i els set dies de la setmana, una piscina EndlessPools a casa teva pot ser un lloc on tota la fam\u00edlia comparteixi hores de diversi\u00f3 espont\u00e0nia, celebraci\u00f3 i relaxaci\u00f3.<\/p>\n\n\n\n<p>Gaudeix del plaer de nedar qualsevol dia de l\u00b4any sense la incomoditat d\u00b4haver de planificar, fer reserves o despla\u00e7ar-te a una piscina. Despr\u00e9s de la feina, a qualsevol hora, deixeu que el corrent d&#8217;aigua s&#8217;encarregueu d&#8217;eliminar l&#8217;estr\u00e8s. Els propulsors opcionals d&#8217;hidroter\u00e0pia et proporcionen un massatge suau i alleugen la rigidesa i la tensi\u00f3 muscular.<\/p>\n\n\n<style>.wp-block-kadence-advancedbtn.kb-btns784_2ab0c8-06{gap:var(--global-kb-gap-xs, 0.5rem );justify-content:flex-start;align-items:center;}.kt-btns784_2ab0c8-06 .kt-button{font-weight:normal;font-style:normal;}.kt-btns784_2ab0c8-06 .kt-btn-wrap-0{margin-right:5px;}.wp-block-kadence-advancedbtn.kt-btns784_2ab0c8-06 .kt-btn-wrap-0 .kt-button{color:#555555;border-color:#555555;}.wp-block-kadence-advancedbtn.kt-btns784_2ab0c8-06 .kt-btn-wrap-0 .kt-button:hover, .wp-block-kadence-advancedbtn.kt-btns784_2ab0c8-06 .kt-btn-wrap-0 .kt-button:focus{color:#ffffff;border-color:#444444;}.wp-block-kadence-advancedbtn.kt-btns784_2ab0c8-06 .kt-btn-wrap-0 .kt-button::before{display:none;}.wp-block-kadence-advancedbtn.kt-btns784_2ab0c8-06 .kt-btn-wrap-0 .kt-button:hover, .wp-block-kadence-advancedbtn.kt-btns784_2ab0c8-06 .kt-btn-wrap-0 .kt-button:focus{background:#444444;}<\/style>\n<div class=\"wp-block-kadence-advancedbtn kb-buttons-wrap kb-btns784_2ab0c8-06\"><style>ul.menu .wp-block-kadence-advancedbtn .kb-btn784_3868f7-d8.kb-button{width:initial;}<\/style><a class=\"kb-button kt-button button kb-btn784_3868f7-d8 kt-btn-size-standard kt-btn-width-type-auto kb-btn-global-inherit  kt-btn-has-text-true kt-btn-has-svg-false  wp-block-button__link wp-block-kadence-singlebtn\" href=\"https:\/\/technojetswim.com\/ca\/endlesspools\/\"><span class=\"kt-btn-inner-text\">Descobreix els Sistemes de Nataci\u00f3 Contracorrent d&#8217;EndlessPools<\/span><\/a><\/div>\n<\/div><\/div>\n\n<\/div><\/div><\/div><\/div>\n\n<\/div><\/div>\n\n<style>.kb-row-layout-id784_233e0b-11 > .kt-row-column-wrap{align-content:start;}:where(.kb-row-layout-id784_233e0b-11 > .kt-row-column-wrap) > .wp-block-kadence-column{justify-content:start;}.kb-row-layout-id784_233e0b-11 > .kt-row-column-wrap{column-gap:var(--global-kb-gap-md, 2rem);row-gap:var(--global-kb-gap-md, 2rem);max-width:var( --global-content-width, 1400px );padding-left:var(--global-content-edge-padding);padding-right:var(--global-content-edge-padding);padding-bottom:var(--global-kb-spacing-xxl, 5rem);grid-template-columns:minmax(0, 1fr);}.kb-row-layout-id784_233e0b-11 > .kt-row-layout-overlay{opacity:0.30;}@media all and (max-width: 1024px){.kb-row-layout-id784_233e0b-11 > .kt-row-column-wrap{grid-template-columns:minmax(0, 1fr);}}@media all and (max-width: 767px){.kb-row-layout-id784_233e0b-11 > .kt-row-column-wrap{grid-template-columns:minmax(0, 1fr);}}<\/style><div class=\"kb-row-layout-wrap kb-row-layout-id784_233e0b-11 alignnone wp-block-kadence-rowlayout\"><div class=\"kt-row-column-wrap kt-has-1-columns kt-row-layout-equal kt-tab-layout-inherit kt-mobile-layout-row kt-row-valign-top kb-theme-content-width\">\n<style>.kadence-column784_2987f3-82 > .kt-inside-inner-col,.kadence-column784_2987f3-82 > .kt-inside-inner-col:before{border-top-left-radius:0px;border-top-right-radius:0px;border-bottom-right-radius:0px;border-bottom-left-radius:0px;}.kadence-column784_2987f3-82 > .kt-inside-inner-col{column-gap:var(--global-kb-gap-sm, 1rem);}.kadence-column784_2987f3-82 > .kt-inside-inner-col{flex-direction:column;}.kadence-column784_2987f3-82 > .kt-inside-inner-col > .aligncenter{width:100%;}.kadence-column784_2987f3-82 > .kt-inside-inner-col:before{opacity:0.3;}.kadence-column784_2987f3-82{position:relative;}@media all and (max-width: 1024px){.kadence-column784_2987f3-82 > .kt-inside-inner-col{flex-direction:column;justify-content:center;}}@media all and (max-width: 767px){.kadence-column784_2987f3-82 > .kt-inside-inner-col{flex-direction:column;justify-content:center;}}<\/style>\n<div class=\"wp-block-kadence-column kadence-column784_2987f3-82\"><div class=\"kt-inside-inner-col\"><style>.wp-block-kadence-advancedheading.kt-adv-heading784_6056c9-07, .wp-block-kadence-advancedheading.kt-adv-heading784_6056c9-07[data-kb-block=\"kb-adv-heading784_6056c9-07\"]{margin-top:0px;margin-bottom:var(--global-kb-spacing-sm, 1.5rem);text-align:left;font-style:normal;}.wp-block-kadence-advancedheading.kt-adv-heading784_6056c9-07 mark.kt-highlight, .wp-block-kadence-advancedheading.kt-adv-heading784_6056c9-07[data-kb-block=\"kb-adv-heading784_6056c9-07\"] mark.kt-highlight{font-style:normal;color:#f76a0c;-webkit-box-decoration-break:clone;box-decoration-break:clone;padding-top:0px;padding-right:0px;padding-bottom:0px;padding-left:0px;}.wp-block-kadence-advancedheading.kt-adv-heading784_6056c9-07 img.kb-inline-image, .wp-block-kadence-advancedheading.kt-adv-heading784_6056c9-07[data-kb-block=\"kb-adv-heading784_6056c9-07\"] img.kb-inline-image{width:150px;vertical-align:baseline;}<\/style>\n<h2 class=\"kt-adv-heading784_6056c9-07 wp-block-kadence-advancedheading\" data-kb-block=\"kb-adv-heading784_6056c9-07\"><strong><strong>Jugar i estar plegats, tot comen\u00e7a aqu\u00ed.<\/strong><\/strong><\/h2>\n\n\n\n<p>Amb la supervisi\u00f3 adequada, <strong>tots poden gaudir, des dels m\u00e9s joves fins als m\u00e9s grans, jugant i relaxant-se en el suau corrent de nataci\u00f3 que proporcionen aquests sistemes completament ajustables a qualsevol nivell<\/strong>. De fet, molts dels nostres clients comenten que els nens no volen sortir de la piscina. Als nens els encanta surar muntats en matalassos inflables o fer surf contra el corrent, agafant-se a la barra de la unitat de propulsi\u00f3.<\/p>\n\n\n\n<p>Molts dels nostres clients permeten que els ve\u00efns utilitzin la seva piscina per a hidroter\u00e0pia i relaxaci\u00f3. Per\u00f2 d\u00f3na&#8217;t per avisat, potser no et convingui convidar els nens dels ve\u00efns, si \u00e9s que en vols gaudir amb tranquil\u00b7litat, \u00e9s molt addictiva!<\/p>\n\n\n\n<p><strong>La nataci\u00f3 i lexercici aqu\u00e0tic \u00e9s la forma perfecta de mantenir-se en forma, independentment del nivell de capacitat o circumst\u00e0ncies<\/strong>. Si vols comen\u00e7ar a beneficiar-te de tots els incre\u00efbles avantatges que els exercicis aer\u00f2bics aqu\u00e0tics representen per a la teva salut, instal\u00b7la una piscina EndlessPools, <strong>permetr\u00e0 a la teva fam\u00edlia gaudir d&#8217;un bany plaent en qualsevol \u00e8poca de l&#8217;any<\/strong>.<\/p>\n<\/div><\/div>\n\n<\/div><\/div>","protected":false},"excerpt":{"rendered":"<p>Oci i Relaxaci\u00f3 per a tota la fam\u00edlia Exacte, per a tota la fam\u00edlia! Tothom pot gaudir dels sistemes EndlessPools. Oberta les 24 hores del dia i els set dies de la setmana, una piscina EndlessPools a casa teva pot ser un lloc on tota la fam\u00edlia comparteixi hores de diversi\u00f3 espont\u00e0nia, celebraci\u00f3 i relaxaci\u00f3&#8230;.<\/p>\n","protected":false},"author":1,"featured_media":0,"parent":767,"menu_order":0,"comment_status":"closed","ping_status":"closed","template":"","meta":{"_acf_changed":false,"_seopress_robots_primary_cat":"","_seopress_titles_title":"Nataci\u00f3 en piscines: entrena i gaudeix a casa - Technojet Swim","_seopress_titles_desc":"Millora la teva t\u00e8cnica i resist\u00e8ncia amb la millor nataci\u00f3 en piscines de corrent de retorn. Descobreix les nostres solucions a Technojet Swim.","_seopress_robots_index":"","inline_featured_image":false,"_kad_blocks_custom_css":"","_kad_blocks_head_custom_js":"","_kad_blocks_body_custom_js":"","_kad_blocks_footer_custom_js":"","_kad_post_transparent":"","_kad_post_title":"","_kad_post_layout":"","_kad_post_sidebar_id":"","_kad_post_content_style":"","_kad_post_vertical_padding":"","_kad_post_feature":"","_kad_post_feature_position":"","_kad_post_header":false,"_kad_post_footer":false,"_kad_post_classname":"","footnotes":""},"class_list":["post-784","page","type-page","status-publish","hentry"],"acf":[],"taxonomy_info":[],"featured_image_src_large":false,"author_info":{"display_name":"jordi","author_link":"https:\/\/technojetswim.com\/ca\/author\/jordi\/"},"comment_info":"","_links":{"self":[{"href":"https:\/\/technojetswim.com\/ca\/wp-json\/wp\/v2\/pages\/784","targetHints":{"allow":["GET"]}}],"collection":[{"href":"https:\/\/technojetswim.com\/ca\/wp-json\/wp\/v2\/pages"}],"about":[{"href":"https:\/\/technojetswim.com\/ca\/wp-json\/wp\/v2\/types\/page"}],"author":[{"embeddable":true,"href":"https:\/\/technojetswim.com\/ca\/wp-json\/wp\/v2\/users\/1"}],"replies":[{"embeddable":true,"href":"https:\/\/technojetswim.com\/ca\/wp-json\/wp\/v2\/comments?post=784"}],"version-history":[{"count":1,"href":"https:\/\/technojetswim.com\/ca\/wp-json\/wp\/v2\/pages\/784\/revisions"}],"predecessor-version":[{"id":2404,"href":"https:\/\/technojetswim.com\/ca\/wp-json\/wp\/v2\/pages\/784\/revisions\/2404"}],"up":[{"embeddable":true,"href":"https:\/\/technojetswim.com\/ca\/wp-json\/wp\/v2\/pages\/767"}],"wp:attachment":[{"href":"https:\/\/technojetswim.com\/ca\/wp-json\/wp\/v2\/media?parent=784"}],"curies":[{"name":"wp","href":"https:\/\/api.w.org\/{rel}","templated":true}]}}