{"id":775,"date":"2024-12-04T14:45:15","date_gmt":"2024-12-04T13:45:15","guid":{"rendered":"https:\/\/techno.mmkt.xyz\/?page_id=775"},"modified":"2025-02-04T12:49:17","modified_gmt":"2025-02-04T11:49:17","slug":"hidroterapia-piscina","status":"publish","type":"page","link":"https:\/\/technojetswim.com\/ca\/usos\/hidroterapia-piscina\/","title":{"rendered":"Manteniment i rehabilitaci\u00f3"},"content":{"rendered":"<style>.kb-row-layout-id775_5f8be3-4d > .kt-row-column-wrap{align-content:start;}:where(.kb-row-layout-id775_5f8be3-4d > .kt-row-column-wrap) > .wp-block-kadence-column{justify-content:start;}.kb-row-layout-id775_5f8be3-4d > .kt-row-column-wrap{column-gap:var(--global-kb-gap-md, 2rem);row-gap:var(--global-kb-gap-md, 2rem);padding-top:var(--global-kb-spacing-xxl, 5rem);grid-template-columns:minmax(0, 1fr);}.kb-row-layout-id775_5f8be3-4d > .kt-row-layout-overlay{opacity:0.30;}@media all and (max-width: 1024px){.kb-row-layout-id775_5f8be3-4d > .kt-row-column-wrap{grid-template-columns:minmax(0, 1fr);}}@media all and (max-width: 767px){.kb-row-layout-id775_5f8be3-4d > .kt-row-column-wrap{grid-template-columns:minmax(0, 1fr);}}<\/style><div class=\"kb-row-layout-wrap kb-row-layout-id775_5f8be3-4d alignnone wp-block-kadence-rowlayout\"><div class=\"kt-row-column-wrap kt-has-1-columns kt-row-layout-equal kt-tab-layout-inherit kt-mobile-layout-row kt-row-valign-top\">\n<style>.kadence-column775_661b16-c1 > .kt-inside-inner-col,.kadence-column775_661b16-c1 > .kt-inside-inner-col:before{border-top-left-radius:0px;border-top-right-radius:0px;border-bottom-right-radius:0px;border-bottom-left-radius:0px;}.kadence-column775_661b16-c1 > .kt-inside-inner-col{column-gap:var(--global-kb-gap-sm, 1rem);}.kadence-column775_661b16-c1 > .kt-inside-inner-col{flex-direction:column;}.kadence-column775_661b16-c1 > .kt-inside-inner-col > .aligncenter{width:100%;}.kadence-column775_661b16-c1 > .kt-inside-inner-col:before{opacity:0.3;}.kadence-column775_661b16-c1{position:relative;}@media all and (max-width: 1024px){.kadence-column775_661b16-c1 > .kt-inside-inner-col{flex-direction:column;justify-content:center;}}@media all and (max-width: 767px){.kadence-column775_661b16-c1 > .kt-inside-inner-col{flex-direction:column;justify-content:center;}}<\/style>\n<div class=\"wp-block-kadence-column kadence-column775_661b16-c1\"><div class=\"kt-inside-inner-col\"><style>.wp-block-kadence-advancedheading.kt-adv-heading775_d8bb8c-85, .wp-block-kadence-advancedheading.kt-adv-heading775_d8bb8c-85[data-kb-block=\"kb-adv-heading775_d8bb8c-85\"]{margin-top:0px;margin-bottom:var(--global-kb-spacing-xxs, 0.5rem);text-align:center;font-style:normal;}.wp-block-kadence-advancedheading.kt-adv-heading775_d8bb8c-85 mark.kt-highlight, .wp-block-kadence-advancedheading.kt-adv-heading775_d8bb8c-85[data-kb-block=\"kb-adv-heading775_d8bb8c-85\"] mark.kt-highlight{font-style:normal;color:#f76a0c;-webkit-box-decoration-break:clone;box-decoration-break:clone;padding-top:0px;padding-right:0px;padding-bottom:0px;padding-left:0px;}.wp-block-kadence-advancedheading.kt-adv-heading775_d8bb8c-85 img.kb-inline-image, .wp-block-kadence-advancedheading.kt-adv-heading775_d8bb8c-85[data-kb-block=\"kb-adv-heading775_d8bb8c-85\"] img.kb-inline-image{width:150px;vertical-align:baseline;}<\/style>\n<h2 class=\"kt-adv-heading775_d8bb8c-85 wp-block-kadence-advancedheading\" data-kb-block=\"kb-adv-heading775_d8bb8c-85\"><strong><strong><strong>Hidroter\u00e0pia, recuperaci\u00f3, rendiment f\u00edsic\u2026<\/strong><\/strong><\/strong><\/h2>\n\n\n<style>.kb-row-layout-id775_e46d7e-70 > .kt-row-column-wrap{align-content:center;}:where(.kb-row-layout-id775_e46d7e-70 > .kt-row-column-wrap) > .wp-block-kadence-column{justify-content:center;}.kb-row-layout-id775_e46d7e-70 > .kt-row-column-wrap{column-gap:var(--global-kb-gap-md, 2rem);row-gap:var(--global-kb-gap-md, 2rem);max-width:var( --global-content-width, 1400px );padding-left:var(--global-content-edge-padding);padding-right:var(--global-content-edge-padding);padding-top:var(--global-kb-spacing-md, 2rem);padding-bottom:var(--global-kb-spacing-xl, 4rem);grid-template-columns:repeat(2, minmax(0, 1fr));}.kb-row-layout-id775_e46d7e-70 > .kt-row-layout-overlay{opacity:0.30;}@media all and (max-width: 1024px){.kb-row-layout-id775_e46d7e-70 > .kt-row-column-wrap{grid-template-columns:repeat(2, minmax(0, 1fr));}}@media all and (max-width: 767px){.kb-row-layout-id775_e46d7e-70 > .kt-row-column-wrap{grid-template-columns:minmax(0, 1fr);}}<\/style><div class=\"kb-row-layout-wrap kb-row-layout-id775_e46d7e-70 alignnone wp-block-kadence-rowlayout\"><div class=\"kt-row-column-wrap kt-has-2-columns kt-row-layout-equal kt-tab-layout-inherit kt-mobile-layout-row kt-row-valign-middle kb-theme-content-width\">\n<style>.kadence-column775_404140-a9 > .kt-inside-inner-col,.kadence-column775_404140-a9 > .kt-inside-inner-col:before{border-top-left-radius:0px;border-top-right-radius:0px;border-bottom-right-radius:0px;border-bottom-left-radius:0px;}.kadence-column775_404140-a9 > .kt-inside-inner-col{column-gap:var(--global-kb-gap-sm, 1rem);}.kadence-column775_404140-a9 > .kt-inside-inner-col{flex-direction:column;}.kadence-column775_404140-a9 > .kt-inside-inner-col > .aligncenter{width:100%;}.kadence-column775_404140-a9 > .kt-inside-inner-col:before{opacity:0.3;}.kadence-column775_404140-a9{position:relative;}@media all and (max-width: 1024px){.kadence-column775_404140-a9 > .kt-inside-inner-col{flex-direction:column;justify-content:center;}}@media all and (max-width: 767px){.kadence-column775_404140-a9 > .kt-inside-inner-col{flex-direction:column;justify-content:center;}}<\/style>\n<div class=\"wp-block-kadence-column kadence-column775_404140-a9\"><div class=\"kt-inside-inner-col\"><style>.kb-image775_27aa76-aa .kb-image-has-overlay:after{opacity:0.3;}<\/style>\n<figure class=\"wp-block-kadence-image kb-image775_27aa76-aa size-full kb-image-is-ratio-size\"><div class=\"kb-is-ratio-image kb-image-ratio-land43\"><img alt=\"\" loading=\"lazy\" decoding=\"async\" width=\"600\" height=\"339\" src=\"https:\/\/technojetswim.com\/wp-content\/uploads\/2025\/01\/Natacion_en_casa-600x339-1.jpg\" alt=\"\" class=\"kb-img wp-image-999\" srcset=\"https:\/\/technojetswim.com\/wp-content\/uploads\/2025\/01\/Natacion_en_casa-600x339-1.jpg 600w, https:\/\/technojetswim.com\/wp-content\/uploads\/2025\/01\/Natacion_en_casa-600x339-1-300x170.jpg 300w\" sizes=\"auto, (max-width: 600px) 100vw, 600px\" \/><\/div><\/figure>\n<\/div><\/div>\n\n\n<style>.kadence-column775_d93297-f3 > .kt-inside-inner-col,.kadence-column775_d93297-f3 > .kt-inside-inner-col:before{border-top-left-radius:0px;border-top-right-radius:0px;border-bottom-right-radius:0px;border-bottom-left-radius:0px;}.kadence-column775_d93297-f3 > .kt-inside-inner-col{column-gap:var(--global-kb-gap-sm, 1rem);}.kadence-column775_d93297-f3 > .kt-inside-inner-col{flex-direction:column;}.kadence-column775_d93297-f3 > .kt-inside-inner-col > .aligncenter{width:100%;}.kadence-column775_d93297-f3 > .kt-inside-inner-col:before{opacity:0.3;}.kadence-column775_d93297-f3{position:relative;}@media all and (max-width: 1024px){.kadence-column775_d93297-f3 > .kt-inside-inner-col{flex-direction:column;justify-content:center;}}@media all and (max-width: 767px){.kadence-column775_d93297-f3 > .kt-inside-inner-col{flex-direction:column;justify-content:center;}}<\/style>\n<div class=\"wp-block-kadence-column kadence-column775_d93297-f3\"><div class=\"kt-inside-inner-col\"><style>.wp-block-kadence-advancedheading.kt-adv-heading775_fdf76e-0d, .wp-block-kadence-advancedheading.kt-adv-heading775_fdf76e-0d[data-kb-block=\"kb-adv-heading775_fdf76e-0d\"]{font-style:normal;}.wp-block-kadence-advancedheading.kt-adv-heading775_fdf76e-0d mark.kt-highlight, .wp-block-kadence-advancedheading.kt-adv-heading775_fdf76e-0d[data-kb-block=\"kb-adv-heading775_fdf76e-0d\"] mark.kt-highlight{font-style:normal;color:#f76a0c;-webkit-box-decoration-break:clone;box-decoration-break:clone;padding-top:0px;padding-right:0px;padding-bottom:0px;padding-left:0px;}.wp-block-kadence-advancedheading.kt-adv-heading775_fdf76e-0d img.kb-inline-image, .wp-block-kadence-advancedheading.kt-adv-heading775_fdf76e-0d[data-kb-block=\"kb-adv-heading775_fdf76e-0d\"] img.kb-inline-image{width:150px;vertical-align:baseline;}<\/style>\n<h3 class=\"kt-adv-heading775_fdf76e-0d wp-block-kadence-advancedheading\" data-kb-block=\"kb-adv-heading775_fdf76e-0d\">Aigua calenta, ter\u00e0pia de baix impacte per a condicionament f\u00edsic i tractament de lesions.<\/h3>\n\n\n\n<p>La hidroter\u00e0pia \u00e9s una excel\u00b7lent activitat de baix impacte, per a persones de totes les edats i aptituds f\u00edsiques. <strong>La ter\u00e0pia aqu\u00e0tica utilitza les propietats f\u00edsiques de laigua per facilitar el proc\u00e9s de recuperaci\u00f3 de pacients i el seu rendiment f\u00edsic.<\/strong> A m\u00e9s, \u00e9s una excel\u00b7lent eina per al tractament d&#8217;una \u00e0mplia varietat d&#8217;afeccions m\u00e8diques.<\/p>\n\n\n\n<p>Experimenta la sensaci\u00f3 d&#8217;ingravidesa i llibertat, immers en una piscina instal\u00b7lada casa teva. La reducci\u00f3 de la quantitat de pressi\u00f3 que exerceix sobre les teves articulacions, permet exercitar-te amb m\u00e9s facilitat i menys dolor.<\/p>\n\n\n<style>.wp-block-kadence-advancedbtn.kb-btns775_b6ac35-cd{gap:var(--global-kb-gap-xs, 0.5rem );justify-content:flex-start;align-items:center;}.kt-btns775_b6ac35-cd .kt-button{font-weight:normal;font-style:normal;}.kt-btns775_b6ac35-cd .kt-btn-wrap-0{margin-right:5px;}.wp-block-kadence-advancedbtn.kt-btns775_b6ac35-cd .kt-btn-wrap-0 .kt-button{color:#555555;border-color:#555555;}.wp-block-kadence-advancedbtn.kt-btns775_b6ac35-cd .kt-btn-wrap-0 .kt-button:hover, .wp-block-kadence-advancedbtn.kt-btns775_b6ac35-cd .kt-btn-wrap-0 .kt-button:focus{color:#ffffff;border-color:#444444;}.wp-block-kadence-advancedbtn.kt-btns775_b6ac35-cd .kt-btn-wrap-0 .kt-button::before{display:none;}.wp-block-kadence-advancedbtn.kt-btns775_b6ac35-cd .kt-btn-wrap-0 .kt-button:hover, .wp-block-kadence-advancedbtn.kt-btns775_b6ac35-cd .kt-btn-wrap-0 .kt-button:focus{background:#444444;}<\/style>\n<div class=\"wp-block-kadence-advancedbtn kb-buttons-wrap kb-btns775_b6ac35-cd\"><style>ul.menu .wp-block-kadence-advancedbtn .kb-btn775_fb2845-dd.kb-button{width:initial;}<\/style><a class=\"kb-button kt-button button kb-btn775_fb2845-dd kt-btn-size-standard kt-btn-width-type-auto kb-btn-global-inherit  kt-btn-has-text-true kt-btn-has-svg-false  wp-block-button__link wp-block-kadence-singlebtn\" href=\"https:\/\/technojetswim.com\/ca\/waterwell\/\"><span class=\"kt-btn-inner-text\">M\u00e9s informaci\u00f3 sobre les piscines per a Hidroter\u00e0pia<\/span><\/a><\/div>\n<\/div><\/div>\n\n<\/div><\/div><\/div><\/div>\n\n<\/div><\/div>\n\n<style>.kb-row-layout-id775_19a9fb-8b > .kt-row-column-wrap{align-content:start;}:where(.kb-row-layout-id775_19a9fb-8b > .kt-row-column-wrap) > .wp-block-kadence-column{justify-content:start;}.kb-row-layout-id775_19a9fb-8b > .kt-row-column-wrap{column-gap:var(--global-kb-gap-md, 2rem);row-gap:var(--global-kb-gap-md, 2rem);max-width:var( --global-content-width, 1400px );padding-left:var(--global-content-edge-padding);padding-right:var(--global-content-edge-padding);padding-bottom:var(--global-kb-spacing-xxl, 5rem);grid-template-columns:minmax(0, 1fr);}.kb-row-layout-id775_19a9fb-8b > .kt-row-layout-overlay{opacity:0.30;}@media all and (max-width: 1024px){.kb-row-layout-id775_19a9fb-8b > .kt-row-column-wrap{grid-template-columns:minmax(0, 1fr);}}@media all and (max-width: 767px){.kb-row-layout-id775_19a9fb-8b > .kt-row-column-wrap{grid-template-columns:minmax(0, 1fr);}}<\/style><div class=\"kb-row-layout-wrap kb-row-layout-id775_19a9fb-8b alignnone wp-block-kadence-rowlayout\"><div class=\"kt-row-column-wrap kt-has-1-columns kt-row-layout-equal kt-tab-layout-inherit kt-mobile-layout-row kt-row-valign-top kb-theme-content-width\">\n<style>.kadence-column775_dd6ee0-44 > .kt-inside-inner-col,.kadence-column775_dd6ee0-44 > .kt-inside-inner-col:before{border-top-left-radius:0px;border-top-right-radius:0px;border-bottom-right-radius:0px;border-bottom-left-radius:0px;}.kadence-column775_dd6ee0-44 > .kt-inside-inner-col{column-gap:var(--global-kb-gap-sm, 1rem);}.kadence-column775_dd6ee0-44 > .kt-inside-inner-col{flex-direction:column;}.kadence-column775_dd6ee0-44 > .kt-inside-inner-col > .aligncenter{width:100%;}.kadence-column775_dd6ee0-44 > .kt-inside-inner-col:before{opacity:0.3;}.kadence-column775_dd6ee0-44{position:relative;}@media all and (max-width: 1024px){.kadence-column775_dd6ee0-44 > .kt-inside-inner-col{flex-direction:column;justify-content:center;}}@media all and (max-width: 767px){.kadence-column775_dd6ee0-44 > .kt-inside-inner-col{flex-direction:column;justify-content:center;}}<\/style>\n<div class=\"wp-block-kadence-column kadence-column775_dd6ee0-44\"><div class=\"kt-inside-inner-col\"><style>.wp-block-kadence-advancedheading.kt-adv-heading775_e4fa20-60, .wp-block-kadence-advancedheading.kt-adv-heading775_e4fa20-60[data-kb-block=\"kb-adv-heading775_e4fa20-60\"]{margin-top:0px;margin-bottom:var(--global-kb-spacing-sm, 1.5rem);text-align:left;font-style:normal;}.wp-block-kadence-advancedheading.kt-adv-heading775_e4fa20-60 mark.kt-highlight, .wp-block-kadence-advancedheading.kt-adv-heading775_e4fa20-60[data-kb-block=\"kb-adv-heading775_e4fa20-60\"] mark.kt-highlight{font-style:normal;color:#f76a0c;-webkit-box-decoration-break:clone;box-decoration-break:clone;padding-top:0px;padding-right:0px;padding-bottom:0px;padding-left:0px;}.wp-block-kadence-advancedheading.kt-adv-heading775_e4fa20-60 img.kb-inline-image, .wp-block-kadence-advancedheading.kt-adv-heading775_e4fa20-60[data-kb-block=\"kb-adv-heading775_e4fa20-60\"] img.kb-inline-image{width:150px;vertical-align:baseline;}<\/style>\n<h2 class=\"kt-adv-heading775_e4fa20-60 wp-block-kadence-advancedheading\" data-kb-block=\"kb-adv-heading775_e4fa20-60\"><strong><strong>Gaudeix de la teva pr\u00f2pia piscina, alleuja el teu dolor mentre millores el teu equilibri i agilitat en augmentar la flexibilitat i enfortir els teus m\u00fasculs.<\/strong><\/strong><\/h2>\n\n\n<style>.wp-block-kadence-advancedheading.kt-adv-heading775_d010c3-c3, .wp-block-kadence-advancedheading.kt-adv-heading775_d010c3-c3[data-kb-block=\"kb-adv-heading775_d010c3-c3\"]{font-style:normal;}.wp-block-kadence-advancedheading.kt-adv-heading775_d010c3-c3 mark.kt-highlight, .wp-block-kadence-advancedheading.kt-adv-heading775_d010c3-c3[data-kb-block=\"kb-adv-heading775_d010c3-c3\"] mark.kt-highlight{font-style:normal;color:#f76a0c;-webkit-box-decoration-break:clone;box-decoration-break:clone;padding-top:0px;padding-right:0px;padding-bottom:0px;padding-left:0px;}.wp-block-kadence-advancedheading.kt-adv-heading775_d010c3-c3 img.kb-inline-image, .wp-block-kadence-advancedheading.kt-adv-heading775_d010c3-c3[data-kb-block=\"kb-adv-heading775_d010c3-c3\"] img.kb-inline-image{width:150px;vertical-align:baseline;}<\/style>\n<p class=\"kt-adv-heading775_d010c3-c3 wp-block-kadence-advancedheading\" data-kb-block=\"kb-adv-heading775_d010c3-c3\">La ter\u00e0pia aqu\u00e0tica \u00e9s una t\u00e8cnica de rehabilitaci\u00f3 d&#8217;\u00e8xit demostrat per a moltes malalties com mal d&#8217;esquena, lesions de genoll, articulacions i lesions de les extremitats superiors. La hidroter\u00e0pia tamb\u00e9 es pot utilitzar per al tractament d&#8217;afeccions neurol\u00f2giques com lesions cerebrals traum\u00e0tiques i vessaments cerebrals.<\/p>\n\n\n\n<p>El sistema de propulsi\u00f3 EndlessPools es pot utilitzar per augmentar la resist\u00e8ncia, en una \u00e0mplia gamma d&#8217;exercicis i aparells terap\u00e8utics per a piscines, com xurros flotants, paletes i campanes.<br>Les nostres cintes de c\u00f3rrer sota l\u00b4aigua s\u00f3n ideals per aprendre a caminar despr\u00e9s d\u00b4una lesi\u00f3, aix\u00ed com per millorar l\u00b4equilibri i la confian\u00e7a de persones amb problemes de mobilitat.<\/p>\n\n\n\n<p><strong>Amb els sistemes de nataci\u00f3 contracorrent EndlessPools, podreu realitzar exercicis d&#8217;hidroter\u00e0pia i d&#8217;aquesta manera:<\/strong><\/p>\n\n\n<style>.wp-block-kadence-iconlist.kt-svg-icon-list-items775_d277ab-6d:not(.this-stops-third-party-issues){margin-top:0px;margin-bottom:0px;}.wp-block-kadence-iconlist.kt-svg-icon-list-items775_d277ab-6d ul.kt-svg-icon-list:not(.this-prevents-issues):not(.this-stops-third-party-issues):not(.tijsloc){margin-top:0px;margin-right:0px;margin-bottom:var(--global-kb-spacing-sm, 1.5rem);margin-left:0px;}.wp-block-kadence-iconlist.kt-svg-icon-list-items775_d277ab-6d ul.kt-svg-icon-list{grid-row-gap:5px;}.wp-block-kadence-iconlist.kt-svg-icon-list-items775_d277ab-6d ul.kt-svg-icon-list .kt-svg-icon-list-item-wrap .kt-svg-icon-list-single{margin-right:10px;}.kt-svg-icon-list-items775_d277ab-6d ul.kt-svg-icon-list .kt-svg-icon-list-level-0 .kt-svg-icon-list-single svg{font-size:20px;}<\/style>\n<div class=\"wp-block-kadence-iconlist kt-svg-icon-list-items kt-svg-icon-list-items775_d277ab-6d kt-svg-icon-list-columns-1 alignnone kt-list-icon-aligntop\"><ul class=\"kt-svg-icon-list\"><style>.kt-svg-icon-list-item-775_8b13d1-24 .kt-svg-icon-list-text mark.kt-highlight{background-color:unset;font-style:normal;color:#f76a0c;-webkit-box-decoration-break:clone;box-decoration-break:clone;padding-top:0px;padding-right:0px;padding-bottom:0px;padding-left:0px;}<\/style>\n<li class=\"wp-block-kadence-listitem kt-svg-icon-list-item-wrap kt-svg-icon-list-item-775_8b13d1-24\"><span class=\"kb-svg-icon-wrap kb-svg-icon-fe_checkCircle kt-svg-icon-list-single\"><svg viewBox=\"0 0 24 24\"  fill=\"none\" stroke=\"currentColor\" stroke-width=\"2\" stroke-linecap=\"round\" stroke-linejoin=\"round\" xmlns=\"http:\/\/www.w3.org\/2000\/svg\"  aria-hidden=\"true\"><path d=\"M22 11.08V12a10 10 0 1 1-5.93-9.14\"\/><polyline points=\"22 4 12 14.01 9 11.01\"\/><\/svg><\/span><span class=\"kt-svg-icon-list-text\">Augmentar la teva flexibilitat i enfortir els teus m\u00fasculs.<\/span><\/li>\n\n\n<style>.kt-svg-icon-list-item-775_b2d097-d6 .kt-svg-icon-list-text mark.kt-highlight{background-color:unset;font-style:normal;color:#f76a0c;-webkit-box-decoration-break:clone;box-decoration-break:clone;padding-top:0px;padding-right:0px;padding-bottom:0px;padding-left:0px;}<\/style>\n<li class=\"wp-block-kadence-listitem kt-svg-icon-list-item-wrap kt-svg-icon-list-item-775_b2d097-d6\"><span class=\"kb-svg-icon-wrap kb-svg-icon-fe_checkCircle kt-svg-icon-list-single\"><svg viewBox=\"0 0 24 24\"  fill=\"none\" stroke=\"currentColor\" stroke-width=\"2\" stroke-linecap=\"round\" stroke-linejoin=\"round\" xmlns=\"http:\/\/www.w3.org\/2000\/svg\"  aria-hidden=\"true\"><path d=\"M22 11.08V12a10 10 0 1 1-5.93-9.14\"\/><polyline points=\"22 4 12 14.01 9 11.01\"\/><\/svg><\/span><span class=\"kt-svg-icon-list-text\">Alleujar els s\u00edmptomes de moltes malalties m\u00e8diques.<\/span><\/li>\n\n\n<style>.kt-svg-icon-list-item-775_a837e1-fd .kt-svg-icon-list-text mark.kt-highlight{background-color:unset;font-style:normal;color:#f76a0c;-webkit-box-decoration-break:clone;box-decoration-break:clone;padding-top:0px;padding-right:0px;padding-bottom:0px;padding-left:0px;}<\/style>\n<li class=\"wp-block-kadence-listitem kt-svg-icon-list-item-wrap kt-svg-icon-list-item-775_a837e1-fd\"><span class=\"kb-svg-icon-wrap kb-svg-icon-fe_checkCircle kt-svg-icon-list-single\"><svg viewBox=\"0 0 24 24\"  fill=\"none\" stroke=\"currentColor\" stroke-width=\"2\" stroke-linecap=\"round\" stroke-linejoin=\"round\" xmlns=\"http:\/\/www.w3.org\/2000\/svg\"  aria-hidden=\"true\"><path d=\"M22 11.08V12a10 10 0 1 1-5.93-9.14\"\/><polyline points=\"22 4 12 14.01 9 11.01\"\/><\/svg><\/span><span class=\"kt-svg-icon-list-text\">Millorar el teu nivell dequilibri i agilitat.<\/span><\/li>\n\n\n<style>.kt-svg-icon-list-item-775_a44482-eb .kt-svg-icon-list-text mark.kt-highlight{background-color:unset;font-style:normal;color:#f76a0c;-webkit-box-decoration-break:clone;box-decoration-break:clone;padding-top:0px;padding-right:0px;padding-bottom:0px;padding-left:0px;}<\/style>\n<li class=\"wp-block-kadence-listitem kt-svg-icon-list-item-wrap kt-svg-icon-list-item-775_a44482-eb\"><span class=\"kb-svg-icon-wrap kb-svg-icon-fe_checkCircle kt-svg-icon-list-single\"><svg viewBox=\"0 0 24 24\"  fill=\"none\" stroke=\"currentColor\" stroke-width=\"2\" stroke-linecap=\"round\" stroke-linejoin=\"round\" xmlns=\"http:\/\/www.w3.org\/2000\/svg\"  aria-hidden=\"true\"><path d=\"M22 11.08V12a10 10 0 1 1-5.93-9.14\"\/><polyline points=\"22 4 12 14.01 9 11.01\"\/><\/svg><\/span><span class=\"kt-svg-icon-list-text\">Reduir la inflamaci\u00f3 de les teves articulacions i el dolor.<\/span><\/li>\n<\/ul><\/div>\n<\/div><\/div>\n\n<\/div><\/div>","protected":false},"excerpt":{"rendered":"<p>Hidroter\u00e0pia, recuperaci\u00f3, rendiment f\u00edsic\u2026 Aigua calenta, ter\u00e0pia de baix impacte per a condicionament f\u00edsic i tractament de lesions. La hidroter\u00e0pia \u00e9s una excel\u00b7lent activitat de baix impacte, per a persones de totes les edats i aptituds f\u00edsiques. La ter\u00e0pia aqu\u00e0tica utilitza les propietats f\u00edsiques de laigua per facilitar el proc\u00e9s de recuperaci\u00f3 de pacients i&#8230;<\/p>\n","protected":false},"author":1,"featured_media":0,"parent":767,"menu_order":0,"comment_status":"closed","ping_status":"closed","template":"","meta":{"_acf_changed":false,"_seopress_robots_primary_cat":"","_seopress_titles_title":"Hidroter\u00e0pia a la piscina: salut i benestar - Technojet Swim","_seopress_titles_desc":"Aprofita els beneficis de la hidroter\u00e0pia a la piscina per millorar la mobilitat, la recuperaci\u00f3 i el benestar. Descobreix m\u00e9s a Technojet Swim.","_seopress_robots_index":"","inline_featured_image":false,"_kad_blocks_custom_css":"","_kad_blocks_head_custom_js":"","_kad_blocks_body_custom_js":"","_kad_blocks_footer_custom_js":"","_kad_post_transparent":"","_kad_post_title":"","_kad_post_layout":"","_kad_post_sidebar_id":"","_kad_post_content_style":"","_kad_post_vertical_padding":"","_kad_post_feature":"","_kad_post_feature_position":"","_kad_post_header":false,"_kad_post_footer":false,"_kad_post_classname":"","footnotes":""},"class_list":["post-775","page","type-page","status-publish","hentry"],"acf":[],"taxonomy_info":[],"featured_image_src_large":false,"author_info":{"display_name":"jordi","author_link":"https:\/\/technojetswim.com\/ca\/author\/jordi\/"},"comment_info":"","_links":{"self":[{"href":"https:\/\/technojetswim.com\/ca\/wp-json\/wp\/v2\/pages\/775","targetHints":{"allow":["GET"]}}],"collection":[{"href":"https:\/\/technojetswim.com\/ca\/wp-json\/wp\/v2\/pages"}],"about":[{"href":"https:\/\/technojetswim.com\/ca\/wp-json\/wp\/v2\/types\/page"}],"author":[{"embeddable":true,"href":"https:\/\/technojetswim.com\/ca\/wp-json\/wp\/v2\/users\/1"}],"replies":[{"embeddable":true,"href":"https:\/\/technojetswim.com\/ca\/wp-json\/wp\/v2\/comments?post=775"}],"version-history":[{"count":1,"href":"https:\/\/technojetswim.com\/ca\/wp-json\/wp\/v2\/pages\/775\/revisions"}],"predecessor-version":[{"id":2401,"href":"https:\/\/technojetswim.com\/ca\/wp-json\/wp\/v2\/pages\/775\/revisions\/2401"}],"up":[{"embeddable":true,"href":"https:\/\/technojetswim.com\/ca\/wp-json\/wp\/v2\/pages\/767"}],"wp:attachment":[{"href":"https:\/\/technojetswim.com\/ca\/wp-json\/wp\/v2\/media?parent=775"}],"curies":[{"name":"wp","href":"https:\/\/api.w.org\/{rel}","templated":true}]}}