{"id":742,"date":"2024-12-04T12:18:10","date_gmt":"2024-12-04T11:18:10","guid":{"rendered":"https:\/\/techno.mmkt.xyz\/?page_id=742"},"modified":"2025-02-04T13:12:04","modified_gmt":"2025-02-04T12:12:04","slug":"quant-pesa-una-piscina-de-natacio-contracorrent-endlesspools","status":"publish","type":"page","link":"https:\/\/technojetswim.com\/ca\/endlesspools\/quant-pesa-una-piscina-de-natacio-contracorrent-endlesspools\/","title":{"rendered":"Quant pesa una piscina de nataci\u00f3 contracorrent EndlessPools?"},"content":{"rendered":"<style>.kb-row-layout-id742_67e3fe-74 > .kt-row-column-wrap{align-content:start;}:where(.kb-row-layout-id742_67e3fe-74 > .kt-row-column-wrap) > .wp-block-kadence-column{justify-content:start;}.kb-row-layout-id742_67e3fe-74 > .kt-row-column-wrap{column-gap:var(--global-kb-gap-md, 2rem);row-gap:var(--global-kb-gap-md, 2rem);padding-top:var(--global-kb-spacing-xxl, 5rem);padding-bottom:var(--global-kb-spacing-xxl, 5rem);grid-template-columns:minmax(0, 1fr);}.kb-row-layout-id742_67e3fe-74 > .kt-row-layout-overlay{opacity:0.30;}@media all and (max-width: 1024px){.kb-row-layout-id742_67e3fe-74 > .kt-row-column-wrap{grid-template-columns:minmax(0, 1fr);}}@media all and (max-width: 767px){.kb-row-layout-id742_67e3fe-74 > .kt-row-column-wrap{grid-template-columns:minmax(0, 1fr);}}<\/style><div class=\"kb-row-layout-wrap kb-row-layout-id742_67e3fe-74 alignnone wp-block-kadence-rowlayout\"><div class=\"kt-row-column-wrap kt-has-1-columns kt-row-layout-equal kt-tab-layout-inherit kt-mobile-layout-row kt-row-valign-top\">\n<style>.kadence-column742_eb86e3-63 > .kt-inside-inner-col,.kadence-column742_eb86e3-63 > .kt-inside-inner-col:before{border-top-left-radius:0px;border-top-right-radius:0px;border-bottom-right-radius:0px;border-bottom-left-radius:0px;}.kadence-column742_eb86e3-63 > .kt-inside-inner-col{column-gap:var(--global-kb-gap-sm, 1rem);}.kadence-column742_eb86e3-63 > .kt-inside-inner-col{flex-direction:column;}.kadence-column742_eb86e3-63 > .kt-inside-inner-col > .aligncenter{width:100%;}.kadence-column742_eb86e3-63 > .kt-inside-inner-col:before{opacity:0.3;}.kadence-column742_eb86e3-63{position:relative;}@media all and (max-width: 1024px){.kadence-column742_eb86e3-63 > .kt-inside-inner-col{flex-direction:column;justify-content:center;}}@media all and (max-width: 767px){.kadence-column742_eb86e3-63 > .kt-inside-inner-col{flex-direction:column;justify-content:center;}}<\/style>\n<div class=\"wp-block-kadence-column kadence-column742_eb86e3-63\"><div class=\"kt-inside-inner-col\"><style>.kb-row-layout-id742_f49e2e-49 > .kt-row-column-wrap{align-content:start;}:where(.kb-row-layout-id742_f49e2e-49 > .kt-row-column-wrap) > .wp-block-kadence-column{justify-content:start;}.kb-row-layout-id742_f49e2e-49 > .kt-row-column-wrap{column-gap:var(--global-kb-gap-lg, 4rem);row-gap:var(--global-kb-gap-md, 2rem);grid-template-columns:repeat(2, minmax(0, 1fr));}.kb-row-layout-id742_f49e2e-49 > .kt-row-layout-overlay{opacity:0.30;}@media all and (max-width: 1024px){.kb-row-layout-id742_f49e2e-49 > .kt-row-column-wrap{grid-template-columns:repeat(2, minmax(0, 1fr));}}@media all and (max-width: 767px){.kb-row-layout-id742_f49e2e-49 > .kt-row-column-wrap{grid-template-columns:minmax(0, 1fr);}}<\/style><div class=\"kb-row-layout-wrap kb-row-layout-id742_f49e2e-49 alignnone wp-block-kadence-rowlayout\"><div class=\"kt-row-column-wrap kt-has-2-columns kt-row-layout-equal kt-tab-layout-inherit kt-mobile-layout-row kt-row-valign-top kt-inner-column-height-full\">\n<style>.kadence-column742_751b61-db > .kt-inside-inner-col,.kadence-column742_751b61-db > .kt-inside-inner-col:before{border-top-left-radius:0px;border-top-right-radius:0px;border-bottom-right-radius:0px;border-bottom-left-radius:0px;}.kadence-column742_751b61-db > .kt-inside-inner-col{column-gap:var(--global-kb-gap-sm, 1rem);}.kadence-column742_751b61-db > .kt-inside-inner-col{flex-direction:column;}.kadence-column742_751b61-db > .kt-inside-inner-col > .aligncenter{width:100%;}.kadence-column742_751b61-db > .kt-inside-inner-col{background-image:url('https:\/\/technojetswim.com\/wp-content\/uploads\/2024\/11\/Fastlane_piscina_existente_Calonge_3.jpg');background-size:cover;background-position:62% 48%;background-attachment:scroll;background-repeat:no-repeat;}.kadence-column742_751b61-db > .kt-inside-inner-col:before{opacity:0.3;}.kadence-column742_751b61-db{position:relative;}@media all and (max-width: 1024px){.kadence-column742_751b61-db > .kt-inside-inner-col{flex-direction:column;justify-content:center;}}@media all and (max-width: 767px){.kadence-column742_751b61-db > .kt-inside-inner-col{flex-direction:column;justify-content:center;}}<\/style>\n<div class=\"wp-block-kadence-column kadence-column742_751b61-db\"><div class=\"kt-inside-inner-col\"><\/div><\/div>\n\n\n<style>.kadence-column742_131777-33 > .kt-inside-inner-col,.kadence-column742_131777-33 > .kt-inside-inner-col:before{border-top-left-radius:0px;border-top-right-radius:0px;border-bottom-right-radius:0px;border-bottom-left-radius:0px;}.kadence-column742_131777-33 > .kt-inside-inner-col{column-gap:var(--global-kb-gap-sm, 1rem);}.kadence-column742_131777-33 > .kt-inside-inner-col{flex-direction:column;}.kadence-column742_131777-33 > .kt-inside-inner-col > .aligncenter{width:100%;}.kadence-column742_131777-33 > .kt-inside-inner-col:before{opacity:0.3;}.kadence-column742_131777-33{position:relative;}@media all and (max-width: 1024px){.kadence-column742_131777-33 > .kt-inside-inner-col{flex-direction:column;justify-content:center;}}@media all and (max-width: 767px){.kadence-column742_131777-33 > .kt-inside-inner-col{flex-direction:column;justify-content:center;}}<\/style>\n<div class=\"wp-block-kadence-column kadence-column742_131777-33\"><div class=\"kt-inside-inner-col\"><style>.wp-block-kadence-advancedheading.kt-adv-heading742_9ba799-85, .wp-block-kadence-advancedheading.kt-adv-heading742_9ba799-85[data-kb-block=\"kb-adv-heading742_9ba799-85\"]{font-style:normal;}.wp-block-kadence-advancedheading.kt-adv-heading742_9ba799-85 mark.kt-highlight, .wp-block-kadence-advancedheading.kt-adv-heading742_9ba799-85[data-kb-block=\"kb-adv-heading742_9ba799-85\"] mark.kt-highlight{font-style:normal;color:#f76a0c;-webkit-box-decoration-break:clone;box-decoration-break:clone;padding-top:0px;padding-right:0px;padding-bottom:0px;padding-left:0px;}.wp-block-kadence-advancedheading.kt-adv-heading742_9ba799-85 img.kb-inline-image, .wp-block-kadence-advancedheading.kt-adv-heading742_9ba799-85[data-kb-block=\"kb-adv-heading742_9ba799-85\"] img.kb-inline-image{width:150px;vertical-align:baseline;}<\/style>\n<h3 class=\"kt-adv-heading742_9ba799-85 wp-block-kadence-advancedheading\" data-kb-block=\"kb-adv-heading742_9ba799-85\">Quant pesa una piscina de nataci\u00f3 contracorrent EndlessPools? La meva terrassa pot suportar el pes?<\/h3>\n\n\n\n<p>Aquestes i alguna altra, s\u00f3n les t\u00edpiques preguntes m\u00e9s comunes per a la gent que vol instal\u00b7lar una piscina a una terrassa oa alguna planta superior de la casa.<\/p>\n\n\n\n<p>Moltes persones mostren inter\u00e8s per instal\u00b7lar una piscina de nataci\u00f3 contracorrent EndlessPools, per qu\u00e8 molts tenen un rac\u00f3 amb prou espai per a ella.<\/p>\n\n\n<style>.wp-block-kadence-advancedbtn.kb-btns742_ff314d-cf{gap:var(--global-kb-gap-xs, 0.5rem );justify-content:center;align-items:center;}.kt-btns742_ff314d-cf .kt-button{font-weight:normal;font-style:normal;}.kt-btns742_ff314d-cf .kt-btn-wrap-0{margin-right:5px;}.wp-block-kadence-advancedbtn.kt-btns742_ff314d-cf .kt-btn-wrap-0 .kt-button{color:#555555;border-color:#555555;}.wp-block-kadence-advancedbtn.kt-btns742_ff314d-cf .kt-btn-wrap-0 .kt-button:hover, .wp-block-kadence-advancedbtn.kt-btns742_ff314d-cf .kt-btn-wrap-0 .kt-button:focus{color:#ffffff;border-color:#444444;}.wp-block-kadence-advancedbtn.kt-btns742_ff314d-cf .kt-btn-wrap-0 .kt-button::before{display:none;}.wp-block-kadence-advancedbtn.kt-btns742_ff314d-cf .kt-btn-wrap-0 .kt-button:hover, .wp-block-kadence-advancedbtn.kt-btns742_ff314d-cf .kt-btn-wrap-0 .kt-button:focus{background:#444444;}<\/style>\n<div class=\"wp-block-kadence-advancedbtn kb-buttons-wrap kb-btns742_ff314d-cf\"><style>ul.menu .wp-block-kadence-advancedbtn .kb-btn742_806884-e4.kb-button{width:initial;}<\/style><a class=\"kb-button kt-button button kb-btn742_806884-e4 kt-btn-size-standard kt-btn-width-type-auto kb-btn-global-inherit  kt-btn-has-text-true kt-btn-has-svg-false  wp-block-button__link wp-block-kadence-singlebtn\" href=\"https:\/\/technojetswim.com\/ca\/endlesspools\/una-piscina-contracorrent-endlesspools-cap-a-qualsevol-raco\/\"><span class=\"kt-btn-inner-text\">Llegeix aquest article per a m\u00e9s info<\/span><\/a><\/div>\n\n\n\n<p>La veritat, \u00e9s que la gran majoria pensen instal\u00b7lar-la en una terrassa, un \u00e0tic, un primer pis\u2026 i aqu\u00ed sorgeix el dubte. Aquest rac\u00f3 suportaria el pes d&#8217;una piscina EndlessPools?<\/p>\n\n\n<style>.wp-block-kadence-advancedheading.kt-adv-heading742_23126d-93, .wp-block-kadence-advancedheading.kt-adv-heading742_23126d-93[data-kb-block=\"kb-adv-heading742_23126d-93\"]{font-size:22px;font-style:normal;}.wp-block-kadence-advancedheading.kt-adv-heading742_23126d-93 mark.kt-highlight, .wp-block-kadence-advancedheading.kt-adv-heading742_23126d-93[data-kb-block=\"kb-adv-heading742_23126d-93\"] mark.kt-highlight{font-style:normal;color:#f76a0c;-webkit-box-decoration-break:clone;box-decoration-break:clone;padding-top:0px;padding-right:0px;padding-bottom:0px;padding-left:0px;}.wp-block-kadence-advancedheading.kt-adv-heading742_23126d-93 img.kb-inline-image, .wp-block-kadence-advancedheading.kt-adv-heading742_23126d-93[data-kb-block=\"kb-adv-heading742_23126d-93\"] img.kb-inline-image{width:150px;vertical-align:baseline;}<\/style>\n<p class=\"kt-adv-heading742_23126d-93 wp-block-kadence-advancedheading\" data-kb-block=\"kb-adv-heading742_23126d-93\"><strong>Molt important! El Quilo per metre quadrat<\/strong><\/p>\n\n\n\n<p>Per saber si pots instal\u00b7lar la piscina de nataci\u00f3 contracorrent EndlessPools abans has de saber quants quilos per metre quadrat aguanta la superf\u00edcie on la vols instal\u00b7lar.<\/p>\n\n\n<style>.wp-block-kadence-advancedheading.kt-adv-heading742_eeba17-99, .wp-block-kadence-advancedheading.kt-adv-heading742_eeba17-99[data-kb-block=\"kb-adv-heading742_eeba17-99\"]{font-size:22px;font-style:normal;}.wp-block-kadence-advancedheading.kt-adv-heading742_eeba17-99 mark.kt-highlight, .wp-block-kadence-advancedheading.kt-adv-heading742_eeba17-99[data-kb-block=\"kb-adv-heading742_eeba17-99\"] mark.kt-highlight{font-style:normal;color:#f76a0c;-webkit-box-decoration-break:clone;box-decoration-break:clone;padding-top:0px;padding-right:0px;padding-bottom:0px;padding-left:0px;}.wp-block-kadence-advancedheading.kt-adv-heading742_eeba17-99 img.kb-inline-image, .wp-block-kadence-advancedheading.kt-adv-heading742_eeba17-99[data-kb-block=\"kb-adv-heading742_eeba17-99\"] img.kb-inline-image{width:150px;vertical-align:baseline;}<\/style>\n<p class=\"kt-adv-heading742_eeba17-99 wp-block-kadence-advancedheading\" data-kb-block=\"kb-adv-heading742_eeba17-99\"><strong>Calculem el Quilo per metre quadrat d&#8217;una Piscina EndlessPools<\/strong><\/p>\n\n\n\n<p>La mida mitjana interior d&#8217;una Piscina EndlessPools s\u00f3n de 4,26m. x 2,13 m. x 1,22m., aix\u00f2 vol dir que t\u00e9 una capacitat de 9,8 m3 d&#8217;aigua, que tradu\u00eft en quilos s\u00f3n uns 9.800 quilos d&#8217;aigua. Aqu\u00ed cal sumar els 2.000 quilos de pes dels panells d&#8217;acer modulars de la piscina i maquin\u00e0ria.<\/p>\n\n\n\n<p>Per tant, el pes total de la piscina EndlessPools completa ser\u00e0 d&#8217;aproximadament 13.000 quilos repartits entre 11,4 metres quadrats de superf\u00edcie total.<\/p>\n\n\n\n<p><strong>I aqu\u00ed tenim la dada: Una piscina de nataci\u00f3 contracorrent representa un pes de 1,20 tones per metre quadrat.<\/strong><\/p>\n\n\n\n<p>Si la superf\u00edcie on vols instal\u00b7lar-la suporta m\u00e9s de 1,20 tones per metre quadrat el teu projecte es pot convertir en realitat!<\/p>\n<\/div><\/div>\n\n<\/div><\/div><\/div><\/div>\n\n<\/div><\/div>","protected":false},"excerpt":{"rendered":"<p>Quant pesa una piscina de nataci\u00f3 contracorrent EndlessPools? La meva terrassa pot suportar el pes? Aquestes i alguna altra, s\u00f3n les t\u00edpiques preguntes m\u00e9s comunes per a la gent que vol instal\u00b7lar una piscina a una terrassa oa alguna planta superior de la casa. Moltes persones mostren inter\u00e8s per instal\u00b7lar una piscina de nataci\u00f3 contracorrent&#8230;<\/p>\n","protected":false},"author":1,"featured_media":0,"parent":43,"menu_order":0,"comment_status":"closed","ping_status":"closed","template":"","meta":{"_acf_changed":false,"_seopress_robots_primary_cat":"","_seopress_titles_title":"Quant pesa una piscina de nataci\u00f3 contracorrent EndlessPools?","_seopress_titles_desc":"Descobreix quant pesa una piscina de nataci\u00f3 a contracorrent Endless Pools amb Technojet Swim. Visita'ns.","_seopress_robots_index":"","inline_featured_image":false,"_kad_blocks_custom_css":"","_kad_blocks_head_custom_js":"","_kad_blocks_body_custom_js":"","_kad_blocks_footer_custom_js":"","_kad_post_transparent":"","_kad_post_title":"","_kad_post_layout":"","_kad_post_sidebar_id":"","_kad_post_content_style":"","_kad_post_vertical_padding":"","_kad_post_feature":"","_kad_post_feature_position":"","_kad_post_header":false,"_kad_post_footer":false,"_kad_post_classname":"","footnotes":""},"class_list":["post-742","page","type-page","status-publish","hentry"],"acf":[],"taxonomy_info":[],"featured_image_src_large":false,"author_info":{"display_name":"jordi","author_link":"https:\/\/technojetswim.com\/ca\/author\/jordi\/"},"comment_info":"","_links":{"self":[{"href":"https:\/\/technojetswim.com\/ca\/wp-json\/wp\/v2\/pages\/742","targetHints":{"allow":["GET"]}}],"collection":[{"href":"https:\/\/technojetswim.com\/ca\/wp-json\/wp\/v2\/pages"}],"about":[{"href":"https:\/\/technojetswim.com\/ca\/wp-json\/wp\/v2\/types\/page"}],"author":[{"embeddable":true,"href":"https:\/\/technojetswim.com\/ca\/wp-json\/wp\/v2\/users\/1"}],"replies":[{"embeddable":true,"href":"https:\/\/technojetswim.com\/ca\/wp-json\/wp\/v2\/comments?post=742"}],"version-history":[{"count":1,"href":"https:\/\/technojetswim.com\/ca\/wp-json\/wp\/v2\/pages\/742\/revisions"}],"predecessor-version":[{"id":2425,"href":"https:\/\/technojetswim.com\/ca\/wp-json\/wp\/v2\/pages\/742\/revisions\/2425"}],"up":[{"embeddable":true,"href":"https:\/\/technojetswim.com\/ca\/wp-json\/wp\/v2\/pages\/43"}],"wp:attachment":[{"href":"https:\/\/technojetswim.com\/ca\/wp-json\/wp\/v2\/media?parent=742"}],"curies":[{"name":"wp","href":"https:\/\/api.w.org\/{rel}","templated":true}]}}