{"id":734,"date":"2024-12-04T12:05:51","date_gmt":"2024-12-04T11:05:51","guid":{"rendered":"https:\/\/techno.mmkt.xyz\/?page_id=734"},"modified":"2025-02-04T13:17:07","modified_gmt":"2025-02-04T12:17:07","slug":"obte-el-preu-de-les-piscines-de-natacio-contracorrent-endlesspools","status":"publish","type":"page","link":"https:\/\/technojetswim.com\/ca\/endlesspools\/obte-el-preu-de-les-piscines-de-natacio-contracorrent-endlesspools\/","title":{"rendered":"Obt\u00e9 el preu de les Piscines de nataci\u00f3 contracorrent EndlessPools"},"content":{"rendered":"<style>.kb-row-layout-id734_e981ec-e2 > .kt-row-column-wrap{align-content:start;}:where(.kb-row-layout-id734_e981ec-e2 > .kt-row-column-wrap) > .wp-block-kadence-column{justify-content:start;}.kb-row-layout-id734_e981ec-e2 > .kt-row-column-wrap{column-gap:var(--global-kb-gap-md, 2rem);row-gap:var(--global-kb-gap-md, 2rem);padding-top:var(--global-kb-spacing-xxl, 5rem);padding-bottom:var(--global-kb-spacing-xxl, 5rem);grid-template-columns:minmax(0, 1fr);}.kb-row-layout-id734_e981ec-e2 > .kt-row-layout-overlay{opacity:0.30;}@media all and (max-width: 1024px){.kb-row-layout-id734_e981ec-e2 > .kt-row-column-wrap{grid-template-columns:minmax(0, 1fr);}}@media all and (max-width: 767px){.kb-row-layout-id734_e981ec-e2 > .kt-row-column-wrap{grid-template-columns:minmax(0, 1fr);}}<\/style><div class=\"kb-row-layout-wrap kb-row-layout-id734_e981ec-e2 alignnone wp-block-kadence-rowlayout\"><div class=\"kt-row-column-wrap kt-has-1-columns kt-row-layout-equal kt-tab-layout-inherit kt-mobile-layout-row kt-row-valign-top\">\n<style>.kadence-column734_776a47-9a > .kt-inside-inner-col,.kadence-column734_776a47-9a > .kt-inside-inner-col:before{border-top-left-radius:0px;border-top-right-radius:0px;border-bottom-right-radius:0px;border-bottom-left-radius:0px;}.kadence-column734_776a47-9a > .kt-inside-inner-col{column-gap:var(--global-kb-gap-sm, 1rem);}.kadence-column734_776a47-9a > .kt-inside-inner-col{flex-direction:column;}.kadence-column734_776a47-9a > .kt-inside-inner-col > .aligncenter{width:100%;}.kadence-column734_776a47-9a > .kt-inside-inner-col:before{opacity:0.3;}.kadence-column734_776a47-9a{position:relative;}@media all and (max-width: 1024px){.kadence-column734_776a47-9a > .kt-inside-inner-col{flex-direction:column;justify-content:center;}}@media all and (max-width: 767px){.kadence-column734_776a47-9a > .kt-inside-inner-col{flex-direction:column;justify-content:center;}}<\/style>\n<div class=\"wp-block-kadence-column kadence-column734_776a47-9a\"><div class=\"kt-inside-inner-col\"><style>.kb-row-layout-id734_f3c14a-49 > .kt-row-column-wrap{align-content:start;}:where(.kb-row-layout-id734_f3c14a-49 > .kt-row-column-wrap) > .wp-block-kadence-column{justify-content:start;}.kb-row-layout-id734_f3c14a-49 > .kt-row-column-wrap{column-gap:var(--global-kb-gap-lg, 4rem);row-gap:var(--global-kb-gap-md, 2rem);grid-template-columns:repeat(2, minmax(0, 1fr));}.kb-row-layout-id734_f3c14a-49 > .kt-row-layout-overlay{opacity:0.30;}@media all and (max-width: 1024px){.kb-row-layout-id734_f3c14a-49 > .kt-row-column-wrap{grid-template-columns:repeat(2, minmax(0, 1fr));}}@media all and (max-width: 767px){.kb-row-layout-id734_f3c14a-49 > .kt-row-column-wrap{grid-template-columns:minmax(0, 1fr);}}<\/style><div class=\"kb-row-layout-wrap kb-row-layout-id734_f3c14a-49 alignnone wp-block-kadence-rowlayout\"><div class=\"kt-row-column-wrap kt-has-2-columns kt-row-layout-equal kt-tab-layout-inherit kt-mobile-layout-row kt-row-valign-top kt-inner-column-height-full\">\n<style>.kadence-column734_584428-69 > .kt-inside-inner-col,.kadence-column734_584428-69 > .kt-inside-inner-col:before{border-top-left-radius:0px;border-top-right-radius:0px;border-bottom-right-radius:0px;border-bottom-left-radius:0px;}.kadence-column734_584428-69 > .kt-inside-inner-col{column-gap:var(--global-kb-gap-sm, 1rem);}.kadence-column734_584428-69 > .kt-inside-inner-col{flex-direction:column;}.kadence-column734_584428-69 > .kt-inside-inner-col > .aligncenter{width:100%;}.kadence-column734_584428-69 > .kt-inside-inner-col:before{opacity:0.3;}.kadence-column734_584428-69{position:relative;}@media all and (max-width: 1024px){.kadence-column734_584428-69 > .kt-inside-inner-col{flex-direction:column;justify-content:center;}}@media all and (max-width: 767px){.kadence-column734_584428-69 > .kt-inside-inner-col{flex-direction:column;justify-content:center;}}<\/style>\n<div class=\"wp-block-kadence-column kadence-column734_584428-69\"><div class=\"kt-inside-inner-col\">\n<figure class=\"wp-block-embed is-type-video is-provider-youtube wp-block-embed-youtube wp-embed-aspect-16-9 wp-has-aspect-ratio\"><div class=\"wp-block-embed__wrapper\">\n<iframe loading=\"lazy\" title=\"Presentaci\u00f3n Piscina Nataci\u00f3n Performance de TechnojetSwim\" width=\"720\" height=\"405\" src=\"https:\/\/www.youtube.com\/embed\/_Jsg17hRrz0?feature=oembed&#038;enablejsapi=1&#038;origin=https:\/\/technojetswim.com\" frameborder=\"0\" allow=\"accelerometer; autoplay; clipboard-write; encrypted-media; gyroscope; picture-in-picture; web-share\" referrerpolicy=\"strict-origin-when-cross-origin\" allowfullscreen><\/iframe>\n<\/div><\/figure>\n\n\n<style>.wp-block-kadence-advancedheading.kt-adv-heading734_8b3922-10, .wp-block-kadence-advancedheading.kt-adv-heading734_8b3922-10[data-kb-block=\"kb-adv-heading734_8b3922-10\"]{margin-top:var(--global-kb-spacing-lg, 3rem);font-style:normal;}.wp-block-kadence-advancedheading.kt-adv-heading734_8b3922-10 mark.kt-highlight, .wp-block-kadence-advancedheading.kt-adv-heading734_8b3922-10[data-kb-block=\"kb-adv-heading734_8b3922-10\"] mark.kt-highlight{font-style:normal;color:#f76a0c;-webkit-box-decoration-break:clone;box-decoration-break:clone;padding-top:0px;padding-right:0px;padding-bottom:0px;padding-left:0px;}.wp-block-kadence-advancedheading.kt-adv-heading734_8b3922-10 img.kb-inline-image, .wp-block-kadence-advancedheading.kt-adv-heading734_8b3922-10[data-kb-block=\"kb-adv-heading734_8b3922-10\"] img.kb-inline-image{width:150px;vertical-align:baseline;}<\/style>\n<p class=\"kt-adv-heading734_8b3922-10 wp-block-kadence-advancedheading\" data-kb-block=\"kb-adv-heading734_8b3922-10\">Al mercat hi ha infinitat de Sistemes de Nataci\u00f3 Contracorrent per instal\u00b7lar a la piscina de qualsPiscines modulars fabricades amb panells d&#8217;acer, revestiment interior de liner, incorpora el sistema de nataci\u00f3 contracorrent \u00fanic d&#8217;EndlessPools, amb els canals de tornada lateral per a m\u00e9s efici\u00e8ncia, a m\u00e9s dels sistemes de filtraci\u00f3 i calefacci\u00f3 de l&#8217;aigua i el sistema d&#8217;il\u00b7luminaci\u00f3.<\/p>\n\n\n<style>.wp-block-kadence-iconlist.kt-svg-icon-list-items734_739073-34:not(.this-stops-third-party-issues){margin-top:0px;margin-bottom:0px;}.wp-block-kadence-iconlist.kt-svg-icon-list-items734_739073-34 ul.kt-svg-icon-list:not(.this-prevents-issues):not(.this-stops-third-party-issues):not(.tijsloc){margin-top:0px;margin-right:0px;margin-bottom:var(--global-kb-spacing-sm, 1.5rem);margin-left:0px;}.wp-block-kadence-iconlist.kt-svg-icon-list-items734_739073-34 ul.kt-svg-icon-list{grid-row-gap:5px;}.wp-block-kadence-iconlist.kt-svg-icon-list-items734_739073-34 ul.kt-svg-icon-list .kt-svg-icon-list-item-wrap .kt-svg-icon-list-single{margin-right:10px;}.kt-svg-icon-list-items734_739073-34 ul.kt-svg-icon-list .kt-svg-icon-list-level-0 .kt-svg-icon-list-single svg{font-size:20px;}<\/style>\n<div class=\"wp-block-kadence-iconlist kt-svg-icon-list-items kt-svg-icon-list-items734_739073-34 kt-svg-icon-list-columns-1 alignnone kt-list-icon-aligntop\"><ul class=\"kt-svg-icon-list\"><style>.kt-svg-icon-list-item-734_9989cf-7c .kt-svg-icon-list-text mark.kt-highlight{background-color:unset;font-style:normal;color:#f76a0c;-webkit-box-decoration-break:clone;box-decoration-break:clone;padding-top:0px;padding-right:0px;padding-bottom:0px;padding-left:0px;}<\/style>\n<li class=\"wp-block-kadence-listitem kt-svg-icon-list-item-wrap kt-svg-icon-list-item-734_9989cf-7c\"><span class=\"kb-svg-icon-wrap kb-svg-icon-fe_checkCircle kt-svg-icon-list-single\"><svg viewBox=\"0 0 24 24\"  fill=\"none\" stroke=\"currentColor\" stroke-width=\"2\" stroke-linecap=\"round\" stroke-linejoin=\"round\" xmlns=\"http:\/\/www.w3.org\/2000\/svg\"  aria-hidden=\"true\"><path d=\"M22 11.08V12a10 10 0 1 1-5.93-9.14\"\/><polyline points=\"22 4 12 14.01 9 11.01\"\/><\/svg><\/span><span class=\"kt-svg-icon-list-text\">Piscina integral composta de panells d\u00b4acer, revestiment de liner interior.<\/span><\/li>\n\n\n<style>.kt-svg-icon-list-item-734_413287-f5 .kt-svg-icon-list-text mark.kt-highlight{background-color:unset;font-style:normal;color:#f76a0c;-webkit-box-decoration-break:clone;box-decoration-break:clone;padding-top:0px;padding-right:0px;padding-bottom:0px;padding-left:0px;}<\/style>\n<li class=\"wp-block-kadence-listitem kt-svg-icon-list-item-wrap kt-svg-icon-list-item-734_413287-f5\"><span class=\"kb-svg-icon-wrap kb-svg-icon-fe_checkCircle kt-svg-icon-list-single\"><svg viewBox=\"0 0 24 24\"  fill=\"none\" stroke=\"currentColor\" stroke-width=\"2\" stroke-linecap=\"round\" stroke-linejoin=\"round\" xmlns=\"http:\/\/www.w3.org\/2000\/svg\"  aria-hidden=\"true\"><path d=\"M22 11.08V12a10 10 0 1 1-5.93-9.14\"\/><polyline points=\"22 4 12 14.01 9 11.01\"\/><\/svg><\/span><span class=\"kt-svg-icon-list-text\">Sistema de nataci\u00f3 EndlessPools amb canals de tornada laterals que incrementen la seva efici\u00e8ncia.<\/span><\/li>\n\n\n<style>.kt-svg-icon-list-item-734_fcd923-08 .kt-svg-icon-list-text mark.kt-highlight{background-color:unset;font-style:normal;color:#f76a0c;-webkit-box-decoration-break:clone;box-decoration-break:clone;padding-top:0px;padding-right:0px;padding-bottom:0px;padding-left:0px;}<\/style>\n<li class=\"wp-block-kadence-listitem kt-svg-icon-list-item-wrap kt-svg-icon-list-item-734_fcd923-08\"><span class=\"kb-svg-icon-wrap kb-svg-icon-fe_checkCircle kt-svg-icon-list-single\"><svg viewBox=\"0 0 24 24\"  fill=\"none\" stroke=\"currentColor\" stroke-width=\"2\" stroke-linecap=\"round\" stroke-linejoin=\"round\" xmlns=\"http:\/\/www.w3.org\/2000\/svg\"  aria-hidden=\"true\"><path d=\"M22 11.08V12a10 10 0 1 1-5.93-9.14\"\/><polyline points=\"22 4 12 14.01 9 11.01\"\/><\/svg><\/span><span class=\"kt-svg-icon-list-text\">Sistema de control digital amb selecci\u00f3 de 52 velocitats de corrent mitjan\u00e7ant comandament a dist\u00e0ncia submergible.<\/span><\/li>\n\n\n<style>.kt-svg-icon-list-item-734_e94f56-3e .kt-svg-icon-list-text mark.kt-highlight{background-color:unset;font-style:normal;color:#f76a0c;-webkit-box-decoration-break:clone;box-decoration-break:clone;padding-top:0px;padding-right:0px;padding-bottom:0px;padding-left:0px;}<\/style>\n<li class=\"wp-block-kadence-listitem kt-svg-icon-list-item-wrap kt-svg-icon-list-item-734_e94f56-3e\"><span class=\"kb-svg-icon-wrap kb-svg-icon-fe_checkCircle kt-svg-icon-list-single\"><svg viewBox=\"0 0 24 24\"  fill=\"none\" stroke=\"currentColor\" stroke-width=\"2\" stroke-linecap=\"round\" stroke-linejoin=\"round\" xmlns=\"http:\/\/www.w3.org\/2000\/svg\"  aria-hidden=\"true\"><path d=\"M22 11.08V12a10 10 0 1 1-5.93-9.14\"\/><polyline points=\"22 4 12 14.01 9 11.01\"\/><\/svg><\/span><span class=\"kt-svg-icon-list-text\">Bomba recirculadora de baix consum per a la filtraci\u00f3 amb cartutx.<\/span><\/li>\n\n\n<style>.kt-svg-icon-list-item-734_486961-b3 .kt-svg-icon-list-text mark.kt-highlight{background-color:unset;font-style:normal;color:#f76a0c;-webkit-box-decoration-break:clone;box-decoration-break:clone;padding-top:0px;padding-right:0px;padding-bottom:0px;padding-left:0px;}<\/style>\n<li class=\"wp-block-kadence-listitem kt-svg-icon-list-item-wrap kt-svg-icon-list-item-734_486961-b3\"><span class=\"kb-svg-icon-wrap kb-svg-icon-fe_checkCircle kt-svg-icon-list-single\"><svg viewBox=\"0 0 24 24\"  fill=\"none\" stroke=\"currentColor\" stroke-width=\"2\" stroke-linecap=\"round\" stroke-linejoin=\"round\" xmlns=\"http:\/\/www.w3.org\/2000\/svg\"  aria-hidden=\"true\"><path d=\"M22 11.08V12a10 10 0 1 1-5.93-9.14\"\/><polyline points=\"22 4 12 14.01 9 11.01\"\/><\/svg><\/span><span class=\"kt-svg-icon-list-text\">Control autom\u00e0tic de la temperatura de laigua mitjan\u00e7ant un calefactor de 4.0 kw.<\/span><\/li>\n\n\n<style>.kt-svg-icon-list-item-734_cc3f5f-c3 .kt-svg-icon-list-text mark.kt-highlight{background-color:unset;font-style:normal;color:#f76a0c;-webkit-box-decoration-break:clone;box-decoration-break:clone;padding-top:0px;padding-right:0px;padding-bottom:0px;padding-left:0px;}<\/style>\n<li class=\"wp-block-kadence-listitem kt-svg-icon-list-item-wrap kt-svg-icon-list-item-734_cc3f5f-c3\"><span class=\"kb-svg-icon-wrap kb-svg-icon-fe_checkCircle kt-svg-icon-list-single\"><svg viewBox=\"0 0 24 24\"  fill=\"none\" stroke=\"currentColor\" stroke-width=\"2\" stroke-linecap=\"round\" stroke-linejoin=\"round\" xmlns=\"http:\/\/www.w3.org\/2000\/svg\"  aria-hidden=\"true\"><path d=\"M22 11.08V12a10 10 0 1 1-5.93-9.14\"\/><polyline points=\"22 4 12 14.01 9 11.01\"\/><\/svg><\/span><span class=\"kt-svg-icon-list-text\">Il\u00b7luminaci\u00f3 LED blanc (2 focus).<\/span><\/li>\n<\/ul><\/div>\n\n\n<style>.wp-block-kadence-advancedbtn.kb-btns734_6b07b7-a7{gap:var(--global-kb-gap-xs, 0.5rem );justify-content:flex-start;align-items:center;}.kt-btns734_6b07b7-a7 .kt-button{font-weight:normal;font-style:normal;}.kt-btns734_6b07b7-a7 .kt-btn-wrap-0{margin-right:5px;}.wp-block-kadence-advancedbtn.kt-btns734_6b07b7-a7 .kt-btn-wrap-0 .kt-button{color:#555555;border-color:#555555;}.wp-block-kadence-advancedbtn.kt-btns734_6b07b7-a7 .kt-btn-wrap-0 .kt-button:hover, .wp-block-kadence-advancedbtn.kt-btns734_6b07b7-a7 .kt-btn-wrap-0 .kt-button:focus{color:#ffffff;border-color:#444444;}.wp-block-kadence-advancedbtn.kt-btns734_6b07b7-a7 .kt-btn-wrap-0 .kt-button::before{display:none;}.wp-block-kadence-advancedbtn.kt-btns734_6b07b7-a7 .kt-btn-wrap-0 .kt-button:hover, .wp-block-kadence-advancedbtn.kt-btns734_6b07b7-a7 .kt-btn-wrap-0 .kt-button:focus{background:#444444;}<\/style>\n<div class=\"wp-block-kadence-advancedbtn kb-buttons-wrap kb-btns734_6b07b7-a7\"><style>ul.menu .wp-block-kadence-advancedbtn .kb-btn734_508508-dd.kb-button{width:initial;}<\/style><a class=\"kb-button kt-button button kb-btn734_508508-dd kt-btn-size-standard kt-btn-width-type-auto kb-btn-global-inherit  kt-btn-has-text-true kt-btn-has-svg-false  wp-block-button__link wp-block-kadence-singlebtn\" href=\"https:\/\/technojetswim.com\/ca\/fastlane\/\"><span class=\"kt-btn-inner-text\">Descobreix el sistema Fastlane<\/span><\/a><\/div>\n<\/div><\/div>\n\n\n<style>.kadence-column734_51647f-6d > .kt-inside-inner-col{padding-top:var(--global-kb-spacing-md, 2rem);padding-right:var(--global-kb-spacing-md, 2rem);padding-bottom:var(--global-kb-spacing-md, 2rem);padding-left:var(--global-kb-spacing-md, 2rem);}.kadence-column734_51647f-6d > .kt-inside-inner-col,.kadence-column734_51647f-6d > .kt-inside-inner-col:before{border-top-left-radius:0px;border-top-right-radius:0px;border-bottom-right-radius:0px;border-bottom-left-radius:0px;}.kadence-column734_51647f-6d > .kt-inside-inner-col{column-gap:var(--global-kb-gap-sm, 1rem);}.kadence-column734_51647f-6d > .kt-inside-inner-col{flex-direction:column;}.kadence-column734_51647f-6d > .kt-inside-inner-col > .aligncenter{width:100%;}.kadence-column734_51647f-6d > .kt-inside-inner-col{background-color:var(--global-palette8, #F7FAFC);}.kadence-column734_51647f-6d > .kt-inside-inner-col:before{opacity:0.3;}.kadence-column734_51647f-6d{position:relative;}@media all and (max-width: 1024px){.kadence-column734_51647f-6d > .kt-inside-inner-col{flex-direction:column;justify-content:center;}}@media all and (max-width: 767px){.kadence-column734_51647f-6d > .kt-inside-inner-col{flex-direction:column;justify-content:center;}}<\/style>\n<div class=\"wp-block-kadence-column kadence-column734_51647f-6d\"><div class=\"kt-inside-inner-col\"><div class=\"frm_forms  with_frm_style frm_style_technojet\" id=\"frm_form_10_container\" >\n<form enctype=\"multipart\/form-data\" method=\"post\" class=\"frm-show-form  frm_pro_form \" id=\"form_mc8h722d3c79af54f\" >\n<div class=\"frm_form_fields \">\n<fieldset>\n<legend class=\"frm_screen_reader\">CAT - Formulario presupuesto Piscinas EndlessPools - Mailchim\/Hubspot<\/legend>\r\n\r\n<div class=\"frm_fields_container\">\n<input type=\"hidden\" name=\"frm_action\" value=\"create\" \/>\n<input type=\"hidden\" name=\"form_id\" value=\"10\" \/>\n<input type=\"hidden\" name=\"frm_hide_fields_10\" id=\"frm_hide_fields_10\" value=\"\" \/>\n<input type=\"hidden\" name=\"form_key\" value=\"mc8h722d3c79af54f\" \/>\n<input type=\"hidden\" name=\"item_meta[0]\" value=\"\" \/>\n<input type=\"hidden\" id=\"frm_submit_entry_10\" name=\"frm_submit_entry_10\" value=\"31c1ae34f7\" \/><input type=\"hidden\" name=\"_wp_http_referer\" value=\"\/ca\/wp-json\/wp\/v2\/pages\/734\" \/><div id=\"frm_field_96_container\" class=\"frm_form_field form-field  frm_required_field frm_top_container frm12\">\r\n    <label for=\"field_w6p3w3a5fa45e1a0\" class=\"frm_primary_label\">Nom\r\n        <span class=\"frm_required\">*<\/span>\r\n    <\/label>\r\n    <input  type=\"text\" id=\"field_w6p3w3a5fa45e1a0\" name=\"item_meta[96]\" value=\"\"  data-reqmsg=\"Aquest camp no pot estar en blanc.\" aria-required=\"true\" data-invmsg=\"Texto no es v\u00e1lido\" aria-invalid=\"false\"   \/>\r\n    \r\n    \r\n<\/div>\n<div id=\"frm_field_97_container\" class=\"frm_form_field form-field  frm_required_field frm_top_container frm12\">\r\n    <label for=\"field_d94o3367e8ef741\" class=\"frm_primary_label\">Cognoms\r\n        <span class=\"frm_required\">*<\/span>\r\n    <\/label>\r\n    <input  type=\"text\" id=\"field_d94o3367e8ef741\" name=\"item_meta[97]\" value=\"\"  data-reqmsg=\"Aquest camp no pot estar en blanc.\" aria-required=\"true\" data-invmsg=\"Texto no es v\u00e1lido\" aria-invalid=\"false\"   \/>\r\n    \r\n    \r\n<\/div>\n<div id=\"frm_field_98_container\" class=\"frm_form_field form-field  frm_required_field frm_top_container frm12\">\r\n    <label for=\"field_gynw838929345803\" class=\"frm_primary_label\">Localitat\r\n        <span class=\"frm_required\">*<\/span>\r\n    <\/label>\r\n    <input  type=\"text\" id=\"field_gynw838929345803\" name=\"item_meta[98]\" value=\"\"  data-reqmsg=\"Aquest camp no pot estar en blanc.\" aria-required=\"true\" data-invmsg=\"Texto no es v\u00e1lido\" aria-invalid=\"false\"   \/>\r\n    \r\n    \r\n<\/div>\n<div id=\"frm_field_99_container\" class=\"frm_form_field form-field  frm_required_field frm_top_container frm12\">\r\n    <label for=\"field_cjzsa386ed3bbbdd\" class=\"frm_primary_label\">Pa\u00eds\r\n        <span class=\"frm_required\">*<\/span>\r\n    <\/label>\r\n    <input  type=\"text\" id=\"field_cjzsa386ed3bbbdd\" name=\"item_meta[99]\" value=\"\"  data-reqmsg=\"Aquest camp no pot estar en blanc.\" aria-required=\"true\" data-invmsg=\"Texto no es v\u00e1lido\" aria-invalid=\"false\"   \/>\r\n    \r\n    \r\n<\/div>\n<div id=\"frm_field_100_container\" class=\"frm_form_field form-field  frm_required_field frm_top_container frm12\">\r\n    <label for=\"field_s76k131136bb64a1\" class=\"frm_primary_label\">Email de contacte\r\n        <span class=\"frm_required\">*<\/span>\r\n    <\/label>\r\n    <input type=\"email\" id=\"field_s76k131136bb64a1\" name=\"item_meta[100]\" value=\"\"  data-reqmsg=\"Aquest camp no pot estar en blanc.\" aria-required=\"true\" data-invmsg=\"Email no v\u00e0lid\" aria-invalid=\"false\"  \/>\r\n    \r\n    \r\n<\/div>\n<div id=\"frm_field_101_container\" class=\"frm_form_field form-field  frm_required_field frm_top_container frm12\">\r\n    <label for=\"field_om4y367ca5c1896\" class=\"frm_primary_label\">M\u00f2bil de contacte\r\n        <span class=\"frm_required\">*<\/span>\r\n    <\/label>\r\n    <input type=\"tel\" id=\"field_om4y367ca5c1896\" name=\"item_meta[101]\" value=\"\"  data-reqmsg=\"Aquest camp no pot estar en blanc.\" aria-required=\"true\" data-invmsg=\"Telpefon no v\u00e0lid\" aria-invalid=\"false\" pattern=\"((\\+\\d{1,3}(-|.| )?\\(?\\d\\)?(-| |.)?\\d{1,5})|(\\(?\\d{2,6}\\)?))(-|.| )?(\\d{3,4})(-|.| )?(\\d{4})(( x| ext)\\d{1,5}){0,1}$\"  \/>\r\n    \r\n    \r\n<\/div>\n<div id=\"frm_field_102_container\" class=\"frm_form_field form-field  frm_required_field frm_top_container vertical_radio\">\r\n    <div  id=\"field_979chbaacf3cece_label\" class=\"frm_primary_label\">\u00bfTens piscina a casa?\r\n        <span class=\"frm_required\">*<\/span>\r\n    <\/div>\r\n    <div class=\"frm_opt_container\" aria-labelledby=\"field_979chbaacf3cece_label\" role=\"radiogroup\" aria-required=\"true\">\t\t<div class=\"frm_radio\" id=\"frm_radio_102-0\">\t\t\t<label  for=\"field_979chbaacf3cece-0\">\n\t\t\t\t\t<input type=\"radio\" name=\"item_meta[102]\" id=\"field_979chbaacf3cece-0\" value=\"Si\"\n\t\t data-reqmsg=\"Aquest camp no pot estar en blanc.\" data-invmsg=\"\u00bfTens piscina a casa? is invalid\"   \/> Si<\/label><\/div>\n\t\t<div class=\"frm_radio\" id=\"frm_radio_102-1\">\t\t\t<label  for=\"field_979chbaacf3cece-1\">\n\t\t\t\t\t<input type=\"radio\" name=\"item_meta[102]\" id=\"field_979chbaacf3cece-1\" value=\"No\"\n\t\t data-reqmsg=\"Aquest camp no pot estar en blanc.\" data-invmsg=\"\u00bfTens piscina a casa? is invalid\"   \/> No<\/label><\/div>\n\t\t<div class=\"frm_radio\" id=\"frm_radio_102-2\">\t\t\t<label  for=\"field_979chbaacf3cece-2\">\n\t\t\t\t\t<input type=\"radio\" name=\"item_meta[102]\" id=\"field_979chbaacf3cece-2\" value=\"S\u00f3c una empresa profesional del sector de la piscina\"\n\t\t data-reqmsg=\"Aquest camp no pot estar en blanc.\" data-invmsg=\"\u00bfTens piscina a casa? is invalid\"   \/> S\u00f3c una empresa profesional del sector de la piscina<\/label><\/div>\n<\/div>\r\n    \r\n    \r\n<\/div>\n<div id=\"frm_field_103_container\" class=\"frm_form_field form-field  frm_top_container frm_half\">\r\n    <label for=\"field_13fd7351b0ba591f\" class=\"frm_primary_label\">Nom de l'empresa\r\n        <span class=\"frm_required\"><\/span>\r\n    <\/label>\r\n    <input  type=\"text\" id=\"field_13fd7351b0ba591f\" name=\"item_meta[103]\" value=\"\"  data-invmsg=\"Texto no es v\u00e1lido\" aria-invalid=\"false\"   \/>\r\n    \r\n    \r\n<\/div>\n<div id=\"frm_field_104_container\" class=\"frm_form_field form-field  frm_top_container frm_half\">\r\n    <label for=\"field_ff7sw3ed1dca6ffb\" class=\"frm_primary_label\">CIF \/ NIF de l'empresa\r\n        <span class=\"frm_required\"><\/span>\r\n    <\/label>\r\n    <input  type=\"text\" id=\"field_ff7sw3ed1dca6ffb\" name=\"item_meta[104]\" value=\"\"  data-invmsg=\"Texto no es v\u00e1lido\" aria-invalid=\"false\"   \/>\r\n    \r\n    \r\n<\/div>\n<div id=\"frm_field_105_container\" class=\"frm_form_field form-field  frm_required_field frm_none_container horizontal_radio\">\r\n    <label for=\"field_ly7hh3af260291d1\" class=\"frm_primary_label\">Privacidad \r\n        <span class=\"frm_required\"><\/span>\r\n    <\/label>\r\n    <div class=\"frm_opt_container\">\t\t<div class=\"frm_checkbox\" id=\"frm_checkbox_105-0\">\t\t\t<label  for=\"field_ly7hh3af260291d1-0\">\n\t\t\t<input type=\"checkbox\" name=\"item_meta[105][]\" id=\"field_ly7hh3af260291d1-0\" value=\"He llegit i accepto la &lt;a href=&quot;https:\/\/technojetswim.com\/garantia-y-privacidad\/&quot;&gt;&lt;span data-css=&quot;tve-u-85a79b698104bf&quot;&gt;pol\u00edtica de privacitat&lt;\/span&gt;.&lt;\/a&gt; *\"  data-reqmsg=\"Has de marcar la casella de verificaci\u00f3\" data-invmsg=\"Privacidad  is invalid\"   aria-required=\"true\"  \/> He llegit i accepto la <a href=\"https:\/\/technojetswim.com\/garantia-y-privacidad\/\"><span>pol\u00edtica de privacitat<\/span>.<\/a> *<\/label><\/div>\n<\/div>\r\n    \r\n    \r\n<\/div>\n<div id=\"frm_field_106_container\" class=\"frm_form_field form-field \">\r\n\t<div class=\"frm_submit\">\r\n\r\n<button class=\"frm_button_submit frm_final_submit\" type=\"submit\"   formnovalidate=\"formnovalidate\">Visualitzar preus<\/button>\r\n\r\n<\/div>\r\n<\/div>\n\t<input type=\"hidden\" name=\"item_key\" value=\"\" \/>\n\t\t\t<div id=\"frm_field_320_container\">\n\t\t\t<label for=\"field_wvv5p\" >\n\t\t\t\tIf you are human, leave this field blank.\t\t\t<\/label>\n\t\t\t<input  id=\"field_wvv5p\" type=\"text\" class=\"frm_form_field form-field frm_verify\" name=\"item_meta[320]\" value=\"\"  \/>\n\t\t<\/div>\n\t\t<input name=\"frm_state\" type=\"hidden\" value=\"9QNf9ElZcPSnE\/SNzivm767d8SqHrmSY07SzyS4IDsSOxRT36RzGbPaRcYH0\/9sS\" \/><\/div>\n<\/fieldset>\n<\/div>\n\n<\/form>\n<\/div>\n\n<\/div><\/div>\n\n<\/div><\/div><\/div><\/div>\n\n<\/div><\/div>","protected":false},"excerpt":{"rendered":"<p>Al mercat hi ha infinitat de Sistemes de Nataci\u00f3 Contracorrent per instal\u00b7lar a la piscina de qualsPiscines modulars fabricades amb panells d&#8217;acer, revestiment interior de liner, incorpora el sistema de nataci\u00f3 contracorrent \u00fanic d&#8217;EndlessPools, amb els canals de tornada lateral per a m\u00e9s efici\u00e8ncia, a m\u00e9s dels sistemes de filtraci\u00f3 i calefacci\u00f3 de l&#8217;aigua i&#8230;<\/p>\n","protected":false},"author":1,"featured_media":0,"parent":43,"menu_order":0,"comment_status":"closed","ping_status":"closed","template":"","meta":{"_acf_changed":false,"_seopress_robots_primary_cat":"","_seopress_titles_title":"Obt\u00e9 el preu de les Piscines de nataci\u00f3 contracorrent EndlessPools","_seopress_titles_desc":"Obt\u00e9 el preu de les piscines de nataci\u00f3 a contracorrent Endless Pools. Descobreix models i opcions personalitzades a Technojet Swim. Informa\u2019t aqu\u00ed.","_seopress_robots_index":"","inline_featured_image":false,"_kad_blocks_custom_css":"","_kad_blocks_head_custom_js":"","_kad_blocks_body_custom_js":"","_kad_blocks_footer_custom_js":"","_kad_post_transparent":"","_kad_post_title":"","_kad_post_layout":"","_kad_post_sidebar_id":"","_kad_post_content_style":"","_kad_post_vertical_padding":"","_kad_post_feature":"","_kad_post_feature_position":"","_kad_post_header":false,"_kad_post_footer":false,"_kad_post_classname":"","footnotes":""},"class_list":["post-734","page","type-page","status-publish","hentry"],"acf":[],"taxonomy_info":[],"featured_image_src_large":false,"author_info":{"display_name":"jordi","author_link":"https:\/\/technojetswim.com\/ca\/author\/jordi\/"},"comment_info":"","_links":{"self":[{"href":"https:\/\/technojetswim.com\/ca\/wp-json\/wp\/v2\/pages\/734","targetHints":{"allow":["GET"]}}],"collection":[{"href":"https:\/\/technojetswim.com\/ca\/wp-json\/wp\/v2\/pages"}],"about":[{"href":"https:\/\/technojetswim.com\/ca\/wp-json\/wp\/v2\/types\/page"}],"author":[{"embeddable":true,"href":"https:\/\/technojetswim.com\/ca\/wp-json\/wp\/v2\/users\/1"}],"replies":[{"embeddable":true,"href":"https:\/\/technojetswim.com\/ca\/wp-json\/wp\/v2\/comments?post=734"}],"version-history":[{"count":1,"href":"https:\/\/technojetswim.com\/ca\/wp-json\/wp\/v2\/pages\/734\/revisions"}],"predecessor-version":[{"id":2430,"href":"https:\/\/technojetswim.com\/ca\/wp-json\/wp\/v2\/pages\/734\/revisions\/2430"}],"up":[{"embeddable":true,"href":"https:\/\/technojetswim.com\/ca\/wp-json\/wp\/v2\/pages\/43"}],"wp:attachment":[{"href":"https:\/\/technojetswim.com\/ca\/wp-json\/wp\/v2\/media?parent=734"}],"curies":[{"name":"wp","href":"https:\/\/api.w.org\/{rel}","templated":true}]}}