{"id":723,"date":"2024-12-04T11:47:54","date_gmt":"2024-12-04T10:47:54","guid":{"rendered":"https:\/\/techno.mmkt.xyz\/?page_id=723"},"modified":"2026-02-05T17:19:40","modified_gmt":"2026-02-05T16:19:40","slug":"manteniment-del-sistema-fastlane-i-insertpool","status":"publish","type":"page","link":"https:\/\/technojetswim.com\/ca\/fastlane\/manteniment-del-sistema-fastlane-i-insertpool\/","title":{"rendered":"Manteniment del Sistema FASTLANE\u00ae SWIM i InsertPool"},"content":{"rendered":"<style>.kb-row-layout-id723_d5fca1-44 > .kt-row-column-wrap{align-content:start;}:where(.kb-row-layout-id723_d5fca1-44 > .kt-row-column-wrap) > .wp-block-kadence-column{justify-content:start;}.kb-row-layout-id723_d5fca1-44 > .kt-row-column-wrap{column-gap:var(--global-kb-gap-md, 2rem);row-gap:var(--global-kb-gap-md, 2rem);padding-top:var(--global-kb-spacing-xxl, 5rem);padding-bottom:var(--global-kb-spacing-xxl, 5rem);grid-template-columns:minmax(0, 1fr);}.kb-row-layout-id723_d5fca1-44 > .kt-row-layout-overlay{opacity:0.30;}@media all and (max-width: 1024px){.kb-row-layout-id723_d5fca1-44 > .kt-row-column-wrap{grid-template-columns:minmax(0, 1fr);}}@media all and (max-width: 767px){.kb-row-layout-id723_d5fca1-44 > .kt-row-column-wrap{grid-template-columns:minmax(0, 1fr);}}<\/style><div class=\"kb-row-layout-wrap kb-row-layout-id723_d5fca1-44 alignnone wp-block-kadence-rowlayout\"><div class=\"kt-row-column-wrap kt-has-1-columns kt-row-layout-equal kt-tab-layout-inherit kt-mobile-layout-row kt-row-valign-top\">\n<style>.kadence-column723_83ee08-3b > .kt-inside-inner-col,.kadence-column723_83ee08-3b > .kt-inside-inner-col:before{border-top-left-radius:0px;border-top-right-radius:0px;border-bottom-right-radius:0px;border-bottom-left-radius:0px;}.kadence-column723_83ee08-3b > .kt-inside-inner-col{column-gap:var(--global-kb-gap-sm, 1rem);}.kadence-column723_83ee08-3b > .kt-inside-inner-col{flex-direction:column;}.kadence-column723_83ee08-3b > .kt-inside-inner-col > .aligncenter{width:100%;}.kadence-column723_83ee08-3b > .kt-inside-inner-col:before{opacity:0.3;}.kadence-column723_83ee08-3b{position:relative;}@media all and (max-width: 1024px){.kadence-column723_83ee08-3b > .kt-inside-inner-col{flex-direction:column;justify-content:center;}}@media all and (max-width: 767px){.kadence-column723_83ee08-3b > .kt-inside-inner-col{flex-direction:column;justify-content:center;}}<\/style>\n<div class=\"wp-block-kadence-column kadence-column723_83ee08-3b\"><div class=\"kt-inside-inner-col\"><style>.kb-row-layout-id723_65e2a3-c0 > .kt-row-column-wrap{align-content:start;}:where(.kb-row-layout-id723_65e2a3-c0 > .kt-row-column-wrap) > .wp-block-kadence-column{justify-content:start;}.kb-row-layout-id723_65e2a3-c0 > .kt-row-column-wrap{column-gap:var(--global-kb-gap-lg, 4rem);row-gap:var(--global-kb-gap-md, 2rem);padding-bottom:var(--global-kb-spacing-lg, 3rem);grid-template-columns:repeat(2, minmax(0, 1fr));}.kb-row-layout-id723_65e2a3-c0 > .kt-row-layout-overlay{opacity:0.30;}@media all and (max-width: 1024px){.kb-row-layout-id723_65e2a3-c0 > .kt-row-column-wrap{grid-template-columns:repeat(2, minmax(0, 1fr));}}@media all and (max-width: 767px){.kb-row-layout-id723_65e2a3-c0 > .kt-row-column-wrap{grid-template-columns:minmax(0, 1fr);}}<\/style><div class=\"kb-row-layout-wrap kb-row-layout-id723_65e2a3-c0 alignnone wp-block-kadence-rowlayout\"><div class=\"kt-row-column-wrap kt-has-2-columns kt-row-layout-equal kt-tab-layout-inherit kt-mobile-layout-row kt-row-valign-top kt-inner-column-height-full\">\n<style>.kadence-column723_1dcac9-b1 > .kt-inside-inner-col,.kadence-column723_1dcac9-b1 > .kt-inside-inner-col:before{border-top-left-radius:0px;border-top-right-radius:0px;border-bottom-right-radius:0px;border-bottom-left-radius:0px;}.kadence-column723_1dcac9-b1 > .kt-inside-inner-col{column-gap:var(--global-kb-gap-sm, 1rem);}.kadence-column723_1dcac9-b1 > .kt-inside-inner-col{flex-direction:column;}.kadence-column723_1dcac9-b1 > .kt-inside-inner-col > .aligncenter{width:100%;}.kadence-column723_1dcac9-b1 > .kt-inside-inner-col:before{opacity:0.3;}.kadence-column723_1dcac9-b1{position:relative;}@media all and (max-width: 1024px){.kadence-column723_1dcac9-b1 > .kt-inside-inner-col{flex-direction:column;justify-content:center;}}@media all and (max-width: 767px){.kadence-column723_1dcac9-b1 > .kt-inside-inner-col{flex-direction:column;justify-content:center;}}<\/style>\n<div class=\"wp-block-kadence-column kadence-column723_1dcac9-b1\"><div class=\"kt-inside-inner-col\">\n<figure class=\"wp-block-embed is-type-video is-provider-youtube wp-block-embed-youtube wp-embed-aspect-16-9 wp-has-aspect-ratio\"><div class=\"wp-block-embed__wrapper\">\n<iframe loading=\"lazy\" title=\"C\u00f3mo sustituir el \u00c1nodo de Sacrificio en los Sistemas Fastlane e InsertPool\" width=\"720\" height=\"405\" src=\"https:\/\/www.youtube.com\/embed\/35o-SOAesyg?feature=oembed\" frameborder=\"0\" allow=\"accelerometer; autoplay; clipboard-write; encrypted-media; gyroscope; picture-in-picture; web-share\" referrerpolicy=\"strict-origin-when-cross-origin\" allowfullscreen><\/iframe>\n<\/div><\/figure>\n<\/div><\/div>\n\n\n<style>.kadence-column723_16949a-b7 > .kt-inside-inner-col,.kadence-column723_16949a-b7 > .kt-inside-inner-col:before{border-top-left-radius:0px;border-top-right-radius:0px;border-bottom-right-radius:0px;border-bottom-left-radius:0px;}.kadence-column723_16949a-b7 > .kt-inside-inner-col{column-gap:var(--global-kb-gap-sm, 1rem);}.kadence-column723_16949a-b7 > .kt-inside-inner-col{flex-direction:column;}.kadence-column723_16949a-b7 > .kt-inside-inner-col > .aligncenter{width:100%;}.kadence-column723_16949a-b7 > .kt-inside-inner-col:before{opacity:0.3;}.kadence-column723_16949a-b7{position:relative;}@media all and (max-width: 1024px){.kadence-column723_16949a-b7 > .kt-inside-inner-col{flex-direction:column;justify-content:center;}}@media all and (max-width: 767px){.kadence-column723_16949a-b7 > .kt-inside-inner-col{flex-direction:column;justify-content:center;}}<\/style>\n<div class=\"wp-block-kadence-column kadence-column723_16949a-b7\"><div class=\"kt-inside-inner-col\">\n<p>Amb un <strong>bon manteniment del Sistema FASTLANE\u00ae SWIM<\/strong> <strong>o InsertPool no tindr\u00e0s cap problema per nedar a casa durant molts anys<\/strong>. t&#8217;explicarem a continuaci\u00f3:<\/p>\n\n\n\n<p>Abans de tot <strong>hem de diferenciar<\/strong> les piscines amb sistema de desinfecci\u00f3 amb <strong>cloraci\u00f3 convencional<\/strong> de les piscines amb sistema de desinfecci\u00f3 amb <strong>cloraci\u00f3 salina<\/strong> (electr\u00f2lisi salina).<\/p>\n\n\n\n<p>El tipus de <strong>manteniment \u00e9s el mateix<\/strong>, per\u00f2 les de piscines amb <strong>cloraci\u00f3 convencional<\/strong> tindran un manteniment cada 4-5 anys, mentre que les de <strong>cloraci\u00f3 salina <\/strong>tindran un manteniment m\u00e9s freq\u00fcent cada 2\u20133 anys.<\/p>\n\n\n<style>.wp-block-kadence-advancedbtn.kb-btns723_2279c5-3a{gap:var(--global-kb-gap-xs, 0.5rem );justify-content:flex-start;align-items:center;}.kt-btns723_2279c5-3a .kt-button{font-weight:normal;font-style:normal;}.kt-btns723_2279c5-3a .kt-btn-wrap-0{margin-right:5px;}.wp-block-kadence-advancedbtn.kt-btns723_2279c5-3a .kt-btn-wrap-0 .kt-button{color:#555555;border-color:#555555;}.wp-block-kadence-advancedbtn.kt-btns723_2279c5-3a .kt-btn-wrap-0 .kt-button:hover, .wp-block-kadence-advancedbtn.kt-btns723_2279c5-3a .kt-btn-wrap-0 .kt-button:focus{color:#ffffff;border-color:#444444;}.wp-block-kadence-advancedbtn.kt-btns723_2279c5-3a .kt-btn-wrap-0 .kt-button::before{display:none;}.wp-block-kadence-advancedbtn.kt-btns723_2279c5-3a .kt-btn-wrap-0 .kt-button:hover, .wp-block-kadence-advancedbtn.kt-btns723_2279c5-3a .kt-btn-wrap-0 .kt-button:focus{background:#444444;}<\/style>\n<div class=\"wp-block-kadence-advancedbtn kb-buttons-wrap kb-btns723_2279c5-3a\"><style>ul.menu .wp-block-kadence-advancedbtn .kb-btn723_840b7c-e6.kb-button{width:initial;}<\/style><a class=\"kb-button kt-button button kb-btn723_840b7c-e6 kt-btn-size-standard kt-btn-width-type-auto kb-btn-global-inherit  kt-btn-has-text-true kt-btn-has-svg-false  wp-block-button__link wp-block-kadence-singlebtn\" href=\"https:\/\/technojetswim.com\/ca\/fastlane\/\"><span class=\"kt-btn-inner-text\">Descobreix el sistema FASTLANE\u00ae SWIM<\/span><\/a>\n\n<style>ul.menu .wp-block-kadence-advancedbtn .kb-btn723_cb4312-2b.kb-button{width:initial;}<\/style><a class=\"kb-button kt-button button kb-btn723_cb4312-2b kt-btn-size-standard kt-btn-width-type-auto kb-btn-global-inherit  kt-btn-has-text-true kt-btn-has-svg-false  wp-block-button__link wp-block-kadence-singlebtn\" href=\"https:\/\/technojetswim.com\/ca\/insertpool\/\"><span class=\"kt-btn-inner-text\">Descobreix el sistema InsertPool<\/span><\/a><\/div>\n\n\n<style>.wp-block-kadence-advancedheading.kt-adv-heading723_a4702f-a9, .wp-block-kadence-advancedheading.kt-adv-heading723_a4702f-a9[data-kb-block=\"kb-adv-heading723_a4702f-a9\"]{font-style:normal;}.wp-block-kadence-advancedheading.kt-adv-heading723_a4702f-a9 mark.kt-highlight, .wp-block-kadence-advancedheading.kt-adv-heading723_a4702f-a9[data-kb-block=\"kb-adv-heading723_a4702f-a9\"] mark.kt-highlight{font-style:normal;color:#f76a0c;-webkit-box-decoration-break:clone;box-decoration-break:clone;padding-top:0px;padding-right:0px;padding-bottom:0px;padding-left:0px;}.wp-block-kadence-advancedheading.kt-adv-heading723_a4702f-a9 img.kb-inline-image, .wp-block-kadence-advancedheading.kt-adv-heading723_a4702f-a9[data-kb-block=\"kb-adv-heading723_a4702f-a9\"] img.kb-inline-image{width:150px;vertical-align:baseline;}<\/style>\n<h3 class=\"kt-adv-heading723_a4702f-a9 wp-block-kadence-advancedheading\" data-kb-block=\"kb-adv-heading723_a4702f-a9\">NOTA IMPORTANT<\/h3>\n\n\n\n<p>El sistema protegeix les piscines de cloraci\u00f3 salina mitjan\u00e7ant un \u00e0node de sacrifici i la correcta connexi\u00f3 de la presa de terra, per evitar la corrosi\u00f3 dels elements met\u00e0l\u00b7lics, l&#8217;\u00e0node ha de substituir-se quan perdi aproximadament la meitat de la massa (m\u00e9s o menys entre 4 i 8 mesos, en funci\u00f3 de la concentraci\u00f3 de sal de l&#8217;aigua, nivell de PH i alcalinitat de la piscina), mai deixar que aquest \u00e0node es esgoti del tot.<\/p>\n\n\n<style>.wp-block-kadence-advancedheading.kt-adv-heading723_f425f2-9e, .wp-block-kadence-advancedheading.kt-adv-heading723_f425f2-9e[data-kb-block=\"kb-adv-heading723_f425f2-9e\"]{font-size:22px;font-style:normal;}.wp-block-kadence-advancedheading.kt-adv-heading723_f425f2-9e mark.kt-highlight, .wp-block-kadence-advancedheading.kt-adv-heading723_f425f2-9e[data-kb-block=\"kb-adv-heading723_f425f2-9e\"] mark.kt-highlight{font-style:normal;color:#f76a0c;-webkit-box-decoration-break:clone;box-decoration-break:clone;padding-top:0px;padding-right:0px;padding-bottom:0px;padding-left:0px;}.wp-block-kadence-advancedheading.kt-adv-heading723_f425f2-9e img.kb-inline-image, .wp-block-kadence-advancedheading.kt-adv-heading723_f425f2-9e[data-kb-block=\"kb-adv-heading723_f425f2-9e\"] img.kb-inline-image{width:150px;vertical-align:baseline;}<\/style>\n<p class=\"kt-adv-heading723_f425f2-9e wp-block-kadence-advancedheading\" data-kb-block=\"kb-adv-heading723_f425f2-9e\"><strong>\u00a1\u00a1 \u00c9s molt important tenir la presa de terra ben connectada!<\/strong><\/p>\n\n\n<style>.wp-block-kadence-advancedheading.kt-adv-heading723_c7de68-b6, .wp-block-kadence-advancedheading.kt-adv-heading723_c7de68-b6[data-kb-block=\"kb-adv-heading723_c7de68-b6\"]{font-style:normal;}.wp-block-kadence-advancedheading.kt-adv-heading723_c7de68-b6 mark.kt-highlight, .wp-block-kadence-advancedheading.kt-adv-heading723_c7de68-b6[data-kb-block=\"kb-adv-heading723_c7de68-b6\"] mark.kt-highlight{font-style:normal;color:#f76a0c;-webkit-box-decoration-break:clone;box-decoration-break:clone;padding-top:0px;padding-right:0px;padding-bottom:0px;padding-left:0px;}.wp-block-kadence-advancedheading.kt-adv-heading723_c7de68-b6 img.kb-inline-image, .wp-block-kadence-advancedheading.kt-adv-heading723_c7de68-b6[data-kb-block=\"kb-adv-heading723_c7de68-b6\"] img.kb-inline-image{width:150px;vertical-align:baseline;}<\/style>\n<h3 class=\"kt-adv-heading723_c7de68-b6 wp-block-kadence-advancedheading\" data-kb-block=\"kb-adv-heading723_c7de68-b6\">Manteniment del Sistema FASTLANE\u00ae SWIMi InsertPool<\/h3>\n\n\n<style>.wp-block-kadence-iconlist.kt-svg-icon-list-items723_e374b2-33:not(.this-stops-third-party-issues){margin-top:0px;margin-bottom:0px;}.wp-block-kadence-iconlist.kt-svg-icon-list-items723_e374b2-33 ul.kt-svg-icon-list:not(.this-prevents-issues):not(.this-stops-third-party-issues):not(.tijsloc){margin-top:0px;margin-right:0px;margin-bottom:var(--global-kb-spacing-sm, 1.5rem);margin-left:0px;}.wp-block-kadence-iconlist.kt-svg-icon-list-items723_e374b2-33 ul.kt-svg-icon-list{grid-row-gap:5px;}.wp-block-kadence-iconlist.kt-svg-icon-list-items723_e374b2-33 ul.kt-svg-icon-list .kt-svg-icon-list-item-wrap .kt-svg-icon-list-single{margin-right:10px;}.kt-svg-icon-list-items723_e374b2-33 ul.kt-svg-icon-list .kt-svg-icon-list-level-0 .kt-svg-icon-list-single svg{font-size:20px;}<\/style>\n<div class=\"wp-block-kadence-iconlist kt-svg-icon-list-items kt-svg-icon-list-items723_e374b2-33 kt-svg-icon-list-columns-1 alignnone\"><ul class=\"kt-svg-icon-list\"><style>.kt-svg-icon-list-item-723_3cdec5-cf .kt-svg-icon-list-text mark.kt-highlight{background-color:unset;font-style:normal;color:#f76a0c;-webkit-box-decoration-break:clone;box-decoration-break:clone;padding-top:0px;padding-right:0px;padding-bottom:0px;padding-left:0px;}<\/style>\n<li class=\"wp-block-kadence-listitem kt-svg-icon-list-item-wrap kt-svg-icon-list-item-723_3cdec5-cf\"><span class=\"kb-svg-icon-wrap kb-svg-icon-fe_checkCircle kt-svg-icon-list-single\"><svg viewBox=\"0 0 24 24\"  fill=\"none\" stroke=\"currentColor\" stroke-width=\"2\" stroke-linecap=\"round\" stroke-linejoin=\"round\" xmlns=\"http:\/\/www.w3.org\/2000\/svg\"  aria-hidden=\"true\"><path d=\"M22 11.08V12a10 10 0 1 1-5.93-9.14\"\/><polyline points=\"22 4 12 14.01 9 11.01\"\/><\/svg><\/span><span class=\"kt-svg-icon-list-text\">Substituci\u00f3 canonades hidr\u00e0uliques.<\/span><\/li>\n\n\n<style>.kt-svg-icon-list-item-723_3a3b06-a5 .kt-svg-icon-list-text mark.kt-highlight{background-color:unset;font-style:normal;color:#f76a0c;-webkit-box-decoration-break:clone;box-decoration-break:clone;padding-top:0px;padding-right:0px;padding-bottom:0px;padding-left:0px;}<\/style>\n<li class=\"wp-block-kadence-listitem kt-svg-icon-list-item-wrap kt-svg-icon-list-item-723_3a3b06-a5\"><span class=\"kb-svg-icon-wrap kb-svg-icon-fe_checkCircle kt-svg-icon-list-single\"><svg viewBox=\"0 0 24 24\"  fill=\"none\" stroke=\"currentColor\" stroke-width=\"2\" stroke-linecap=\"round\" stroke-linejoin=\"round\" xmlns=\"http:\/\/www.w3.org\/2000\/svg\"  aria-hidden=\"true\"><path d=\"M22 11.08V12a10 10 0 1 1-5.93-9.14\"\/><polyline points=\"22 4 12 14.01 9 11.01\"\/><\/svg><\/span><span class=\"kt-svg-icon-list-text\">Substituci\u00f3 dun component intern del motor (sub-motor).<\/span><\/li>\n<\/ul><\/div>\n\n\n\n<p>Les m\u00e0negues i el sub-motor tenen un cost aproximat de 1.400\u20ac (IVA no incl\u00f2s)-<\/p>\n\n\n\n<p>Canvi de l\u00b4oli: recomanem canviar l\u00b4oli vegetal biodegradable no alimentari i el filtre de la unitat d\u00b4energia cada 5 anys o despr\u00e9s de 500 hores d\u00b4\u00fas.<br>Com hem comentat <strong>en cas d&#8217;instal\u00b7lar-se el sistema a una piscina amb sistema de desinfecci\u00f3 amb cloraci\u00f3 convencional el manteniment es realitzar\u00e0 cada 4-5 anys<\/strong>.<\/p>\n\n\n\n<p>En cas de ser una piscina amb desifencci\u00f3 amb cloraci\u00f3 salina, aquest manteniment <strong>s&#8217;haur\u00e0 de fer cada 2-3 anys<\/strong>, a m\u00e9s s&#8217;hauran de t<strong>enir en compte els par\u00e0metres qu\u00edmics de l&#8217;aigua seg\u00fcents<\/strong>:<\/p>\n\n\n<style>.wp-block-kadence-iconlist.kt-svg-icon-list-items723_cc7be9-bf:not(.this-stops-third-party-issues){margin-top:0px;margin-bottom:0px;}.wp-block-kadence-iconlist.kt-svg-icon-list-items723_cc7be9-bf ul.kt-svg-icon-list:not(.this-prevents-issues):not(.this-stops-third-party-issues):not(.tijsloc){margin-top:0px;margin-right:0px;margin-bottom:var(--global-kb-spacing-sm, 1.5rem);margin-left:0px;}.wp-block-kadence-iconlist.kt-svg-icon-list-items723_cc7be9-bf ul.kt-svg-icon-list{grid-row-gap:5px;}.wp-block-kadence-iconlist.kt-svg-icon-list-items723_cc7be9-bf ul.kt-svg-icon-list .kt-svg-icon-list-item-wrap .kt-svg-icon-list-single{margin-right:10px;}.kt-svg-icon-list-items723_cc7be9-bf ul.kt-svg-icon-list .kt-svg-icon-list-level-0 .kt-svg-icon-list-single svg{font-size:20px;}<\/style>\n<div class=\"wp-block-kadence-iconlist kt-svg-icon-list-items kt-svg-icon-list-items723_cc7be9-bf kt-svg-icon-list-columns-1 alignnone\"><ul class=\"kt-svg-icon-list\"><style>.kt-svg-icon-list-item-723_771f9d-0b .kt-svg-icon-list-text mark.kt-highlight{background-color:unset;font-style:normal;color:#f76a0c;-webkit-box-decoration-break:clone;box-decoration-break:clone;padding-top:0px;padding-right:0px;padding-bottom:0px;padding-left:0px;}<\/style>\n<li class=\"wp-block-kadence-listitem kt-svg-icon-list-item-wrap kt-svg-icon-list-item-723_771f9d-0b\"><span class=\"kb-svg-icon-wrap kb-svg-icon-fe_checkCircle kt-svg-icon-list-single\"><svg viewBox=\"0 0 24 24\"  fill=\"none\" stroke=\"currentColor\" stroke-width=\"2\" stroke-linecap=\"round\" stroke-linejoin=\"round\" xmlns=\"http:\/\/www.w3.org\/2000\/svg\"  aria-hidden=\"true\"><path d=\"M22 11.08V12a10 10 0 1 1-5.93-9.14\"\/><polyline points=\"22 4 12 14.01 9 11.01\"\/><\/svg><\/span><span class=\"kt-svg-icon-list-text\"><strong>Valors PH entre 7,4 \u2013 7,8<\/strong><\/span><\/li>\n\n\n<style>.kt-svg-icon-list-item-723_dd7271-8d .kt-svg-icon-list-text mark.kt-highlight{background-color:unset;font-style:normal;color:#f76a0c;-webkit-box-decoration-break:clone;box-decoration-break:clone;padding-top:0px;padding-right:0px;padding-bottom:0px;padding-left:0px;}<\/style>\n<li class=\"wp-block-kadence-listitem kt-svg-icon-list-item-wrap kt-svg-icon-list-item-723_dd7271-8d\"><span class=\"kb-svg-icon-wrap kb-svg-icon-fe_checkCircle kt-svg-icon-list-single\"><svg viewBox=\"0 0 24 24\"  fill=\"none\" stroke=\"currentColor\" stroke-width=\"2\" stroke-linecap=\"round\" stroke-linejoin=\"round\" xmlns=\"http:\/\/www.w3.org\/2000\/svg\"  aria-hidden=\"true\"><path d=\"M22 11.08V12a10 10 0 1 1-5.93-9.14\"\/><polyline points=\"22 4 12 14.01 9 11.01\"\/><\/svg><\/span><span class=\"kt-svg-icon-list-text\"><strong>Clor residual lliure: &lt;1,3 mg\/l<\/strong><\/span><\/li>\n\n\n<style>.kt-svg-icon-list-item-723_a6f2a6-bd .kt-svg-icon-list-text mark.kt-highlight{background-color:unset;font-style:normal;color:#f76a0c;-webkit-box-decoration-break:clone;box-decoration-break:clone;padding-top:0px;padding-right:0px;padding-bottom:0px;padding-left:0px;}<\/style>\n<li class=\"wp-block-kadence-listitem kt-svg-icon-list-item-wrap kt-svg-icon-list-item-723_a6f2a6-bd\"><span class=\"kb-svg-icon-wrap kb-svg-icon-fe_checkCircle kt-svg-icon-list-single\"><svg viewBox=\"0 0 24 24\"  fill=\"none\" stroke=\"currentColor\" stroke-width=\"2\" stroke-linecap=\"round\" stroke-linejoin=\"round\" xmlns=\"http:\/\/www.w3.org\/2000\/svg\"  aria-hidden=\"true\"><path d=\"M22 11.08V12a10 10 0 1 1-5.93-9.14\"\/><polyline points=\"22 4 12 14.01 9 11.01\"\/><\/svg><\/span><span class=\"kt-svg-icon-list-text\"><strong>Alcalinitat<\/strong> total entre <strong>80-120 ppm<\/strong>.<\/span><\/li>\n\n\n<style>.kt-svg-icon-list-item-723_5085ae-4f .kt-svg-icon-list-text mark.kt-highlight{background-color:unset;font-style:normal;color:#f76a0c;-webkit-box-decoration-break:clone;box-decoration-break:clone;padding-top:0px;padding-right:0px;padding-bottom:0px;padding-left:0px;}<\/style>\n<li class=\"wp-block-kadence-listitem kt-svg-icon-list-item-wrap kt-svg-icon-list-item-723_5085ae-4f\"><span class=\"kb-svg-icon-wrap kb-svg-icon-fe_checkCircle kt-svg-icon-list-single\"><svg viewBox=\"0 0 24 24\"  fill=\"none\" stroke=\"currentColor\" stroke-width=\"2\" stroke-linecap=\"round\" stroke-linejoin=\"round\" xmlns=\"http:\/\/www.w3.org\/2000\/svg\"  aria-hidden=\"true\"><path d=\"M22 11.08V12a10 10 0 1 1-5.93-9.14\"\/><polyline points=\"22 4 12 14.01 9 11.01\"\/><\/svg><\/span><span class=\"kt-svg-icon-list-text\">La <strong>quantitat de sal<\/strong> ha de ser <strong>inferior a 4.000 ppm<\/strong> i el<strong> total de s\u00f2lids dissolts (TSD) no<\/strong> ha de ser superior<strong> a 7000 ppm<\/strong>.<\/span><\/li>\n\n\n<style>.kt-svg-icon-list-item-723_6d3f2a-b3 .kt-svg-icon-list-text mark.kt-highlight{background-color:unset;font-style:normal;color:#f76a0c;-webkit-box-decoration-break:clone;box-decoration-break:clone;padding-top:0px;padding-right:0px;padding-bottom:0px;padding-left:0px;}<\/style>\n<li class=\"wp-block-kadence-listitem kt-svg-icon-list-item-wrap kt-svg-icon-list-item-723_6d3f2a-b3\"><span class=\"kb-svg-icon-wrap kb-svg-icon-fe_checkCircle kt-svg-icon-list-single\"><svg viewBox=\"0 0 24 24\"  fill=\"none\" stroke=\"currentColor\" stroke-width=\"2\" stroke-linecap=\"round\" stroke-linejoin=\"round\" xmlns=\"http:\/\/www.w3.org\/2000\/svg\"  aria-hidden=\"true\"><path d=\"M22 11.08V12a10 10 0 1 1-5.93-9.14\"\/><polyline points=\"22 4 12 14.01 9 11.01\"\/><\/svg><\/span><span class=\"kt-svg-icon-list-text\"><strong>Reviseu peri\u00f2dicament l&#8217;\u00e0node de sacrifici<\/strong>, ja que t\u00e9 un desgast m\u00e9s gran en piscines amb cloraci\u00f3 salina.<\/span><\/li>\n<\/ul><\/div>\n<\/div><\/div>\n\n<\/div><\/div><\/div><\/div>\n\n<\/div><\/div>","protected":false},"excerpt":{"rendered":"<p>Amb un bon manteniment del Sistema FASTLANE\u00ae SWIM o InsertPool no tindr\u00e0s cap problema per nedar a casa durant molts anys. t&#8217;explicarem a continuaci\u00f3: Abans de tot hem de diferenciar les piscines amb sistema de desinfecci\u00f3 amb cloraci\u00f3 convencional de les piscines amb sistema de desinfecci\u00f3 amb cloraci\u00f3 salina (electr\u00f2lisi salina). El tipus de manteniment&#8230;<\/p>\n","protected":false},"author":1,"featured_media":0,"parent":39,"menu_order":0,"comment_status":"closed","ping_status":"closed","template":"","meta":{"_acf_changed":false,"_seopress_robots_primary_cat":"","_seopress_titles_title":"Manteniment del Sistema FASTLANE\u00ae SWIM i InsertPool","_seopress_titles_desc":"Amb un bon manteniment del Sistema FASTLANE\u00ae SWIM o InsertPool no tindr\u00e0s cap problema per nedar a casa durant molts anys. Descobreix m\u00e9s.","_seopress_robots_index":"","inline_featured_image":false,"_kad_blocks_custom_css":"","_kad_blocks_head_custom_js":"","_kad_blocks_body_custom_js":"","_kad_blocks_footer_custom_js":"","_kad_post_transparent":"","_kad_post_title":"","_kad_post_layout":"","_kad_post_sidebar_id":"","_kad_post_content_style":"","_kad_post_vertical_padding":"","_kad_post_feature":"","_kad_post_feature_position":"","_kad_post_header":false,"_kad_post_footer":false,"_kad_post_classname":"","footnotes":""},"class_list":["post-723","page","type-page","status-publish","hentry"],"acf":[],"taxonomy_info":[],"featured_image_src_large":false,"author_info":{"display_name":"jordi","author_link":"https:\/\/technojetswim.com\/ca\/author\/jordi\/"},"comment_info":"","_links":{"self":[{"href":"https:\/\/technojetswim.com\/ca\/wp-json\/wp\/v2\/pages\/723","targetHints":{"allow":["GET"]}}],"collection":[{"href":"https:\/\/technojetswim.com\/ca\/wp-json\/wp\/v2\/pages"}],"about":[{"href":"https:\/\/technojetswim.com\/ca\/wp-json\/wp\/v2\/types\/page"}],"author":[{"embeddable":true,"href":"https:\/\/technojetswim.com\/ca\/wp-json\/wp\/v2\/users\/1"}],"replies":[{"embeddable":true,"href":"https:\/\/technojetswim.com\/ca\/wp-json\/wp\/v2\/comments?post=723"}],"version-history":[{"count":2,"href":"https:\/\/technojetswim.com\/ca\/wp-json\/wp\/v2\/pages\/723\/revisions"}],"predecessor-version":[{"id":2826,"href":"https:\/\/technojetswim.com\/ca\/wp-json\/wp\/v2\/pages\/723\/revisions\/2826"}],"up":[{"embeddable":true,"href":"https:\/\/technojetswim.com\/ca\/wp-json\/wp\/v2\/pages\/39"}],"wp:attachment":[{"href":"https:\/\/technojetswim.com\/ca\/wp-json\/wp\/v2\/media?parent=723"}],"curies":[{"name":"wp","href":"https:\/\/api.w.org\/{rel}","templated":true}]}}