{"id":716,"date":"2024-12-04T11:36:35","date_gmt":"2024-12-04T10:36:35","guid":{"rendered":"https:\/\/techno.mmkt.xyz\/?page_id=716"},"modified":"2026-02-05T17:11:39","modified_gmt":"2026-02-05T16:11:39","slug":"quant-consumeix-el-motor-de-natacio-contracorrent-fastlane","status":"publish","type":"page","link":"https:\/\/technojetswim.com\/ca\/fastlane\/quant-consumeix-el-motor-de-natacio-contracorrent-fastlane\/","title":{"rendered":"Quant consumeix el motor de nataci\u00f3 contracorrent FASTLANE\u00ae SWIM?"},"content":{"rendered":"<style>.kb-row-layout-id716_3e634d-33 > .kt-row-column-wrap{align-content:start;}:where(.kb-row-layout-id716_3e634d-33 > .kt-row-column-wrap) > .wp-block-kadence-column{justify-content:start;}.kb-row-layout-id716_3e634d-33 > .kt-row-column-wrap{column-gap:var(--global-kb-gap-md, 2rem);row-gap:var(--global-kb-gap-md, 2rem);max-width:var( --global-content-width, 1400px );padding-left:var(--global-content-edge-padding);padding-right:var(--global-content-edge-padding);padding-top:210px;padding-right:24px;padding-bottom:120px;padding-left:24px;grid-template-columns:repeat(2, minmax(0, 1fr));}.kb-row-layout-id716_3e634d-33{background-image:url('https:\/\/technojetswim.com\/wp-content\/uploads\/2025\/03\/CUANTO_CONSUME_FASTLANE.png');background-size:cover;background-position:61% 48%;background-attachment:scroll;background-repeat:no-repeat;}.kb-row-layout-id716_3e634d-33 > .kt-row-layout-overlay{opacity:0.70;background-color:var(--global-palette7, #EDF2F7);mix-blend-mode:multiply;}.kb-row-layout-id716_3e634d-33 ,.kb-row-layout-id716_3e634d-33 h1,.kb-row-layout-id716_3e634d-33 h2,.kb-row-layout-id716_3e634d-33 h3,.kb-row-layout-id716_3e634d-33 h4,.kb-row-layout-id716_3e634d-33 h5,.kb-row-layout-id716_3e634d-33 h6{color:var(--global-palette9, #ffffff);}.kb-row-layout-id716_3e634d-33 a{color:var(--global-palette9, #ffffff);}.kb-row-layout-id716_3e634d-33 a:hover{color:var(--global-palette9, #ffffff);}@media all and (max-width: 1024px){.kb-row-layout-id716_3e634d-33 > .kt-row-column-wrap{grid-template-columns:repeat(2, minmax(0, 1fr));}}@media all and (max-width: 767px){.kb-row-layout-id716_3e634d-33 > .kt-row-column-wrap{grid-template-columns:minmax(0, 1fr);}}<\/style><div class=\"kb-row-layout-wrap kb-row-layout-id716_3e634d-33 alignfull kt-row-has-bg wp-block-kadence-rowlayout\"><div class=\"kt-row-layout-overlay kt-row-overlay-normal\"><\/div><div class=\"kt-row-column-wrap kt-has-2-columns kt-row-layout-equal kt-tab-layout-inherit kt-mobile-layout-row kt-row-valign-top kb-theme-content-width\">\n<style>.kadence-column716_f43503-9b > .kt-inside-inner-col,.kadence-column716_f43503-9b > .kt-inside-inner-col:before{border-top-left-radius:0px;border-top-right-radius:0px;border-bottom-right-radius:0px;border-bottom-left-radius:0px;}.kadence-column716_f43503-9b > .kt-inside-inner-col{column-gap:var(--global-kb-gap-sm, 1rem);}.kadence-column716_f43503-9b > .kt-inside-inner-col{flex-direction:column;}.kadence-column716_f43503-9b > .kt-inside-inner-col > .aligncenter{width:100%;}.kadence-column716_f43503-9b > .kt-inside-inner-col:before{opacity:0.3;}.kadence-column716_f43503-9b{position:relative;}@media all and (max-width: 1024px){.kadence-column716_f43503-9b > .kt-inside-inner-col{flex-direction:column;justify-content:center;}}@media all and (max-width: 767px){.kadence-column716_f43503-9b > .kt-inside-inner-col{flex-direction:column;justify-content:center;}}<\/style>\n<div class=\"wp-block-kadence-column kadence-column716_f43503-9b\"><div class=\"kt-inside-inner-col\"><style>.wp-block-kadence-advancedheading.kt-adv-heading716_4abc97-17, .wp-block-kadence-advancedheading.kt-adv-heading716_4abc97-17[data-kb-block=\"kb-adv-heading716_4abc97-17\"]{text-align:left;font-style:normal;}.wp-block-kadence-advancedheading.kt-adv-heading716_4abc97-17 mark.kt-highlight, .wp-block-kadence-advancedheading.kt-adv-heading716_4abc97-17[data-kb-block=\"kb-adv-heading716_4abc97-17\"] mark.kt-highlight{font-style:normal;color:#f76a0c;-webkit-box-decoration-break:clone;box-decoration-break:clone;padding-top:0px;padding-right:0px;padding-bottom:0px;padding-left:0px;}.wp-block-kadence-advancedheading.kt-adv-heading716_4abc97-17 img.kb-inline-image, .wp-block-kadence-advancedheading.kt-adv-heading716_4abc97-17[data-kb-block=\"kb-adv-heading716_4abc97-17\"] img.kb-inline-image{width:150px;vertical-align:baseline;}<\/style>\n<h2 class=\"kt-adv-heading716_4abc97-17 wp-block-kadence-advancedheading\" data-kb-block=\"kb-adv-heading716_4abc97-17\">Quant consumeix el motor de nataci\u00f3 contracorrent FASTLANE\u00ae SWIM?<\/h2>\n<\/div><\/div>\n\n\n<style>.kadence-column716_b5b205-e2 > .kt-inside-inner-col,.kadence-column716_b5b205-e2 > .kt-inside-inner-col:before{border-top-left-radius:0px;border-top-right-radius:0px;border-bottom-right-radius:0px;border-bottom-left-radius:0px;}.kadence-column716_b5b205-e2 > .kt-inside-inner-col{column-gap:var(--global-kb-gap-sm, 1rem);}.kadence-column716_b5b205-e2 > .kt-inside-inner-col{flex-direction:column;}.kadence-column716_b5b205-e2 > .kt-inside-inner-col > .aligncenter{width:100%;}.kadence-column716_b5b205-e2 > .kt-inside-inner-col:before{opacity:0.3;}.kadence-column716_b5b205-e2{position:relative;}@media all and (max-width: 1024px){.kadence-column716_b5b205-e2 > .kt-inside-inner-col{flex-direction:column;justify-content:center;}}@media all and (max-width: 767px){.kadence-column716_b5b205-e2 > .kt-inside-inner-col{flex-direction:column;justify-content:center;}}<\/style>\n<div class=\"wp-block-kadence-column kadence-column716_b5b205-e2\"><div class=\"kt-inside-inner-col\"><\/div><\/div>\n\n<\/div><\/div>\n\n<style>.kb-row-layout-id716_64cb53-f7 > .kt-row-column-wrap{align-content:start;}:where(.kb-row-layout-id716_64cb53-f7 > .kt-row-column-wrap) > .wp-block-kadence-column{justify-content:start;}.kb-row-layout-id716_64cb53-f7 > .kt-row-column-wrap{column-gap:var(--global-kb-gap-md, 2rem);row-gap:var(--global-kb-gap-md, 2rem);padding-top:var(--global-kb-spacing-xxl, 5rem);grid-template-columns:minmax(0, 1fr);}.kb-row-layout-id716_64cb53-f7 > .kt-row-layout-overlay{opacity:0.30;}@media all and (max-width: 1024px){.kb-row-layout-id716_64cb53-f7 > .kt-row-column-wrap{grid-template-columns:minmax(0, 1fr);}}@media all and (max-width: 767px){.kb-row-layout-id716_64cb53-f7 > .kt-row-column-wrap{grid-template-columns:minmax(0, 1fr);}}<\/style><div class=\"kb-row-layout-wrap kb-row-layout-id716_64cb53-f7 alignnone wp-block-kadence-rowlayout\"><div class=\"kt-row-column-wrap kt-has-1-columns kt-row-layout-equal kt-tab-layout-inherit kt-mobile-layout-row kt-row-valign-top\">\n<style>.kadence-column716_f55799-a7 > .kt-inside-inner-col,.kadence-column716_f55799-a7 > .kt-inside-inner-col:before{border-top-left-radius:0px;border-top-right-radius:0px;border-bottom-right-radius:0px;border-bottom-left-radius:0px;}.kadence-column716_f55799-a7 > .kt-inside-inner-col{column-gap:var(--global-kb-gap-sm, 1rem);}.kadence-column716_f55799-a7 > .kt-inside-inner-col{flex-direction:column;}.kadence-column716_f55799-a7 > .kt-inside-inner-col > .aligncenter{width:100%;}.kadence-column716_f55799-a7 > .kt-inside-inner-col:before{opacity:0.3;}.kadence-column716_f55799-a7{position:relative;}@media all and (max-width: 1024px){.kadence-column716_f55799-a7 > .kt-inside-inner-col{flex-direction:column;justify-content:center;}}@media all and (max-width: 767px){.kadence-column716_f55799-a7 > .kt-inside-inner-col{flex-direction:column;justify-content:center;}}<\/style>\n<div class=\"wp-block-kadence-column kadence-column716_f55799-a7\"><div class=\"kt-inside-inner-col\"><style>.kb-row-layout-id716_fe3237-53 > .kt-row-column-wrap{align-content:start;}:where(.kb-row-layout-id716_fe3237-53 > .kt-row-column-wrap) > .wp-block-kadence-column{justify-content:start;}.kb-row-layout-id716_fe3237-53 > .kt-row-column-wrap{column-gap:var(--global-kb-gap-lg, 4rem);row-gap:var(--global-kb-gap-md, 2rem);padding-bottom:var(--global-kb-spacing-lg, 3rem);grid-template-columns:repeat(2, minmax(0, 1fr));}.kb-row-layout-id716_fe3237-53 > .kt-row-layout-overlay{opacity:0.30;}@media all and (max-width: 1024px){.kb-row-layout-id716_fe3237-53 > .kt-row-column-wrap{grid-template-columns:repeat(2, minmax(0, 1fr));}}@media all and (max-width: 767px){.kb-row-layout-id716_fe3237-53 > .kt-row-column-wrap{grid-template-columns:minmax(0, 1fr);}}<\/style><div class=\"kb-row-layout-wrap kb-row-layout-id716_fe3237-53 alignnone wp-block-kadence-rowlayout\"><div class=\"kt-row-column-wrap kt-has-2-columns kt-row-layout-equal kt-tab-layout-inherit kt-mobile-layout-row kt-row-valign-top kt-inner-column-height-full\">\n<style>.kadence-column716_82bb81-4a > .kt-inside-inner-col,.kadence-column716_82bb81-4a > .kt-inside-inner-col:before{border-top-left-radius:0px;border-top-right-radius:0px;border-bottom-right-radius:0px;border-bottom-left-radius:0px;}.kadence-column716_82bb81-4a > .kt-inside-inner-col{column-gap:var(--global-kb-gap-sm, 1rem);}.kadence-column716_82bb81-4a > .kt-inside-inner-col{flex-direction:column;}.kadence-column716_82bb81-4a > .kt-inside-inner-col > .aligncenter{width:100%;}.kadence-column716_82bb81-4a > .kt-inside-inner-col:before{opacity:0.3;}.kadence-column716_82bb81-4a{position:relative;}@media all and (max-width: 1024px){.kadence-column716_82bb81-4a > .kt-inside-inner-col{flex-direction:column;justify-content:center;}}@media all and (max-width: 767px){.kadence-column716_82bb81-4a > .kt-inside-inner-col{flex-direction:column;justify-content:center;}}<\/style>\n<div class=\"wp-block-kadence-column kadence-column716_82bb81-4a\"><div class=\"kt-inside-inner-col\">\n<p>Una altra pregunta t\u00edpica que ens pot sorgir: <strong>Quan consumeix el motor de nataci\u00f3 contracorrent FASTLANE\u00ae SWIM?<\/strong><\/p>\n\n\n\n<p>Un cop sabem tots els avantatges i les caracter\u00edstiques del sistema de nataci\u00f3 contracorrent FASTLANE\u00ae SWIM i les mesures m\u00ednimes que ha de fer la piscina per poder-lo instal\u00b7lar no sorgeix l&#8217;altra pregunta clau; quant consumeix?<\/p>\n\n\n<style>.wp-block-kadence-advancedbtn.kb-btns716_acc6d8-93{gap:var(--global-kb-gap-xs, 0.5rem );justify-content:flex-start;align-items:center;}.kt-btns716_acc6d8-93 .kt-button{font-weight:normal;font-style:normal;}.kt-btns716_acc6d8-93 .kt-btn-wrap-0{margin-right:5px;}.wp-block-kadence-advancedbtn.kt-btns716_acc6d8-93 .kt-btn-wrap-0 .kt-button{color:#555555;border-color:#555555;}.wp-block-kadence-advancedbtn.kt-btns716_acc6d8-93 .kt-btn-wrap-0 .kt-button:hover, .wp-block-kadence-advancedbtn.kt-btns716_acc6d8-93 .kt-btn-wrap-0 .kt-button:focus{color:#ffffff;border-color:#444444;}.wp-block-kadence-advancedbtn.kt-btns716_acc6d8-93 .kt-btn-wrap-0 .kt-button::before{display:none;}.wp-block-kadence-advancedbtn.kt-btns716_acc6d8-93 .kt-btn-wrap-0 .kt-button:hover, .wp-block-kadence-advancedbtn.kt-btns716_acc6d8-93 .kt-btn-wrap-0 .kt-button:focus{background:#444444;}<\/style>\n<div class=\"wp-block-kadence-advancedbtn kb-buttons-wrap kb-btns716_acc6d8-93\"><style>ul.menu .wp-block-kadence-advancedbtn .kb-btn716_58f2fd-c9.kb-button{width:initial;}<\/style><a class=\"kb-button kt-button button kb-btn716_58f2fd-c9 kt-btn-size-standard kt-btn-width-type-auto kb-btn-global-inherit  kt-btn-has-text-true kt-btn-has-svg-false  wp-block-button__link wp-block-kadence-singlebtn\" href=\"https:\/\/technojetswim.com\/ca\/fastlane\/hi-cap-un-fastlane-a-la-meva-piscina-aquestes-son-les-mesures-minimes-per-poder-lo-installar\/\"><span class=\"kt-btn-inner-text\">Mesures m\u00ednimes que ha de fer la piscina<\/span><\/a><\/div>\n<\/div><\/div>\n\n\n<style>.kadence-column716_b4c1e3-10 > .kt-inside-inner-col,.kadence-column716_b4c1e3-10 > .kt-inside-inner-col:before{border-top-left-radius:0px;border-top-right-radius:0px;border-bottom-right-radius:0px;border-bottom-left-radius:0px;}.kadence-column716_b4c1e3-10 > .kt-inside-inner-col{column-gap:var(--global-kb-gap-sm, 1rem);}.kadence-column716_b4c1e3-10 > .kt-inside-inner-col{flex-direction:column;}.kadence-column716_b4c1e3-10 > .kt-inside-inner-col > .aligncenter{width:100%;}.kadence-column716_b4c1e3-10 > .kt-inside-inner-col:before{opacity:0.3;}.kadence-column716_b4c1e3-10{position:relative;}@media all and (max-width: 1024px){.kadence-column716_b4c1e3-10 > .kt-inside-inner-col{flex-direction:column;justify-content:center;}}@media all and (max-width: 767px){.kadence-column716_b4c1e3-10 > .kt-inside-inner-col{flex-direction:column;justify-content:center;}}<\/style>\n<div class=\"wp-block-kadence-column kadence-column716_b4c1e3-10\"><div class=\"kt-inside-inner-col\">\n<figure class=\"wp-block-embed is-type-video is-provider-youtube wp-block-embed-youtube wp-embed-aspect-16-9 wp-has-aspect-ratio\"><div class=\"wp-block-embed__wrapper\">\n<iframe loading=\"lazy\" title=\"Piscina para nadar de 2 x 5 en patio un rehabilitado\" width=\"720\" height=\"405\" src=\"https:\/\/www.youtube.com\/embed\/1HY8B7sIsHc?feature=oembed&#038;enablejsapi=1&#038;origin=https:\/\/technojetswim.com\" frameborder=\"0\" allow=\"accelerometer; autoplay; clipboard-write; encrypted-media; gyroscope; picture-in-picture; web-share\" referrerpolicy=\"strict-origin-when-cross-origin\" allowfullscreen><\/iframe>\n<\/div><\/figure>\n<\/div><\/div>\n\n<\/div><\/div><\/div><\/div>\n\n<\/div><\/div>\n\n<style>.kb-row-layout-id716_856199-3f > .kt-row-column-wrap{align-content:center;}:where(.kb-row-layout-id716_856199-3f > .kt-row-column-wrap) > .wp-block-kadence-column{justify-content:center;}.kb-row-layout-id716_856199-3f > .kt-row-column-wrap{column-gap:var(--global-kb-gap-md, 2rem);row-gap:var(--global-kb-gap-md, 2rem);padding-bottom:var(--global-kb-spacing-sm, 1.5rem);grid-template-columns:minmax(0, 1fr);}.kb-row-layout-id716_856199-3f > .kt-row-layout-overlay{opacity:0.30;}@media all and (max-width: 1024px){.kb-row-layout-id716_856199-3f > .kt-row-column-wrap{grid-template-columns:minmax(0, 1fr);}}@media all and (max-width: 767px){.kb-row-layout-id716_856199-3f > .kt-row-column-wrap{grid-template-columns:minmax(0, 1fr);}}<\/style><div class=\"kb-row-layout-wrap kb-row-layout-id716_856199-3f aligncenter wp-block-kadence-rowlayout\"><div class=\"kt-row-column-wrap kt-has-1-columns kt-row-layout-equal kt-tab-layout-inherit kt-mobile-layout-row kt-row-valign-middle\">\n<style>.kadence-column716_7e9c5a-38 > .kt-inside-inner-col,.kadence-column716_7e9c5a-38 > .kt-inside-inner-col:before{border-top-left-radius:0px;border-top-right-radius:0px;border-bottom-right-radius:0px;border-bottom-left-radius:0px;}.kadence-column716_7e9c5a-38 > .kt-inside-inner-col{column-gap:var(--global-kb-gap-sm, 1rem);}.kadence-column716_7e9c5a-38 > .kt-inside-inner-col{flex-direction:column;}.kadence-column716_7e9c5a-38 > .kt-inside-inner-col > .aligncenter{width:100%;}.kadence-column716_7e9c5a-38 > .kt-inside-inner-col:before{opacity:0.3;}.kadence-column716_7e9c5a-38{position:relative;}@media all and (max-width: 1024px){.kadence-column716_7e9c5a-38 > .kt-inside-inner-col{flex-direction:column;justify-content:center;}}@media all and (max-width: 767px){.kadence-column716_7e9c5a-38 > .kt-inside-inner-col{flex-direction:column;justify-content:center;}}<\/style>\n<div class=\"wp-block-kadence-column kadence-column716_7e9c5a-38\"><div class=\"kt-inside-inner-col\"><style>.wp-block-kadence-advancedbtn.kb-btns716_da6215-52{gap:var(--global-kb-gap-xs, 0.5rem );justify-content:center;align-items:center;}.kt-btns716_da6215-52 .kt-button{font-weight:normal;font-style:normal;}.kt-btns716_da6215-52 .kt-btn-wrap-0{margin-right:5px;}.wp-block-kadence-advancedbtn.kt-btns716_da6215-52 .kt-btn-wrap-0 .kt-button{color:#555555;border-color:#555555;}.wp-block-kadence-advancedbtn.kt-btns716_da6215-52 .kt-btn-wrap-0 .kt-button:hover, .wp-block-kadence-advancedbtn.kt-btns716_da6215-52 .kt-btn-wrap-0 .kt-button:focus{color:#ffffff;border-color:#444444;}.wp-block-kadence-advancedbtn.kt-btns716_da6215-52 .kt-btn-wrap-0 .kt-button::before{display:none;}.wp-block-kadence-advancedbtn.kt-btns716_da6215-52 .kt-btn-wrap-0 .kt-button:hover, .wp-block-kadence-advancedbtn.kt-btns716_da6215-52 .kt-btn-wrap-0 .kt-button:focus{background:#444444;}<\/style>\n<div class=\"wp-block-kadence-advancedbtn kb-buttons-wrap kb-btns716_da6215-52\"><style>ul.menu .wp-block-kadence-advancedbtn .kb-btn716_0393f8-ec.kb-button{width:initial;}<\/style><a class=\"kb-button kt-button button kb-btn716_0393f8-ec kt-btn-size-standard kt-btn-width-type-auto kb-btn-global-inherit  kt-btn-has-text-true kt-btn-has-svg-false  wp-block-button__link wp-block-kadence-singlebtn\" href=\"https:\/\/technojetswim.com\/ca\/fastlane\/\"><span class=\"kt-btn-inner-text\">Descobreix el sistema FASTLANE\u00ae SWIM<\/span><\/a><\/div>\n<\/div><\/div>\n\n<\/div><\/div>\n\n<style>.kb-row-layout-id716_25fb76-47 > .kt-row-column-wrap{align-content:start;}:where(.kb-row-layout-id716_25fb76-47 > .kt-row-column-wrap) > .wp-block-kadence-column{justify-content:start;}.kb-row-layout-id716_25fb76-47 > .kt-row-column-wrap{column-gap:var(--global-kb-gap-md, 2rem);row-gap:var(--global-kb-gap-md, 2rem);padding-top:var(--global-kb-spacing-sm, 1.5rem);padding-bottom:var(--global-kb-spacing-sm, 1.5rem);grid-template-columns:minmax(0, 1fr);}.kb-row-layout-id716_25fb76-47 > .kt-row-layout-overlay{opacity:0.30;}@media all and (max-width: 1024px){.kb-row-layout-id716_25fb76-47 > .kt-row-column-wrap{grid-template-columns:minmax(0, 1fr);}}@media all and (max-width: 767px){.kb-row-layout-id716_25fb76-47 > .kt-row-column-wrap{grid-template-columns:minmax(0, 1fr);}}<\/style><div class=\"kb-row-layout-wrap kb-row-layout-id716_25fb76-47 alignnone wp-block-kadence-rowlayout\"><div class=\"kt-row-column-wrap kt-has-1-columns kt-row-layout-equal kt-tab-layout-inherit kt-mobile-layout-row kt-row-valign-top\">\n<style>.kadence-column716_184801-6a > .kt-inside-inner-col,.kadence-column716_184801-6a > .kt-inside-inner-col:before{border-top-left-radius:0px;border-top-right-radius:0px;border-bottom-right-radius:0px;border-bottom-left-radius:0px;}.kadence-column716_184801-6a > .kt-inside-inner-col{column-gap:var(--global-kb-gap-sm, 1rem);}.kadence-column716_184801-6a > .kt-inside-inner-col{flex-direction:column;}.kadence-column716_184801-6a > .kt-inside-inner-col > .aligncenter{width:100%;}.kadence-column716_184801-6a > .kt-inside-inner-col:before{opacity:0.3;}.kadence-column716_184801-6a{position:relative;}@media all and (max-width: 1024px){.kadence-column716_184801-6a > .kt-inside-inner-col{flex-direction:column;justify-content:center;}}@media all and (max-width: 767px){.kadence-column716_184801-6a > .kt-inside-inner-col{flex-direction:column;justify-content:center;}}<\/style>\n<div class=\"wp-block-kadence-column kadence-column716_184801-6a\"><div class=\"kt-inside-inner-col\"><style>.wp-block-kadence-advancedheading.kt-adv-heading716_901bc0-1c, .wp-block-kadence-advancedheading.kt-adv-heading716_901bc0-1c[data-kb-block=\"kb-adv-heading716_901bc0-1c\"]{font-style:normal;}.wp-block-kadence-advancedheading.kt-adv-heading716_901bc0-1c mark.kt-highlight, .wp-block-kadence-advancedheading.kt-adv-heading716_901bc0-1c[data-kb-block=\"kb-adv-heading716_901bc0-1c\"] mark.kt-highlight{font-style:normal;color:#f76a0c;-webkit-box-decoration-break:clone;box-decoration-break:clone;padding-top:0px;padding-right:0px;padding-bottom:0px;padding-left:0px;}.wp-block-kadence-advancedheading.kt-adv-heading716_901bc0-1c img.kb-inline-image, .wp-block-kadence-advancedheading.kt-adv-heading716_901bc0-1c[data-kb-block=\"kb-adv-heading716_901bc0-1c\"] img.kb-inline-image{width:150px;vertical-align:baseline;}<\/style>\n<h3 class=\"kt-adv-heading716_901bc0-1c wp-block-kadence-advancedheading\" data-kb-block=\"kb-adv-heading716_901bc0-1c\"><strong>Consum del motor contracorriente FASTLANE\u00ae SWIM (versi\u00f3n t\u00e9cnica)<\/strong><br><\/h3>\n\n\n\n<p>Recordem que aquest sistema funciona amb un <strong>motor de 5 HP monof\u00e0sic (3.800 W.)<\/strong><\/p>\n\n\n\n<p>El seu <strong>consum  oscil\u00b7la entre els 8 i 22 Ampers en funcionament<\/strong>, tot dep\u00e8n de la velocitat en la que estigui funcionant la m\u00e1quina. S&#8217;ha de tenir en compte que aquest equip t\u00e9 un <strong>pic d&#8217;arrencada de fins a 30 Ampers<\/strong>, per la qual cosa es necessita una l<strong>\u00ednea independent amb un t\u00e8rmic de 32 Ampers \u2013 Corba C\/D<\/strong><\/p>\n\n\n<style>.wp-block-kadence-advancedheading.kt-adv-heading716_82bed7-ee, .wp-block-kadence-advancedheading.kt-adv-heading716_82bed7-ee[data-kb-block=\"kb-adv-heading716_82bed7-ee\"]{font-style:normal;}.wp-block-kadence-advancedheading.kt-adv-heading716_82bed7-ee mark.kt-highlight, .wp-block-kadence-advancedheading.kt-adv-heading716_82bed7-ee[data-kb-block=\"kb-adv-heading716_82bed7-ee\"] mark.kt-highlight{font-style:normal;color:#f76a0c;-webkit-box-decoration-break:clone;box-decoration-break:clone;padding-top:0px;padding-right:0px;padding-bottom:0px;padding-left:0px;}.wp-block-kadence-advancedheading.kt-adv-heading716_82bed7-ee img.kb-inline-image, .wp-block-kadence-advancedheading.kt-adv-heading716_82bed7-ee[data-kb-block=\"kb-adv-heading716_82bed7-ee\"] img.kb-inline-image{width:150px;vertical-align:baseline;}<\/style>\n<h3 class=\"kt-adv-heading716_82bed7-ee wp-block-kadence-advancedheading\" data-kb-block=\"kb-adv-heading716_82bed7-ee\">Aix\u00f2 qu\u00e8 vol dir?<\/h3>\n\n\n\n<p>Perqu\u00e8 ho entenguem tots i ens fem una idea, fem un s\u00edmil amb una acci\u00f3 quotidiana a casa com pot ser escalfar una pizza.<\/p>\n\n\n\n<p>Escalfar una pizza al forn et costa el mateix que fer un entrenament d&#8217;una hora amb el sistema Fastlane<\/p>\n\n\n\n<p>NOTA: El consum del motor contracorrent Fastlane no us ha de preocupar, en realitat el sistema de filtraci\u00f3 de l&#8217;aigua (amb una bomba centr\u00edfuga de 2HP) que pots tenir a la teva piscina i que funciona entre 4 i 6 hores al dia consumeix 4 vegades m\u00e9s que aquest sistema.<\/p>\n\n\n<style>.wp-block-kadence-advancedbtn.kb-btns716_b6a1fc-83{gap:var(--global-kb-gap-xs, 0.5rem );justify-content:center;align-items:center;}.kt-btns716_b6a1fc-83 .kt-button{font-weight:normal;font-style:normal;}.kt-btns716_b6a1fc-83 .kt-btn-wrap-0{margin-right:5px;}.wp-block-kadence-advancedbtn.kt-btns716_b6a1fc-83 .kt-btn-wrap-0 .kt-button{color:#555555;border-color:#555555;}.wp-block-kadence-advancedbtn.kt-btns716_b6a1fc-83 .kt-btn-wrap-0 .kt-button:hover, .wp-block-kadence-advancedbtn.kt-btns716_b6a1fc-83 .kt-btn-wrap-0 .kt-button:focus{color:#ffffff;border-color:#444444;}.wp-block-kadence-advancedbtn.kt-btns716_b6a1fc-83 .kt-btn-wrap-0 .kt-button::before{display:none;}.wp-block-kadence-advancedbtn.kt-btns716_b6a1fc-83 .kt-btn-wrap-0 .kt-button:hover, .wp-block-kadence-advancedbtn.kt-btns716_b6a1fc-83 .kt-btn-wrap-0 .kt-button:focus{background:#444444;}<\/style>\n<div class=\"wp-block-kadence-advancedbtn kb-buttons-wrap kb-btns716_b6a1fc-83\"><style>ul.menu .wp-block-kadence-advancedbtn .kb-btn716_695ed8-32.kb-button{width:initial;}<\/style><a class=\"kb-button kt-button button kb-btn716_695ed8-32 kt-btn-size-standard kt-btn-width-type-auto kb-btn-global-inherit  kt-btn-has-text-true kt-btn-has-svg-false  wp-block-button__link wp-block-kadence-singlebtn\" href=\"https:\/\/technojetswim.com\/ca\/fastlane\/obtingueu-el-preu-del-sistema-fastlane\/\"><span class=\"kt-btn-inner-text\">Obtingui el preu del Sistema FASTLANE\u00ae SWIM<\/span><\/a><\/div>\n<\/div><\/div>\n\n<\/div><\/div>","protected":false},"excerpt":{"rendered":"<p>Quant consumeix el motor de nataci\u00f3 contracorrent FASTLANE\u00ae SWIM? Una altra pregunta t\u00edpica que ens pot sorgir: Quan consumeix el motor de nataci\u00f3 contracorrent FASTLANE\u00ae SWIM? Un cop sabem tots els avantatges i les caracter\u00edstiques del sistema de nataci\u00f3 contracorrent FASTLANE\u00ae SWIM i les mesures m\u00ednimes que ha de fer la piscina per poder-lo instal\u00b7lar&#8230;<\/p>\n","protected":false},"author":1,"featured_media":0,"parent":39,"menu_order":0,"comment_status":"closed","ping_status":"closed","template":"","meta":{"_acf_changed":false,"_seopress_robots_primary_cat":"","_seopress_titles_title":"Quant consumeix el motor de nataci\u00f3 contracorrent FASTLANE\u00ae SWIM?","_seopress_titles_desc":"Consulteu l'assumpci\u00f3 del motor a contracorrent FASTLANE\u00ae SWIM (versi\u00f3 t\u00e8cnica) amb Technojet Swim. Visita'ns.","_seopress_robots_index":"","inline_featured_image":false,"_kad_blocks_custom_css":"","_kad_blocks_head_custom_js":"","_kad_blocks_body_custom_js":"","_kad_blocks_footer_custom_js":"","_kad_post_transparent":"","_kad_post_title":"hide","_kad_post_layout":"","_kad_post_sidebar_id":"","_kad_post_content_style":"","_kad_post_vertical_padding":"","_kad_post_feature":"","_kad_post_feature_position":"","_kad_post_header":false,"_kad_post_footer":false,"_kad_post_classname":"","footnotes":""},"class_list":["post-716","page","type-page","status-publish","hentry"],"acf":[],"taxonomy_info":[],"featured_image_src_large":false,"author_info":{"display_name":"jordi","author_link":"https:\/\/technojetswim.com\/ca\/author\/jordi\/"},"comment_info":"","_links":{"self":[{"href":"https:\/\/technojetswim.com\/ca\/wp-json\/wp\/v2\/pages\/716","targetHints":{"allow":["GET"]}}],"collection":[{"href":"https:\/\/technojetswim.com\/ca\/wp-json\/wp\/v2\/pages"}],"about":[{"href":"https:\/\/technojetswim.com\/ca\/wp-json\/wp\/v2\/types\/page"}],"author":[{"embeddable":true,"href":"https:\/\/technojetswim.com\/ca\/wp-json\/wp\/v2\/users\/1"}],"replies":[{"embeddable":true,"href":"https:\/\/technojetswim.com\/ca\/wp-json\/wp\/v2\/comments?post=716"}],"version-history":[{"count":4,"href":"https:\/\/technojetswim.com\/ca\/wp-json\/wp\/v2\/pages\/716\/revisions"}],"predecessor-version":[{"id":2823,"href":"https:\/\/technojetswim.com\/ca\/wp-json\/wp\/v2\/pages\/716\/revisions\/2823"}],"up":[{"embeddable":true,"href":"https:\/\/technojetswim.com\/ca\/wp-json\/wp\/v2\/pages\/39"}],"wp:attachment":[{"href":"https:\/\/technojetswim.com\/ca\/wp-json\/wp\/v2\/media?parent=716"}],"curies":[{"name":"wp","href":"https:\/\/api.w.org\/{rel}","templated":true}]}}