{"id":654,"date":"2024-12-03T18:52:30","date_gmt":"2024-12-03T17:52:30","guid":{"rendered":"https:\/\/techno.mmkt.xyz\/?page_id=654"},"modified":"2025-02-05T12:28:18","modified_gmt":"2025-02-05T11:28:18","slug":"installa-el-fastlane-a-la-teva-piscina-en-un-sol-dia","status":"publish","type":"page","link":"https:\/\/technojetswim.com\/ca\/fastlane\/installa-el-fastlane-a-la-teva-piscina-en-un-sol-dia\/","title":{"rendered":"Instal\u00b7la el Fastlane a la teva piscina en un sol dia"},"content":{"rendered":"<style>.kb-row-layout-id654_d2eaf3-05 > .kt-row-column-wrap{align-content:start;}:where(.kb-row-layout-id654_d2eaf3-05 > .kt-row-column-wrap) > .wp-block-kadence-column{justify-content:start;}.kb-row-layout-id654_d2eaf3-05 > .kt-row-column-wrap{column-gap:var(--global-kb-gap-md, 2rem);row-gap:var(--global-kb-gap-md, 2rem);padding-top:var(--global-kb-spacing-xxl, 5rem);padding-bottom:var(--global-kb-spacing-xxl, 5rem);grid-template-columns:minmax(0, 1fr);}.kb-row-layout-id654_d2eaf3-05 > .kt-row-layout-overlay{opacity:0.30;}@media all and (max-width: 1024px){.kb-row-layout-id654_d2eaf3-05 > .kt-row-column-wrap{grid-template-columns:minmax(0, 1fr);}}@media all and (max-width: 767px){.kb-row-layout-id654_d2eaf3-05 > .kt-row-column-wrap{grid-template-columns:minmax(0, 1fr);}}<\/style><div class=\"kb-row-layout-wrap kb-row-layout-id654_d2eaf3-05 alignnone wp-block-kadence-rowlayout\"><div class=\"kt-row-column-wrap kt-has-1-columns kt-row-layout-equal kt-tab-layout-inherit kt-mobile-layout-row kt-row-valign-top\">\n<style>.kadence-column654_42a847-93 > .kt-inside-inner-col,.kadence-column654_42a847-93 > .kt-inside-inner-col:before{border-top-left-radius:0px;border-top-right-radius:0px;border-bottom-right-radius:0px;border-bottom-left-radius:0px;}.kadence-column654_42a847-93 > .kt-inside-inner-col{column-gap:var(--global-kb-gap-sm, 1rem);}.kadence-column654_42a847-93 > .kt-inside-inner-col{flex-direction:column;}.kadence-column654_42a847-93 > .kt-inside-inner-col > .aligncenter{width:100%;}.kadence-column654_42a847-93 > .kt-inside-inner-col:before{opacity:0.3;}.kadence-column654_42a847-93{position:relative;}@media all and (max-width: 1024px){.kadence-column654_42a847-93 > .kt-inside-inner-col{flex-direction:column;justify-content:center;}}@media all and (max-width: 767px){.kadence-column654_42a847-93 > .kt-inside-inner-col{flex-direction:column;justify-content:center;}}<\/style>\n<div class=\"wp-block-kadence-column kadence-column654_42a847-93\"><div class=\"kt-inside-inner-col\"><style>.kb-row-layout-id654_3bc310-92 > .kt-row-column-wrap{align-content:start;}:where(.kb-row-layout-id654_3bc310-92 > .kt-row-column-wrap) > .wp-block-kadence-column{justify-content:start;}.kb-row-layout-id654_3bc310-92 > .kt-row-column-wrap{column-gap:var(--global-kb-gap-lg, 4rem);row-gap:var(--global-kb-gap-md, 2rem);grid-template-columns:repeat(2, minmax(0, 1fr));}.kb-row-layout-id654_3bc310-92 > .kt-row-layout-overlay{opacity:0.30;}@media all and (max-width: 1024px){.kb-row-layout-id654_3bc310-92 > .kt-row-column-wrap{grid-template-columns:repeat(2, minmax(0, 1fr));}}@media all and (max-width: 767px){.kb-row-layout-id654_3bc310-92 > .kt-row-column-wrap{grid-template-columns:minmax(0, 1fr);}}<\/style><div class=\"kb-row-layout-wrap kb-row-layout-id654_3bc310-92 alignnone wp-block-kadence-rowlayout\"><div class=\"kt-row-column-wrap kt-has-2-columns kt-row-layout-equal kt-tab-layout-inherit kt-mobile-layout-row kt-row-valign-top kt-inner-column-height-full\">\n<style>.kadence-column654_99bd9a-02 > .kt-inside-inner-col,.kadence-column654_99bd9a-02 > .kt-inside-inner-col:before{border-top-left-radius:0px;border-top-right-radius:0px;border-bottom-right-radius:0px;border-bottom-left-radius:0px;}.kadence-column654_99bd9a-02 > .kt-inside-inner-col{column-gap:var(--global-kb-gap-sm, 1rem);}.kadence-column654_99bd9a-02 > .kt-inside-inner-col{flex-direction:column;}.kadence-column654_99bd9a-02 > .kt-inside-inner-col > .aligncenter{width:100%;}.kadence-column654_99bd9a-02 > .kt-inside-inner-col:before{opacity:0.3;}.kadence-column654_99bd9a-02{position:relative;}@media all and (max-width: 1024px){.kadence-column654_99bd9a-02 > .kt-inside-inner-col{flex-direction:column;justify-content:center;}}@media all and (max-width: 767px){.kadence-column654_99bd9a-02 > .kt-inside-inner-col{flex-direction:column;justify-content:center;}}<\/style>\n<div class=\"wp-block-kadence-column kadence-column654_99bd9a-02\"><div class=\"kt-inside-inner-col\">\n<figure class=\"wp-block-embed is-type-video is-provider-youtube wp-block-embed-youtube wp-embed-aspect-16-9 wp-has-aspect-ratio\"><div class=\"wp-block-embed__wrapper\">\n<iframe loading=\"lazy\" title=\"Instalaci\u00f3n equipo nataci\u00f3n Fastlane en Piscina Existente - TechnojetSwim\" width=\"720\" height=\"405\" src=\"https:\/\/www.youtube.com\/embed\/4eEcVo2cbsk?feature=oembed\" frameborder=\"0\" allow=\"accelerometer; autoplay; clipboard-write; encrypted-media; gyroscope; picture-in-picture; web-share\" referrerpolicy=\"strict-origin-when-cross-origin\" allowfullscreen><\/iframe>\n<\/div><\/figure>\n<\/div><\/div>\n\n\n<style>.kadence-column654_b452b9-6e > .kt-inside-inner-col,.kadence-column654_b452b9-6e > .kt-inside-inner-col:before{border-top-left-radius:0px;border-top-right-radius:0px;border-bottom-right-radius:0px;border-bottom-left-radius:0px;}.kadence-column654_b452b9-6e > .kt-inside-inner-col{column-gap:var(--global-kb-gap-sm, 1rem);}.kadence-column654_b452b9-6e > .kt-inside-inner-col{flex-direction:column;}.kadence-column654_b452b9-6e > .kt-inside-inner-col > .aligncenter{width:100%;}.kadence-column654_b452b9-6e > .kt-inside-inner-col:before{opacity:0.3;}.kadence-column654_b452b9-6e{position:relative;}@media all and (max-width: 1024px){.kadence-column654_b452b9-6e > .kt-inside-inner-col{flex-direction:column;justify-content:center;}}@media all and (max-width: 767px){.kadence-column654_b452b9-6e > .kt-inside-inner-col{flex-direction:column;justify-content:center;}}<\/style>\n<div class=\"wp-block-kadence-column kadence-column654_b452b9-6e\"><div class=\"kt-inside-inner-col\">\n<p>Ja coneixeu tots els avantatges del Sistema de nataci\u00f3 contracorrent Fastlane i que <strong>es pot instal\u00b7lar a qualsevol piscina de nova construcci\u00f3 o ja existent.<\/strong><\/p>\n\n\n\n<p>Un dels <strong>avantatges d&#8217;aquest sistema \u00e9s la seva f\u00e0cil instal\u00b7laci\u00f3<\/strong>, sobretot en piscines ja existents, ja que <strong>en un sol dia el pots tenir instal\u00b7lat a la teva piscina<\/strong> i gaudir-ne quan vulguis.<\/p>\n\n\n\n<p><strong>Nom\u00e9s necessites un requisit per a la seva instal\u00b7laci\u00f3<\/strong>:<\/p>\n\n\n\n<p><strong>La teva piscina haur\u00e0 de tenir unes mides m\u00ednimes interiors de 2 metres d&#8217;amplada x 4,5 metres de llargada x 0,89 metres de profunditat.<\/strong><\/p>\n\n\n\n<p>Volem ensenyar-te un v\u00eddeo on es poden observar els <strong>passos que se segueixen per a la instal\u00b7laci\u00f3 del nostre sistema Fastlane en piscines existents<\/strong>, ja veur\u00e0s com \u00e9s de <strong>r\u00e0pid i senzill<\/strong>!<\/p>\n\n\n\n<p><strong>NOTA:<\/strong>\u00a0Os recordamos que en\u00a0TechnojetSwim disponemos de una red de instaladores profesionales del mundo de la piscina en toda Espa\u00f1a y Portugal, podemos indicarte el instalador m\u00e1s cerca de tu casa y que te haga un presupuesto sobre el montaje\u00a0de este sistema de nataci\u00f3n contracorriente.<\/p>\n\n\n<style>.wp-block-kadence-advancedbtn.kb-btns654_5808a4-7e{gap:var(--global-kb-gap-xs, 0.5rem );justify-content:flex-start;align-items:center;}.kt-btns654_5808a4-7e .kt-button{font-weight:normal;font-style:normal;}.kt-btns654_5808a4-7e .kt-btn-wrap-0{margin-right:5px;}.wp-block-kadence-advancedbtn.kt-btns654_5808a4-7e .kt-btn-wrap-0 .kt-button{color:#555555;border-color:#555555;}.wp-block-kadence-advancedbtn.kt-btns654_5808a4-7e .kt-btn-wrap-0 .kt-button:hover, .wp-block-kadence-advancedbtn.kt-btns654_5808a4-7e .kt-btn-wrap-0 .kt-button:focus{color:#ffffff;border-color:#444444;}.wp-block-kadence-advancedbtn.kt-btns654_5808a4-7e .kt-btn-wrap-0 .kt-button::before{display:none;}.wp-block-kadence-advancedbtn.kt-btns654_5808a4-7e .kt-btn-wrap-0 .kt-button:hover, .wp-block-kadence-advancedbtn.kt-btns654_5808a4-7e .kt-btn-wrap-0 .kt-button:focus{background:#444444;}<\/style>\n<div class=\"wp-block-kadence-advancedbtn kb-buttons-wrap kb-btns654_5808a4-7e\"><style>ul.menu .wp-block-kadence-advancedbtn .kb-btn654_fbb979-a5.kb-button{width:initial;}<\/style><a class=\"kb-button kt-button button kb-btn654_fbb979-a5 kt-btn-size-standard kt-btn-width-type-auto kb-btn-global-inherit  kt-btn-has-text-true kt-btn-has-svg-false  wp-block-button__link wp-block-kadence-singlebtn\" href=\"https:\/\/technojetswim.com\/ca\/fastlane\/\"><span class=\"kt-btn-inner-text\">Descobreix el sistema Fastlane<\/span><\/a><\/div>\n<\/div><\/div>\n\n<\/div><\/div><\/div><\/div>\n\n<\/div><\/div>","protected":false},"excerpt":{"rendered":"<p>Ja coneixeu tots els avantatges del Sistema de nataci\u00f3 contracorrent Fastlane i que es pot instal\u00b7lar a qualsevol piscina de nova construcci\u00f3 o ja existent. Un dels avantatges d&#8217;aquest sistema \u00e9s la seva f\u00e0cil instal\u00b7laci\u00f3, sobretot en piscines ja existents, ja que en un sol dia el pots tenir instal\u00b7lat a la teva piscina i&#8230;<\/p>\n","protected":false},"author":1,"featured_media":0,"parent":39,"menu_order":0,"comment_status":"closed","ping_status":"closed","template":"","meta":{"_acf_changed":false,"_seopress_robots_primary_cat":"","_seopress_titles_title":"Instal\u00b7la el Fastlane a la teva piscina en un sol dia","_seopress_titles_desc":"Ja coneixeu tots els avantatges del Sistema de nataci\u00f3 contracorrent Fastlane i que es pot instal\u00b7lar a qualsevol piscina de nova construcci\u00f3 o ja existent. Contacta.","_seopress_robots_index":"","inline_featured_image":false,"_kad_blocks_custom_css":"","_kad_blocks_head_custom_js":"","_kad_blocks_body_custom_js":"","_kad_blocks_footer_custom_js":"","_kad_post_transparent":"","_kad_post_title":"","_kad_post_layout":"","_kad_post_sidebar_id":"","_kad_post_content_style":"","_kad_post_vertical_padding":"","_kad_post_feature":"","_kad_post_feature_position":"","_kad_post_header":false,"_kad_post_footer":false,"_kad_post_classname":"","footnotes":""},"class_list":["post-654","page","type-page","status-publish","hentry"],"acf":[],"taxonomy_info":[],"featured_image_src_large":false,"author_info":{"display_name":"jordi","author_link":"https:\/\/technojetswim.com\/ca\/author\/jordi\/"},"comment_info":"","_links":{"self":[{"href":"https:\/\/technojetswim.com\/ca\/wp-json\/wp\/v2\/pages\/654","targetHints":{"allow":["GET"]}}],"collection":[{"href":"https:\/\/technojetswim.com\/ca\/wp-json\/wp\/v2\/pages"}],"about":[{"href":"https:\/\/technojetswim.com\/ca\/wp-json\/wp\/v2\/types\/page"}],"author":[{"embeddable":true,"href":"https:\/\/technojetswim.com\/ca\/wp-json\/wp\/v2\/users\/1"}],"replies":[{"embeddable":true,"href":"https:\/\/technojetswim.com\/ca\/wp-json\/wp\/v2\/comments?post=654"}],"version-history":[{"count":1,"href":"https:\/\/technojetswim.com\/ca\/wp-json\/wp\/v2\/pages\/654\/revisions"}],"predecessor-version":[{"id":2468,"href":"https:\/\/technojetswim.com\/ca\/wp-json\/wp\/v2\/pages\/654\/revisions\/2468"}],"up":[{"embeddable":true,"href":"https:\/\/technojetswim.com\/ca\/wp-json\/wp\/v2\/pages\/39"}],"wp:attachment":[{"href":"https:\/\/technojetswim.com\/ca\/wp-json\/wp\/v2\/media?parent=654"}],"curies":[{"name":"wp","href":"https:\/\/api.w.org\/{rel}","templated":true}]}}