{"id":636,"date":"2024-12-03T18:32:09","date_gmt":"2024-12-03T17:32:09","guid":{"rendered":"https:\/\/techno.mmkt.xyz\/?page_id=636"},"modified":"2026-02-05T16:41:25","modified_gmt":"2026-02-05T15:41:25","slug":"hi-cap-un-fastlane-a-la-meva-piscina-aquestes-son-les-mesures-minimes-per-poder-lo-installar","status":"publish","type":"page","link":"https:\/\/technojetswim.com\/ca\/fastlane\/hi-cap-un-fastlane-a-la-meva-piscina-aquestes-son-les-mesures-minimes-per-poder-lo-installar\/","title":{"rendered":"Hi cap FASTLANE\u00ae SWIM a la meva piscina? Aquestes s\u00f3n les mesures m\u00ednimes per poder-lo instal\u00b7lar"},"content":{"rendered":"<style>.kb-row-layout-id636_6de8be-b7 > .kt-row-column-wrap{align-content:start;}:where(.kb-row-layout-id636_6de8be-b7 > .kt-row-column-wrap) > .wp-block-kadence-column{justify-content:start;}.kb-row-layout-id636_6de8be-b7 > .kt-row-column-wrap{column-gap:var(--global-kb-gap-md, 2rem);row-gap:var(--global-kb-gap-md, 2rem);padding-top:var(--global-kb-spacing-xxl, 5rem);padding-bottom:var(--global-kb-spacing-xxl, 5rem);grid-template-columns:minmax(0, 1fr);}.kb-row-layout-id636_6de8be-b7 > .kt-row-layout-overlay{opacity:0.30;}@media all and (max-width: 1024px){.kb-row-layout-id636_6de8be-b7 > .kt-row-column-wrap{grid-template-columns:minmax(0, 1fr);}}@media all and (max-width: 767px){.kb-row-layout-id636_6de8be-b7 > .kt-row-column-wrap{grid-template-columns:minmax(0, 1fr);}}<\/style><div class=\"kb-row-layout-wrap kb-row-layout-id636_6de8be-b7 alignnone wp-block-kadence-rowlayout\"><div class=\"kt-row-column-wrap kt-has-1-columns kt-row-layout-equal kt-tab-layout-inherit kt-mobile-layout-row kt-row-valign-top\">\n<style>.kadence-column636_2eb8cf-1a > .kt-inside-inner-col,.kadence-column636_2eb8cf-1a > .kt-inside-inner-col:before{border-top-left-radius:0px;border-top-right-radius:0px;border-bottom-right-radius:0px;border-bottom-left-radius:0px;}.kadence-column636_2eb8cf-1a > .kt-inside-inner-col{column-gap:var(--global-kb-gap-sm, 1rem);}.kadence-column636_2eb8cf-1a > .kt-inside-inner-col{flex-direction:column;}.kadence-column636_2eb8cf-1a > .kt-inside-inner-col > .aligncenter{width:100%;}.kadence-column636_2eb8cf-1a > .kt-inside-inner-col:before{opacity:0.3;}.kadence-column636_2eb8cf-1a{position:relative;}@media all and (max-width: 1024px){.kadence-column636_2eb8cf-1a > .kt-inside-inner-col{flex-direction:column;justify-content:center;}}@media all and (max-width: 767px){.kadence-column636_2eb8cf-1a > .kt-inside-inner-col{flex-direction:column;justify-content:center;}}<\/style>\n<div class=\"wp-block-kadence-column kadence-column636_2eb8cf-1a\"><div class=\"kt-inside-inner-col\">\n<h3 class=\"wp-block-heading\"><strong>\u00c9s el primer dubte que li sorgeix a una persona quan veu el nostre motor contracorrent, per descomptat hi ha unes mides m\u00ednimes, te les mostrem a la seg\u00fcent imatge:<\/strong><\/h3>\n\n\n\n<figure class=\"wp-block-image size-full\"><img alt=\"\" loading=\"lazy\" decoding=\"async\" width=\"930\" height=\"401\" src=\"https:\/\/technojetswim.com\/wp-content\/uploads\/2024\/12\/medidas_minimas.png\" alt=\"\" class=\"wp-image-640\" title=\"medidas_minimas\" srcset=\"https:\/\/technojetswim.com\/wp-content\/uploads\/2024\/12\/medidas_minimas.png 930w, https:\/\/technojetswim.com\/wp-content\/uploads\/2024\/12\/medidas_minimas-300x129.png 300w, https:\/\/technojetswim.com\/wp-content\/uploads\/2024\/12\/medidas_minimas-768x331.png 768w\" sizes=\"auto, (max-width: 930px) 100vw, 930px\" \/><\/figure>\n\n\n\n<p>L\u00f2gicament el <strong>motor ocupar\u00e0 f\u00edsicament unes mesures determinades<\/strong>, per\u00f2 a m\u00e9s perqu\u00e8 el Fastlane tingui un <strong>rendiment \u00f2ptim haurem de deixar un espai a cada costat.<\/strong><\/p>\n\n\n\n<figure class=\"wp-block-image aligncenter size-full\"><img alt=\"\" loading=\"lazy\" decoding=\"async\" width=\"930\" height=\"401\" src=\"https:\/\/technojetswim.com\/wp-content\/uploads\/2024\/12\/Fastlane.jpg\" alt=\"\" class=\"wp-image-641\" srcset=\"https:\/\/technojetswim.com\/wp-content\/uploads\/2024\/12\/Fastlane.jpg 930w, https:\/\/technojetswim.com\/wp-content\/uploads\/2024\/12\/Fastlane-300x129.jpg 300w, https:\/\/technojetswim.com\/wp-content\/uploads\/2024\/12\/Fastlane-768x331.jpg 768w\" sizes=\"auto, (max-width: 930px) 100vw, 930px\" \/><\/figure>\n\n\n\n<p>La recomanaci\u00f3 \u00e9s que aquest espai sigui superior als 61 cm per cada costat, aix\u00f2 voldr\u00e0 dir que l&#8217;amplada m\u00ednima que hauria de tenir la piscina per poder instal\u00b7lar el FASTLANE\u00ae SWIM \u00e9s de 196 cm. Pel que sempre demanem que la piscina tingui una amplada de com a m\u00ednim 2 metres.<\/p>\n\n\n<style>.wp-block-kadence-advancedheading.kt-adv-heading636_b29a43-87, .wp-block-kadence-advancedheading.kt-adv-heading636_b29a43-87[data-kb-block=\"kb-adv-heading636_b29a43-87\"]{font-style:normal;}.wp-block-kadence-advancedheading.kt-adv-heading636_b29a43-87 mark.kt-highlight, .wp-block-kadence-advancedheading.kt-adv-heading636_b29a43-87[data-kb-block=\"kb-adv-heading636_b29a43-87\"] mark.kt-highlight{font-style:normal;color:#f76a0c;-webkit-box-decoration-break:clone;box-decoration-break:clone;padding-top:0px;padding-right:0px;padding-bottom:0px;padding-left:0px;}.wp-block-kadence-advancedheading.kt-adv-heading636_b29a43-87 img.kb-inline-image, .wp-block-kadence-advancedheading.kt-adv-heading636_b29a43-87[data-kb-block=\"kb-adv-heading636_b29a43-87\"] img.kb-inline-image{width:150px;vertical-align:baseline;}<\/style>\n<h3 class=\"kt-adv-heading636_b29a43-87 wp-block-kadence-advancedheading\" data-kb-block=\"kb-adv-heading636_b29a43-87\">I quin hauria de ser el llarg m\u00ednim?<\/h3>\n\n\n\n<p>Aix\u00f2 ja dep\u00e8n de l&#8217;al\u00e7ada de cada persona, el Fastlane fa gaireb\u00e9 55 cm. de fons, si aix\u00f2 els sumes l&#8217;al\u00e7ada del nedador, el bra\u00e7 est\u00e8s i una dist\u00e0ncia d&#8217;almenys 15 cm. davant i darrere obtindr\u00e0s f\u00e0cilment el llarg que necessites per nedar a la teva pr\u00f2pia piscina.<\/p>\n\n\n\n<p><strong>Nosaltres recomanem que la piscina tingui una mida m\u00ednima de 4,5 metres de llarg<\/strong>, aix\u00f2 permetr\u00e0 gaireb\u00e9 a qualsevol persona nedar sense cap problema.<\/p>\n\n\n\n<p><strong>Nom\u00e9s ens queda la profunditat! 89 cm \u00e9s l&#8217;al\u00e7ada m\u00ednima de profunditat d&#8217;aigua<\/strong>\u00a0per poder garantir que el Fastlane funcions sense cap problema.<\/p>\n\n\n<style>.wp-block-kadence-advancedheading.kt-adv-heading636_e35e3f-cc, .wp-block-kadence-advancedheading.kt-adv-heading636_e35e3f-cc[data-kb-block=\"kb-adv-heading636_e35e3f-cc\"]{font-style:normal;}.wp-block-kadence-advancedheading.kt-adv-heading636_e35e3f-cc mark.kt-highlight, .wp-block-kadence-advancedheading.kt-adv-heading636_e35e3f-cc[data-kb-block=\"kb-adv-heading636_e35e3f-cc\"] mark.kt-highlight{font-style:normal;color:#f76a0c;-webkit-box-decoration-break:clone;box-decoration-break:clone;padding-top:0px;padding-right:0px;padding-bottom:0px;padding-left:0px;}.wp-block-kadence-advancedheading.kt-adv-heading636_e35e3f-cc img.kb-inline-image, .wp-block-kadence-advancedheading.kt-adv-heading636_e35e3f-cc[data-kb-block=\"kb-adv-heading636_e35e3f-cc\"] img.kb-inline-image{width:150px;vertical-align:baseline;}<\/style>\n<h3 class=\"kt-adv-heading636_e35e3f-cc wp-block-kadence-advancedheading\" data-kb-block=\"kb-adv-heading636_e35e3f-cc\">Resumint\u2026 les mides m\u00ednimes per poder instal\u00b7lar un FASTLANE\u00ae SWIM a la teva piscina s\u00f3n:<\/h3>\n\n\n<style>.wp-block-kadence-advancedheading.kt-adv-heading636_a3e3e7-da, .wp-block-kadence-advancedheading.kt-adv-heading636_a3e3e7-da[data-kb-block=\"kb-adv-heading636_a3e3e7-da\"]{font-style:normal;}.wp-block-kadence-advancedheading.kt-adv-heading636_a3e3e7-da mark.kt-highlight, .wp-block-kadence-advancedheading.kt-adv-heading636_a3e3e7-da[data-kb-block=\"kb-adv-heading636_a3e3e7-da\"] mark.kt-highlight{font-style:normal;color:#f76a0c;-webkit-box-decoration-break:clone;box-decoration-break:clone;padding-top:0px;padding-right:0px;padding-bottom:0px;padding-left:0px;}.wp-block-kadence-advancedheading.kt-adv-heading636_a3e3e7-da img.kb-inline-image, .wp-block-kadence-advancedheading.kt-adv-heading636_a3e3e7-da[data-kb-block=\"kb-adv-heading636_a3e3e7-da\"] img.kb-inline-image{width:150px;vertical-align:baseline;}<\/style>\n<h3 class=\"kt-adv-heading636_a3e3e7-da wp-block-kadence-advancedheading\" data-kb-block=\"kb-adv-heading636_a3e3e7-da\">2 metres d&#8217;amplada x 4,5 metres de llargada x 0,89 metres de profunditat<\/h3>\n\n\n\n<p><\/p>\n\n\n<style>.wp-block-kadence-advancedbtn.kb-btns636_5d35c7-db{gap:var(--global-kb-gap-xs, 0.5rem );justify-content:flex-start;align-items:center;}.kt-btns636_5d35c7-db .kt-button{font-weight:normal;font-style:normal;}.kt-btns636_5d35c7-db .kt-btn-wrap-0{margin-right:5px;}.wp-block-kadence-advancedbtn.kt-btns636_5d35c7-db .kt-btn-wrap-0 .kt-button{color:#555555;border-color:#555555;}.wp-block-kadence-advancedbtn.kt-btns636_5d35c7-db .kt-btn-wrap-0 .kt-button:hover, .wp-block-kadence-advancedbtn.kt-btns636_5d35c7-db .kt-btn-wrap-0 .kt-button:focus{color:#ffffff;border-color:#444444;}.wp-block-kadence-advancedbtn.kt-btns636_5d35c7-db .kt-btn-wrap-0 .kt-button::before{display:none;}.wp-block-kadence-advancedbtn.kt-btns636_5d35c7-db .kt-btn-wrap-0 .kt-button:hover, .wp-block-kadence-advancedbtn.kt-btns636_5d35c7-db .kt-btn-wrap-0 .kt-button:focus{background:#444444;}<\/style>\n<div class=\"wp-block-kadence-advancedbtn kb-buttons-wrap kb-btns636_5d35c7-db\"><style>ul.menu .wp-block-kadence-advancedbtn .kb-btn636_39dd9b-5e.kb-button{width:initial;}<\/style><a class=\"kb-button kt-button button kb-btn636_39dd9b-5e kt-btn-size-standard kt-btn-width-type-auto kb-btn-global-inherit  kt-btn-has-text-true kt-btn-has-svg-false  wp-block-button__link wp-block-kadence-singlebtn\" href=\"https:\/\/technojetswim.com\/ca\/fastlane\/\"><span class=\"kt-btn-inner-text\">Descobreix el sistema FASTLANE\u00ae SWIM<\/span><\/a>\n\n<style>ul.menu .wp-block-kadence-advancedbtn .kb-btn636_fa8650-29.kb-button{width:initial;}<\/style><a class=\"kb-button kt-button button kb-btn636_fa8650-29 kt-btn-size-standard kt-btn-width-type-auto kb-btn-global-inherit  kt-btn-has-text-true kt-btn-has-svg-false  wp-block-button__link wp-block-kadence-singlebtn\" href=\"https:\/\/technojetswim.com\/ca\/fastlane\/obtingueu-el-preu-del-sistema-fastlane\/\"><span class=\"kt-btn-inner-text\">Demani preu del Sistema FASTLANE\u00ae SWIM aqu\u00ed<\/span><\/a><\/div>\n<\/div><\/div>\n\n<\/div><\/div>","protected":false},"excerpt":{"rendered":"<p>\u00c9s el primer dubte que li sorgeix a una persona quan veu el nostre motor contracorrent, per descomptat hi ha unes mides m\u00ednimes, te les mostrem a la seg\u00fcent imatge: L\u00f2gicament el motor ocupar\u00e0 f\u00edsicament unes mesures determinades, per\u00f2 a m\u00e9s perqu\u00e8 el Fastlane tingui un rendiment \u00f2ptim haurem de deixar un espai a cada&#8230;<\/p>\n","protected":false},"author":1,"featured_media":0,"parent":39,"menu_order":0,"comment_status":"closed","ping_status":"closed","template":"","meta":{"_acf_changed":false,"_seopress_robots_primary_cat":"","_seopress_titles_title":"Hi cap FASTLANE\u00ae SWIM a la meva piscina?","_seopress_titles_desc":"Consulta les mides m\u00ednimes per instal\u00b7lar-lo. Visita'ns.","_seopress_robots_index":"","inline_featured_image":false,"_kad_blocks_custom_css":"","_kad_blocks_head_custom_js":"","_kad_blocks_body_custom_js":"","_kad_blocks_footer_custom_js":"","_kad_post_transparent":"","_kad_post_title":"","_kad_post_layout":"","_kad_post_sidebar_id":"","_kad_post_content_style":"","_kad_post_vertical_padding":"","_kad_post_feature":"","_kad_post_feature_position":"","_kad_post_header":false,"_kad_post_footer":false,"_kad_post_classname":"","footnotes":""},"class_list":["post-636","page","type-page","status-publish","hentry"],"acf":[],"taxonomy_info":[],"featured_image_src_large":false,"author_info":{"display_name":"jordi","author_link":"https:\/\/technojetswim.com\/ca\/author\/jordi\/"},"comment_info":"","_links":{"self":[{"href":"https:\/\/technojetswim.com\/ca\/wp-json\/wp\/v2\/pages\/636","targetHints":{"allow":["GET"]}}],"collection":[{"href":"https:\/\/technojetswim.com\/ca\/wp-json\/wp\/v2\/pages"}],"about":[{"href":"https:\/\/technojetswim.com\/ca\/wp-json\/wp\/v2\/types\/page"}],"author":[{"embeddable":true,"href":"https:\/\/technojetswim.com\/ca\/wp-json\/wp\/v2\/users\/1"}],"replies":[{"embeddable":true,"href":"https:\/\/technojetswim.com\/ca\/wp-json\/wp\/v2\/comments?post=636"}],"version-history":[{"count":2,"href":"https:\/\/technojetswim.com\/ca\/wp-json\/wp\/v2\/pages\/636\/revisions"}],"predecessor-version":[{"id":2806,"href":"https:\/\/technojetswim.com\/ca\/wp-json\/wp\/v2\/pages\/636\/revisions\/2806"}],"up":[{"embeddable":true,"href":"https:\/\/technojetswim.com\/ca\/wp-json\/wp\/v2\/pages\/39"}],"wp:attachment":[{"href":"https:\/\/technojetswim.com\/ca\/wp-json\/wp\/v2\/media?parent=636"}],"curies":[{"name":"wp","href":"https:\/\/api.w.org\/{rel}","templated":true}]}}