{"id":3,"date":"2024-11-14T12:29:10","date_gmt":"2024-11-14T12:29:10","guid":{"rendered":"https:\/\/techno.mmkt.xyz\/?page_id=3"},"modified":"2025-01-31T12:59:11","modified_gmt":"2025-01-31T11:59:11","slug":"politica-de-privadesa","status":"publish","type":"page","link":"https:\/\/technojetswim.com\/ca\/politica-de-privadesa\/","title":{"rendered":"Pol\u00edtica de Privadesa"},"content":{"rendered":"<style>.kb-row-layout-id3_dd550b-62 > .kt-row-column-wrap{align-content:start;}:where(.kb-row-layout-id3_dd550b-62 > .kt-row-column-wrap) > .wp-block-kadence-column{justify-content:start;}.kb-row-layout-id3_dd550b-62 > .kt-row-column-wrap{column-gap:var(--global-kb-gap-md, 2rem);row-gap:var(--global-kb-gap-md, 2rem);padding-top:var(--global-kb-spacing-xl, 4rem);padding-bottom:var(--global-kb-spacing-xl, 4rem);grid-template-columns:minmax(0, 1fr);}.kb-row-layout-id3_dd550b-62 > .kt-row-layout-overlay{opacity:0.30;}@media all and (max-width: 1024px){.kb-row-layout-id3_dd550b-62 > .kt-row-column-wrap{grid-template-columns:minmax(0, 1fr);}}@media all and (max-width: 767px){.kb-row-layout-id3_dd550b-62 > .kt-row-column-wrap{grid-template-columns:minmax(0, 1fr);}}<\/style><div class=\"kb-row-layout-wrap kb-row-layout-id3_dd550b-62 alignnone wp-block-kadence-rowlayout\"><div class=\"kt-row-column-wrap kt-has-1-columns kt-row-layout-equal kt-tab-layout-inherit kt-mobile-layout-row kt-row-valign-top\">\n<style>.kadence-column3_5bc453-4b > .kt-inside-inner-col,.kadence-column3_5bc453-4b > .kt-inside-inner-col:before{border-top-left-radius:0px;border-top-right-radius:0px;border-bottom-right-radius:0px;border-bottom-left-radius:0px;}.kadence-column3_5bc453-4b > .kt-inside-inner-col{column-gap:var(--global-kb-gap-sm, 1rem);}.kadence-column3_5bc453-4b > .kt-inside-inner-col{flex-direction:column;}.kadence-column3_5bc453-4b > .kt-inside-inner-col > .aligncenter{width:100%;}.kadence-column3_5bc453-4b > .kt-inside-inner-col:before{opacity:0.3;}.kadence-column3_5bc453-4b{position:relative;}@media all and (max-width: 1024px){.kadence-column3_5bc453-4b > .kt-inside-inner-col{flex-direction:column;justify-content:center;}}@media all and (max-width: 767px){.kadence-column3_5bc453-4b > .kt-inside-inner-col{flex-direction:column;justify-content:center;}}<\/style>\n<div class=\"wp-block-kadence-column kadence-column3_5bc453-4b\"><div class=\"kt-inside-inner-col\">\n<p>Esta pol\u00edtica de privacidad establece la forma en que se van a gestionar los datos personales en esta web. Es imprescindible que la leas y aceptes antes de seguir navegando.<\/p>\n\n\n\n<p><a href=\"https:\/\/technojetswim.com\/\">Technoejtswim.com<\/a>&nbsp;es una marca registrada de Technojet Hydro Systems SL, cuya raz\u00f3n social es Technojet Hydro Systems SL &nbsp;y su CIF: B17919499.<\/p>\n\n\n\n<p>Esta pol\u00edtica de privacidad ha sido actualizada por \u00faltima vez el 07\/03\/2018<\/p>\n\n\n\n<h2 class=\"wp-block-heading\">Te damos la bienvenida a esta web y agradecemos que sigas leyendo<\/h2>\n\n\n\n<p>En esta web (<a href=\"https:\/\/technojetswim.com\/\">technoejtswim.com<\/a>) se asume un compromiso permanente con la privacidad de los datos de suscriptores, contactos, clientes y se garantiza las mejores &nbsp;pr\u00e1cticas en el uso de datos de car\u00e1cter personal.<\/p>\n\n\n\n<p><a href=\"https:\/\/technojetswim.com\/\">TechnojetSwim<\/a>&nbsp;se opone al env\u00edo de correos electr\u00f3nicos no solicitados (spam), poniendo todos los esfuerzos para impedir el uso indebido del correo electr\u00f3nico.<\/p>\n\n\n\n<p>Tambi\u00e9n se informa a los usuarios de este sitio que nunca y bajo ninguna circunstancia se compartir\u00e1n &nbsp;datos de usuarios obtenidos mediante este portal ni ser\u00e1n cedidos los datos de &nbsp;usuarios a terceros &nbsp;menos que estos hayan sido informados previamente y se cuente con su expresa autorizaci\u00f3n.<\/p>\n\n\n\n<p>La plataforma podr\u00eda contener v\u00ednculos a sitios web de terceros. Si as\u00ed fuera, en ning\u00fan caso nos haremos responsables de las pr\u00e1cticas de protecci\u00f3n de datos ni del contenido de dichos sitios web. Por consiguiente, conviene que lea atentamente las pol\u00edticas de privacidad de cada sitio web antes de aceptar las condiciones y de proceder a su uso.<\/p>\n\n\n\n<p>Technojet Hydro Systems SL \u00a0con CIF: B17919499 es titular de un fichero de datos de car\u00e1cter personal inscrito ante el R.G.P.D. (Registro General de Protecci\u00f3n de Datos) bajo el nombre PAGINA WEB, en los que los \u00a0datos de los usuarios quedan incorporados y son tratados con el fin de responder a consultas, \u00a0prestar los servicios solicitados mediante formulario de contacto, \u00a0ejecutar la prestaci\u00f3n contratada por el usuario y proceder a su facturaci\u00f3n y cobro, gestionar el proceso del registro del usuario en el portal, moderar comentarios y gestionar la lista de suscriptores de esta web (env\u00edo de boletines).<\/p>\n\n\n\n<h2 class=\"wp-block-heading\">M\u00e1xima transparencia con los usuarios<\/h2>\n\n\n\n<p>A efectos de lo previsto en la Ley Org\u00e1nica 15\/1999, de 13 de diciembre, de Protecci\u00f3n de Datos de Car\u00e1cter Personal, sociedad de la informaci\u00f3n y de comercio electr\u00f3nico, se informa de manera clara y transparente los datos del responsable de esta web:<\/p>\n\n\n\n<ul class=\"wp-block-list\">\n<li>Su proyecto web es technojetswim.com<\/li>\n\n\n\n<li>Su denominaci\u00f3n comercial es TechnojetSwim<\/li>\n\n\n\n<li>Su denominaci\u00f3n social es Technojet Hydro Systems, S.L.<\/li>\n\n\n\n<li>Su CIF B17919499<\/li>\n\n\n\n<li>Su domicilio social est\u00e1 en C\/ Garrotxa, 10 (P.I. Casa Nova), C.P. 17181 Aiguaviva (Girona)<\/li>\n\n\n\n<li>Su objeto social es: Venda de Sistemas de nataci\u00f3n contracorriente y otros productos para la pr\u00e0ctica de la nataci\u00f3n y el entrenamiento acu\u00e1tico<\/li>\n\n\n\n<li>Inscrito ante el R.G.P.D. (Registro General de Protecci\u00f3n de Datos)<\/li>\n\n\n\n<li><\/li>\n<\/ul>\n\n\n\n<h2 class=\"wp-block-heading\">Env\u00edo y Registro de Datos de Car\u00e1cter Personal<\/h2>\n\n\n\n<p>El env\u00edo de datos de car\u00e1cter personal es obligatorio para contactar y realizar operaciones comerciales con&nbsp;<a href=\"https:\/\/technojetswim.com\/\">TechnojetSwim<\/a>. Asimismo, el no facilitar los datos personales solicitados o el no aceptar la presente pol\u00edtica de protecci\u00f3n de datos supone la imposibilidad de suscribirse y procesar las solicitudes realizadas en este portal.<\/p>\n\n\n\n<p><a href=\"http:\/\/www.technojetswim.com\/\">TechnojetSwim<\/a>&nbsp;no utilizar\u00e1 en ning\u00fan caso la informaci\u00f3n personal para finalidades distintas del servicio prestado desde su pagina web&nbsp;<a href=\"http:\/\/www.technojetsyswim.com\/\">www.technojetsyswim.com<\/a>, esta pagina tiene como objetivo la informaci\u00f3n sobre productos y precios para el conocimiento y venta a trav\u00e9s de la red. A trav\u00e9s del registro en la p\u00e1gina mediante un email permitir\u00e1 a&nbsp;<a href=\"http:\/\/www.technojetswim.com\/\">TechnojetSwim<\/a>&nbsp;proceder al seguimiento de las entregas de los pedidos. El usuario ser\u00e1 quien decidir\u00e1 la voluntad de recibir informaci\u00f3n de&nbsp;<a href=\"http:\/\/www.technojetswim.com\/\">TechnojetSwim<\/a>, as\u00ed como de ofertas en esta direcci\u00f3n de correo. El usuario se hace responsable de que los datos introducidos sean reales, exactos, aut\u00e9nticos y vigentes;&nbsp;<a href=\"http:\/\/www.technojetswim.com\/\">TechnojetSwim<\/a>&nbsp;se reserva el derecho de expulsar de su sistema a aquellos Usuarios cuyos datos no se correspondan con la realidad, todo ello sin perjuicio de posteriores acciones que puedan proceder en Derecho. El Usuario registrado podr\u00e1, en todo momento, acceder, modificar y anular su informaci\u00f3n personal mediante una comunicaci\u00f3n por correo con<a href=\"mailto:info@technojetswim.com\" target=\"_blank\" rel=\"noreferrer noopener\">&nbsp;info@technojetswim.com<\/a>&nbsp;indicando esta voluntad.<\/p>\n\n\n\n<p><a href=\"http:\/\/www.technojetswim.com\/\">TechnojetSwim<\/a>&nbsp;no pedir\u00e1 nunca su n\u00famero de tarjeta de pago. Estos datos se transmiten de forma encriptada directamente al centro de pago interbancario sin que estos datos transiten por nuestros servidores.<\/p>\n\n\n\n<p>Para cualquier otra cuesti\u00f3n relacionada con nuestra pol\u00edtica de confidencialidad, no dude en hac\u00e9rnosla llegar a info@technojetswim.com.<\/p>\n\n\n\n<h3 class=\"wp-block-heading\">Los supuestos en los que esta web requiere datos personales son:<\/h3>\n\n\n\n<ul class=\"wp-block-list\">\n<li>Para realizar la suscripci\u00f3n a la newsletter de technojetswim.com<\/li>\n\n\n\n<li>Para comentar los posts publicados en el blog.<\/li>\n\n\n\n<li>Para realizar consultas a trav\u00e9s del formulario de contacto.<\/li>\n\n\n\n<li>Para solicitar cualquiera de los servicios y\/o productos que ofrecemos.<\/li>\n\n\n\n<li><\/li>\n<\/ul>\n\n\n\n<h3 class=\"wp-block-heading\">La informaci\u00f3n personal se utilizar\u00e1 de la siguiente manera:<\/h3>\n\n\n\n<ol class=\"wp-block-list\">\n<li>Para promocionar los servicios de Technojet Hydro Systems, S.L.:\u00a0Por ejemplo, si el Usuario deja su informaci\u00f3n personal en alguno de los formularios de contacto, Technojet Hydro Systems, S.L. puede utilizar esos datos para enviarle informaci\u00f3n sobre sus servicios en el caso de que esta sea solicitada.<\/li>\n\n\n\n<li>Para gestionar la lista de suscripciones, enviar boletines, promociones y ofertas especiales.<\/li>\n\n\n\n<li>Para gestionar la venta de los sistemes de nataci\u00f3n contracorriente, productos de nataci\u00f3n Sailfish y BECO<\/li>\n\n\n\n<li>Para moderar y responder a los comentarios que realicen los Usuarios en el blog.<\/li>\n\n\n\n<li>Para garantizar el cumplimiento de las condiciones de uso y la ley aplicable. Esto puede incluir desarrollo\u00a0de herramientas y algoritmos\u00a0que ayudan a esta web a garantizar la confidencialidad de los datos personales que recoge.<\/li>\n\n\n\n<li>Para la atenci\u00f3n al cliente y prestar servicios de seguimiento.<\/li>\n\n\n\n<li>Para establecer comunicaci\u00f3n con suscriptores y usuarios.<\/li>\n\n\n\n<li>En cada uno de los casos, como Usuario tendr\u00e1s plenos derechos sobre tus datos personales y sobre el uso de los mismos y podr\u00e1s ejercitarlos en cualquier momento.<\/li>\n\n\n\n<li>En ning\u00fan caso cederemos tus datos a terceros sin informarte previamente y requerirte tu consentimiento.<\/li>\n\n\n\n<li><\/li>\n<\/ol>\n\n\n\n<h2 class=\"wp-block-heading\">Servicios ofrecidos por terceros en esta web<\/h2>\n\n\n\n<p>Para proporcionar servicios estrictamente necesarios para el desarrollo de nuestra actividad, compartimos datos con los siguientes prestadores bajo sus correspondientes condiciones de privacidad.<\/p>\n\n\n\n<p>Todas las utilidades ofrecidas por terceros son estrictamente necesarias para el desarrollo de nuestros servicios y han sido seleccionados atendiendo al cumplimiento de los derechos que preservamos en esta web.<\/p>\n\n\n\n<p>Las siguientes empresas tendr\u00e1n acceso a la informaci\u00f3n personal necesaria para realizar sus funciones, pero no podr\u00e1n utilizarla para otros fines. Adem\u00e1s, deber\u00e1n tratar la informaci\u00f3n personal de conformidad con el presente Aviso de Privacidad y la legislaci\u00f3n aplicable en materia de protecci\u00f3n de datos.<\/p>\n\n\n\n<ul class=\"wp-block-list\">\n<li><strong>Hosting:<\/strong>\u00a0Aplitec Inform\u00e0tica, S.L. domiciliada en: Av.. Fran\u00e7a, 173-175\u00a0\u2013\u00a017840 Sarria de Ter (Girona), trata los datos de usuarios y prescriptores web con la finalidad de realizar sus servicios de hosting y correo electr\u00f3nico a Technojet Hydro Systems, S.L. M\u00e1s informaci\u00f3n en:\u00a0<a href=\"http:\/\/www.aplitecinformatica.com\/\" target=\"_blank\" rel=\"noreferrer noopener\">www.aplitecinformatica.com<\/a><\/li>\n\n\n\n<li><strong>Plataforma WEB:<\/strong>\u00a0Desarrollada en\u00a0<a href=\"https:\/\/wordpress.org\/\">org<\/a>\u00a0por la empresa Artbees con sede en Besiktas Istanbul, Turqu\u00eda. Artbees trata los datos de la web para ofrecer soporte t\u00e9cnico sobre el c\u00f3digo creado por ellos. M\u00e1s informaci\u00f3n en\u00a0<a href=\"http:\/\/www.artbees.net\/\">www.artbees.net<\/a><\/li>\n\n\n\n<li><strong>Servicios de Mensajer\u00eda y env\u00edo de boletines<\/strong>: Mailchimp de la empresa The Rocket Science Group LLC d\/b\/a MailChimp, a State of Georgia limited liability company. \u00a0Esta empresa se encuentra ubicada en EEUU. Recientemente se firm\u00f3 un Convenio entre la UE y EEUU bajo el nombre Privacy Shield \u00a0(escudo de privacidad entre la UE\u2013EEUU) y todas las empresas bajo dicho Convenio tienen una protecci\u00f3n adecuada, por lo que est\u00e1 permitido la\u00a0transferenciainternacional\u00a0de datos.\u00a0<a href=\"https:\/\/www.privacyshield.gov\/participant?id=a2zt0000000TO6hAAG\">Mailchimp est\u00e1 acogida al escudo de privacidad<\/a>, por lo que cumple con las medidas de seguridad impuestas por la legislaci\u00f3n Europea. Por tanto, el usuario es consciente y acepta que sus datos personales ser\u00e1n almacenados por Mailchimp, para la suscripci\u00f3n y el env\u00edo de boletines electr\u00f3nicos.<\/li>\n\n\n\n<li><strong>Servicio de seguimiento de contactos:\u00a0<\/strong>Hubspot de la empresa HubSpot,\u00a0Inc. Esta empresa se encuentra ubicada en 25 First St, 2nd Floor Cambridge, MA 02141.\u00a0<a href=\"https:\/\/legal.hubspot.com\/es\/privacy-policy\">M\u00e1s informaci\u00f3n sobre la pol\u00edtica de privacidad de HUBSPOT<\/a><\/li>\n\n\n\n<li><\/li>\n<\/ul>\n\n\n\n<h2 class=\"wp-block-heading\">Sistemas de captura de datos personales que recoge esta web<\/h2>\n\n\n\n<p>Esta web utiliza diferentes sistemas de captura de informaci\u00f3n personal, requiriendo siempre el consentimiento previo de los usuarios para tratar sus datos personales con los fines indicados.<\/p>\n\n\n\n<p>Como Usuario tienes derecho a revocar tu consentimiento previo en cualquier momento.<\/p>\n\n\n\n<h3 class=\"wp-block-heading\">Sistemas de captura de informaci\u00f3n personal que utiliza:<\/h3>\n\n\n\n<p>Formularios de suscripci\u00f3n a contenidos: dentro de la web existen varios formularios para activar la suscripci\u00f3n.&nbsp;Si utilizas filtros de spam, por favor, a\u00f1ade mi servicio de correo electr\u00f3nico a la direcci\u00f3n de tu lista de remitentes permitidos. En todos los casos en donde me remitas tus datos a trav\u00e9s de alguno de los formularios de suscripci\u00f3n de la web, verificaremos tu direcci\u00f3n de correo electr\u00f3nico a trav\u00e9s de un sistema de verificaci\u00f3n. Busca en la bandeja de entrada de tu email. Recibir\u00e1s un mensaje enviado desde la direcci\u00f3n&nbsp;<a href=\"mailto:info@technojetswim.com\">info@technojetswim.com<\/a>&nbsp;\u201cConfirma tu suscripci\u00f3n\u201d. Deber\u00e1s confirmar tu suscripci\u00f3n para que pueda validar tu direcci\u00f3n de correo electr\u00f3nico. Utilizaremos los datos facilitados para enviarte Newsletter.&nbsp;<a href=\"https:\/\/technojetswim.com\/\">TechnojetSwim<\/a>&nbsp;no almacena las direcciones de correo que no hayan sido verificadas. Las Newsletter est\u00e1 gestionada mediante la herramienta de email marketing&nbsp;<a href=\"http:\/\/www.mailchimp.com\/\" target=\"_blank\" rel=\"noreferrer noopener\">Mailchimp<\/a>&nbsp;y el seguimiento de nuestros usuarios ya contactados se gestiona mediante la herramienta Hubspot.<\/p>\n\n\n\n<p>Formulario de comentarios: la web incluye un formulario para comentar los posts publicados en el blog. Como Usuario podr\u00e1s publicar comentarios en los post que se publiquen. Los datos personales introducidos en el formulario para insertar estos comentarios ser\u00e1n utilizados exclusivamente para moderarlos y publicarlos.<\/p>\n\n\n\n<p>Formulario de contacto: tambi\u00e9n existe un formulario de contacto para consultas, sugerencias o contacto profesional. En este caso se utilizar\u00e1 la direcci\u00f3n de correo electr\u00f3nico para responder a las mismas y enviar la informaci\u00f3n que el usuario requiera a trav\u00e9s de la web.<\/p>\n\n\n\n<p>Cookies: cuando el usuario se registra o navega en esta web, se almacenan \u201ccookies\u201d. El usuario puede consultar en cualquier momento&nbsp;la&nbsp;<a href=\"http:\/\/technojetswim.com\/politica-de-cookies\/\" target=\"_blank\" rel=\"noreferrer noopener\">pol\u00edtica de cookies<\/a>&nbsp;para ampliar informaci\u00f3n sobre el uso de cookies y c\u00f3mo desactivarlas.<\/p>\n\n\n\n<p>Sistemas de descargas: en esta web se pueden descargar diferentes contenidos que se incorporan peri\u00f3dicamente en formato texto, video y audio. En este caso, se requiere un correo electr\u00f3nico para activar el formulario de suscripci\u00f3n. Se utiliza su informaci\u00f3n con los fines indicados para suscriptores.<\/p>\n\n\n\n<p>Los Usuarios podr\u00e1n darse de baja en cualquier momento de los servicios prestados por&nbsp;<a href=\"https:\/\/technojetswim.com\/\">TechnojetSwim<\/a>&nbsp;a trav\u00e9s de la misma Newsletter.<\/p>\n\n\n\n<p>Al activar una suscripci\u00f3n, el Usuario entiende que:<\/p>\n\n\n\n<p>Desde el momento en que efect\u00faa su suscripci\u00f3n,&nbsp;<a href=\"https:\/\/technojetswim.com\/\">TechnojetSwim<\/a>&nbsp;&nbsp;tiene acceso a: Nombre de usuario y correo electr\u00f3nico, y otros datos como pueden ser: tel\u00e9fono, poblaci\u00f3n, pa\u00eds\u2026 conformando un fichero debidamente inscrito en el Registro General de la&nbsp;<a href=\"http:\/\/www.agpd.es\/portalwebAGPD\/index-ides-idphp.php\">Agencia Espa\u00f1ola de Protecci\u00f3n de Datos<\/a>&nbsp;con el nombre de \u201cPAGINA WEB\u201d.<\/p>\n\n\n\n<p>El Usuario garantiza que los datos personales facilitados a trav\u00e9s de los diferentes formularios son veraces, quedando obligado a comunicar cualquier modificaci\u00f3n de los mismos. Igualmente, el Usuario garantiza que toda la informaci\u00f3n facilitada corresponde con su situaci\u00f3n real, que est\u00e1 puesta al d\u00eda y es exacta. Adem\u00e1s, el Usuario se obliga a mantener en todo momento sus datos actualizados, siendo el \u00fanico responsable de la inexactitud o falsedad de los datos facilitados y de los perjuicios que pueda causar por ello a Technojet Hydro Systems, S.L. como titular de la web\u00a0<a href=\"https:\/\/technojetswim.com\/\">TechnojetSwim<\/a>, o a terceros con motivo de la utilizaci\u00f3n de dichos datos.<\/p>\n\n\n\n<h2 class=\"wp-block-heading\">EJERCICIO DE LOS DERECHOS DE ACCESO, RECTIFICACI\u00d3N, CANCELACI\u00d3N U OPOSICI\u00d3N (ARCO)<\/h2>\n\n\n\n<p>El usuario podr\u00e1 dirigir sus comunicaciones y ejercitar sus derechos ARCO siguiendo las formalidades impuestas por la Ley Org\u00e1nica 15\/1999, de 13 de diciembre, de Protecci\u00f3n de Datos de Car\u00e1cter Personal y su Reglamento de Desarrollo.<\/p>\n\n\n\n<p>Podr\u00e1 ejercitar sus derechos de acceso, rectificaci\u00f3n, cancelaci\u00f3n y oposici\u00f3n mediante solicitud escrita y firmada en la que se contengan los siguientes datos: nombre y apellidos, domicilio a efectos de notificaciones, junto con prueba v\u00e1lida en derecho, como fotocopia del D.N.I. o equivalente, y la petici\u00f3n en que se concrete la solicitud. El \u00a0escrito deber\u00e1 remitirse a Technojet Hydro Systems, S.L., C\/ Garrotxa, 10 (PI Casa Nova) Aiguaviva (Girona).<\/p>\n\n\n\n<h2 class=\"wp-block-heading\">ACEPTACI\u00d3N Y CONSENTIMIENTO<\/h2>\n\n\n\n<p>El Usuario declara haber sido informado de las condiciones sobre Protecci\u00f3n de Datos de Car\u00e1cter Personal, aceptando y consintiendo el tratamiento de los mismos por parte de\u00a0<a href=\"https:\/\/technojetswim.com\/\">TechnojetSwim<\/a>\u00a0, en la forma y para las finalidades indicadas en la presente Pol\u00edtica de Privacidad.<\/p>\n\n\n\n<h2 class=\"wp-block-heading\">CAMBIOS EN LA PRESENTE POL\u00cdTICA DE PRIVACIDAD<\/h2>\n\n\n\n<p><a href=\"https:\/\/technojetswim.com\/\">TechnojetSwim<\/a>&nbsp;&nbsp;se reserva el derecho a modificar la presente pol\u00edtica para adaptarla a novedades legislativas o jurisprudenciales as\u00ed como a pr\u00e1cticas de la industria. En dichos supuestos, el Prestador anunciar\u00e1 en esta p\u00e1gina los cambios introducidos con razonable antelaci\u00f3n a su puesta en pr\u00e1ctica.<\/p>\n\n\n\n<p>Es posible que actualicemos ocasionalmente la presente Pol\u00edtica de Privacidad mediante la publicaci\u00f3n de una nueva versi\u00f3n en l\u00ednea. Revisa esta p\u00e1gina con frecuencia para consultar los cambios. Si realizamos cambios significativos, te avisaremos publicando la Pol\u00edtica de Privacidad revisada en nuestros Sitios Web y, si te inscribes en nuestro Servicio de Suscripci\u00f3n, recibir\u00e1s un aviso mediante correo electr\u00f3nico. Esto te ayudar\u00e1 a mantenerte actualizado en todo momento con respecto a la informaci\u00f3n que recopilamos, c\u00f3mo la usamos y, si corresponde, en qu\u00e9 circunstancias se divulga. El uso continuado que hagas de los Sitios Web y del Servicio de Suscripci\u00f3n, o el suministro constante de datos personales, estar\u00e1n sujetos a los t\u00e9rminos de la Pol\u00edtica de Privacidad vigente en ese momento.<\/p>\n\n\n\n<h2 class=\"wp-block-heading\">CORREOS COMERCIALES<\/h2>\n\n\n\n<p>De acuerdo con la LSSICE,&nbsp;<a href=\"https:\/\/technojetswim.com\/\">TechnojetSwim<\/a>&nbsp;no realiza pr\u00e1cticas de SPAM, por lo que no env\u00eda correos comerciales por v\u00eda electr\u00f3nica que no hayan sido previamente solicitados o autorizados por el Usuario. En consecuencia, en cada uno de los formularios habidos en la P\u00e1gina Web, el Usuario tiene la posibilidad de dar su consentimiento expreso para recibir la \u201cNewsletter\u201d, con independencia de la informaci\u00f3n comercial puntualmente solicitada.<\/p>\n\n\n\n<p>De parte del equipo que formamos&nbsp;<a href=\"https:\/\/technojetswim.com\/\">TechnojetSwim<\/a>&nbsp;te agradecemos el tiempo dedicado en leer esta pol\u00edtica de privacidad.<\/p>\n<\/div><\/div>\n\n<\/div><\/div>","protected":false},"excerpt":{"rendered":"<p>Esta pol\u00edtica de privacidad establece la forma en que se van a gestionar los datos personales en esta web. Es imprescindible que la leas y aceptes antes de seguir navegando. Technoejtswim.com&nbsp;es una marca registrada de Technojet Hydro Systems SL, cuya raz\u00f3n social es Technojet Hydro Systems SL &nbsp;y su CIF: B17919499. Esta pol\u00edtica de privacidad&#8230;<\/p>\n","protected":false},"author":1,"featured_media":0,"parent":0,"menu_order":0,"comment_status":"closed","ping_status":"closed","template":"","meta":{"_acf_changed":false,"_seopress_robots_primary_cat":"","_seopress_titles_title":"Pol\u00edtica de Privadesa","_seopress_titles_desc":"","_seopress_robots_index":"yes","inline_featured_image":false,"_kad_blocks_custom_css":"","_kad_blocks_head_custom_js":"","_kad_blocks_body_custom_js":"","_kad_blocks_footer_custom_js":"","_kad_post_transparent":"","_kad_post_title":"show","_kad_post_layout":"","_kad_post_sidebar_id":"","_kad_post_content_style":"","_kad_post_vertical_padding":"","_kad_post_feature":"","_kad_post_feature_position":"","_kad_post_header":false,"_kad_post_footer":false,"_kad_post_classname":"","footnotes":""},"class_list":["post-3","page","type-page","status-publish","hentry"],"acf":[],"taxonomy_info":[],"featured_image_src_large":false,"author_info":{"display_name":"jordi","author_link":"https:\/\/technojetswim.com\/ca\/author\/jordi\/"},"comment_info":"","_links":{"self":[{"href":"https:\/\/technojetswim.com\/ca\/wp-json\/wp\/v2\/pages\/3","targetHints":{"allow":["GET"]}}],"collection":[{"href":"https:\/\/technojetswim.com\/ca\/wp-json\/wp\/v2\/pages"}],"about":[{"href":"https:\/\/technojetswim.com\/ca\/wp-json\/wp\/v2\/types\/page"}],"author":[{"embeddable":true,"href":"https:\/\/technojetswim.com\/ca\/wp-json\/wp\/v2\/users\/1"}],"replies":[{"embeddable":true,"href":"https:\/\/technojetswim.com\/ca\/wp-json\/wp\/v2\/comments?post=3"}],"version-history":[{"count":1,"href":"https:\/\/technojetswim.com\/ca\/wp-json\/wp\/v2\/pages\/3\/revisions"}],"predecessor-version":[{"id":2306,"href":"https:\/\/technojetswim.com\/ca\/wp-json\/wp\/v2\/pages\/3\/revisions\/2306"}],"wp:attachment":[{"href":"https:\/\/technojetswim.com\/ca\/wp-json\/wp\/v2\/media?parent=3"}],"curies":[{"name":"wp","href":"https:\/\/api.w.org\/{rel}","templated":true}]}}